{"id":4169,"date":"2025-10-19T09:02:40","date_gmt":"2025-10-19T09:02:40","guid":{"rendered":"https:\/\/wavexia.com\/product\/dr-althea-to-be-youthful-eye-serum-25ml\/"},"modified":"2026-03-10T07:31:00","modified_gmt":"2026-03-10T07:31:00","slug":"dr-althea-to-be-youthful-eye-serum-25ml","status":"publish","type":"product","link":"https:\/\/wavexia.com\/?product=dr-althea-to-be-youthful-eye-serum-25ml","title":{"rendered":"Dr. Althea To Be Youthful Eye Serum 25ml"},"content":{"rendered":"<h2>Description<\/h2>\n<p>D\u00e9couvrez le s\u00e9rum pour les yeux To Be Youthful de Dr. Althea, une formule sp\u00e9cialis\u00e9e con\u00e7ue pour rajeunir et prot\u00e9ger la peau d\u00e9licate du contour des yeux. Ce s\u00e9rum avanc\u00e9 cible les rides et ridules en hydratant en profondeur et en favorisant la r\u00e9g\u00e9n\u00e9ration des cellules de la peau, en pr\u00e9venant la perte de nutriments et en am\u00e9liorant la r\u00e9tention d\u2019eau.<\/p>\n<p>Formul\u00e9 avec de l\u2019ad\u00e9nosine et du tocoph\u00e9rol, il revitalise la peau rel\u00e2ch\u00e9e tout en apportant une hydratation et des nutriments essentiels au derme pour un \u00e9clat radieux. Le gel concentr\u00e9 non collant p\u00e9n\u00e8tre rapidement en tapotant doucement, assurant une p\u00e9n\u00e9tration rapide sans r\u00e9sidus.<\/p>\n<p><strong>Recommand\u00e9 pour :<\/strong>&nbsp;Type de peau s\u00e8che.<\/p>\n<p><strong>Mode d\u2019emploi :<\/strong><\/p>\n<ul>\n<li>Prenez une quantit\u00e9 appropri\u00e9e de produit et appliquez-l\u2019appliquer sur le contour de vos yeux.<\/li>\n<li>Appliquez doucement sur la peau pour am\u00e9liorer l\u2019absorption.<\/li>\n<\/ul>\n<p><strong>Ingr\u00e9dients:<\/strong><\/p>\n<p>Eau, cyclohexasiloxane, disiloxane, m\u00e9thylpropanediol, glyc\u00e9rine, niacinamide, rafinnose, ph\u00e9nyltrim\u00e9thicone, extrait de Laminaria Japonica, extrait de feuille d\u2019Eclipta Prostrata, extrait d\u2019Anastatica Hierochuntica, l\u00e9cithine hydrog\u00e9n\u00e9e, hyaluronate de sodium, huile de graines de Sclerocarya Birrea, huile de Persea Gratissima, huile de Lavandula Angustifolia, polym\u00e8re crois\u00e9 de dim\u00e9thicone\/vinyle-dim\u00e9thicone, polyglyc\u00e9ryl-10 laurate, polym\u00e8res crois\u00e9s d\u2019acrylates\/d\u2019acrylate d\u2019alkyle en C10-30, polyglyc\u00e9ryl-3 polydim\u00e9thylsiloxy\u00e9thyl dim\u00e9thicone, Tromethamine, dipropyl\u00e8ne glycol, polyacrylate-13, polyisobut\u00e8ne hydrog\u00e9n\u00e9, b\u00e9ta\u00efne, ad\u00e9nosine, fructo-oligosaccharides, palmitate d\u2019\u00e9thylhexyle, b\u00eata-glucane, isost\u00e9arate de sorbitan, eau florale d\u2019Helichrysum italicum, acide hyaluronique hydrolys\u00e9, Laurate de sodium, acide laurique, butyl\u00e8ne glycol, tocoph\u00e9rol, maltodextrine, prot\u00e9ine v\u00e9g\u00e9tale hydrolys\u00e9e, 1,2-hexanediol, parfum, hydroxyac\u00e9toph\u00e9none, \u00e9thylhexylglyc\u00e9rine<\/p>\n","protected":false},"excerpt":{"rendered":"<p>Description D\u00e9couvrez le s\u00e9rum pour les yeux To Be Youthful de Dr. Althea, une formule sp\u00e9cialis\u00e9e con\u00e7ue pour rajeunir et prot\u00e9ger la peau d\u00e9licate du contour des yeux. Ce s\u00e9rum avanc\u00e9 cible les rides et ridules en hydratant en profondeur et en favorisant la r\u00e9g\u00e9n\u00e9ration des cellules de la peau, en pr\u00e9venant la perte de [&hellip;]<\/p>\n","protected":false},"featured_media":4168,"comment_status":"open","ping_status":"closed","template":"","meta":{"content-type":"","_uag_custom_page_level_css":""},"pwb-brand":[],"product_brand":[],"product_cat":[352,366,327,334],"product_tag":[],"class_list":{"0":"post-4169","1":"product","2":"type-product","3":"status-publish","4":"has-post-thumbnail","6":"product_cat-contour-des-yeux","7":"product_cat-dr-althea","8":"product_cat-hmizat","9":"product_cat-produits-coreens","11":"first","12":"instock","13":"sale","14":"shipping-taxable","15":"purchasable","16":"product-type-simple"},"aioseo_notices":[],"uagb_featured_image_src":{"full":["https:\/\/wavexia.com\/wp-content\/uploads\/2025\/10\/Product-page-sizes_6db24b45-45ae-4d23-be3b-ab65abf93977-1.webp",800,800,false],"thumbnail":["https:\/\/wavexia.com\/wp-content\/uploads\/2025\/10\/Product-page-sizes_6db24b45-45ae-4d23-be3b-ab65abf93977-1-150x150.webp",150,150,true],"medium":["https:\/\/wavexia.com\/wp-content\/uploads\/2025\/10\/Product-page-sizes_6db24b45-45ae-4d23-be3b-ab65abf93977-1-300x300.webp",300,300,true],"medium_large":["https:\/\/wavexia.com\/wp-content\/uploads\/2025\/10\/Product-page-sizes_6db24b45-45ae-4d23-be3b-ab65abf93977-1-768x768.webp",768,768,true],"large":["https:\/\/wavexia.com\/wp-content\/uploads\/2025\/10\/Product-page-sizes_6db24b45-45ae-4d23-be3b-ab65abf93977-1.webp",800,800,false],"1536x1536":["https:\/\/wavexia.com\/wp-content\/uploads\/2025\/10\/Product-page-sizes_6db24b45-45ae-4d23-be3b-ab65abf93977-1.webp",800,800,false],"2048x2048":["https:\/\/wavexia.com\/wp-content\/uploads\/2025\/10\/Product-page-sizes_6db24b45-45ae-4d23-be3b-ab65abf93977-1.webp",800,800,false],"woocommerce_archive_thumbnail":["https:\/\/wavexia.com\/wp-content\/uploads\/2025\/10\/Product-page-sizes_6db24b45-45ae-4d23-be3b-ab65abf93977-1-300x300.webp",300,300,true],"woocommerce_thumbnail":["https:\/\/wavexia.com\/wp-content\/uploads\/2025\/10\/Product-page-sizes_6db24b45-45ae-4d23-be3b-ab65abf93977-1-300x300.webp",300,300,true],"woocommerce_single":["https:\/\/wavexia.com\/wp-content\/uploads\/2025\/10\/Product-page-sizes_6db24b45-45ae-4d23-be3b-ab65abf93977-1-600x600.webp",600,600,true],"woocommerce_gallery_thumbnail":["https:\/\/wavexia.com\/wp-content\/uploads\/2025\/10\/Product-page-sizes_6db24b45-45ae-4d23-be3b-ab65abf93977-1-100x100.webp",100,100,true]},"uagb_author_info":{"display_name":"zineddine.ayoub98@gmail.com","author_link":"https:\/\/wavexia.com\/?author=0"},"uagb_comment_info":0,"uagb_excerpt":"Description D\u00e9couvrez le s\u00e9rum pour les yeux To Be Youthful de Dr. Althea, une formule sp\u00e9cialis\u00e9e con\u00e7ue pour rajeunir et prot\u00e9ger la peau d\u00e9licate du contour des yeux. Ce s\u00e9rum avanc\u00e9 cible les rides et ridules en hydratant en profondeur et en favorisant la r\u00e9g\u00e9n\u00e9ration des cellules de la peau, en pr\u00e9venant la perte de&hellip;","brands":[],"_links":{"self":[{"href":"https:\/\/wavexia.com\/index.php?rest_route=\/wp\/v2\/product\/4169","targetHints":{"allow":["GET"]}}],"collection":[{"href":"https:\/\/wavexia.com\/index.php?rest_route=\/wp\/v2\/product"}],"about":[{"href":"https:\/\/wavexia.com\/index.php?rest_route=\/wp\/v2\/types\/product"}],"replies":[{"embeddable":true,"href":"https:\/\/wavexia.com\/index.php?rest_route=%2Fwp%2Fv2%2Fcomments&post=4169"}],"wp:featuredmedia":[{"embeddable":true,"href":"https:\/\/wavexia.com\/index.php?rest_route=\/wp\/v2\/media\/4168"}],"wp:attachment":[{"href":"https:\/\/wavexia.com\/index.php?rest_route=%2Fwp%2Fv2%2Fmedia&parent=4169"}],"wp:term":[{"taxonomy":"pwb-brand","embeddable":true,"href":"https:\/\/wavexia.com\/index.php?rest_route=%2Fwp%2Fv2%2Fpwb-brand&post=4169"},{"taxonomy":"product_brand","embeddable":true,"href":"https:\/\/wavexia.com\/index.php?rest_route=%2Fwp%2Fv2%2Fproduct_brand&post=4169"},{"taxonomy":"product_cat","embeddable":true,"href":"https:\/\/wavexia.com\/index.php?rest_route=%2Fwp%2Fv2%2Fproduct_cat&post=4169"},{"taxonomy":"product_tag","embeddable":true,"href":"https:\/\/wavexia.com\/index.php?rest_route=%2Fwp%2Fv2%2Fproduct_tag&post=4169"}],"curies":[{"name":"wp","href":"https:\/\/api.w.org\/{rel}","templated":true}]}}