{"id":4166,"date":"2025-10-19T09:02:39","date_gmt":"2025-10-19T09:02:39","guid":{"rendered":"https:\/\/wavexia.com\/product\/dr-althea-vitamin-c-boosting-serum-63-30ml\/"},"modified":"2026-03-10T07:31:00","modified_gmt":"2026-03-10T07:31:00","slug":"dr-althea-vitamin-c-boosting-serum-63-30ml","status":"publish","type":"product","link":"https:\/\/wavexia.com\/?product=dr-althea-vitamin-c-boosting-serum-63-30ml","title":{"rendered":"Dr. Althea \u2013 Vitamin C Boosting Serum 63% \u2013 30ml"},"content":{"rendered":"<h2>Description<\/h2>\n<p dir=\"ltr\">Le s\u00e9rum stimulant \u00e0 la vitamine C du Dr Althea se concentre sur la revitalisation de votre peau de l\u2019int\u00e9rieur pour offrir de puissants bienfaits \u00e9claircissants et une hydratation en profondeur.&nbsp;<b><\/b><\/p>\n<p dir=\"ltr\">Formul\u00e9 avec de l\u2019eau d\u2019Hippophae Rhamnoides et de l\u2019acide tranexamique, ce s\u00e9rum am\u00e9liore le teint terne et irr\u00e9gulier. Il contient 63 % d\u2019eau d\u2019Hippophae Rhamnoides, un ingr\u00e9dient naturel riche en vitamine C, qui offre de puissants effets \u00e9claircissants tout en \u00e9tant plus doux que les s\u00e9rums \u00e0 la vitamine C standard, ce qui le rend adapt\u00e9 aux peaux sensibles.<b><\/b><\/p>\n<p dir=\"ltr\">De plus, le s\u00e9rum contient de l\u2019eau de feuille de Centella Asiatica et huit types d\u2019acide hyaluronique, procurant une hydratation profonde non seulement \u00e0 la surface mais aussi \u00e0 l\u2019int\u00e9rieur de la peau, apaisant efficacement la peau fatigu\u00e9e affect\u00e9e par des facteurs externes.<b><\/b><\/p>\n<p dir=\"ltr\">Formul\u00e9 sans colorants ni parfums artificiels, ce s\u00e9rum est parfait pour les peaux sensibles, offrant une exp\u00e9rience douce et respectueuse de la peau, sans additifs synth\u00e9tiques. Il p\u00e9n\u00e8tre parfaitement dans la peau sans odeurs d\u00e9sagr\u00e9ables ni d\u00e9coloration, ce qui en fait un produit de soin quotidien id\u00e9al qui peut \u00eatre facilement appliqu\u00e9 avant le maquillage ou au coucher.<\/p>\n<p dir=\"ltr\"><strong>Comment postuler :<\/strong><\/p>\n<ol>\n<li dir=\"ltr\" aria-level=\"1\">\n<p dir=\"ltr\" role=\"presentation\">Nettoyez votre visage : Commencez par vous laver le visage pour \u00e9liminer toute salet\u00e9 et tout maquillage. Utilisez de l\u2019eau ti\u00e8de et un nettoyant doux.<\/p>\n<\/li>\n<li dir=\"ltr\" aria-level=\"1\">\n<p dir=\"ltr\" role=\"presentation\">Tonifiez votre peau : appliquez un tonique pour affiner la texture de votre peau et stimuler l\u2019hydratation, ce qui contribue \u00e0 am\u00e9liorer l\u2019absorption pour les \u00e9tapes suivantes.<\/p>\n<\/li>\n<li dir=\"ltr\" aria-level=\"1\">\n<p dir=\"ltr\" role=\"presentation\">Appliquez le s\u00e9rum : utilisez le compte-gouttes pour distribuer une petite quantit\u00e9 de s\u00e9rum. Appuyez l\u00e9g\u00e8rement sur votre visage, en commen\u00e7ant par le centre et en allant vers l\u2019ext\u00e9rieur. Terminez en tapotant doucement votre peau pour assurer une absorption compl\u00e8te.<\/p>\n<\/li>\n<li dir=\"ltr\" aria-level=\"1\">\n<p dir=\"ltr\" role=\"presentation\">Utilisez un \u00e9cran solaire&nbsp; : si vous appliquez le s\u00e9rum \u00e0 la vitamine C pendant la journ\u00e9e, n\u2019oubliez pas d\u2019appliquer ensuite un \u00e9cran solaire. Bien que la vitamine C offre une certaine protection, elle est essentielle pour prot\u00e9ger votre peau des rayons UV nocifs.<\/p>\n<\/li>\n<\/ol>\n","protected":false},"excerpt":{"rendered":"<p>Description Le s\u00e9rum stimulant \u00e0 la vitamine C du Dr Althea se concentre sur la revitalisation de votre peau de l\u2019int\u00e9rieur pour offrir de puissants bienfaits \u00e9claircissants et une hydratation en profondeur.&nbsp; Formul\u00e9 avec de l\u2019eau d\u2019Hippophae Rhamnoides et de l\u2019acide tranexamique, ce s\u00e9rum am\u00e9liore le teint terne et irr\u00e9gulier. Il contient 63 % d\u2019eau [&hellip;]<\/p>\n","protected":false},"featured_media":4165,"comment_status":"open","ping_status":"closed","template":"","meta":{"content-type":"","_uag_custom_page_level_css":""},"pwb-brand":[],"product_brand":[],"product_cat":[366,327,339,334,338,387],"product_tag":[],"class_list":{"0":"post-4166","1":"product","2":"type-product","3":"status-publish","4":"has-post-thumbnail","6":"product_cat-dr-althea","7":"product_cat-hmizat","8":"product_cat-meilleures-ventes","9":"product_cat-produits-coreens","10":"product_cat-serum-ampoule","11":"product_cat-vitamin-c","13":"first","14":"instock","15":"sale","16":"shipping-taxable","17":"purchasable","18":"product-type-simple"},"aioseo_notices":[],"uagb_featured_image_src":{"full":["https:\/\/wavexia.com\/wp-content\/uploads\/2025\/10\/VitaminCBoostingSerum63___1_700x.webp",700,700,false],"thumbnail":["https:\/\/wavexia.com\/wp-content\/uploads\/2025\/10\/VitaminCBoostingSerum63___1_700x-150x150.webp",150,150,true],"medium":["https:\/\/wavexia.com\/wp-content\/uploads\/2025\/10\/VitaminCBoostingSerum63___1_700x-300x300.webp",300,300,true],"medium_large":["https:\/\/wavexia.com\/wp-content\/uploads\/2025\/10\/VitaminCBoostingSerum63___1_700x.webp",700,700,false],"large":["https:\/\/wavexia.com\/wp-content\/uploads\/2025\/10\/VitaminCBoostingSerum63___1_700x.webp",700,700,false],"1536x1536":["https:\/\/wavexia.com\/wp-content\/uploads\/2025\/10\/VitaminCBoostingSerum63___1_700x.webp",700,700,false],"2048x2048":["https:\/\/wavexia.com\/wp-content\/uploads\/2025\/10\/VitaminCBoostingSerum63___1_700x.webp",700,700,false],"woocommerce_archive_thumbnail":["https:\/\/wavexia.com\/wp-content\/uploads\/2025\/10\/VitaminCBoostingSerum63___1_700x-300x300.webp",300,300,true],"woocommerce_thumbnail":["https:\/\/wavexia.com\/wp-content\/uploads\/2025\/10\/VitaminCBoostingSerum63___1_700x-300x300.webp",300,300,true],"woocommerce_single":["https:\/\/wavexia.com\/wp-content\/uploads\/2025\/10\/VitaminCBoostingSerum63___1_700x-600x600.webp",600,600,true],"woocommerce_gallery_thumbnail":["https:\/\/wavexia.com\/wp-content\/uploads\/2025\/10\/VitaminCBoostingSerum63___1_700x-100x100.webp",100,100,true]},"uagb_author_info":{"display_name":"zineddine.ayoub98@gmail.com","author_link":"https:\/\/wavexia.com\/?author=0"},"uagb_comment_info":0,"uagb_excerpt":"Description Le s\u00e9rum stimulant \u00e0 la vitamine C du Dr Althea se concentre sur la revitalisation de votre peau de l\u2019int\u00e9rieur pour offrir de puissants bienfaits \u00e9claircissants et une hydratation en profondeur.&nbsp; Formul\u00e9 avec de l\u2019eau d\u2019Hippophae Rhamnoides et de l\u2019acide tranexamique, ce s\u00e9rum am\u00e9liore le teint terne et irr\u00e9gulier. Il contient 63 % d\u2019eau&hellip;","brands":[],"_links":{"self":[{"href":"https:\/\/wavexia.com\/index.php?rest_route=\/wp\/v2\/product\/4166","targetHints":{"allow":["GET"]}}],"collection":[{"href":"https:\/\/wavexia.com\/index.php?rest_route=\/wp\/v2\/product"}],"about":[{"href":"https:\/\/wavexia.com\/index.php?rest_route=\/wp\/v2\/types\/product"}],"replies":[{"embeddable":true,"href":"https:\/\/wavexia.com\/index.php?rest_route=%2Fwp%2Fv2%2Fcomments&post=4166"}],"wp:featuredmedia":[{"embeddable":true,"href":"https:\/\/wavexia.com\/index.php?rest_route=\/wp\/v2\/media\/4165"}],"wp:attachment":[{"href":"https:\/\/wavexia.com\/index.php?rest_route=%2Fwp%2Fv2%2Fmedia&parent=4166"}],"wp:term":[{"taxonomy":"pwb-brand","embeddable":true,"href":"https:\/\/wavexia.com\/index.php?rest_route=%2Fwp%2Fv2%2Fpwb-brand&post=4166"},{"taxonomy":"product_brand","embeddable":true,"href":"https:\/\/wavexia.com\/index.php?rest_route=%2Fwp%2Fv2%2Fproduct_brand&post=4166"},{"taxonomy":"product_cat","embeddable":true,"href":"https:\/\/wavexia.com\/index.php?rest_route=%2Fwp%2Fv2%2Fproduct_cat&post=4166"},{"taxonomy":"product_tag","embeddable":true,"href":"https:\/\/wavexia.com\/index.php?rest_route=%2Fwp%2Fv2%2Fproduct_tag&post=4166"}],"curies":[{"name":"wp","href":"https:\/\/api.w.org\/{rel}","templated":true}]}}