{"id":4154,"date":"2025-10-19T09:02:24","date_gmt":"2025-10-19T09:02:24","guid":{"rendered":"https:\/\/wavexia.com\/product\/skin1004-madagascar-centella-tea-trica-b5-cream-75ml\/"},"modified":"2026-03-10T07:31:00","modified_gmt":"2026-03-10T07:31:00","slug":"skin1004-madagascar-centella-tea-trica-b5-cream-75ml","status":"publish","type":"product","link":"https:\/\/wavexia.com\/?product=skin1004-madagascar-centella-tea-trica-b5-cream-75ml","title":{"rendered":"SKIN1004 Madagascar Centella Tea-Trica B5 Cream \u2013 75ml"},"content":{"rendered":"<h2>Description<\/h2>\n<p>Revitalise ta peau avec la Madagascar Centella Tea-Trica B5 Cream SKIN1004, une cr\u00e8me vegan multifonctionnelle con\u00e7ue pour redonner \u00e0 ta peau son \u00e9clat sain. Formul\u00e9e avec 5 % de panth\u00e9nol et de c\u00e9ramides NP, cette cr\u00e8me procure une hydratation intense tout en renfor\u00e7ant la barri\u00e8re cutan\u00e9e.<\/p>\n<p>Sa formule unique Tea-Trica, qui constitue 50 % du produit, apaise instantan\u00e9ment la peau et contr\u00f4le l\u2019exc\u00e8s de s\u00e9bum. Enrichie d\u2019eau de feuilles de th\u00e9ier et d\u2019extrait de Centella Asiatica, elle favorise le renouvellement et la protection de la peau. Exempte de produits chimiques agressifs, cette cr\u00e8me garantit que ta peau reste hydrat\u00e9e, prot\u00e9g\u00e9e et apais\u00e9e pour un teint radieux et sain.<\/p>\n<p><strong>Recommand\u00e9 pour :<\/strong> Types de peaux normales \u00e0 s\u00e8ches.<\/p>\n<p><strong>Conseils d\u2019utilisation :<\/strong><\/p>\n<ul>\n<li>Applique et \u00e9tale d\u00e9licatement sur ta peau lors de la derni\u00e8re \u00e9tape de ta routine beaut\u00e9, en \u00e9vitant le contour des yeux et de la bouche.<\/li>\n<li>Tapote l\u00e9g\u00e8rement pour faire p\u00e9n\u00e9trer le produit dans ta peau.<\/li>\n<\/ul>\n<p><strong>Ingr\u00e9dients :<\/strong><\/p>\n<p>Eau de Chamaecyparis Obtusa, Eau, Eau de Feuille de Melaleuca Alternifolia, Glycol Butylique, Panth\u00e9nol, Dim\u00e9thicone, Glyc\u00e9rol, Niacinamide, 1,2-Hexanediol, Polyacrylate-13, Cyclopentasiloxane, Dioxyde de Titane, Polyisobut\u00e8ne Hydrog\u00e9n\u00e9, Extrait de Feuille de Pinus Palustris, Silice, Propanediol, Glyc\u00e9reth-26, Dim\u00e9thiconol, Polyglyc\u00e9ryl-10 Laurate, Palmitate d\u2019\u00c9thylhexyle, Isost\u00e9arate de Sorbitan, Glyc\u00e9rine \u00c9thylhexyle, Huile de Feuille de Melaleuca Alternifolia, Glycol Pentyl\u00e8ne, Extrait de Gardenia Florida Hydrolys\u00e9, Extrait de Malt Hydrolys\u00e9, Extrait de Viola Tricolor Hydrolys\u00e9, Hydroxyde d\u2019Aluminium, Glycol Caprylyle, Triglyc\u00e9ride Caprylique\/Caprique, Disodium EDTA, Tri\u00e9thoxycaprylylsilane, C\u00e9ramide, Taurate de Polyacryloyldim\u00e9thyl Ammonium, L\u00e9cithine Hydrog\u00e9n\u00e9e, Acide Hyaluronique, Acide Hyaluronique Hydrolys\u00e9, Hyaluronate de Sodium, Extrait de Centella Asiatica, Acide Mand\u00e9lique, Extrait de Feuille de Centella Asiatica.<\/p>\n","protected":false},"excerpt":{"rendered":"<p>Description Revitalise ta peau avec la Madagascar Centella Tea-Trica B5 Cream SKIN1004, une cr\u00e8me vegan multifonctionnelle con\u00e7ue pour redonner \u00e0 ta peau son \u00e9clat sain. Formul\u00e9e avec 5 % de panth\u00e9nol et de c\u00e9ramides NP, cette cr\u00e8me procure une hydratation intense tout en renfor\u00e7ant la barri\u00e8re cutan\u00e9e. Sa formule unique Tea-Trica, qui constitue 50 % [&hellip;]<\/p>\n","protected":false},"featured_media":4153,"comment_status":"open","ping_status":"closed","template":"","meta":{"content-type":"","_uag_custom_page_level_css":""},"pwb-brand":[],"product_brand":[],"product_cat":[324,327,334,350],"product_tag":[],"class_list":{"0":"post-4154","1":"product","2":"type-product","3":"status-publish","4":"has-post-thumbnail","6":"product_cat-creme","7":"product_cat-hmizat","8":"product_cat-produits-coreens","9":"product_cat-skin1004","11":"first","12":"instock","13":"sale","14":"shipping-taxable","15":"purchasable","16":"product-type-simple"},"aioseo_notices":[],"uagb_featured_image_src":{"full":["https:\/\/wavexia.com\/wp-content\/uploads\/2025\/10\/IMG_1684.png",800,800,false],"thumbnail":["https:\/\/wavexia.com\/wp-content\/uploads\/2025\/10\/IMG_1684-150x150.png",150,150,true],"medium":["https:\/\/wavexia.com\/wp-content\/uploads\/2025\/10\/IMG_1684-300x300.png",300,300,true],"medium_large":["https:\/\/wavexia.com\/wp-content\/uploads\/2025\/10\/IMG_1684-768x768.png",768,768,true],"large":["https:\/\/wavexia.com\/wp-content\/uploads\/2025\/10\/IMG_1684.png",800,800,false],"1536x1536":["https:\/\/wavexia.com\/wp-content\/uploads\/2025\/10\/IMG_1684.png",800,800,false],"2048x2048":["https:\/\/wavexia.com\/wp-content\/uploads\/2025\/10\/IMG_1684.png",800,800,false],"woocommerce_archive_thumbnail":["https:\/\/wavexia.com\/wp-content\/uploads\/2025\/10\/IMG_1684-300x300.png",300,300,true],"woocommerce_thumbnail":["https:\/\/wavexia.com\/wp-content\/uploads\/2025\/10\/IMG_1684-300x300.png",300,300,true],"woocommerce_single":["https:\/\/wavexia.com\/wp-content\/uploads\/2025\/10\/IMG_1684-600x600.png",600,600,true],"woocommerce_gallery_thumbnail":["https:\/\/wavexia.com\/wp-content\/uploads\/2025\/10\/IMG_1684-100x100.png",100,100,true]},"uagb_author_info":{"display_name":"zineddine.ayoub98@gmail.com","author_link":"https:\/\/wavexia.com\/?author=0"},"uagb_comment_info":0,"uagb_excerpt":"Description Revitalise ta peau avec la Madagascar Centella Tea-Trica B5 Cream SKIN1004, une cr\u00e8me vegan multifonctionnelle con\u00e7ue pour redonner \u00e0 ta peau son \u00e9clat sain. Formul\u00e9e avec 5 % de panth\u00e9nol et de c\u00e9ramides NP, cette cr\u00e8me procure une hydratation intense tout en renfor\u00e7ant la barri\u00e8re cutan\u00e9e. Sa formule unique Tea-Trica, qui constitue 50 %&hellip;","brands":[],"_links":{"self":[{"href":"https:\/\/wavexia.com\/index.php?rest_route=\/wp\/v2\/product\/4154","targetHints":{"allow":["GET"]}}],"collection":[{"href":"https:\/\/wavexia.com\/index.php?rest_route=\/wp\/v2\/product"}],"about":[{"href":"https:\/\/wavexia.com\/index.php?rest_route=\/wp\/v2\/types\/product"}],"replies":[{"embeddable":true,"href":"https:\/\/wavexia.com\/index.php?rest_route=%2Fwp%2Fv2%2Fcomments&post=4154"}],"wp:featuredmedia":[{"embeddable":true,"href":"https:\/\/wavexia.com\/index.php?rest_route=\/wp\/v2\/media\/4153"}],"wp:attachment":[{"href":"https:\/\/wavexia.com\/index.php?rest_route=%2Fwp%2Fv2%2Fmedia&parent=4154"}],"wp:term":[{"taxonomy":"pwb-brand","embeddable":true,"href":"https:\/\/wavexia.com\/index.php?rest_route=%2Fwp%2Fv2%2Fpwb-brand&post=4154"},{"taxonomy":"product_brand","embeddable":true,"href":"https:\/\/wavexia.com\/index.php?rest_route=%2Fwp%2Fv2%2Fproduct_brand&post=4154"},{"taxonomy":"product_cat","embeddable":true,"href":"https:\/\/wavexia.com\/index.php?rest_route=%2Fwp%2Fv2%2Fproduct_cat&post=4154"},{"taxonomy":"product_tag","embeddable":true,"href":"https:\/\/wavexia.com\/index.php?rest_route=%2Fwp%2Fv2%2Fproduct_tag&post=4154"}],"curies":[{"name":"wp","href":"https:\/\/api.w.org\/{rel}","templated":true}]}}