{"id":4150,"date":"2025-10-19T09:02:21","date_gmt":"2025-10-19T09:02:21","guid":{"rendered":"https:\/\/wavexia.com\/product\/skin1004-madagascar-centella-soothing-cream-75ml\/"},"modified":"2026-03-10T07:31:00","modified_gmt":"2026-03-10T07:31:00","slug":"skin1004-madagascar-centella-soothing-cream-75ml","status":"publish","type":"product","link":"https:\/\/wavexia.com\/?product=skin1004-madagascar-centella-soothing-cream-75ml","title":{"rendered":"SKIN1004 Madagascar Centella Soothing Cream- 75ml"},"content":{"rendered":"<h2>Description<\/h2>\n<p>La SKIN1004 Madagascar Centella Soothing Cream donnera un v\u00e9ritable coup de boost \u00e0 votre peau ! Cette cr\u00e8me procure \u00e0 votre peau une hydratation en profondeur et un effet rafra\u00eechissant. Avec des extraits concentr\u00e9s de centella asiatica et 4 c\u00e9ramides diff\u00e9rents issus de sources botaniques, cette cr\u00e8me hydratante offre \u00e0 votre peau la protection qu\u2019elle m\u00e9rite. Adieu aux influences ext\u00e9rieures agressives et aux irritants cutan\u00e9s !<\/p>\n<p>La texture l\u00e9g\u00e8re et rafra\u00eechissante p\u00e9n\u00e8tre rapidement et laisse votre peau rafra\u00eechie, sans sensation collante. Id\u00e9al pour vos soins quotidiens de la peau. Dites adieu \u00e0 la production excessive de s\u00e9bum et bonjour \u00e0 une peau \u00e9clatante !<\/p>\n<p><strong>Cette cr\u00e8me hydratante :<\/strong><\/p>\n<ul>\n<li>convient \u00e0 tous les types de peau<\/li>\n<li>hydrate intens\u00e9ment la peau<\/li>\n<li>pour une barri\u00e8re cutan\u00e9e saine<\/li>\n<li>contient 4 c\u00e9ramides diff\u00e9rents<\/li>\n<li>contient de la centella<\/li>\n<li>ne colle pas<\/li>\n<li>neutralise la production excessive de s\u00e9bum<\/li>\n<li>sans parfum<\/li>\n<li>sans cruaut\u00e9<\/li>\n<li>v\u00e9g\u00e9talien<\/li>\n<\/ul>\n<p><strong>Comment utiliser:<\/strong><\/p>\n<ul>\n<li>Appliquez cette cr\u00e8me hydratante comme derni\u00e8re \u00e9tape de votre routine de soins de la peau.<\/li>\n<li>\u00c9talez la cr\u00e8me sur votre peau en mouvements circulaires et laissez-la absorber pendant un moment.<\/li>\n<\/ul>\n<p><strong>Ingr\u00e9dients:<br \/><\/strong>Centella Asiatica Extract, Glycerin, Propanediol, Dipropylene Glycol, Cyclomethicone, Water, 1,2-Hexanediol, Trehalose, Caprylyl Methicone, C12-14 Pareth-12, Carbomer, Tromethamine, Ammonium Acryloyldimethyltaurate \/ VP Copolymer, C30-45 Alkyl Cetearyl Dimethicone Crosspolymer , Root Ferment Filtrate, Biosaccharide Gum-1. Disodium EDTA, Sodium Hyaluronate, Beta-Glucan, Ceramide EOP. Ceramide NS, Ceramide NP, Ceramide AP, Phytosphingosine, Hydrogenated Lecithin, Cetearyl Alcohol, Stearic Acid, Cholesterol<\/p>\n","protected":false},"excerpt":{"rendered":"<p>Description La SKIN1004 Madagascar Centella Soothing Cream donnera un v\u00e9ritable coup de boost \u00e0 votre peau ! Cette cr\u00e8me procure \u00e0 votre peau une hydratation en profondeur et un effet rafra\u00eechissant. Avec des extraits concentr\u00e9s de centella asiatica et 4 c\u00e9ramides diff\u00e9rents issus de sources botaniques, cette cr\u00e8me hydratante offre \u00e0 votre peau la protection [&hellip;]<\/p>\n","protected":false},"featured_media":4149,"comment_status":"open","ping_status":"closed","template":"","meta":{"content-type":"","_uag_custom_page_level_css":""},"pwb-brand":[],"product_brand":[],"product_cat":[324,334,350],"product_tag":[],"class_list":{"0":"post-4150","1":"product","2":"type-product","3":"status-publish","4":"has-post-thumbnail","6":"product_cat-creme","7":"product_cat-produits-coreens","8":"product_cat-skin1004","10":"first","11":"instock","12":"sale","13":"shipping-taxable","14":"purchasable","15":"product-type-simple"},"aioseo_notices":[],"uagb_featured_image_src":{"full":["https:\/\/wavexia.com\/wp-content\/uploads\/2025\/10\/skin1004-madagascar-centella-soothing-cream-75ml.jpg",600,600,false],"thumbnail":["https:\/\/wavexia.com\/wp-content\/uploads\/2025\/10\/skin1004-madagascar-centella-soothing-cream-75ml-150x150.jpg",150,150,true],"medium":["https:\/\/wavexia.com\/wp-content\/uploads\/2025\/10\/skin1004-madagascar-centella-soothing-cream-75ml-300x300.jpg",300,300,true],"medium_large":["https:\/\/wavexia.com\/wp-content\/uploads\/2025\/10\/skin1004-madagascar-centella-soothing-cream-75ml.jpg",600,600,false],"large":["https:\/\/wavexia.com\/wp-content\/uploads\/2025\/10\/skin1004-madagascar-centella-soothing-cream-75ml.jpg",600,600,false],"1536x1536":["https:\/\/wavexia.com\/wp-content\/uploads\/2025\/10\/skin1004-madagascar-centella-soothing-cream-75ml.jpg",600,600,false],"2048x2048":["https:\/\/wavexia.com\/wp-content\/uploads\/2025\/10\/skin1004-madagascar-centella-soothing-cream-75ml.jpg",600,600,false],"woocommerce_archive_thumbnail":["https:\/\/wavexia.com\/wp-content\/uploads\/2025\/10\/skin1004-madagascar-centella-soothing-cream-75ml-300x300.jpg",300,300,true],"woocommerce_thumbnail":["https:\/\/wavexia.com\/wp-content\/uploads\/2025\/10\/skin1004-madagascar-centella-soothing-cream-75ml-300x300.jpg",300,300,true],"woocommerce_single":["https:\/\/wavexia.com\/wp-content\/uploads\/2025\/10\/skin1004-madagascar-centella-soothing-cream-75ml.jpg",600,600,false],"woocommerce_gallery_thumbnail":["https:\/\/wavexia.com\/wp-content\/uploads\/2025\/10\/skin1004-madagascar-centella-soothing-cream-75ml-100x100.jpg",100,100,true]},"uagb_author_info":{"display_name":"zineddine.ayoub98@gmail.com","author_link":"https:\/\/wavexia.com\/?author=0"},"uagb_comment_info":0,"uagb_excerpt":"Description La SKIN1004 Madagascar Centella Soothing Cream donnera un v\u00e9ritable coup de boost \u00e0 votre peau ! Cette cr\u00e8me procure \u00e0 votre peau une hydratation en profondeur et un effet rafra\u00eechissant. Avec des extraits concentr\u00e9s de centella asiatica et 4 c\u00e9ramides diff\u00e9rents issus de sources botaniques, cette cr\u00e8me hydratante offre \u00e0 votre peau la protection&hellip;","brands":[],"_links":{"self":[{"href":"https:\/\/wavexia.com\/index.php?rest_route=\/wp\/v2\/product\/4150","targetHints":{"allow":["GET"]}}],"collection":[{"href":"https:\/\/wavexia.com\/index.php?rest_route=\/wp\/v2\/product"}],"about":[{"href":"https:\/\/wavexia.com\/index.php?rest_route=\/wp\/v2\/types\/product"}],"replies":[{"embeddable":true,"href":"https:\/\/wavexia.com\/index.php?rest_route=%2Fwp%2Fv2%2Fcomments&post=4150"}],"wp:featuredmedia":[{"embeddable":true,"href":"https:\/\/wavexia.com\/index.php?rest_route=\/wp\/v2\/media\/4149"}],"wp:attachment":[{"href":"https:\/\/wavexia.com\/index.php?rest_route=%2Fwp%2Fv2%2Fmedia&parent=4150"}],"wp:term":[{"taxonomy":"pwb-brand","embeddable":true,"href":"https:\/\/wavexia.com\/index.php?rest_route=%2Fwp%2Fv2%2Fpwb-brand&post=4150"},{"taxonomy":"product_brand","embeddable":true,"href":"https:\/\/wavexia.com\/index.php?rest_route=%2Fwp%2Fv2%2Fproduct_brand&post=4150"},{"taxonomy":"product_cat","embeddable":true,"href":"https:\/\/wavexia.com\/index.php?rest_route=%2Fwp%2Fv2%2Fproduct_cat&post=4150"},{"taxonomy":"product_tag","embeddable":true,"href":"https:\/\/wavexia.com\/index.php?rest_route=%2Fwp%2Fv2%2Fproduct_tag&post=4150"}],"curies":[{"name":"wp","href":"https:\/\/api.w.org\/{rel}","templated":true}]}}