{"id":4146,"date":"2025-10-19T09:02:18","date_gmt":"2025-10-19T09:02:18","guid":{"rendered":"https:\/\/wavexia.com\/product\/skin1004-madagascar-centella-probio-cica-enrich-cream-50ml\/"},"modified":"2026-03-10T07:31:00","modified_gmt":"2026-03-10T07:31:00","slug":"skin1004-madagascar-centella-probio-cica-enrich-cream-50ml","status":"publish","type":"product","link":"https:\/\/wavexia.com\/?product=skin1004-madagascar-centella-probio-cica-enrich-cream-50ml","title":{"rendered":"SKIN1004 Madagascar Centella Probio-Cica Enrich Cream 50ml"},"content":{"rendered":"<h2>Description<\/h2>\n<p>La SKIN1004 Madagascar Centella Probio-Cica Enrich Cream est une cr\u00e8me hydratante infus\u00e9e du pouvoir de l\u2019extrait de centella asiatica et du probio-cica. Dites adieu \u00e0 la d\u00e9shydratation et aux imperfections, car cette cr\u00e8me \u00e9quilibre parfaitement la teneur en huile et en humidit\u00e9 de votre peau.<\/p>\n<p>Que vous ayez une peau qui a besoin d\u2019hydratation ou une peau sensible qui a besoin d\u2019un peu d\u2019amour suppl\u00e9mentaire, cette cr\u00e8me convient \u00e0 tous les types de peau. Le lysat de ferment Lactobacillus ajout\u00e9, riche en probiotiques, stimule le renouvellement cutan\u00e9 et renforce la barri\u00e8re cutan\u00e9e.<\/p>\n<p>Et si cela ne suffit pas, cette cr\u00e8me contient \u00e9galement d\u2019excellents ingr\u00e9dients comme la niacinamide, qui cible les ridules et att\u00e9nue l\u2019hyperpigmentation. L\u2019extrait de Centella Asiatica ajoute une touche de propri\u00e9t\u00e9s cicatrisantes, avec des qualit\u00e9s anti-inflammatoires qui laissent votre peau \u00e9clatante.<\/p>\n<p>Laissez la cr\u00e8me enrichie Skin1004 Madagascar Centella Probio-Cica dorloter et restaurer votre peau, afin que vous puissiez profiter d\u2019un \u00e9clat sain.<\/p>\n<p><strong>Cette cr\u00e8me :<\/strong><\/p>\n<ul>\n<li>hydrate<\/li>\n<li>enrichi en centella<\/li>\n<li>rem\u00e9die \u00e0 la d\u00e9shydratation et aux imperfections<\/li>\n<li>convient \u00e0 tous les types de peau<\/li>\n<li>stimule le renouvellement de la peau<\/li>\n<li>renforce la barri\u00e8re cutan\u00e9e<\/li>\n<li>contient de la niacinamide<\/li>\n<li>att\u00e9nue l\u2019hyperpigmentation<\/li>\n<li>anti-inflammatoire<\/li>\n<li>sans parfum<\/li>\n<\/ul>\n<p><strong>Comment utiliser:<\/strong><\/p>\n<ul>\n<li>Appliquez-le sur une peau nettoy\u00e9e et s\u00e8che.<\/li>\n<li>Appliquez-le quotidiennement pour de meilleurs r\u00e9sultats.<\/li>\n<\/ul>\n<p><strong>Ingr\u00e9dients:<br \/><\/strong>Centella Asiatica Extract, Glycerin, Diglycerin, 1,2-Hexanediol, Butylene Glycol, Niacinamide, Water, Polyglyceryl-3 Distearate, Caprylic\/\u200bCapric Triglyceride, Neopentyl Glycol Diheptanoate, Isostearyl Isostearate, Pentaerythrityl Tetraisostearate, Hydrogenated Poly(C6-14 Olefin) , Heptyl Undecylenate, Lactobacillus\/\u200bCentella Asiatica Extract Ferment Filtrate, Bis-Diglyceryl Polyacyladipate-2, Glyceryl Stearate, C14-22 Alcohols, Cetearyl Alcohol, Butyrospermum Parkii (Shea) Butter, Polyglyceryl-2 Stearate, Sodium Acrylate\/\u200bSodium Acryloyldimethyl Taurate Copolymer, Glyceryl Stearate Citrate, Arginine, Stearyl Alcohol, Polyisobutene, C12-20 Alkyl Glucoside, Squalane, Sodium Surfactin, Sodium Polyacrylate, Acrylates\/\u200bC 10-30 Alkyl, Acrylates Crosspolymer, Carbomer, Hydroxystearic Acid, Ethylhexylglycerin, Adenosine, Hydrogenated Lecithin , Sorbitan Oleate, Caprylyl\/\u200bCapryl Glucoside, Macadamia Ternifolia Seed Oil, Sodium Hyaluronate, Moringa Oleifera Seed Oil, Sodium Phytate, Ceramide NP, Dextrin, Theobroma Cacao (Cocoa) Extract, Glyceryl Acrylate\/\u200bAcrylic Acid Copolymer, Polyglyceryl-10 Myristate , Glucose, Stearic Acid, Phytosphingosine, Madecassic Acid, Asiaticoside, Sucrose Distearate, Asiatic Acid, Lauric Acid, Phytosterols, Polyglutamic Acid<\/p>\n<p><strong>Contenu :<\/strong>&nbsp;50 ml.<\/p>\n","protected":false},"excerpt":{"rendered":"<p>Description La SKIN1004 Madagascar Centella Probio-Cica Enrich Cream est une cr\u00e8me hydratante infus\u00e9e du pouvoir de l\u2019extrait de centella asiatica et du probio-cica. Dites adieu \u00e0 la d\u00e9shydratation et aux imperfections, car cette cr\u00e8me \u00e9quilibre parfaitement la teneur en huile et en humidit\u00e9 de votre peau. Que vous ayez une peau qui a besoin d\u2019hydratation [&hellip;]<\/p>\n","protected":false},"featured_media":4145,"comment_status":"open","ping_status":"closed","template":"","meta":{"content-type":"","_uag_custom_page_level_css":""},"pwb-brand":[],"product_brand":[],"product_cat":[324,327,334,350],"product_tag":[],"class_list":{"0":"post-4146","1":"product","2":"type-product","3":"status-publish","4":"has-post-thumbnail","6":"product_cat-creme","7":"product_cat-hmizat","8":"product_cat-produits-coreens","9":"product_cat-skin1004","11":"first","12":"instock","13":"sale","14":"shipping-taxable","15":"purchasable","16":"product-type-simple"},"aioseo_notices":[],"uagb_featured_image_src":{"full":["https:\/\/wavexia.com\/wp-content\/uploads\/2025\/10\/Product-page-sizes_39335d2d-d6c4-4e7b-ab63-810ae2b98c67.webp",800,800,false],"thumbnail":["https:\/\/wavexia.com\/wp-content\/uploads\/2025\/10\/Product-page-sizes_39335d2d-d6c4-4e7b-ab63-810ae2b98c67-150x150.webp",150,150,true],"medium":["https:\/\/wavexia.com\/wp-content\/uploads\/2025\/10\/Product-page-sizes_39335d2d-d6c4-4e7b-ab63-810ae2b98c67-300x300.webp",300,300,true],"medium_large":["https:\/\/wavexia.com\/wp-content\/uploads\/2025\/10\/Product-page-sizes_39335d2d-d6c4-4e7b-ab63-810ae2b98c67-768x768.webp",768,768,true],"large":["https:\/\/wavexia.com\/wp-content\/uploads\/2025\/10\/Product-page-sizes_39335d2d-d6c4-4e7b-ab63-810ae2b98c67.webp",800,800,false],"1536x1536":["https:\/\/wavexia.com\/wp-content\/uploads\/2025\/10\/Product-page-sizes_39335d2d-d6c4-4e7b-ab63-810ae2b98c67.webp",800,800,false],"2048x2048":["https:\/\/wavexia.com\/wp-content\/uploads\/2025\/10\/Product-page-sizes_39335d2d-d6c4-4e7b-ab63-810ae2b98c67.webp",800,800,false],"woocommerce_archive_thumbnail":["https:\/\/wavexia.com\/wp-content\/uploads\/2025\/10\/Product-page-sizes_39335d2d-d6c4-4e7b-ab63-810ae2b98c67-300x300.webp",300,300,true],"woocommerce_thumbnail":["https:\/\/wavexia.com\/wp-content\/uploads\/2025\/10\/Product-page-sizes_39335d2d-d6c4-4e7b-ab63-810ae2b98c67-300x300.webp",300,300,true],"woocommerce_single":["https:\/\/wavexia.com\/wp-content\/uploads\/2025\/10\/Product-page-sizes_39335d2d-d6c4-4e7b-ab63-810ae2b98c67-600x600.webp",600,600,true],"woocommerce_gallery_thumbnail":["https:\/\/wavexia.com\/wp-content\/uploads\/2025\/10\/Product-page-sizes_39335d2d-d6c4-4e7b-ab63-810ae2b98c67-100x100.webp",100,100,true]},"uagb_author_info":{"display_name":"zineddine.ayoub98@gmail.com","author_link":"https:\/\/wavexia.com\/?author=0"},"uagb_comment_info":0,"uagb_excerpt":"Description La SKIN1004 Madagascar Centella Probio-Cica Enrich Cream est une cr\u00e8me hydratante infus\u00e9e du pouvoir de l\u2019extrait de centella asiatica et du probio-cica. Dites adieu \u00e0 la d\u00e9shydratation et aux imperfections, car cette cr\u00e8me \u00e9quilibre parfaitement la teneur en huile et en humidit\u00e9 de votre peau. Que vous ayez une peau qui a besoin d\u2019hydratation&hellip;","brands":[],"_links":{"self":[{"href":"https:\/\/wavexia.com\/index.php?rest_route=\/wp\/v2\/product\/4146","targetHints":{"allow":["GET"]}}],"collection":[{"href":"https:\/\/wavexia.com\/index.php?rest_route=\/wp\/v2\/product"}],"about":[{"href":"https:\/\/wavexia.com\/index.php?rest_route=\/wp\/v2\/types\/product"}],"replies":[{"embeddable":true,"href":"https:\/\/wavexia.com\/index.php?rest_route=%2Fwp%2Fv2%2Fcomments&post=4146"}],"wp:featuredmedia":[{"embeddable":true,"href":"https:\/\/wavexia.com\/index.php?rest_route=\/wp\/v2\/media\/4145"}],"wp:attachment":[{"href":"https:\/\/wavexia.com\/index.php?rest_route=%2Fwp%2Fv2%2Fmedia&parent=4146"}],"wp:term":[{"taxonomy":"pwb-brand","embeddable":true,"href":"https:\/\/wavexia.com\/index.php?rest_route=%2Fwp%2Fv2%2Fpwb-brand&post=4146"},{"taxonomy":"product_brand","embeddable":true,"href":"https:\/\/wavexia.com\/index.php?rest_route=%2Fwp%2Fv2%2Fproduct_brand&post=4146"},{"taxonomy":"product_cat","embeddable":true,"href":"https:\/\/wavexia.com\/index.php?rest_route=%2Fwp%2Fv2%2Fproduct_cat&post=4146"},{"taxonomy":"product_tag","embeddable":true,"href":"https:\/\/wavexia.com\/index.php?rest_route=%2Fwp%2Fv2%2Fproduct_tag&post=4146"}],"curies":[{"name":"wp","href":"https:\/\/api.w.org\/{rel}","templated":true}]}}