{"id":4132,"date":"2025-10-19T09:02:06","date_gmt":"2025-10-19T09:02:06","guid":{"rendered":"https:\/\/wavexia.com\/product\/revlon-brosse-coiffante-multi-usages-one-step-3-en-1\/"},"modified":"2026-03-10T07:31:00","modified_gmt":"2026-03-10T07:31:00","slug":"revlon-brosse-coiffante-multi-usages-one-step-3-en-1","status":"publish","type":"product","link":"https:\/\/wavexia.com\/?product=revlon-brosse-coiffante-multi-usages-one-step-3-en-1","title":{"rendered":"Revlon Brosse coiffante multi-usages One-Step \u2013 3-EN-1"},"content":{"rendered":"<h2>Description<\/h2>\n<div id=\"ProductSheetAccordion-content-0\" class=\"c-accordion-v2__panel u-p-lg js-accordion__panel\" aria-labelledby=\"ProductSheetAccordion-header-0\">\n<div id=\"ourOpinion\">Un large choix de coiffures comme au salon \u2013 Cr\u00e9ez diff\u00e9rents styles gr\u00e2ce aux 3 accessoires interchangeables, Pour tous les types de cheveux<\/p>\n<p>Un large choix de coiffures comme au salon \u2013 Cr\u00e9ez diff\u00e9rents styles gr\u00e2ce aux 3 accessoires interchangeables, Pour tous les types de cheveux Technologie One-Step Des cheveux s\u00e9ch\u00e9s, boucl\u00e9s et coiff\u00e9s en deux fois moins de temps \u2013 Coiffez-vous plus souvent sans ab\u00eemer autant vos cheveux, (compar\u00e9 \u00e0 un s\u00e9chage et un coiffage r\u00e9alis\u00e9s s\u00e9par\u00e9ment) Concentrateur pour le s\u00e9chage des racines \u2013 Conception unique du peigne pour s\u00e9cher \u00e0 la racine et pr\u00e9parer les cheveux pour des coiffures qui durent, R\u00e9duit le temps de s\u00e9chage pour moins de dommages Boucleur \u00e0 air 360\u00b0 \u2013 Cr\u00e9ez des boucles l\u00e2ches en utilisant le flux du2019air plut\u00f4t que la chaleur pour moins de dommages, Gr\u00e2ce \u00e0 son cylindre de 32 mm \u00e0 triple rev\u00eatement en tourmaline et c\u00e9ramique, il permet de lisser les cheveux et de r\u00e9duire les frisottis tout en les bouclant coiffante et volumisante ovale de 64 mm \u2013 Util z lu2019air pour soulever la racine, donner du volume et lisser toutes les longueurs de cheveux sans les ab\u00eemer gr\u00e2ce \u00e0 son rev\u00eatement en c\u00e9ramique et titane pour des r\u00e9sultats durables<\/p>\n<\/div>\n<\/div>\n","protected":false},"excerpt":{"rendered":"<p>Description Un large choix de coiffures comme au salon \u2013 Cr\u00e9ez diff\u00e9rents styles gr\u00e2ce aux 3 accessoires interchangeables, Pour tous les types de cheveux Un large choix de coiffures comme au salon \u2013 Cr\u00e9ez diff\u00e9rents styles gr\u00e2ce aux 3 accessoires interchangeables, Pour tous les types de cheveux Technologie One-Step Des cheveux s\u00e9ch\u00e9s, boucl\u00e9s et coiff\u00e9s [&hellip;]<\/p>\n","protected":false},"featured_media":4131,"comment_status":"open","ping_status":"closed","template":"","meta":{"content-type":"","_uag_custom_page_level_css":""},"pwb-brand":[],"product_brand":[],"product_cat":[377,327,331,339,403],"product_tag":[],"class_list":{"0":"post-4132","1":"product","2":"type-product","3":"status-publish","4":"has-post-thumbnail","6":"product_cat-cheveux","7":"product_cat-hmizat","8":"product_cat-idees-cadeaux","9":"product_cat-meilleures-ventes","10":"product_cat-revlon","12":"first","13":"instock","14":"shipping-taxable","15":"purchasable","16":"product-type-simple"},"aioseo_notices":[],"uagb_featured_image_src":{"full":["https:\/\/wavexia.com\/wp-content\/uploads\/2025\/10\/brosse-coiffante-multi-usages-one-step-de-revlon-3-en-1.jpg",1100,1422,false],"thumbnail":["https:\/\/wavexia.com\/wp-content\/uploads\/2025\/10\/brosse-coiffante-multi-usages-one-step-de-revlon-3-en-1-150x150.jpg",150,150,true],"medium":["https:\/\/wavexia.com\/wp-content\/uploads\/2025\/10\/brosse-coiffante-multi-usages-one-step-de-revlon-3-en-1-232x300.jpg",232,300,true],"medium_large":["https:\/\/wavexia.com\/wp-content\/uploads\/2025\/10\/brosse-coiffante-multi-usages-one-step-de-revlon-3-en-1-768x993.jpg",768,993,true],"large":["https:\/\/wavexia.com\/wp-content\/uploads\/2025\/10\/brosse-coiffante-multi-usages-one-step-de-revlon-3-en-1-792x1024.jpg",792,1024,true],"1536x1536":["https:\/\/wavexia.com\/wp-content\/uploads\/2025\/10\/brosse-coiffante-multi-usages-one-step-de-revlon-3-en-1.jpg",1100,1422,false],"2048x2048":["https:\/\/wavexia.com\/wp-content\/uploads\/2025\/10\/brosse-coiffante-multi-usages-one-step-de-revlon-3-en-1.jpg",1100,1422,false],"woocommerce_archive_thumbnail":["https:\/\/wavexia.com\/wp-content\/uploads\/2025\/10\/brosse-coiffante-multi-usages-one-step-de-revlon-3-en-1-300x388.jpg",300,388,true],"woocommerce_thumbnail":["https:\/\/wavexia.com\/wp-content\/uploads\/2025\/10\/brosse-coiffante-multi-usages-one-step-de-revlon-3-en-1-300x300.jpg",300,300,true],"woocommerce_single":["https:\/\/wavexia.com\/wp-content\/uploads\/2025\/10\/brosse-coiffante-multi-usages-one-step-de-revlon-3-en-1-600x776.jpg",600,776,true],"woocommerce_gallery_thumbnail":["https:\/\/wavexia.com\/wp-content\/uploads\/2025\/10\/brosse-coiffante-multi-usages-one-step-de-revlon-3-en-1-100x100.jpg",100,100,true]},"uagb_author_info":{"display_name":"zineddine.ayoub98@gmail.com","author_link":"https:\/\/wavexia.com\/?author=0"},"uagb_comment_info":0,"uagb_excerpt":"Description Un large choix de coiffures comme au salon \u2013 Cr\u00e9ez diff\u00e9rents styles gr\u00e2ce aux 3 accessoires interchangeables, Pour tous les types de cheveux Un large choix de coiffures comme au salon \u2013 Cr\u00e9ez diff\u00e9rents styles gr\u00e2ce aux 3 accessoires interchangeables, Pour tous les types de cheveux Technologie One-Step Des cheveux s\u00e9ch\u00e9s, boucl\u00e9s et coiff\u00e9s&hellip;","brands":[],"_links":{"self":[{"href":"https:\/\/wavexia.com\/index.php?rest_route=\/wp\/v2\/product\/4132","targetHints":{"allow":["GET"]}}],"collection":[{"href":"https:\/\/wavexia.com\/index.php?rest_route=\/wp\/v2\/product"}],"about":[{"href":"https:\/\/wavexia.com\/index.php?rest_route=\/wp\/v2\/types\/product"}],"replies":[{"embeddable":true,"href":"https:\/\/wavexia.com\/index.php?rest_route=%2Fwp%2Fv2%2Fcomments&post=4132"}],"wp:featuredmedia":[{"embeddable":true,"href":"https:\/\/wavexia.com\/index.php?rest_route=\/wp\/v2\/media\/4131"}],"wp:attachment":[{"href":"https:\/\/wavexia.com\/index.php?rest_route=%2Fwp%2Fv2%2Fmedia&parent=4132"}],"wp:term":[{"taxonomy":"pwb-brand","embeddable":true,"href":"https:\/\/wavexia.com\/index.php?rest_route=%2Fwp%2Fv2%2Fpwb-brand&post=4132"},{"taxonomy":"product_brand","embeddable":true,"href":"https:\/\/wavexia.com\/index.php?rest_route=%2Fwp%2Fv2%2Fproduct_brand&post=4132"},{"taxonomy":"product_cat","embeddable":true,"href":"https:\/\/wavexia.com\/index.php?rest_route=%2Fwp%2Fv2%2Fproduct_cat&post=4132"},{"taxonomy":"product_tag","embeddable":true,"href":"https:\/\/wavexia.com\/index.php?rest_route=%2Fwp%2Fv2%2Fproduct_tag&post=4132"}],"curies":[{"name":"wp","href":"https:\/\/api.w.org\/{rel}","templated":true}]}}