{"id":4129,"date":"2025-10-19T09:02:04","date_gmt":"2025-10-19T09:02:04","guid":{"rendered":"https:\/\/wavexia.com\/product\/vitabiotics-perfectil-original-30-tablets\/"},"modified":"2026-03-10T07:31:00","modified_gmt":"2026-03-10T07:31:00","slug":"vitabiotics-perfectil-original-30-tablets","status":"publish","type":"product","link":"https:\/\/wavexia.com\/?product=vitabiotics-perfectil-original-30-tablets","title":{"rendered":"VITABIOTICS | PERFECTIL ORIGINAL 30 Tablets"},"content":{"rendered":"<h2>Description<\/h2>\n<p dir=\"ltr\">PERFECTIL triple action est le compl\u00e9ment alimentaire n\u00b01 pour la chute de cheveux.<\/p>\n<p dir=\"ltr\">PERFECTIL a \u00e9t\u00e9 con\u00e7u par des experts pour compl\u00e9ter votre routine beaut\u00e9 quotidienne.<\/p>\n<p dir=\"ltr\">Si vous souffrez d\u2019une chute de cheveux c\u2019est que vous avez forc\u00e9ment des carences nutritionnelles. Et \u00e7a se r\u00e9pare de l\u2019int\u00e9rieur !<\/p>\n<p dir=\"ltr\">Gr\u00e2ce \u00e0 sa formule cliniquement prouv\u00e9e de 24 vitamines et min\u00e9raux (zinc,biotine,cuivre,fer,s\u00e9l\u00e9nium\u2026.), Perfectil aide \u00e0 stopper la chute et \u00e0 regagner la beaut\u00e9 naturelle des cheveux, des ongles et de la peau.<\/p>\n<p dir=\"ltr\">Perfectil est recommand\u00e9 aux hommes et aux femmes de tous \u00e2ges pour maintenir la sant\u00e9 de la peau, des cheveux et des ongles.<\/p>\n<p dir=\"ltr\">Perfectil remplace votre suppl\u00e9ment quotidien de multivitamines et de min\u00e9raux et peut \u00eatre utilis\u00e9 aussi longtemps que n\u00e9cessaire.<\/p>\n","protected":false},"excerpt":{"rendered":"<p>Description PERFECTIL triple action est le compl\u00e9ment alimentaire n\u00b01 pour la chute de cheveux. PERFECTIL a \u00e9t\u00e9 con\u00e7u par des experts pour compl\u00e9ter votre routine beaut\u00e9 quotidienne. Si vous souffrez d\u2019une chute de cheveux c\u2019est que vous avez forc\u00e9ment des carences nutritionnelles. Et \u00e7a se r\u00e9pare de l\u2019int\u00e9rieur ! Gr\u00e2ce \u00e0 sa formule cliniquement prouv\u00e9e [&hellip;]<\/p>\n","protected":false},"featured_media":4128,"comment_status":"open","ping_status":"closed","template":"","meta":{"content-type":"","_uag_custom_page_level_css":""},"pwb-brand":[],"product_brand":[],"product_cat":[330],"product_tag":[],"class_list":{"0":"post-4129","1":"product","2":"type-product","3":"status-publish","4":"has-post-thumbnail","6":"product_cat-complements-alimentaires","8":"first","9":"instock","10":"shipping-taxable","11":"purchasable","12":"product-type-simple"},"aioseo_notices":[],"uagb_featured_image_src":{"full":["https:\/\/wavexia.com\/wp-content\/uploads\/2025\/10\/perfectil-original-30tabs-goldfarmaci-1_large.webp",480,480,false],"thumbnail":["https:\/\/wavexia.com\/wp-content\/uploads\/2025\/10\/perfectil-original-30tabs-goldfarmaci-1_large-150x150.webp",150,150,true],"medium":["https:\/\/wavexia.com\/wp-content\/uploads\/2025\/10\/perfectil-original-30tabs-goldfarmaci-1_large-300x300.webp",300,300,true],"medium_large":["https:\/\/wavexia.com\/wp-content\/uploads\/2025\/10\/perfectil-original-30tabs-goldfarmaci-1_large.webp",480,480,false],"large":["https:\/\/wavexia.com\/wp-content\/uploads\/2025\/10\/perfectil-original-30tabs-goldfarmaci-1_large.webp",480,480,false],"1536x1536":["https:\/\/wavexia.com\/wp-content\/uploads\/2025\/10\/perfectil-original-30tabs-goldfarmaci-1_large.webp",480,480,false],"2048x2048":["https:\/\/wavexia.com\/wp-content\/uploads\/2025\/10\/perfectil-original-30tabs-goldfarmaci-1_large.webp",480,480,false],"woocommerce_archive_thumbnail":["https:\/\/wavexia.com\/wp-content\/uploads\/2025\/10\/perfectil-original-30tabs-goldfarmaci-1_large-300x300.webp",300,300,true],"woocommerce_thumbnail":["https:\/\/wavexia.com\/wp-content\/uploads\/2025\/10\/perfectil-original-30tabs-goldfarmaci-1_large-300x300.webp",300,300,true],"woocommerce_single":["https:\/\/wavexia.com\/wp-content\/uploads\/2025\/10\/perfectil-original-30tabs-goldfarmaci-1_large.webp",480,480,false],"woocommerce_gallery_thumbnail":["https:\/\/wavexia.com\/wp-content\/uploads\/2025\/10\/perfectil-original-30tabs-goldfarmaci-1_large-100x100.webp",100,100,true]},"uagb_author_info":{"display_name":"zineddine.ayoub98@gmail.com","author_link":"https:\/\/wavexia.com\/?author=0"},"uagb_comment_info":0,"uagb_excerpt":"Description PERFECTIL triple action est le compl\u00e9ment alimentaire n\u00b01 pour la chute de cheveux. PERFECTIL a \u00e9t\u00e9 con\u00e7u par des experts pour compl\u00e9ter votre routine beaut\u00e9 quotidienne. Si vous souffrez d\u2019une chute de cheveux c\u2019est que vous avez forc\u00e9ment des carences nutritionnelles. Et \u00e7a se r\u00e9pare de l\u2019int\u00e9rieur ! Gr\u00e2ce \u00e0 sa formule cliniquement prouv\u00e9e&hellip;","brands":[],"_links":{"self":[{"href":"https:\/\/wavexia.com\/index.php?rest_route=\/wp\/v2\/product\/4129","targetHints":{"allow":["GET"]}}],"collection":[{"href":"https:\/\/wavexia.com\/index.php?rest_route=\/wp\/v2\/product"}],"about":[{"href":"https:\/\/wavexia.com\/index.php?rest_route=\/wp\/v2\/types\/product"}],"replies":[{"embeddable":true,"href":"https:\/\/wavexia.com\/index.php?rest_route=%2Fwp%2Fv2%2Fcomments&post=4129"}],"wp:featuredmedia":[{"embeddable":true,"href":"https:\/\/wavexia.com\/index.php?rest_route=\/wp\/v2\/media\/4128"}],"wp:attachment":[{"href":"https:\/\/wavexia.com\/index.php?rest_route=%2Fwp%2Fv2%2Fmedia&parent=4129"}],"wp:term":[{"taxonomy":"pwb-brand","embeddable":true,"href":"https:\/\/wavexia.com\/index.php?rest_route=%2Fwp%2Fv2%2Fpwb-brand&post=4129"},{"taxonomy":"product_brand","embeddable":true,"href":"https:\/\/wavexia.com\/index.php?rest_route=%2Fwp%2Fv2%2Fproduct_brand&post=4129"},{"taxonomy":"product_cat","embeddable":true,"href":"https:\/\/wavexia.com\/index.php?rest_route=%2Fwp%2Fv2%2Fproduct_cat&post=4129"},{"taxonomy":"product_tag","embeddable":true,"href":"https:\/\/wavexia.com\/index.php?rest_route=%2Fwp%2Fv2%2Fproduct_tag&post=4129"}],"curies":[{"name":"wp","href":"https:\/\/api.w.org\/{rel}","templated":true}]}}