{"id":4126,"date":"2025-10-19T09:02:02","date_gmt":"2025-10-19T09:02:02","guid":{"rendered":"https:\/\/wavexia.com\/product\/nyx-the-brow-glue-medium-brown\/"},"modified":"2026-03-10T07:31:00","modified_gmt":"2026-03-10T07:31:00","slug":"nyx-the-brow-glue-medium-brown","status":"publish","type":"product","link":"https:\/\/wavexia.com\/?product=nyx-the-brow-glue-medium-brown","title":{"rendered":"NYX THE BROW GLUE MEDIUM BROWN"},"content":{"rendered":"<h2>Description<\/h2>\n<p>Fixez-la sur vos sourcils ! Notre premi\u00e8re glue fixatrice qui brosse instantan\u00e9ment les sourcils et assure une tenue impeccable pendant 16h. Fini transparent, r\u00e9siste \u00e0 la transpiration, ne colle pas et promet un fini naturel ! Elle est simple et efficace \u00e0 appliquer : brossez vos sourcils et donnez-leur du style pour cr\u00e9er des looks sourcils qui tiennent et mettent en avant vos jolis yeux !<\/p>\n","protected":false},"excerpt":{"rendered":"<p>Description Fixez-la sur vos sourcils ! Notre premi\u00e8re glue fixatrice qui brosse instantan\u00e9ment les sourcils et assure une tenue impeccable pendant 16h. Fini transparent, r\u00e9siste \u00e0 la transpiration, ne colle pas et promet un fini naturel ! Elle est simple et efficace \u00e0 appliquer : brossez vos sourcils et donnez-leur du style pour cr\u00e9er des [&hellip;]<\/p>\n","protected":false},"featured_media":4125,"comment_status":"open","ping_status":"closed","template":"","meta":{"content-type":"","_uag_custom_page_level_css":""},"pwb-brand":[],"product_brand":[],"product_cat":[360,365],"product_tag":[],"class_list":{"0":"post-4126","1":"product","2":"type-product","3":"status-publish","4":"has-post-thumbnail","6":"product_cat-maquillage","7":"product_cat-nyx","9":"first","10":"instock","11":"sale","12":"shipping-taxable","13":"purchasable","14":"product-type-simple"},"aioseo_notices":[],"uagb_featured_image_src":{"full":["https:\/\/wavexia.com\/wp-content\/uploads\/2025\/10\/IMG-9507.webp",750,750,false],"thumbnail":["https:\/\/wavexia.com\/wp-content\/uploads\/2025\/10\/IMG-9507-150x150.webp",150,150,true],"medium":["https:\/\/wavexia.com\/wp-content\/uploads\/2025\/10\/IMG-9507-300x300.webp",300,300,true],"medium_large":["https:\/\/wavexia.com\/wp-content\/uploads\/2025\/10\/IMG-9507.webp",750,750,false],"large":["https:\/\/wavexia.com\/wp-content\/uploads\/2025\/10\/IMG-9507.webp",750,750,false],"1536x1536":["https:\/\/wavexia.com\/wp-content\/uploads\/2025\/10\/IMG-9507.webp",750,750,false],"2048x2048":["https:\/\/wavexia.com\/wp-content\/uploads\/2025\/10\/IMG-9507.webp",750,750,false],"woocommerce_archive_thumbnail":["https:\/\/wavexia.com\/wp-content\/uploads\/2025\/10\/IMG-9507-300x300.webp",300,300,true],"woocommerce_thumbnail":["https:\/\/wavexia.com\/wp-content\/uploads\/2025\/10\/IMG-9507-300x300.webp",300,300,true],"woocommerce_single":["https:\/\/wavexia.com\/wp-content\/uploads\/2025\/10\/IMG-9507-600x600.webp",600,600,true],"woocommerce_gallery_thumbnail":["https:\/\/wavexia.com\/wp-content\/uploads\/2025\/10\/IMG-9507-100x100.webp",100,100,true]},"uagb_author_info":{"display_name":"zineddine.ayoub98@gmail.com","author_link":"https:\/\/wavexia.com\/?author=0"},"uagb_comment_info":0,"uagb_excerpt":"Description Fixez-la sur vos sourcils ! Notre premi\u00e8re glue fixatrice qui brosse instantan\u00e9ment les sourcils et assure une tenue impeccable pendant 16h. Fini transparent, r\u00e9siste \u00e0 la transpiration, ne colle pas et promet un fini naturel ! Elle est simple et efficace \u00e0 appliquer : brossez vos sourcils et donnez-leur du style pour cr\u00e9er des&hellip;","brands":[],"_links":{"self":[{"href":"https:\/\/wavexia.com\/index.php?rest_route=\/wp\/v2\/product\/4126","targetHints":{"allow":["GET"]}}],"collection":[{"href":"https:\/\/wavexia.com\/index.php?rest_route=\/wp\/v2\/product"}],"about":[{"href":"https:\/\/wavexia.com\/index.php?rest_route=\/wp\/v2\/types\/product"}],"replies":[{"embeddable":true,"href":"https:\/\/wavexia.com\/index.php?rest_route=%2Fwp%2Fv2%2Fcomments&post=4126"}],"wp:featuredmedia":[{"embeddable":true,"href":"https:\/\/wavexia.com\/index.php?rest_route=\/wp\/v2\/media\/4125"}],"wp:attachment":[{"href":"https:\/\/wavexia.com\/index.php?rest_route=%2Fwp%2Fv2%2Fmedia&parent=4126"}],"wp:term":[{"taxonomy":"pwb-brand","embeddable":true,"href":"https:\/\/wavexia.com\/index.php?rest_route=%2Fwp%2Fv2%2Fpwb-brand&post=4126"},{"taxonomy":"product_brand","embeddable":true,"href":"https:\/\/wavexia.com\/index.php?rest_route=%2Fwp%2Fv2%2Fproduct_brand&post=4126"},{"taxonomy":"product_cat","embeddable":true,"href":"https:\/\/wavexia.com\/index.php?rest_route=%2Fwp%2Fv2%2Fproduct_cat&post=4126"},{"taxonomy":"product_tag","embeddable":true,"href":"https:\/\/wavexia.com\/index.php?rest_route=%2Fwp%2Fv2%2Fproduct_tag&post=4126"}],"curies":[{"name":"wp","href":"https:\/\/api.w.org\/{rel}","templated":true}]}}