{"id":4119,"date":"2025-10-19T09:01:57","date_gmt":"2025-10-19T09:01:57","guid":{"rendered":"https:\/\/wavexia.com\/product\/the-ritual-of-ayurveda-travel-foaming-shower-gel-50ml\/"},"modified":"2026-03-10T07:31:00","modified_gmt":"2026-03-10T07:31:00","slug":"the-ritual-of-ayurveda-travel-foaming-shower-gel-50ml","status":"publish","type":"product","link":"https:\/\/wavexia.com\/?product=the-ritual-of-ayurveda-travel-foaming-shower-gel-50ml","title":{"rendered":"The Ritual of Ayurveda Travel \u2013 Foaming Shower Gel 50ml"},"content":{"rendered":"<h2>Description<\/h2>\n<p>R\u00e9\u00e9quilibrez votre \u00e2me, votre corps et votre esprit avec cette mousse de douche The Ritual of Ayurveda. Utilisez une noisette de gel et appr\u00e9ciez la mousse onctueuse se cr\u00e9ant au contact de l\u2019eau. Compos\u00e9e d\u2019ingr\u00e9dients de la tradition ayurv\u00e9dique, tels que la rose indienne et l\u2019huile d\u2019amande douce, cette mousse de douche apporte une sensation soyeuse et nourrissante sur la peau. Trouvez l\u2019harmonie int\u00e9rieure en associant cette mousse de douche \u00e0 d\u2019autres essentiels bien-\u00eatre de la m\u00eame collection. Formul\u00e9e \u00e0 partir de 91&nbsp;% d\u2019ingr\u00e9dients d\u2019origine naturelle, cette mousse de douche prend soin de votre peau de mani\u00e8re optimale. Les 9&nbsp;% restants se composent d\u2019ingr\u00e9dients de synth\u00e8se qui respectent l\u2019int\u00e9grit\u00e9 et l\u2019innocuit\u00e9 de nos formules.<\/p>\n<h5>attention:<\/h5>\n<p>ATTENTION. R\u00e9cipient sous pression: peut \u00e9clater sous l\u2019effet de la chaleur. \u00c9viter le contact avec les yeux. EN CAS DE CONTACT AVEC LES YEUX: Rincer avec pr\u00e9caution \u00e0 l\u2019eau pendant plusieurs minutes. Tenir \u00e0 l\u2019\u00e9cart de la chaleur, des surfaces chaudes, des \u00e9tincelles, des flammes nues et de toute autre source d\u2019inflammation. Ne pas fumer. Ne pas perforer, ni br\u00fbler, m\u00eame apr\u00e8s usage. Prot\u00e9ger du rayonnement solaire. Ne pas exposer \u00e0 une temp\u00e9rature sup\u00e9rieure \u00e0 50 \u00b0C\/122 \u00b0F. Contient 4% en masse de composants inflammables. Tenir hors de port\u00e9e des enfants.<\/p>\n<h5>utilisation:<\/h5>\n<p>Versez une petite quantit\u00e9 de gel dans votre main. Au contact de l\u2019eau, il se transforme en une mousse riche et relaxante.<\/p>\n<h5>ingr\u00e9dients:<\/h5>\n<p>Aqua\/Water, Sodium Coco-Sulfate, Decyl Glucoside, Isopentane, Coco-Glucoside, Glycerin, PEG-120 Methyl Glucose Dioleate, Isopropyl Palmitate, Parfum\/Fragrance, Isobutane, Rosa Damascena Flower Oil, Prunus Amygdalus Dulcis (Sweet Almond) Oil, Citric Acid, Sodium Benzoate, Guar Hydroxypropyltrimonium Chloride, Hexyl Cinnamal, Limonene, Linalool, Coumarin, Citronellol, Benzyl Benzoate.<\/p>\n","protected":false},"excerpt":{"rendered":"<p>Description R\u00e9\u00e9quilibrez votre \u00e2me, votre corps et votre esprit avec cette mousse de douche The Ritual of Ayurveda. Utilisez une noisette de gel et appr\u00e9ciez la mousse onctueuse se cr\u00e9ant au contact de l\u2019eau. Compos\u00e9e d\u2019ingr\u00e9dients de la tradition ayurv\u00e9dique, tels que la rose indienne et l\u2019huile d\u2019amande douce, cette mousse de douche apporte une [&hellip;]<\/p>\n","protected":false},"featured_media":4118,"comment_status":"open","ping_status":"closed","template":"","meta":{"content-type":"","_uag_custom_page_level_css":""},"pwb-brand":[],"product_brand":[],"product_cat":[322,382,328,332],"product_tag":[],"class_list":{"0":"post-4119","1":"product","2":"type-product","3":"status-publish","4":"has-post-thumbnail","6":"product_cat-corps-bain","7":"product_cat-derniere-chance","8":"product_cat-nouveautes","9":"product_cat-rituals","11":"first","12":"instock","13":"sale","14":"shipping-taxable","15":"purchasable","16":"product-type-simple"},"aioseo_notices":[],"uagb_featured_image_src":{"full":["https:\/\/wavexia.com\/wp-content\/uploads\/2025\/10\/1116081-rituals-ayurveda-foaming-shower-gel-50ml_Square.webp",1050,1050,false],"thumbnail":["https:\/\/wavexia.com\/wp-content\/uploads\/2025\/10\/1116081-rituals-ayurveda-foaming-shower-gel-50ml_Square-150x150.webp",150,150,true],"medium":["https:\/\/wavexia.com\/wp-content\/uploads\/2025\/10\/1116081-rituals-ayurveda-foaming-shower-gel-50ml_Square-300x300.webp",300,300,true],"medium_large":["https:\/\/wavexia.com\/wp-content\/uploads\/2025\/10\/1116081-rituals-ayurveda-foaming-shower-gel-50ml_Square-768x768.webp",768,768,true],"large":["https:\/\/wavexia.com\/wp-content\/uploads\/2025\/10\/1116081-rituals-ayurveda-foaming-shower-gel-50ml_Square-1024x1024.webp",1024,1024,true],"1536x1536":["https:\/\/wavexia.com\/wp-content\/uploads\/2025\/10\/1116081-rituals-ayurveda-foaming-shower-gel-50ml_Square.webp",1050,1050,false],"2048x2048":["https:\/\/wavexia.com\/wp-content\/uploads\/2025\/10\/1116081-rituals-ayurveda-foaming-shower-gel-50ml_Square.webp",1050,1050,false],"woocommerce_archive_thumbnail":["https:\/\/wavexia.com\/wp-content\/uploads\/2025\/10\/1116081-rituals-ayurveda-foaming-shower-gel-50ml_Square-300x300.webp",300,300,true],"woocommerce_thumbnail":["https:\/\/wavexia.com\/wp-content\/uploads\/2025\/10\/1116081-rituals-ayurveda-foaming-shower-gel-50ml_Square-300x300.webp",300,300,true],"woocommerce_single":["https:\/\/wavexia.com\/wp-content\/uploads\/2025\/10\/1116081-rituals-ayurveda-foaming-shower-gel-50ml_Square-600x600.webp",600,600,true],"woocommerce_gallery_thumbnail":["https:\/\/wavexia.com\/wp-content\/uploads\/2025\/10\/1116081-rituals-ayurveda-foaming-shower-gel-50ml_Square-100x100.webp",100,100,true]},"uagb_author_info":{"display_name":"zineddine.ayoub98@gmail.com","author_link":"https:\/\/wavexia.com\/?author=0"},"uagb_comment_info":0,"uagb_excerpt":"Description R\u00e9\u00e9quilibrez votre \u00e2me, votre corps et votre esprit avec cette mousse de douche The Ritual of Ayurveda. Utilisez une noisette de gel et appr\u00e9ciez la mousse onctueuse se cr\u00e9ant au contact de l\u2019eau. Compos\u00e9e d\u2019ingr\u00e9dients de la tradition ayurv\u00e9dique, tels que la rose indienne et l\u2019huile d\u2019amande douce, cette mousse de douche apporte une&hellip;","brands":[],"_links":{"self":[{"href":"https:\/\/wavexia.com\/index.php?rest_route=\/wp\/v2\/product\/4119","targetHints":{"allow":["GET"]}}],"collection":[{"href":"https:\/\/wavexia.com\/index.php?rest_route=\/wp\/v2\/product"}],"about":[{"href":"https:\/\/wavexia.com\/index.php?rest_route=\/wp\/v2\/types\/product"}],"replies":[{"embeddable":true,"href":"https:\/\/wavexia.com\/index.php?rest_route=%2Fwp%2Fv2%2Fcomments&post=4119"}],"wp:featuredmedia":[{"embeddable":true,"href":"https:\/\/wavexia.com\/index.php?rest_route=\/wp\/v2\/media\/4118"}],"wp:attachment":[{"href":"https:\/\/wavexia.com\/index.php?rest_route=%2Fwp%2Fv2%2Fmedia&parent=4119"}],"wp:term":[{"taxonomy":"pwb-brand","embeddable":true,"href":"https:\/\/wavexia.com\/index.php?rest_route=%2Fwp%2Fv2%2Fpwb-brand&post=4119"},{"taxonomy":"product_brand","embeddable":true,"href":"https:\/\/wavexia.com\/index.php?rest_route=%2Fwp%2Fv2%2Fproduct_brand&post=4119"},{"taxonomy":"product_cat","embeddable":true,"href":"https:\/\/wavexia.com\/index.php?rest_route=%2Fwp%2Fv2%2Fproduct_cat&post=4119"},{"taxonomy":"product_tag","embeddable":true,"href":"https:\/\/wavexia.com\/index.php?rest_route=%2Fwp%2Fv2%2Fproduct_tag&post=4119"}],"curies":[{"name":"wp","href":"https:\/\/api.w.org\/{rel}","templated":true}]}}