{"id":4105,"date":"2025-10-19T09:01:47","date_gmt":"2025-10-19T09:01:47","guid":{"rendered":"https:\/\/wavexia.com\/product\/missha-all-around-safe-block-aqua-sun-spf50-pa-50ml\/"},"modified":"2026-03-10T07:31:00","modified_gmt":"2026-03-10T07:31:00","slug":"missha-all-around-safe-block-aqua-sun-spf50-pa-50ml","status":"publish","type":"product","link":"https:\/\/wavexia.com\/?product=missha-all-around-safe-block-aqua-sun-spf50-pa-50ml","title":{"rendered":"Missha All Around Safe Block Aqua Sun SPF50+ PA++++ 50ml"},"content":{"rendered":"<h2>Description<\/h2>\n<p>Gel solaire \u00e0 base d\u2019eau et de gel pour une peau hydrat\u00e9e qui reste cool ! Apr\u00e8s une mise \u00e0 jour, le syst\u00e8me double couche pour les rayons UVA et UVB bloque encore mieux et plus efficacement les rayons nocifs du soleil, m\u00eame \u00e0 des temp\u00e9ratures \u00e9lev\u00e9es.<\/p>\n<p>Sa base eau-gel au lait de glacier et aux extraits d\u2019aizoac\u00e9es p\u00e9n\u00e8tre rapidement dans la peau, pour un coup de fouet hydratant in\u00e9gal\u00e9. Simultan\u00e9ment, le gel rafra\u00eechit agr\u00e9ablement la peau et lui conf\u00e8re une texture douce.<\/p>\n<p>Le thanaka est utilis\u00e9 au Myanmar depuis plus de 2000 ans pour apaiser et rafra\u00eechir les peaux particuli\u00e8rement sensibles. L\u2019extrait d\u2019antozone-rose prot\u00e8ge votre peau des influences ext\u00e9rieures nocives telles que la pollution ou l\u2019ozone.<\/p>\n<h5><strong>Comment utiliser:<\/strong><\/h5>\n<ul>\n<li>Appliquez la cr\u00e8me solaire sur une peau propre et s\u00e8che.<\/li>\n<li>Assurez-vous de bien masser la cr\u00e8me solaire dans votre peau.<\/li>\n<li>Appliquez la cr\u00e8me solaire au moins 15 \u00e0 20 minutes avant l\u2019exposition au soleil.<\/li>\n<li>R\u00e9p\u00e9tez si n\u00e9cessaire.<\/li>\n<\/ul>\n<p><b><i>Principaux avantages :<\/i><\/b><br \/>\u2013 (SPF50+\/PA+++)<br \/>\u2013 Hydrate et rafra\u00eechit<br \/>\u2013 Prot\u00e8ge contre les dommages UVA et UVB<br \/>\u2013 Apaise la peau<\/p>\n<h5><strong>Ingr\u00e9dients :<\/strong><\/h5>\n<p>Eau, Homosalate, Alcool Denat, Salicylate d\u2019Ethylhexyle, Dipropyl\u00e8ne Glycol, M\u00e9thoxydibenzoylm\u00e9thane de Butyle, Silice, Copolym\u00e8re de M\u00e9thacrylate de M\u00e9thyle, Bis-Ethylhexyloxyphenol M\u00e9thoxyphenyl Triazine, Isoamyl-p-M\u00e9thoxycinnamate, Octocryl\u00e8ne, Bis-PEG\/PPG-20\/5 PEG\/PPG-20\/5 Dim\u00e9thicone, M\u00e9thoxy PEG\/PPG-25\/4 Dim\u00e9thicone, Dim\u00e9thicone, Caprylyl Glycol, Copolym\u00e8re d\u2019Acrylates\/C10-30 Alkyl Acrylate, Triglyc\u00e9ride Caprylique\/Caprique, Parfum, Ethylhexylglyc\u00e9rine, Hydroxyde de Sodium, 1,2-Hexanediol, BHT, Disodium EDTA, Extrait de Limonia Acidissima, Butyl\u00e8ne Glycol, Copolym\u00e8re VP\/Hexad\u00e9c\u00e8ne, Cyclopentasiloxane, Copolym\u00e8re d\u2019Acrylates\/Dim\u00e9thicone, Extrait de Fleur de Chrysanthemum Indicum, Extrait de Feuille de Camellia Sinensis, Ph\u00e9noxy\u00e9thanol, Extrait de Fruit de Morus Alba, Extrait d\u2019\u00c9corce de Cinnamomum Cassia, Extrait de Feuille d\u2019Artemisia Princeps, Extrait de Feuille de Diospyros Kaki, Extrait de Racine de Pueraria Lobata, Eau de Feuille de Thym (Thymus Vulgaris), Eau de Fleur de Centaurea Cyanus, Eau de Fleur d\u2019Helichrysum Italicum, Limon\u00e8ne, Hexyl Cinnamal, Linalool, Salicylate de Benzyle, G\u00e9raniol, Benzoate de Benzyle, Citronellol.<\/p>\n","protected":false},"excerpt":{"rendered":"<p>Description Gel solaire \u00e0 base d\u2019eau et de gel pour une peau hydrat\u00e9e qui reste cool ! Apr\u00e8s une mise \u00e0 jour, le syst\u00e8me double couche pour les rayons UVA et UVB bloque encore mieux et plus efficacement les rayons nocifs du soleil, m\u00eame \u00e0 des temp\u00e9ratures \u00e9lev\u00e9es. Sa base eau-gel au lait de glacier [&hellip;]<\/p>\n","protected":false},"featured_media":4104,"comment_status":"open","ping_status":"closed","template":"","meta":{"content-type":"","_uag_custom_page_level_css":""},"pwb-brand":[],"product_brand":[],"product_cat":[327,428,328,334,340],"product_tag":[],"class_list":{"0":"post-4105","1":"product","2":"type-product","3":"status-publish","4":"has-post-thumbnail","6":"product_cat-hmizat","7":"product_cat-missha","8":"product_cat-nouveautes","9":"product_cat-produits-coreens","10":"product_cat-protection-solaire","12":"first","13":"instock","14":"sale","15":"shipping-taxable","16":"purchasable","17":"product-type-simple"},"aioseo_notices":[],"uagb_featured_image_src":{"full":["https:\/\/wavexia.com\/wp-content\/uploads\/2025\/10\/missha-all-around-safe-block-aqua-sun-gel-spf-50-sonnengel-50-ml-8809747942121-1.webp",550,642,false],"thumbnail":["https:\/\/wavexia.com\/wp-content\/uploads\/2025\/10\/missha-all-around-safe-block-aqua-sun-gel-spf-50-sonnengel-50-ml-8809747942121-1-150x150.webp",150,150,true],"medium":["https:\/\/wavexia.com\/wp-content\/uploads\/2025\/10\/missha-all-around-safe-block-aqua-sun-gel-spf-50-sonnengel-50-ml-8809747942121-1-257x300.webp",257,300,true],"medium_large":["https:\/\/wavexia.com\/wp-content\/uploads\/2025\/10\/missha-all-around-safe-block-aqua-sun-gel-spf-50-sonnengel-50-ml-8809747942121-1.webp",550,642,false],"large":["https:\/\/wavexia.com\/wp-content\/uploads\/2025\/10\/missha-all-around-safe-block-aqua-sun-gel-spf-50-sonnengel-50-ml-8809747942121-1.webp",550,642,false],"1536x1536":["https:\/\/wavexia.com\/wp-content\/uploads\/2025\/10\/missha-all-around-safe-block-aqua-sun-gel-spf-50-sonnengel-50-ml-8809747942121-1.webp",550,642,false],"2048x2048":["https:\/\/wavexia.com\/wp-content\/uploads\/2025\/10\/missha-all-around-safe-block-aqua-sun-gel-spf-50-sonnengel-50-ml-8809747942121-1.webp",550,642,false],"woocommerce_archive_thumbnail":["https:\/\/wavexia.com\/wp-content\/uploads\/2025\/10\/missha-all-around-safe-block-aqua-sun-gel-spf-50-sonnengel-50-ml-8809747942121-1-300x350.webp",300,350,true],"woocommerce_thumbnail":["https:\/\/wavexia.com\/wp-content\/uploads\/2025\/10\/missha-all-around-safe-block-aqua-sun-gel-spf-50-sonnengel-50-ml-8809747942121-1-300x300.webp",300,300,true],"woocommerce_single":["https:\/\/wavexia.com\/wp-content\/uploads\/2025\/10\/missha-all-around-safe-block-aqua-sun-gel-spf-50-sonnengel-50-ml-8809747942121-1.webp",550,642,false],"woocommerce_gallery_thumbnail":["https:\/\/wavexia.com\/wp-content\/uploads\/2025\/10\/missha-all-around-safe-block-aqua-sun-gel-spf-50-sonnengel-50-ml-8809747942121-1-100x100.webp",100,100,true]},"uagb_author_info":{"display_name":"zineddine.ayoub98@gmail.com","author_link":"https:\/\/wavexia.com\/?author=0"},"uagb_comment_info":0,"uagb_excerpt":"Description Gel solaire \u00e0 base d\u2019eau et de gel pour une peau hydrat\u00e9e qui reste cool ! Apr\u00e8s une mise \u00e0 jour, le syst\u00e8me double couche pour les rayons UVA et UVB bloque encore mieux et plus efficacement les rayons nocifs du soleil, m\u00eame \u00e0 des temp\u00e9ratures \u00e9lev\u00e9es. Sa base eau-gel au lait de glacier&hellip;","brands":[],"_links":{"self":[{"href":"https:\/\/wavexia.com\/index.php?rest_route=\/wp\/v2\/product\/4105","targetHints":{"allow":["GET"]}}],"collection":[{"href":"https:\/\/wavexia.com\/index.php?rest_route=\/wp\/v2\/product"}],"about":[{"href":"https:\/\/wavexia.com\/index.php?rest_route=\/wp\/v2\/types\/product"}],"replies":[{"embeddable":true,"href":"https:\/\/wavexia.com\/index.php?rest_route=%2Fwp%2Fv2%2Fcomments&post=4105"}],"wp:featuredmedia":[{"embeddable":true,"href":"https:\/\/wavexia.com\/index.php?rest_route=\/wp\/v2\/media\/4104"}],"wp:attachment":[{"href":"https:\/\/wavexia.com\/index.php?rest_route=%2Fwp%2Fv2%2Fmedia&parent=4105"}],"wp:term":[{"taxonomy":"pwb-brand","embeddable":true,"href":"https:\/\/wavexia.com\/index.php?rest_route=%2Fwp%2Fv2%2Fpwb-brand&post=4105"},{"taxonomy":"product_brand","embeddable":true,"href":"https:\/\/wavexia.com\/index.php?rest_route=%2Fwp%2Fv2%2Fproduct_brand&post=4105"},{"taxonomy":"product_cat","embeddable":true,"href":"https:\/\/wavexia.com\/index.php?rest_route=%2Fwp%2Fv2%2Fproduct_cat&post=4105"},{"taxonomy":"product_tag","embeddable":true,"href":"https:\/\/wavexia.com\/index.php?rest_route=%2Fwp%2Fv2%2Fproduct_tag&post=4105"}],"curies":[{"name":"wp","href":"https:\/\/api.w.org\/{rel}","templated":true}]}}