{"id":4101,"date":"2025-10-19T09:01:45","date_gmt":"2025-10-19T09:01:45","guid":{"rendered":"https:\/\/wavexia.com\/product\/charlotte-tilbury-airbrush-flawless-foundation-3-warm\/"},"modified":"2026-03-10T07:31:00","modified_gmt":"2026-03-10T07:31:00","slug":"charlotte-tilbury-airbrush-flawless-foundation-3-warm","status":"publish","type":"product","link":"https:\/\/wavexia.com\/?product=charlotte-tilbury-airbrush-flawless-foundation-3-warm","title":{"rendered":"CHARLOTTE TILBURY \u2013 AIRBRUSH FLAWLESS FOUNDATION \u2013 3 WARM"},"content":{"rendered":"<h2>Description<\/h2>\n<p><strong>LA SENSATION PARFAITE&nbsp;! D\u00e9couvrez le secret d\u2019une peau PARFAITE ET SANS PORESavec mon fond de teint Airbrush Flawless prim\u00e9<\/strong>&nbsp;! C\u2019est ma formule <strong>SCIENCE + COULEUR<\/strong> qui tient toute la journ\u00e9e, l\u00e9g\u00e8re et couvrante, avec un fini mat naturel et <strong>un EFFET AIRBRUSH instantan\u00e9&nbsp;!<\/strong><\/p>\n<p>Contenant les fameux <strong>EFFETS AIRBRUSH LISSANTS ET FLOUEURS DE PORES<\/strong> et les <strong>BIENFAITS SOINS DE LA PEAU<\/strong> d\u2019un s\u00e9rum*, il contient ma matrice magique d\u2019 ingr\u00e9dients <strong>HYDRATANTS, ANTI-\u00c2GE<\/strong> et <strong>ANTI-POLLUTION !<\/strong><\/p>\n","protected":false},"excerpt":{"rendered":"<p>Description LA SENSATION PARFAITE&nbsp;! D\u00e9couvrez le secret d\u2019une peau PARFAITE ET SANS PORESavec mon fond de teint Airbrush Flawless prim\u00e9&nbsp;! C\u2019est ma formule SCIENCE + COULEUR qui tient toute la journ\u00e9e, l\u00e9g\u00e8re et couvrante, avec un fini mat naturel et un EFFET AIRBRUSH instantan\u00e9&nbsp;! Contenant les fameux EFFETS AIRBRUSH LISSANTS ET FLOUEURS DE PORES et [&hellip;]<\/p>\n","protected":false},"featured_media":4100,"comment_status":"open","ping_status":"closed","template":"","meta":{"content-type":"","_uag_custom_page_level_css":""},"pwb-brand":[],"product_brand":[],"product_cat":[425,360],"product_tag":[],"class_list":{"0":"post-4101","1":"product","2":"type-product","3":"status-publish","4":"has-post-thumbnail","6":"product_cat-charlotte-tilbury","7":"product_cat-maquillage","9":"first","10":"instock","11":"sale","12":"shipping-taxable","13":"purchasable","14":"product-type-simple"},"aioseo_notices":[],"uagb_featured_image_src":{"full":["https:\/\/wavexia.com\/wp-content\/uploads\/2025\/10\/AIRBRUSH-FLAWLESS-FOUNDATION-4-WARM-OPEN-WITH-LID.webp",660,660,false],"thumbnail":["https:\/\/wavexia.com\/wp-content\/uploads\/2025\/10\/AIRBRUSH-FLAWLESS-FOUNDATION-4-WARM-OPEN-WITH-LID-150x150.webp",150,150,true],"medium":["https:\/\/wavexia.com\/wp-content\/uploads\/2025\/10\/AIRBRUSH-FLAWLESS-FOUNDATION-4-WARM-OPEN-WITH-LID-300x300.webp",300,300,true],"medium_large":["https:\/\/wavexia.com\/wp-content\/uploads\/2025\/10\/AIRBRUSH-FLAWLESS-FOUNDATION-4-WARM-OPEN-WITH-LID.webp",660,660,false],"large":["https:\/\/wavexia.com\/wp-content\/uploads\/2025\/10\/AIRBRUSH-FLAWLESS-FOUNDATION-4-WARM-OPEN-WITH-LID.webp",660,660,false],"1536x1536":["https:\/\/wavexia.com\/wp-content\/uploads\/2025\/10\/AIRBRUSH-FLAWLESS-FOUNDATION-4-WARM-OPEN-WITH-LID.webp",660,660,false],"2048x2048":["https:\/\/wavexia.com\/wp-content\/uploads\/2025\/10\/AIRBRUSH-FLAWLESS-FOUNDATION-4-WARM-OPEN-WITH-LID.webp",660,660,false],"woocommerce_archive_thumbnail":["https:\/\/wavexia.com\/wp-content\/uploads\/2025\/10\/AIRBRUSH-FLAWLESS-FOUNDATION-4-WARM-OPEN-WITH-LID-300x300.webp",300,300,true],"woocommerce_thumbnail":["https:\/\/wavexia.com\/wp-content\/uploads\/2025\/10\/AIRBRUSH-FLAWLESS-FOUNDATION-4-WARM-OPEN-WITH-LID-300x300.webp",300,300,true],"woocommerce_single":["https:\/\/wavexia.com\/wp-content\/uploads\/2025\/10\/AIRBRUSH-FLAWLESS-FOUNDATION-4-WARM-OPEN-WITH-LID-600x600.webp",600,600,true],"woocommerce_gallery_thumbnail":["https:\/\/wavexia.com\/wp-content\/uploads\/2025\/10\/AIRBRUSH-FLAWLESS-FOUNDATION-4-WARM-OPEN-WITH-LID-100x100.webp",100,100,true]},"uagb_author_info":{"display_name":"zineddine.ayoub98@gmail.com","author_link":"https:\/\/wavexia.com\/?author=0"},"uagb_comment_info":0,"uagb_excerpt":"Description LA SENSATION PARFAITE&nbsp;! D\u00e9couvrez le secret d\u2019une peau PARFAITE ET SANS PORESavec mon fond de teint Airbrush Flawless prim\u00e9&nbsp;! C\u2019est ma formule SCIENCE + COULEUR qui tient toute la journ\u00e9e, l\u00e9g\u00e8re et couvrante, avec un fini mat naturel et un EFFET AIRBRUSH instantan\u00e9&nbsp;! Contenant les fameux EFFETS AIRBRUSH LISSANTS ET FLOUEURS DE PORES et&hellip;","brands":[],"_links":{"self":[{"href":"https:\/\/wavexia.com\/index.php?rest_route=\/wp\/v2\/product\/4101","targetHints":{"allow":["GET"]}}],"collection":[{"href":"https:\/\/wavexia.com\/index.php?rest_route=\/wp\/v2\/product"}],"about":[{"href":"https:\/\/wavexia.com\/index.php?rest_route=\/wp\/v2\/types\/product"}],"replies":[{"embeddable":true,"href":"https:\/\/wavexia.com\/index.php?rest_route=%2Fwp%2Fv2%2Fcomments&post=4101"}],"wp:featuredmedia":[{"embeddable":true,"href":"https:\/\/wavexia.com\/index.php?rest_route=\/wp\/v2\/media\/4100"}],"wp:attachment":[{"href":"https:\/\/wavexia.com\/index.php?rest_route=%2Fwp%2Fv2%2Fmedia&parent=4101"}],"wp:term":[{"taxonomy":"pwb-brand","embeddable":true,"href":"https:\/\/wavexia.com\/index.php?rest_route=%2Fwp%2Fv2%2Fpwb-brand&post=4101"},{"taxonomy":"product_brand","embeddable":true,"href":"https:\/\/wavexia.com\/index.php?rest_route=%2Fwp%2Fv2%2Fproduct_brand&post=4101"},{"taxonomy":"product_cat","embeddable":true,"href":"https:\/\/wavexia.com\/index.php?rest_route=%2Fwp%2Fv2%2Fproduct_cat&post=4101"},{"taxonomy":"product_tag","embeddable":true,"href":"https:\/\/wavexia.com\/index.php?rest_route=%2Fwp%2Fv2%2Fproduct_tag&post=4101"}],"curies":[{"name":"wp","href":"https:\/\/api.w.org\/{rel}","templated":true}]}}