{"id":4096,"date":"2025-10-19T09:01:41","date_gmt":"2025-10-19T09:01:41","guid":{"rendered":"https:\/\/wavexia.com\/product\/kiehls-ultra-facial-cream-50ml\/"},"modified":"2026-03-10T07:31:00","modified_gmt":"2026-03-10T07:31:00","slug":"kiehls-ultra-facial-cream-50ml","status":"publish","type":"product","link":"https:\/\/wavexia.com\/?product=kiehls-ultra-facial-cream-50ml","title":{"rendered":"Kiehl\u2019s Ultra Facial Cream 50ml"},"content":{"rendered":"<h2>Description<\/h2>\n<p>Cr\u00e8me hydratante \u00e0 la texture l\u00e9g\u00e8re.<\/p>\n<p>Allez au-del\u00e0 de l\u2019hydratation avec la cr\u00e8me hydratante n\u00b01 de Kiehl\u2019s, qui convient \u00e0 tous les types de peau, m\u00eame les plus sensibles et est enrichie en squalane v\u00e9g\u00e9tal. Cette cr\u00e8me visage ultra-hydratante renforce la barri\u00e8re d\u2019hydratation de la peau et procure une hydratation 24h\/24 pour une peau plus douce et plus lisse.<\/p>\n<p>Formul\u00e9 avec du squalane \u00e0 double action pour renforcer et restaurer la barri\u00e8re d\u2019hydratation de la peau et de la glyc\u00e9rine pour aider \u00e0 retenir l\u2019humidit\u00e9 et adoucir la peau.<\/p>\n<p>Formul\u00e9 sans parab\u00e8nes ni parfum et test\u00e9 sur tous les tons, textures et types de peau, y compris les peaux sensibles et convient aussi aux hommes !<\/p>\n<p>Tests cliniques :<br \/>\u2013 96 % ont montr\u00e9 une barri\u00e8re cutan\u00e9e plus forte*<br \/>\u2013 97 % ont montr\u00e9 une am\u00e9lioration imm\u00e9diate de la s\u00e9cheresse de la peau*<br \/>\u2013 98 % ont ressenti une peau plus douce*<br \/>En 1 semaine la peau est** :<br \/>\u2013 + 18% Plus lisse\u200b<br \/>\u2013 + 33% Plus douce<br \/>\u2013 + 11% D\u2019apparence plus saine<br \/>*Bas\u00e9 sur des \u00e9tudes cliniques et des essais consommateurs \u00e9valu\u00e9s par des experts.<br \/>**D\u2019apr\u00e8s un test clinique de 4 semaines r\u00e9alis\u00e9 sur 55 individus.\u200b<\/p>\n<p>B\u00e9n\u00e9fices :<br \/>\u2013 Fournit une hydratation instantan\u00e9e et durable pendant 24 heures pour une peau douce, lisse et d\u2019apparence saine.<br \/>\u2013 \u00c9quilibre m\u00eame les zones les plus s\u00e8ches de la peau avec +132%* d\u2019augmentation de l\u2019hydratation de la peau.<br \/>\u2013 P\u00e9n\u00e8tre facilement dans la peau avec une texture ultra-l\u00e9g\u00e8re.<\/p>\n<p>Propri\u00e9t\u00e9s :<br \/>\u2013 0% parab\u00e8nes, parfum<br \/>\u2013 Test\u00e9 sous contr\u00f4le dermatologique<br \/>\u2013 Fabriqu\u00e9 aux \u00c9tats-Unis<\/p>\n<p>Conseils d\u2019utilisation :<br \/>Appliquer une noisette de cr\u00e8me sur une peau nettoy\u00e9e et tonifi\u00e9e\u200b. Peut \u00eatre utilis\u00e9 le matin ou le soir.<\/p>\n<p>Ingr\u00e9dients cl\u00e9s :<br \/>\u2013 Squalane v\u00e9g\u00e9tal extrait de l\u2019olive : Ingr\u00e9dient signature de Kiehl\u2019s, le squalane est un lipide v\u00e9g\u00e9tal hautement raffin\u00e9 issu de l\u2019olive. Par son affinit\u00e9 exceptionnelle avec la peau, il p\u00e9n\u00e8tre rapidement et aide \u00e0 r\u00e9parer la barri\u00e8re cutan\u00e9e pour garder la peau douce, souple et hydrat\u00e9e.<br \/>\u2013 Glyc\u00e9rine : Un ingr\u00e9dient bien connu des soins de la peau, est hautement compatible avec la peau et s\u2019y trouve naturellement. Dans nos formules, elle est un puissant humectant connu pour aider \u00e0 retenir l\u2019humidit\u00e9 et \u00e0 adoucir la peau.<br \/>\u2013 Glycoprot\u00e9ine Glaciaire : D\u00e9couverte en Antarctique et \u00e9galement connue sous le nom d\u2019Antarticine, la glycoprot\u00e9ine glaciaire hydrate la peau et retient l\u2019eau pour une hydratation prolong\u00e9e dans des conditions climatiques extr\u00eames, tant froides que chaudes, ou s\u00e8ches.<\/p>\n<p>Composition :<br \/>Aqua\/eau, glyc\u00e9rine, cyclohexasiloxane, squalane, bis-PEG-18 \u00e9ther m\u00e9thylique dim\u00e9thylsilane, st\u00e9arate de saccharose, alcool st\u00e9arylique, st\u00e9arate de PEG-8, myristate de myristyle, t\u00e9tra\u00e9thylhexanoate de penta\u00e9rythrityle, huile de noyau de Prunus Armeniaca\/huile de noyau d\u2019abricot, ph\u00e9noxy\u00e9thanol, Persea Gratissima Huile\/huile d\u2019avocat, st\u00e9arate de glyc\u00e9ryle, alcool Cetl, huile de son d\u2019Oryza Sativa\/huile de son de riz, huile de fruit d\u2019Olea Europaea\/huile de fruit d\u2019olive, chlorph\u00e9n\u00e9sine, acide st\u00e9arique, acide palmitique, EDTA disodique, acrylates\/polym\u00e8re crois\u00e9 d\u2019acrylate d\u2019alkyle C10-30, carbom\u00e8re , Prunus Amygdalus Dulcis Oil\/huile d\u2019amande douce, gomme de xanthane, \u00e9thylhexylglyc\u00e9rine, hydroxyde de sodium, tocoph\u00e9rol, glycine huile de soja\/huile de soja, extrait de ferment de pseudoalteromonas, acide myristique, hydroxypalmitol sphinganine, BHT, acide salicylique, acide citrique.<\/p>\n","protected":false},"excerpt":{"rendered":"<p>Description Cr\u00e8me hydratante \u00e0 la texture l\u00e9g\u00e8re. Allez au-del\u00e0 de l\u2019hydratation avec la cr\u00e8me hydratante n\u00b01 de Kiehl\u2019s, qui convient \u00e0 tous les types de peau, m\u00eame les plus sensibles et est enrichie en squalane v\u00e9g\u00e9tal. Cette cr\u00e8me visage ultra-hydratante renforce la barri\u00e8re d\u2019hydratation de la peau et procure une hydratation 24h\/24 pour une peau [&hellip;]<\/p>\n","protected":false},"featured_media":4095,"comment_status":"open","ping_status":"closed","template":"","meta":{"content-type":"","_uag_custom_page_level_css":""},"pwb-brand":[],"product_brand":[],"product_cat":[324,429,329],"product_tag":[],"class_list":{"0":"post-4096","1":"product","2":"type-product","3":"status-publish","4":"has-post-thumbnail","6":"product_cat-creme","7":"product_cat-kiehls","8":"product_cat-produits-americains","10":"first","11":"instock","12":"sale","13":"shipping-taxable","14":"purchasable","15":"product-type-simple"},"aioseo_notices":[],"uagb_featured_image_src":{"full":["https:\/\/wavexia.com\/wp-content\/uploads\/2025\/10\/kiehls-face-cream-ultra-facial-cream-125ml-000-3605975028799-whip-Copie.webp",930,930,false],"thumbnail":["https:\/\/wavexia.com\/wp-content\/uploads\/2025\/10\/kiehls-face-cream-ultra-facial-cream-125ml-000-3605975028799-whip-Copie-150x150.webp",150,150,true],"medium":["https:\/\/wavexia.com\/wp-content\/uploads\/2025\/10\/kiehls-face-cream-ultra-facial-cream-125ml-000-3605975028799-whip-Copie-300x300.webp",300,300,true],"medium_large":["https:\/\/wavexia.com\/wp-content\/uploads\/2025\/10\/kiehls-face-cream-ultra-facial-cream-125ml-000-3605975028799-whip-Copie-768x768.webp",768,768,true],"large":["https:\/\/wavexia.com\/wp-content\/uploads\/2025\/10\/kiehls-face-cream-ultra-facial-cream-125ml-000-3605975028799-whip-Copie.webp",930,930,false],"1536x1536":["https:\/\/wavexia.com\/wp-content\/uploads\/2025\/10\/kiehls-face-cream-ultra-facial-cream-125ml-000-3605975028799-whip-Copie.webp",930,930,false],"2048x2048":["https:\/\/wavexia.com\/wp-content\/uploads\/2025\/10\/kiehls-face-cream-ultra-facial-cream-125ml-000-3605975028799-whip-Copie.webp",930,930,false],"woocommerce_archive_thumbnail":["https:\/\/wavexia.com\/wp-content\/uploads\/2025\/10\/kiehls-face-cream-ultra-facial-cream-125ml-000-3605975028799-whip-Copie-300x300.webp",300,300,true],"woocommerce_thumbnail":["https:\/\/wavexia.com\/wp-content\/uploads\/2025\/10\/kiehls-face-cream-ultra-facial-cream-125ml-000-3605975028799-whip-Copie-300x300.webp",300,300,true],"woocommerce_single":["https:\/\/wavexia.com\/wp-content\/uploads\/2025\/10\/kiehls-face-cream-ultra-facial-cream-125ml-000-3605975028799-whip-Copie-600x600.webp",600,600,true],"woocommerce_gallery_thumbnail":["https:\/\/wavexia.com\/wp-content\/uploads\/2025\/10\/kiehls-face-cream-ultra-facial-cream-125ml-000-3605975028799-whip-Copie-100x100.webp",100,100,true]},"uagb_author_info":{"display_name":"zineddine.ayoub98@gmail.com","author_link":"https:\/\/wavexia.com\/?author=0"},"uagb_comment_info":0,"uagb_excerpt":"Description Cr\u00e8me hydratante \u00e0 la texture l\u00e9g\u00e8re. Allez au-del\u00e0 de l\u2019hydratation avec la cr\u00e8me hydratante n\u00b01 de Kiehl\u2019s, qui convient \u00e0 tous les types de peau, m\u00eame les plus sensibles et est enrichie en squalane v\u00e9g\u00e9tal. Cette cr\u00e8me visage ultra-hydratante renforce la barri\u00e8re d\u2019hydratation de la peau et procure une hydratation 24h\/24 pour une peau&hellip;","brands":[],"_links":{"self":[{"href":"https:\/\/wavexia.com\/index.php?rest_route=\/wp\/v2\/product\/4096","targetHints":{"allow":["GET"]}}],"collection":[{"href":"https:\/\/wavexia.com\/index.php?rest_route=\/wp\/v2\/product"}],"about":[{"href":"https:\/\/wavexia.com\/index.php?rest_route=\/wp\/v2\/types\/product"}],"replies":[{"embeddable":true,"href":"https:\/\/wavexia.com\/index.php?rest_route=%2Fwp%2Fv2%2Fcomments&post=4096"}],"wp:featuredmedia":[{"embeddable":true,"href":"https:\/\/wavexia.com\/index.php?rest_route=\/wp\/v2\/media\/4095"}],"wp:attachment":[{"href":"https:\/\/wavexia.com\/index.php?rest_route=%2Fwp%2Fv2%2Fmedia&parent=4096"}],"wp:term":[{"taxonomy":"pwb-brand","embeddable":true,"href":"https:\/\/wavexia.com\/index.php?rest_route=%2Fwp%2Fv2%2Fpwb-brand&post=4096"},{"taxonomy":"product_brand","embeddable":true,"href":"https:\/\/wavexia.com\/index.php?rest_route=%2Fwp%2Fv2%2Fproduct_brand&post=4096"},{"taxonomy":"product_cat","embeddable":true,"href":"https:\/\/wavexia.com\/index.php?rest_route=%2Fwp%2Fv2%2Fproduct_cat&post=4096"},{"taxonomy":"product_tag","embeddable":true,"href":"https:\/\/wavexia.com\/index.php?rest_route=%2Fwp%2Fv2%2Fproduct_tag&post=4096"}],"curies":[{"name":"wp","href":"https:\/\/api.w.org\/{rel}","templated":true}]}}