{"id":4089,"date":"2025-10-19T09:01:36","date_gmt":"2025-10-19T09:01:36","guid":{"rendered":"https:\/\/wavexia.com\/product\/now-foods-magnesium-citrate-120-veg-capsules\/"},"modified":"2026-03-10T07:30:59","modified_gmt":"2026-03-10T07:30:59","slug":"now-foods-magnesium-citrate-120-veg-capsules","status":"publish","type":"product","link":"https:\/\/wavexia.com\/?product=now-foods-magnesium-citrate-120-veg-capsules","title":{"rendered":"NOW Foods magn\u00e9sium citrate 120 veg capsules"},"content":{"rendered":"<h2>Description<\/h2>\n<p>NOW Foods magn\u00e9sium citrate est un min\u00e9ral indispensable au m\u00e9tabolisme et \u00e0 la production d\u2019\u00e9nergie, \u00e0 la contraction musculaire, \u00e0 la transmission des impulsions nerveuses et \u00e0 la min\u00e9ralisation osseuse. Il s\u2019agit d\u2019un cofacteur requis pour environ 300 enzymes. Ces enzymes d\u00e9clenchent certaines r\u00e9actions telles que la synth\u00e8se des acides gras, la synth\u00e8se des prot\u00e9ines et le m\u00e9tabolisme du glucose. NOW Foods magn\u00e9sium citrate est \u00e9galement important pour la r\u00e9gulation du taux de calcium gr\u00e2ce \u00e0 son effet sur la glande parathyro\u00efde.<\/p>\n<h5><strong>&nbsp;ingr\u00e9dients:<\/strong><\/h5>\n<div class=\"prodOverviewIngred\">\n<p>hypromellose (capsule de cellulose), acide st\u00e9arique (d\u2019origine v\u00e9g\u00e9tale) et dioxyde de silicium.<\/p>\n<p>\u00c9labor\u00e9 sans bl\u00e9, gluten, soja, lait, \u0153ufs, poisson, fruits de mer ou fruits \u00e0 coque. Fabriqu\u00e9 dans une installation respectant les BPF et qui traite d\u2019autres ingr\u00e9dients contenant ces allerg\u00e8nes.<\/p>\n<p>Ce citrate de magn\u00e9sium est un compl\u00e9ment min\u00e9ral \u00e0 r\u00e9action compl\u00e8te.<\/p>\n<h5><strong>mode d\u2019emploi :<\/strong><\/h5>\n<div class=\"prodOverviewDetail\">\n<p>Prenez 3&nbsp;capsules par jour, de pr\u00e9f\u00e9rence en doses fractionn\u00e9es, au moment des repas.<\/p>\n<p>&nbsp;<\/p>\n<p><strong>Attention&nbsp;:<\/strong><\/p>\n<p><strong>&nbsp;<\/strong>r\u00e9serv\u00e9 aux adultes. Consultez un m\u00e9decin si vous \u00eates enceinte, allaitez, prenez des m\u00e9dicaments ou pr\u00e9sentez une affection m\u00e9dicale. Tenir hors de port\u00e9e des enfants.<\/p>\n<\/div>\n<\/div>\n","protected":false},"excerpt":{"rendered":"<p>Description NOW Foods magn\u00e9sium citrate est un min\u00e9ral indispensable au m\u00e9tabolisme et \u00e0 la production d\u2019\u00e9nergie, \u00e0 la contraction musculaire, \u00e0 la transmission des impulsions nerveuses et \u00e0 la min\u00e9ralisation osseuse. Il s\u2019agit d\u2019un cofacteur requis pour environ 300 enzymes. Ces enzymes d\u00e9clenchent certaines r\u00e9actions telles que la synth\u00e8se des acides gras, la synth\u00e8se des [&hellip;]<\/p>\n","protected":false},"featured_media":4088,"comment_status":"open","ping_status":"closed","template":"","meta":{"content-type":"","_uag_custom_page_level_css":""},"pwb-brand":[],"product_brand":[],"product_cat":[330],"product_tag":[],"class_list":{"0":"post-4089","1":"product","2":"type-product","3":"status-publish","4":"has-post-thumbnail","6":"product_cat-complements-alimentaires","8":"first","9":"instock","10":"sale","11":"shipping-taxable","12":"purchasable","13":"product-type-simple"},"aioseo_notices":[],"uagb_featured_image_src":{"full":["https:\/\/wavexia.com\/wp-content\/uploads\/2025\/10\/Now-Foods-Citrate-de-magnesium-120-capsules-vegetariennes-1.jpg",1600,1600,false],"thumbnail":["https:\/\/wavexia.com\/wp-content\/uploads\/2025\/10\/Now-Foods-Citrate-de-magnesium-120-capsules-vegetariennes-1-150x150.jpg",150,150,true],"medium":["https:\/\/wavexia.com\/wp-content\/uploads\/2025\/10\/Now-Foods-Citrate-de-magnesium-120-capsules-vegetariennes-1-300x300.jpg",300,300,true],"medium_large":["https:\/\/wavexia.com\/wp-content\/uploads\/2025\/10\/Now-Foods-Citrate-de-magnesium-120-capsules-vegetariennes-1-768x768.jpg",768,768,true],"large":["https:\/\/wavexia.com\/wp-content\/uploads\/2025\/10\/Now-Foods-Citrate-de-magnesium-120-capsules-vegetariennes-1-1024x1024.jpg",1024,1024,true],"1536x1536":["https:\/\/wavexia.com\/wp-content\/uploads\/2025\/10\/Now-Foods-Citrate-de-magnesium-120-capsules-vegetariennes-1-1536x1536.jpg",1536,1536,true],"2048x2048":["https:\/\/wavexia.com\/wp-content\/uploads\/2025\/10\/Now-Foods-Citrate-de-magnesium-120-capsules-vegetariennes-1.jpg",1600,1600,false],"woocommerce_archive_thumbnail":["https:\/\/wavexia.com\/wp-content\/uploads\/2025\/10\/Now-Foods-Citrate-de-magnesium-120-capsules-vegetariennes-1-300x300.jpg",300,300,true],"woocommerce_thumbnail":["https:\/\/wavexia.com\/wp-content\/uploads\/2025\/10\/Now-Foods-Citrate-de-magnesium-120-capsules-vegetariennes-1-300x300.jpg",300,300,true],"woocommerce_single":["https:\/\/wavexia.com\/wp-content\/uploads\/2025\/10\/Now-Foods-Citrate-de-magnesium-120-capsules-vegetariennes-1-600x600.jpg",600,600,true],"woocommerce_gallery_thumbnail":["https:\/\/wavexia.com\/wp-content\/uploads\/2025\/10\/Now-Foods-Citrate-de-magnesium-120-capsules-vegetariennes-1-100x100.jpg",100,100,true]},"uagb_author_info":{"display_name":"zineddine.ayoub98@gmail.com","author_link":"https:\/\/wavexia.com\/?author=0"},"uagb_comment_info":0,"uagb_excerpt":"Description NOW Foods magn\u00e9sium citrate est un min\u00e9ral indispensable au m\u00e9tabolisme et \u00e0 la production d\u2019\u00e9nergie, \u00e0 la contraction musculaire, \u00e0 la transmission des impulsions nerveuses et \u00e0 la min\u00e9ralisation osseuse. Il s\u2019agit d\u2019un cofacteur requis pour environ 300 enzymes. Ces enzymes d\u00e9clenchent certaines r\u00e9actions telles que la synth\u00e8se des acides gras, la synth\u00e8se des&hellip;","brands":[],"_links":{"self":[{"href":"https:\/\/wavexia.com\/index.php?rest_route=\/wp\/v2\/product\/4089","targetHints":{"allow":["GET"]}}],"collection":[{"href":"https:\/\/wavexia.com\/index.php?rest_route=\/wp\/v2\/product"}],"about":[{"href":"https:\/\/wavexia.com\/index.php?rest_route=\/wp\/v2\/types\/product"}],"replies":[{"embeddable":true,"href":"https:\/\/wavexia.com\/index.php?rest_route=%2Fwp%2Fv2%2Fcomments&post=4089"}],"wp:featuredmedia":[{"embeddable":true,"href":"https:\/\/wavexia.com\/index.php?rest_route=\/wp\/v2\/media\/4088"}],"wp:attachment":[{"href":"https:\/\/wavexia.com\/index.php?rest_route=%2Fwp%2Fv2%2Fmedia&parent=4089"}],"wp:term":[{"taxonomy":"pwb-brand","embeddable":true,"href":"https:\/\/wavexia.com\/index.php?rest_route=%2Fwp%2Fv2%2Fpwb-brand&post=4089"},{"taxonomy":"product_brand","embeddable":true,"href":"https:\/\/wavexia.com\/index.php?rest_route=%2Fwp%2Fv2%2Fproduct_brand&post=4089"},{"taxonomy":"product_cat","embeddable":true,"href":"https:\/\/wavexia.com\/index.php?rest_route=%2Fwp%2Fv2%2Fproduct_cat&post=4089"},{"taxonomy":"product_tag","embeddable":true,"href":"https:\/\/wavexia.com\/index.php?rest_route=%2Fwp%2Fv2%2Fproduct_tag&post=4089"}],"curies":[{"name":"wp","href":"https:\/\/api.w.org\/{rel}","templated":true}]}}