{"id":4082,"date":"2025-10-19T09:01:29","date_gmt":"2025-10-19T09:01:29","guid":{"rendered":"https:\/\/wavexia.com\/product\/mixsoon-centella-sun-cream-spf50-pa-50g\/"},"modified":"2026-03-10T07:30:59","modified_gmt":"2026-03-10T07:30:59","slug":"mixsoon-centella-sun-cream-spf50-pa-50g","status":"publish","type":"product","link":"https:\/\/wavexia.com\/?product=mixsoon-centella-sun-cream-spf50-pa-50g","title":{"rendered":"MIXSOON Centella Sun Cream SPF50+ PA++++, 50G"},"content":{"rendered":"<h2>Description<\/h2>\n<p>Le gel-cr\u00e8me protecteur mixsoon Centella est tellement l\u00e9ger que vous le sentirez \u00e0 peine. Il constitue pourtant une excellente protection contre les effets n\u00e9fastes des rayons solaires qui contribuent au vieillissement pr\u00e9matur\u00e9 de la peau. Il est formul\u00e9 avec l\u2019extrait d\u2019herbe du tigre qui r\u00e9duit efficacement les rougeurs et recharge la peau en hydratation dont elle a besoin. Sa consistance \u00e0 mi-chemin entre gel et cr\u00e8me n\u2019alourdit pas la peau, mais la nourrit et l\u2019apaise.<\/p>\n<h5>les avantages:<\/h5>\n<ul>\n<li>offre une protection tr\u00e8s \u00e9lev\u00e9e contre les rayons solaires.<\/li>\n<li>hydrate et apaise la peau \u00e9prouv\u00e9e par le soleil.<\/li>\n<li>favorise la r\u00e9g\u00e9n\u00e9ration de la peau et la nourrit.<\/li>\n<li>ne laisse pas de film.<\/li>\n<li>texture l\u00e9g\u00e8re et aqueuse de gel qui ne colle pas.<\/li>\n<li>&nbsp;gras ni de traces blanches .<\/li>\n<li>convient \u00e0 tous les types de peaux.<\/li>\n<li>hypoallerg\u00e9nique.<\/li>\n<\/ul>\n<ul>\n<li style=\"list-style-type: none\"><\/li>\n<\/ul>\n<h5><\/h5>\n<h5>comment utiliser:<\/h5>\n<p>Appliquez un \u00e9cran solaire uniform\u00e9ment sur la peau environ 30 minutes avant l\u2019exposition r\u00e9elle au soleil.&nbsp;Appliquez une autre couche tout au long de la journ\u00e9e si n\u00e9cessaire.<br \/>Il y a des rayons de soleil toute l\u2019ann\u00e9e, m\u00eame par temps nuageux.&nbsp;Il est donc conseill\u00e9 d\u2019utiliser r\u00e9guli\u00e8rement une protection solaire en quittant la maison.<\/p>\n<h5>ingr\u00e9dients:<\/h5>\n<p><em>Aqua, adipate de dibutyle , m\u00e9thylpropanediol, alcool d\u00e9natur\u00e9, acide t\u00e9r\u00e9phtalylid\u00e8ne dicamphre sulfonique, 1,2-hexanediol , \u00e9thylhexyl triazone , glyc\u00e9rine , polylicone-15 trom\u00e9thamine, polyglyc\u00e9ryl-3 dist\u00e9arate, caprylyl m\u00e9thicone , alcool c\u00e9t\u00e9arylique , di\u00e9thylamino hydroxybenzoyle Benzoate d\u2019hexyle , dipropyl\u00e8ne glycol , polym\u00e9thylsilsesquioxane, acide palmitique, acide st\u00e9arique , bis-\u00e9thylhexyloxyph\u00e9nol m\u00e9thoxyph\u00e9nyl triazine , st\u00e9arate de glyc\u00e9ryle , phosphate de c\u00e9tyle de potassium , poly\u00e9ther-1, carbom\u00e8re , copolym\u00e8re acryloyldim\u00e9thyltaurate\/VP d\u2019ammonium , st\u00e9arate de glyc\u00e9ryle Citrate, acrylates\/polym\u00e8re crois\u00e9 d\u2019acrylate d\u2019alkyle C10-30, huile de Lavandula Angustifolia (lavande), extrait de Centella Asiatica , linalol , \u00e9thylhexylglyc\u00e9rine , g\u00e9raniol.<\/em><\/p>\n<p>&nbsp;<\/p>\n","protected":false},"excerpt":{"rendered":"<p>Description Le gel-cr\u00e8me protecteur mixsoon Centella est tellement l\u00e9ger que vous le sentirez \u00e0 peine. Il constitue pourtant une excellente protection contre les effets n\u00e9fastes des rayons solaires qui contribuent au vieillissement pr\u00e9matur\u00e9 de la peau. Il est formul\u00e9 avec l\u2019extrait d\u2019herbe du tigre qui r\u00e9duit efficacement les rougeurs et recharge la peau en hydratation [&hellip;]<\/p>\n","protected":false},"featured_media":4081,"comment_status":"open","ping_status":"closed","template":"","meta":{"content-type":"","_uag_custom_page_level_css":""},"pwb-brand":[],"product_brand":[],"product_cat":[327,335,328,334,340],"product_tag":[],"class_list":{"0":"post-4082","1":"product","2":"type-product","3":"status-publish","4":"has-post-thumbnail","6":"product_cat-hmizat","7":"product_cat-mixsoon","8":"product_cat-nouveautes","9":"product_cat-produits-coreens","10":"product_cat-protection-solaire","12":"first","13":"instock","14":"sale","15":"shipping-taxable","16":"purchasable","17":"product-type-simple"},"aioseo_notices":[],"uagb_featured_image_src":{"full":["https:\/\/wavexia.com\/wp-content\/uploads\/2025\/10\/01_8_e0327fbe-1b7f-4427-86c4-445c94006391.webp",800,800,false],"thumbnail":["https:\/\/wavexia.com\/wp-content\/uploads\/2025\/10\/01_8_e0327fbe-1b7f-4427-86c4-445c94006391-150x150.webp",150,150,true],"medium":["https:\/\/wavexia.com\/wp-content\/uploads\/2025\/10\/01_8_e0327fbe-1b7f-4427-86c4-445c94006391-300x300.webp",300,300,true],"medium_large":["https:\/\/wavexia.com\/wp-content\/uploads\/2025\/10\/01_8_e0327fbe-1b7f-4427-86c4-445c94006391-768x768.webp",768,768,true],"large":["https:\/\/wavexia.com\/wp-content\/uploads\/2025\/10\/01_8_e0327fbe-1b7f-4427-86c4-445c94006391.webp",800,800,false],"1536x1536":["https:\/\/wavexia.com\/wp-content\/uploads\/2025\/10\/01_8_e0327fbe-1b7f-4427-86c4-445c94006391.webp",800,800,false],"2048x2048":["https:\/\/wavexia.com\/wp-content\/uploads\/2025\/10\/01_8_e0327fbe-1b7f-4427-86c4-445c94006391.webp",800,800,false],"woocommerce_archive_thumbnail":["https:\/\/wavexia.com\/wp-content\/uploads\/2025\/10\/01_8_e0327fbe-1b7f-4427-86c4-445c94006391-300x300.webp",300,300,true],"woocommerce_thumbnail":["https:\/\/wavexia.com\/wp-content\/uploads\/2025\/10\/01_8_e0327fbe-1b7f-4427-86c4-445c94006391-300x300.webp",300,300,true],"woocommerce_single":["https:\/\/wavexia.com\/wp-content\/uploads\/2025\/10\/01_8_e0327fbe-1b7f-4427-86c4-445c94006391-600x600.webp",600,600,true],"woocommerce_gallery_thumbnail":["https:\/\/wavexia.com\/wp-content\/uploads\/2025\/10\/01_8_e0327fbe-1b7f-4427-86c4-445c94006391-100x100.webp",100,100,true]},"uagb_author_info":{"display_name":"zineddine.ayoub98@gmail.com","author_link":"https:\/\/wavexia.com\/?author=0"},"uagb_comment_info":0,"uagb_excerpt":"Description Le gel-cr\u00e8me protecteur mixsoon Centella est tellement l\u00e9ger que vous le sentirez \u00e0 peine. Il constitue pourtant une excellente protection contre les effets n\u00e9fastes des rayons solaires qui contribuent au vieillissement pr\u00e9matur\u00e9 de la peau. Il est formul\u00e9 avec l\u2019extrait d\u2019herbe du tigre qui r\u00e9duit efficacement les rougeurs et recharge la peau en hydratation&hellip;","brands":[],"_links":{"self":[{"href":"https:\/\/wavexia.com\/index.php?rest_route=\/wp\/v2\/product\/4082","targetHints":{"allow":["GET"]}}],"collection":[{"href":"https:\/\/wavexia.com\/index.php?rest_route=\/wp\/v2\/product"}],"about":[{"href":"https:\/\/wavexia.com\/index.php?rest_route=\/wp\/v2\/types\/product"}],"replies":[{"embeddable":true,"href":"https:\/\/wavexia.com\/index.php?rest_route=%2Fwp%2Fv2%2Fcomments&post=4082"}],"wp:featuredmedia":[{"embeddable":true,"href":"https:\/\/wavexia.com\/index.php?rest_route=\/wp\/v2\/media\/4081"}],"wp:attachment":[{"href":"https:\/\/wavexia.com\/index.php?rest_route=%2Fwp%2Fv2%2Fmedia&parent=4082"}],"wp:term":[{"taxonomy":"pwb-brand","embeddable":true,"href":"https:\/\/wavexia.com\/index.php?rest_route=%2Fwp%2Fv2%2Fpwb-brand&post=4082"},{"taxonomy":"product_brand","embeddable":true,"href":"https:\/\/wavexia.com\/index.php?rest_route=%2Fwp%2Fv2%2Fproduct_brand&post=4082"},{"taxonomy":"product_cat","embeddable":true,"href":"https:\/\/wavexia.com\/index.php?rest_route=%2Fwp%2Fv2%2Fproduct_cat&post=4082"},{"taxonomy":"product_tag","embeddable":true,"href":"https:\/\/wavexia.com\/index.php?rest_route=%2Fwp%2Fv2%2Fproduct_tag&post=4082"}],"curies":[{"name":"wp","href":"https:\/\/api.w.org\/{rel}","templated":true}]}}