{"id":4079,"date":"2025-10-19T09:01:27","date_gmt":"2025-10-19T09:01:27","guid":{"rendered":"https:\/\/wavexia.com\/product\/krem-kap-body-face-150ml\/"},"modified":"2026-03-10T07:30:59","modified_gmt":"2026-03-10T07:30:59","slug":"krem-kap-body-face-150ml","status":"publish","type":"product","link":"https:\/\/wavexia.com\/?product=krem-kap-body-face-150ml","title":{"rendered":"KREM KAP BODY &#038; FACE 150ML"},"content":{"rendered":"<h2>Description<\/h2>\n<p><strong>Description:<\/strong><\/p>\n<p>Le gommage efficace pour le visage et le corps de Krem Kap nettoie en profondeur la peau et \u00e9limine les cellules mortes, aidant \u00e0 am\u00e9liorer la texture de la peau et \u00e0 la rendre plus douce et plus \u00e9clatante. Le gommage est enrichi d\u2019ingr\u00e9dients nourrissants qui exfolient doucement la peau sans provoquer de s\u00e9cheresse ou d\u2019irritation, ce qui le rend adapt\u00e9 \u00e0 tous les types de peau, y compris les peaux sensibles. Il aide \u00e9galement \u00e0 stimuler la circulation sanguine, donnant \u00e0 la peau une apparence saine et \u00e9clatante. Sa texture cr\u00e9meuse rend l\u2019application facile et confortable, tout en laissant sur la peau un parfum frais et persistant. Il peut \u00eatre utilis\u00e9 r\u00e9guli\u00e8rement pour une peau lisse, \u00e9clatante et impeccable.<\/p>\n<p><strong>Avantages et caract\u00e9ristiques :<\/strong><\/p>\n<ul>\n<li>Une exfoliation douce mais efficace \u00e9limine les cellules mortes et les impuret\u00e9s de la peau sans provoquer d\u2019irritation, aidant ainsi \u00e0 r\u00e9g\u00e9n\u00e9rer les cellules de la peau.<\/li>\n<li>Hydratation en profondeur : Contient des ingr\u00e9dients hydratants qui aident \u00e0 maintenir la douceur de la peau et \u00e0 pr\u00e9venir le dess\u00e8chement apr\u00e8s l\u2019exfoliation.<\/li>\n<li>Am\u00e9lioration de la texture et de l\u2019apparence : Rend la peau plus douce et plus \u00e9clatante, lui donnant une apparence saine et fra\u00eeche.<\/li>\n<li>Stimule la circulation sanguine : Le massage du gommage sur la peau favorise la circulation sanguine, ce qui contribue au rajeunissement de la peau et \u00e0 l\u2019am\u00e9lioration de son apparence.<\/li>\n<li>Convient \u00e0 tous les types de peau. Test\u00e9 pour convenir aux peaux grasses, s\u00e8ches, mixtes et m\u00eame sensibles.<\/li>\n<li>Facile \u00e0 utiliser : Il a une texture douce et cr\u00e9meuse qui s\u2019\u00e9tale facilement et se rince \u00e0 l\u2019eau sans laisser de r\u00e9sidu gras.<\/li>\n<li>Parfum rafra\u00eechissant longue dur\u00e9e : Laisse \u00e0 la peau un beau parfum frais qui persiste m\u00eame apr\u00e8s le rin\u00e7age.<\/li>\n<\/ul>\n<p><strong>Mode d\u2019emploi :<\/strong><\/p>\n<p>Mouillez la peau avec de l\u2019eau ti\u00e8de.<\/p>\n<p>Appliquez une quantit\u00e9 appropri\u00e9e de gommage dans la paume de votre main.<\/p>\n<p>Massez la peau en mouvements circulaires doux, en vous concentrant sur les zones s\u00e8ches et rugueuses.<\/p>\n<p>Rincez abondamment la peau \u00e0 l\u2019eau ti\u00e8de.<\/p>\n<p>Utiliser 2 \u00e0 3 fois par semaine pour de meilleurs r\u00e9sultats.<\/p>\n<p><strong>Avertissements:<\/strong><\/p>\n<p>Pour usage externe uniquement.<\/p>\n<p>Conserver dans un endroit frais et sec, \u00e0 l\u2019abri de la lumi\u00e8re directe du soleil.<\/p>\n<p>Tenir hors de port\u00e9e des enfants.<\/p>\n","protected":false},"excerpt":{"rendered":"<p>Description Description: Le gommage efficace pour le visage et le corps de Krem Kap nettoie en profondeur la peau et \u00e9limine les cellules mortes, aidant \u00e0 am\u00e9liorer la texture de la peau et \u00e0 la rendre plus douce et plus \u00e9clatante. Le gommage est enrichi d\u2019ingr\u00e9dients nourrissants qui exfolient doucement la peau sans provoquer de [&hellip;]<\/p>\n","protected":false},"featured_media":4078,"comment_status":"open","ping_status":"closed","template":"","meta":{"content-type":"","_uag_custom_page_level_css":""},"pwb-brand":[],"product_brand":[],"product_cat":[322,324,375,327,329],"product_tag":[],"class_list":{"0":"post-4079","1":"product","2":"type-product","3":"status-publish","4":"has-post-thumbnail","6":"product_cat-corps-bain","7":"product_cat-creme","8":"product_cat-gommage-peeling","9":"product_cat-hmizat","10":"product_cat-produits-americains","12":"first","13":"instock","14":"sale","15":"shipping-taxable","16":"purchasable","17":"product-type-simple"},"aioseo_notices":[],"uagb_featured_image_src":{"full":["https:\/\/wavexia.com\/wp-content\/uploads\/2025\/10\/e1d5797f-7ee8-400a-a2f0-09ef846b1f32-1000x1000-QELGq4VJJwYTr72Wo7UmzFYgH09lPGeVGoJinmP4.webp",1000,1000,false],"thumbnail":["https:\/\/wavexia.com\/wp-content\/uploads\/2025\/10\/e1d5797f-7ee8-400a-a2f0-09ef846b1f32-1000x1000-QELGq4VJJwYTr72Wo7UmzFYgH09lPGeVGoJinmP4-150x150.webp",150,150,true],"medium":["https:\/\/wavexia.com\/wp-content\/uploads\/2025\/10\/e1d5797f-7ee8-400a-a2f0-09ef846b1f32-1000x1000-QELGq4VJJwYTr72Wo7UmzFYgH09lPGeVGoJinmP4-300x300.webp",300,300,true],"medium_large":["https:\/\/wavexia.com\/wp-content\/uploads\/2025\/10\/e1d5797f-7ee8-400a-a2f0-09ef846b1f32-1000x1000-QELGq4VJJwYTr72Wo7UmzFYgH09lPGeVGoJinmP4-768x768.webp",768,768,true],"large":["https:\/\/wavexia.com\/wp-content\/uploads\/2025\/10\/e1d5797f-7ee8-400a-a2f0-09ef846b1f32-1000x1000-QELGq4VJJwYTr72Wo7UmzFYgH09lPGeVGoJinmP4.webp",1000,1000,false],"1536x1536":["https:\/\/wavexia.com\/wp-content\/uploads\/2025\/10\/e1d5797f-7ee8-400a-a2f0-09ef846b1f32-1000x1000-QELGq4VJJwYTr72Wo7UmzFYgH09lPGeVGoJinmP4.webp",1000,1000,false],"2048x2048":["https:\/\/wavexia.com\/wp-content\/uploads\/2025\/10\/e1d5797f-7ee8-400a-a2f0-09ef846b1f32-1000x1000-QELGq4VJJwYTr72Wo7UmzFYgH09lPGeVGoJinmP4.webp",1000,1000,false],"woocommerce_archive_thumbnail":["https:\/\/wavexia.com\/wp-content\/uploads\/2025\/10\/e1d5797f-7ee8-400a-a2f0-09ef846b1f32-1000x1000-QELGq4VJJwYTr72Wo7UmzFYgH09lPGeVGoJinmP4-300x300.webp",300,300,true],"woocommerce_thumbnail":["https:\/\/wavexia.com\/wp-content\/uploads\/2025\/10\/e1d5797f-7ee8-400a-a2f0-09ef846b1f32-1000x1000-QELGq4VJJwYTr72Wo7UmzFYgH09lPGeVGoJinmP4-300x300.webp",300,300,true],"woocommerce_single":["https:\/\/wavexia.com\/wp-content\/uploads\/2025\/10\/e1d5797f-7ee8-400a-a2f0-09ef846b1f32-1000x1000-QELGq4VJJwYTr72Wo7UmzFYgH09lPGeVGoJinmP4-600x600.webp",600,600,true],"woocommerce_gallery_thumbnail":["https:\/\/wavexia.com\/wp-content\/uploads\/2025\/10\/e1d5797f-7ee8-400a-a2f0-09ef846b1f32-1000x1000-QELGq4VJJwYTr72Wo7UmzFYgH09lPGeVGoJinmP4-100x100.webp",100,100,true]},"uagb_author_info":{"display_name":"zineddine.ayoub98@gmail.com","author_link":"https:\/\/wavexia.com\/?author=0"},"uagb_comment_info":0,"uagb_excerpt":"Description Description: Le gommage efficace pour le visage et le corps de Krem Kap nettoie en profondeur la peau et \u00e9limine les cellules mortes, aidant \u00e0 am\u00e9liorer la texture de la peau et \u00e0 la rendre plus douce et plus \u00e9clatante. Le gommage est enrichi d\u2019ingr\u00e9dients nourrissants qui exfolient doucement la peau sans provoquer de&hellip;","brands":[],"_links":{"self":[{"href":"https:\/\/wavexia.com\/index.php?rest_route=\/wp\/v2\/product\/4079","targetHints":{"allow":["GET"]}}],"collection":[{"href":"https:\/\/wavexia.com\/index.php?rest_route=\/wp\/v2\/product"}],"about":[{"href":"https:\/\/wavexia.com\/index.php?rest_route=\/wp\/v2\/types\/product"}],"replies":[{"embeddable":true,"href":"https:\/\/wavexia.com\/index.php?rest_route=%2Fwp%2Fv2%2Fcomments&post=4079"}],"wp:featuredmedia":[{"embeddable":true,"href":"https:\/\/wavexia.com\/index.php?rest_route=\/wp\/v2\/media\/4078"}],"wp:attachment":[{"href":"https:\/\/wavexia.com\/index.php?rest_route=%2Fwp%2Fv2%2Fmedia&parent=4079"}],"wp:term":[{"taxonomy":"pwb-brand","embeddable":true,"href":"https:\/\/wavexia.com\/index.php?rest_route=%2Fwp%2Fv2%2Fpwb-brand&post=4079"},{"taxonomy":"product_brand","embeddable":true,"href":"https:\/\/wavexia.com\/index.php?rest_route=%2Fwp%2Fv2%2Fproduct_brand&post=4079"},{"taxonomy":"product_cat","embeddable":true,"href":"https:\/\/wavexia.com\/index.php?rest_route=%2Fwp%2Fv2%2Fproduct_cat&post=4079"},{"taxonomy":"product_tag","embeddable":true,"href":"https:\/\/wavexia.com\/index.php?rest_route=%2Fwp%2Fv2%2Fproduct_tag&post=4079"}],"curies":[{"name":"wp","href":"https:\/\/api.w.org\/{rel}","templated":true}]}}