{"id":4066,"date":"2025-10-19T09:01:17","date_gmt":"2025-10-19T09:01:17","guid":{"rendered":"https:\/\/wavexia.com\/product\/benefit-24h-brow-setter-gel-fixateur-sourcils-transparent\/"},"modified":"2026-03-10T07:30:59","modified_gmt":"2026-03-10T07:30:59","slug":"benefit-24h-brow-setter-gel-fixateur-sourcils-transparent","status":"publish","type":"product","link":"https:\/\/wavexia.com\/?product=benefit-24h-brow-setter-gel-fixateur-sourcils-transparent","title":{"rendered":"Benefit 24h Brow Setter \u2013 Gel fixateur sourcils transparent"},"content":{"rendered":"<h2>Description<\/h2>\n<p>Vos sourcils ne bougent pas d\u2019un poil avec le gel sourcils fixateur transparent 24h Brow Setter !<\/p>\n<p>Pour quel type de maquillage :<br \/>Sourcils indisciplin\u00e9s ? Ce gel invisible longue tenue fixe les sourcils \u00e0 la perfection.<br \/>\u2013 Formule flexible qui ne s\u2019effrite pas<br \/>\u2013 Facile \u00e0 appliquer gr\u00e2ce \u00e0 sa brosse sur-mesure<br \/>\u2013 S\u00e8che rapidement !<\/p>\n<p>Comment l\u2019utiliser ?<br \/>Appliquez le gel fixateur sourcils avec le c\u00f4t\u00e9 de la brosse \u00e0 longs picots.<br \/>A utiliser seul ou par-dessus vos produits sourcils pour fixer.<\/p>\n","protected":false},"excerpt":{"rendered":"<p>Description Vos sourcils ne bougent pas d\u2019un poil avec le gel sourcils fixateur transparent 24h Brow Setter ! Pour quel type de maquillage :Sourcils indisciplin\u00e9s ? Ce gel invisible longue tenue fixe les sourcils \u00e0 la perfection.\u2013 Formule flexible qui ne s\u2019effrite pas\u2013 Facile \u00e0 appliquer gr\u00e2ce \u00e0 sa brosse sur-mesure\u2013 S\u00e8che rapidement ! Comment [&hellip;]<\/p>\n","protected":false},"featured_media":4065,"comment_status":"open","ping_status":"closed","template":"","meta":{"content-type":"","_uag_custom_page_level_css":""},"pwb-brand":[],"product_brand":[],"product_cat":[384,360,329],"product_tag":[],"class_list":{"0":"post-4066","1":"product","2":"type-product","3":"status-publish","4":"has-post-thumbnail","6":"product_cat-benefit","7":"product_cat-maquillage","8":"product_cat-produits-americains","10":"first","11":"instock","12":"sale","13":"shipping-taxable","14":"purchasable","15":"product-type-simple"},"aioseo_notices":[],"uagb_featured_image_src":{"full":["https:\/\/wavexia.com\/wp-content\/uploads\/2025\/10\/IMG_1141.png",390,390,false],"thumbnail":["https:\/\/wavexia.com\/wp-content\/uploads\/2025\/10\/IMG_1141-150x150.png",150,150,true],"medium":["https:\/\/wavexia.com\/wp-content\/uploads\/2025\/10\/IMG_1141-300x300.png",300,300,true],"medium_large":["https:\/\/wavexia.com\/wp-content\/uploads\/2025\/10\/IMG_1141.png",390,390,false],"large":["https:\/\/wavexia.com\/wp-content\/uploads\/2025\/10\/IMG_1141.png",390,390,false],"1536x1536":["https:\/\/wavexia.com\/wp-content\/uploads\/2025\/10\/IMG_1141.png",390,390,false],"2048x2048":["https:\/\/wavexia.com\/wp-content\/uploads\/2025\/10\/IMG_1141.png",390,390,false],"woocommerce_archive_thumbnail":["https:\/\/wavexia.com\/wp-content\/uploads\/2025\/10\/IMG_1141-300x300.png",300,300,true],"woocommerce_thumbnail":["https:\/\/wavexia.com\/wp-content\/uploads\/2025\/10\/IMG_1141-300x300.png",300,300,true],"woocommerce_single":["https:\/\/wavexia.com\/wp-content\/uploads\/2025\/10\/IMG_1141.png",390,390,false],"woocommerce_gallery_thumbnail":["https:\/\/wavexia.com\/wp-content\/uploads\/2025\/10\/IMG_1141-100x100.png",100,100,true]},"uagb_author_info":{"display_name":"zineddine.ayoub98@gmail.com","author_link":"https:\/\/wavexia.com\/?author=0"},"uagb_comment_info":0,"uagb_excerpt":"Description Vos sourcils ne bougent pas d\u2019un poil avec le gel sourcils fixateur transparent 24h Brow Setter ! Pour quel type de maquillage :Sourcils indisciplin\u00e9s ? Ce gel invisible longue tenue fixe les sourcils \u00e0 la perfection.\u2013 Formule flexible qui ne s\u2019effrite pas\u2013 Facile \u00e0 appliquer gr\u00e2ce \u00e0 sa brosse sur-mesure\u2013 S\u00e8che rapidement ! Comment&hellip;","brands":[],"_links":{"self":[{"href":"https:\/\/wavexia.com\/index.php?rest_route=\/wp\/v2\/product\/4066","targetHints":{"allow":["GET"]}}],"collection":[{"href":"https:\/\/wavexia.com\/index.php?rest_route=\/wp\/v2\/product"}],"about":[{"href":"https:\/\/wavexia.com\/index.php?rest_route=\/wp\/v2\/types\/product"}],"replies":[{"embeddable":true,"href":"https:\/\/wavexia.com\/index.php?rest_route=%2Fwp%2Fv2%2Fcomments&post=4066"}],"wp:featuredmedia":[{"embeddable":true,"href":"https:\/\/wavexia.com\/index.php?rest_route=\/wp\/v2\/media\/4065"}],"wp:attachment":[{"href":"https:\/\/wavexia.com\/index.php?rest_route=%2Fwp%2Fv2%2Fmedia&parent=4066"}],"wp:term":[{"taxonomy":"pwb-brand","embeddable":true,"href":"https:\/\/wavexia.com\/index.php?rest_route=%2Fwp%2Fv2%2Fpwb-brand&post=4066"},{"taxonomy":"product_brand","embeddable":true,"href":"https:\/\/wavexia.com\/index.php?rest_route=%2Fwp%2Fv2%2Fproduct_brand&post=4066"},{"taxonomy":"product_cat","embeddable":true,"href":"https:\/\/wavexia.com\/index.php?rest_route=%2Fwp%2Fv2%2Fproduct_cat&post=4066"},{"taxonomy":"product_tag","embeddable":true,"href":"https:\/\/wavexia.com\/index.php?rest_route=%2Fwp%2Fv2%2Fproduct_tag&post=4066"}],"curies":[{"name":"wp","href":"https:\/\/api.w.org\/{rel}","templated":true}]}}