{"id":4064,"date":"2025-10-19T09:01:15","date_gmt":"2025-10-19T09:01:15","guid":{"rendered":"https:\/\/wavexia.com\/product\/now-foods-capsules-dinositol-500-mg-100-capsules\/"},"modified":"2026-03-10T07:30:59","modified_gmt":"2026-03-10T07:30:59","slug":"now-foods-capsules-dinositol-500-mg-100-capsules","status":"publish","type":"product","link":"https:\/\/wavexia.com\/?product=now-foods-capsules-dinositol-500-mg-100-capsules","title":{"rendered":"NOW Foods, Capsules d\u2019inositol, 500 mg, 100 capsules"},"content":{"rendered":"<h2>Description<\/h2>\n<div class=\"row item-row\">\n<div class=\"col-xs-24\">\n<div>\n<ul>\n<li>Sant\u00e9 cellulaire<\/li>\n<li>Favorise une fonction immunitaire saine<\/li>\n<li>Sous forme de myo-inositol<\/li>\n<li>Sans OGM<\/li>\n<li>Compl\u00e9ment alimentaire<\/li>\n<li>V\u00e9g\u00e9tarien\/Vegan<\/li>\n<li>Casher<\/li>\n<li>Vitamines<\/li>\n<li>Entreprise familiale depuis 1968<\/li>\n<li>Qualit\u00e9 BPF garantie<\/li>\n<\/ul>\n<p>L\u2019inositol est un membre non essentiel de la famille B-Complex dont les sources alimentaires sont des aliments d\u2019origine animale et v\u00e9g\u00e9tale. La forme d\u2019inositol utilis\u00e9e dans ce produit est le myo-inositol, la forme la plus abondante de ce nutriment. L\u2019inositol est pr\u00e9sent dans toutes les membranes cellulaires, les concentrations les plus \u00e9lev\u00e9es se trouvant dans le cerveau et le syst\u00e8me nerveux central, o\u00f9 il joue un r\u00f4le important dans la signalisation par les neurotransmetteurs. L\u2019inositol est \u00e9galement essentiel au bon fonctionnement de l\u2019insuline, au m\u00e9tabolisme lipidique et au maintien de l\u2019\u00e9quilibre calcique cellulaire.<\/p>\n<\/div>\n<\/div>\n<div class=\"row item-row\">\n<div class=\"col-xs-24\">\n<h5>Usage sugg\u00e9r\u00e9<\/h5>\n<div class=\"prodOverviewDetail\">\n<p>Prenez 1&nbsp;capsule par jour, en fonction de vos besoins.<\/p>\n<\/div>\n<\/div>\n<\/div>\n<div class=\"row item-row\">\n<div class=\"col-xs-24\">\n<h5>Autres ingr\u00e9dients<\/h5>\n<div class=\"prodOverviewIngred\">\n<p>Farine de riz, hypromellose (capsule de cellulose), acide st\u00e9arique (d\u2019origine v\u00e9g\u00e9tale) et dioxyde de silicium.<\/p>\n<p>\u00c9labor\u00e9 sans bl\u00e9, gluten, soja, lait, \u0153ufs, poisson, fruits de mer ou fruits \u00e0 coque. Fabriqu\u00e9 dans un \u00e9tablissement certifi\u00e9 (BPF) qui traite d\u2019autres ingr\u00e9dients contenant ces allerg\u00e8nes.<\/p>\n<p><span style=\"color: #000000; font-family: FontBrandedPrimary, FontBrandedSecondary, FontBrandedFallback, sans-serif;\">NOW Foods, Capsules d\u2019inositol, 500 mg, 100 capsules v\u00e9g\u00e9tariennes est disponible chez parabioty la premi\u00e8re parapharmacie en ligne au maroc avec meilleur prix maroc et livraison partout au maroc&nbsp;<\/span><\/p>\n<\/div>\n<\/div>\n<\/div>\n<\/div>\n","protected":false},"excerpt":{"rendered":"<p>Description Sant\u00e9 cellulaire Favorise une fonction immunitaire saine Sous forme de myo-inositol Sans OGM Compl\u00e9ment alimentaire V\u00e9g\u00e9tarien\/Vegan Casher Vitamines Entreprise familiale depuis 1968 Qualit\u00e9 BPF garantie L\u2019inositol est un membre non essentiel de la famille B-Complex dont les sources alimentaires sont des aliments d\u2019origine animale et v\u00e9g\u00e9tale. La forme d\u2019inositol utilis\u00e9e dans ce produit est [&hellip;]<\/p>\n","protected":false},"featured_media":4063,"comment_status":"open","ping_status":"closed","template":"","meta":{"content-type":"","_uag_custom_page_level_css":""},"pwb-brand":[],"product_brand":[],"product_cat":[330],"product_tag":[],"class_list":{"0":"post-4064","1":"product","2":"type-product","3":"status-publish","4":"has-post-thumbnail","6":"product_cat-complements-alimentaires","8":"first","9":"instock","10":"shipping-taxable","11":"purchasable","12":"product-type-simple"},"aioseo_notices":[],"uagb_featured_image_src":{"full":["https:\/\/wavexia.com\/wp-content\/uploads\/2025\/10\/1-12.jpg",500,500,false],"thumbnail":["https:\/\/wavexia.com\/wp-content\/uploads\/2025\/10\/1-12-150x150.jpg",150,150,true],"medium":["https:\/\/wavexia.com\/wp-content\/uploads\/2025\/10\/1-12-300x300.jpg",300,300,true],"medium_large":["https:\/\/wavexia.com\/wp-content\/uploads\/2025\/10\/1-12.jpg",500,500,false],"large":["https:\/\/wavexia.com\/wp-content\/uploads\/2025\/10\/1-12.jpg",500,500,false],"1536x1536":["https:\/\/wavexia.com\/wp-content\/uploads\/2025\/10\/1-12.jpg",500,500,false],"2048x2048":["https:\/\/wavexia.com\/wp-content\/uploads\/2025\/10\/1-12.jpg",500,500,false],"woocommerce_archive_thumbnail":["https:\/\/wavexia.com\/wp-content\/uploads\/2025\/10\/1-12-300x300.jpg",300,300,true],"woocommerce_thumbnail":["https:\/\/wavexia.com\/wp-content\/uploads\/2025\/10\/1-12-300x300.jpg",300,300,true],"woocommerce_single":["https:\/\/wavexia.com\/wp-content\/uploads\/2025\/10\/1-12.jpg",500,500,false],"woocommerce_gallery_thumbnail":["https:\/\/wavexia.com\/wp-content\/uploads\/2025\/10\/1-12-100x100.jpg",100,100,true]},"uagb_author_info":{"display_name":"zineddine.ayoub98@gmail.com","author_link":"https:\/\/wavexia.com\/?author=0"},"uagb_comment_info":0,"uagb_excerpt":"Description Sant\u00e9 cellulaire Favorise une fonction immunitaire saine Sous forme de myo-inositol Sans OGM Compl\u00e9ment alimentaire V\u00e9g\u00e9tarien\/Vegan Casher Vitamines Entreprise familiale depuis 1968 Qualit\u00e9 BPF garantie L\u2019inositol est un membre non essentiel de la famille B-Complex dont les sources alimentaires sont des aliments d\u2019origine animale et v\u00e9g\u00e9tale. La forme d\u2019inositol utilis\u00e9e dans ce produit est&hellip;","brands":[],"_links":{"self":[{"href":"https:\/\/wavexia.com\/index.php?rest_route=\/wp\/v2\/product\/4064","targetHints":{"allow":["GET"]}}],"collection":[{"href":"https:\/\/wavexia.com\/index.php?rest_route=\/wp\/v2\/product"}],"about":[{"href":"https:\/\/wavexia.com\/index.php?rest_route=\/wp\/v2\/types\/product"}],"replies":[{"embeddable":true,"href":"https:\/\/wavexia.com\/index.php?rest_route=%2Fwp%2Fv2%2Fcomments&post=4064"}],"wp:featuredmedia":[{"embeddable":true,"href":"https:\/\/wavexia.com\/index.php?rest_route=\/wp\/v2\/media\/4063"}],"wp:attachment":[{"href":"https:\/\/wavexia.com\/index.php?rest_route=%2Fwp%2Fv2%2Fmedia&parent=4064"}],"wp:term":[{"taxonomy":"pwb-brand","embeddable":true,"href":"https:\/\/wavexia.com\/index.php?rest_route=%2Fwp%2Fv2%2Fpwb-brand&post=4064"},{"taxonomy":"product_brand","embeddable":true,"href":"https:\/\/wavexia.com\/index.php?rest_route=%2Fwp%2Fv2%2Fproduct_brand&post=4064"},{"taxonomy":"product_cat","embeddable":true,"href":"https:\/\/wavexia.com\/index.php?rest_route=%2Fwp%2Fv2%2Fproduct_cat&post=4064"},{"taxonomy":"product_tag","embeddable":true,"href":"https:\/\/wavexia.com\/index.php?rest_route=%2Fwp%2Fv2%2Fproduct_tag&post=4064"}],"curies":[{"name":"wp","href":"https:\/\/api.w.org\/{rel}","templated":true}]}}