{"id":4061,"date":"2025-10-19T09:01:14","date_gmt":"2025-10-19T09:01:14","guid":{"rendered":"https:\/\/wavexia.com\/product\/cosrx-bha-aha-clarifying-treatment-toner-150ml\/"},"modified":"2026-03-10T07:30:59","modified_gmt":"2026-03-10T07:30:59","slug":"cosrx-bha-aha-clarifying-treatment-toner-150ml","status":"publish","type":"product","link":"https:\/\/wavexia.com\/?product=cosrx-bha-aha-clarifying-treatment-toner-150ml","title":{"rendered":"COSRX Bha\/Aha Clarifying Treatment Toner 150ml"},"content":{"rendered":"<h2>Description<\/h2>\n<p>Le COSRX BHA\/AHA Clarifying Treatment Toner est un tonique exfoliant qui combine \u00e0 la fois des AHA et des BHA pour traiter efficacement les impuret\u00e9s, sans ass\u00e9cher la peau. La combinaison unique d\u2019AHA et de BHA permet d\u2019exfolier et d\u2019hydrater votre peau en une seule \u00e9tape simple.<\/p>\n<p>Ce tonique am\u00e9liore la texture de la peau, augmente la vitalit\u00e9 de la peau et aide \u00e0 contr\u00f4ler les pores. Avec des ingr\u00e9dients naturels apaisants comme le Salix Nigra (extrait de l\u2019\u00e9corce de saule) et le b\u00eata\u00efne salicylate, il a \u00e9galement un effet d\u00e9sinfectant et apaisant, tout en exfoliant et en lissant la peau.<\/p>\n<p>Les BHA p\u00e9n\u00e8trent profond\u00e9ment dans la peau et sont id\u00e9aux pour lutter contre les pores obstru\u00e9s et les impuret\u00e9s, ce qui rend ce tonique parfait pour les peaux grasses, mixtes et \u00e0 imperfections. En m\u00eame temps, les AHA agissent \u00e0 la surface de la peau en tant qu\u2019hydratants qui attirent et retiennent l\u2019humidit\u00e9, ce qui les rend particuli\u00e8rement adapt\u00e9s aux peaux s\u00e8ches et sensibles.<\/p>\n<p><strong>Ce tonique :<\/strong><\/p>\n<ul>\n<li>exfolie la surface de la peau pour une peau plus lisse<\/li>\n<li>aide \u00e0 nettoyer les pores obstru\u00e9s<\/li>\n<li>hydrate et apaise<\/li>\n<li>r\u00e9gule la production de s\u00e9bum<\/li>\n<li>contient de l\u2019extrait d\u2019\u00e9corce de saule pour un effet apaisant<\/li>\n<li>adapt\u00e9 \u00e0 tous les types de peau<\/li>\n<li>sans alcool, parab\u00e8nes, phtalates, colorants synth\u00e9tiques, silicones et huiles min\u00e9rales<\/li>\n<li>clean beauty<\/li>\n<li>v\u00e9gan<\/li>\n<li>sans parfum<\/li>\n<li>sans cruaut\u00e9<\/li>\n<\/ul>\n<p><strong>Comment l\u2019utiliser :<\/strong><\/p>\n<ul>\n<li>Appliquez avec un coton sur une peau propre.<\/li>\n<li>Attendez que le tonique soit compl\u00e8tement absorb\u00e9 par votre peau avant de passer \u00e0 l\u2019\u00e9tape suivante de votre routine quotidienne.<\/li>\n<li>Utilisez le tonique le matin et le soir.<\/li>\n<\/ul>\n<p><strong>Ingr\u00e9dients :<\/strong><br \/>Water, Salix Alba (Willow) Bark Water, Pyrus Malus (Apple) Fruit Water, Butylene Glycol, 1,2-Hexanediol, Sodium Lactate, Glycolic Acid, Betaine Salicylate, Allantoin, Panthenol, Ethyl Hexanediol.<\/p>\n","protected":false},"excerpt":{"rendered":"<p>Description Le COSRX BHA\/AHA Clarifying Treatment Toner est un tonique exfoliant qui combine \u00e0 la fois des AHA et des BHA pour traiter efficacement les impuret\u00e9s, sans ass\u00e9cher la peau. La combinaison unique d\u2019AHA et de BHA permet d\u2019exfolier et d\u2019hydrater votre peau en une seule \u00e9tape simple. Ce tonique am\u00e9liore la texture de la [&hellip;]<\/p>\n","protected":false},"featured_media":4060,"comment_status":"open","ping_status":"closed","template":"","meta":{"content-type":"","_uag_custom_page_level_css":""},"pwb-brand":[],"product_brand":[],"product_cat":[347,327,334,345],"product_tag":[],"class_list":{"0":"post-4061","1":"product","2":"type-product","3":"status-publish","4":"has-post-thumbnail","6":"product_cat-cosrx","7":"product_cat-hmizat","8":"product_cat-produits-coreens","9":"product_cat-toner-pads","11":"first","12":"instock","13":"sale","14":"shipping-taxable","15":"purchasable","16":"product-type-simple"},"aioseo_notices":[],"uagb_featured_image_src":{"full":["https:\/\/wavexia.com\/wp-content\/uploads\/2025\/10\/019000000004.webp",800,800,false],"thumbnail":["https:\/\/wavexia.com\/wp-content\/uploads\/2025\/10\/019000000004-150x150.webp",150,150,true],"medium":["https:\/\/wavexia.com\/wp-content\/uploads\/2025\/10\/019000000004-300x300.webp",300,300,true],"medium_large":["https:\/\/wavexia.com\/wp-content\/uploads\/2025\/10\/019000000004-768x768.webp",768,768,true],"large":["https:\/\/wavexia.com\/wp-content\/uploads\/2025\/10\/019000000004.webp",800,800,false],"1536x1536":["https:\/\/wavexia.com\/wp-content\/uploads\/2025\/10\/019000000004.webp",800,800,false],"2048x2048":["https:\/\/wavexia.com\/wp-content\/uploads\/2025\/10\/019000000004.webp",800,800,false],"woocommerce_archive_thumbnail":["https:\/\/wavexia.com\/wp-content\/uploads\/2025\/10\/019000000004-300x300.webp",300,300,true],"woocommerce_thumbnail":["https:\/\/wavexia.com\/wp-content\/uploads\/2025\/10\/019000000004-300x300.webp",300,300,true],"woocommerce_single":["https:\/\/wavexia.com\/wp-content\/uploads\/2025\/10\/019000000004-600x600.webp",600,600,true],"woocommerce_gallery_thumbnail":["https:\/\/wavexia.com\/wp-content\/uploads\/2025\/10\/019000000004-100x100.webp",100,100,true]},"uagb_author_info":{"display_name":"zineddine.ayoub98@gmail.com","author_link":"https:\/\/wavexia.com\/?author=0"},"uagb_comment_info":0,"uagb_excerpt":"Description Le COSRX BHA\/AHA Clarifying Treatment Toner est un tonique exfoliant qui combine \u00e0 la fois des AHA et des BHA pour traiter efficacement les impuret\u00e9s, sans ass\u00e9cher la peau. La combinaison unique d\u2019AHA et de BHA permet d\u2019exfolier et d\u2019hydrater votre peau en une seule \u00e9tape simple. Ce tonique am\u00e9liore la texture de la&hellip;","brands":[],"_links":{"self":[{"href":"https:\/\/wavexia.com\/index.php?rest_route=\/wp\/v2\/product\/4061","targetHints":{"allow":["GET"]}}],"collection":[{"href":"https:\/\/wavexia.com\/index.php?rest_route=\/wp\/v2\/product"}],"about":[{"href":"https:\/\/wavexia.com\/index.php?rest_route=\/wp\/v2\/types\/product"}],"replies":[{"embeddable":true,"href":"https:\/\/wavexia.com\/index.php?rest_route=%2Fwp%2Fv2%2Fcomments&post=4061"}],"wp:featuredmedia":[{"embeddable":true,"href":"https:\/\/wavexia.com\/index.php?rest_route=\/wp\/v2\/media\/4060"}],"wp:attachment":[{"href":"https:\/\/wavexia.com\/index.php?rest_route=%2Fwp%2Fv2%2Fmedia&parent=4061"}],"wp:term":[{"taxonomy":"pwb-brand","embeddable":true,"href":"https:\/\/wavexia.com\/index.php?rest_route=%2Fwp%2Fv2%2Fpwb-brand&post=4061"},{"taxonomy":"product_brand","embeddable":true,"href":"https:\/\/wavexia.com\/index.php?rest_route=%2Fwp%2Fv2%2Fproduct_brand&post=4061"},{"taxonomy":"product_cat","embeddable":true,"href":"https:\/\/wavexia.com\/index.php?rest_route=%2Fwp%2Fv2%2Fproduct_cat&post=4061"},{"taxonomy":"product_tag","embeddable":true,"href":"https:\/\/wavexia.com\/index.php?rest_route=%2Fwp%2Fv2%2Fproduct_tag&post=4061"}],"curies":[{"name":"wp","href":"https:\/\/api.w.org\/{rel}","templated":true}]}}