{"id":4058,"date":"2025-10-19T09:01:12","date_gmt":"2025-10-19T09:01:12","guid":{"rendered":"https:\/\/wavexia.com\/product\/missha-super-aqua-ultra-hyalron-cleansing-foam-200ml\/"},"modified":"2026-03-10T07:30:59","modified_gmt":"2026-03-10T07:30:59","slug":"missha-super-aqua-ultra-hyalron-cleansing-foam-200ml","status":"publish","type":"product","link":"https:\/\/wavexia.com\/?product=missha-super-aqua-ultra-hyalron-cleansing-foam-200ml","title":{"rendered":"MISSHA Super Aqua Ultra Hyalron Cleansing Foam \u2013 200ml"},"content":{"rendered":"<h2>Description<\/h2>\n<p>La ligne Super Aqua de MISSHA est con\u00e7ue pour garder votre peau rafra\u00eechie. Notre nettoyant \u00e0 mousse Super Aqua Ultra Hyalon est un nettoyant pour le visage hydratant pour aider votre peau \u00e0 se sentir renouvel\u00e9e, matin ou soir. Un nettoyant moussant lisse et puissant qui contient 10 types de compos\u00e9s acides hyaluroniques pour p\u00e9n\u00e9trer \u00e0 travers plusieurs couches de la peau et la garder hydrat\u00e9e. Inspir\u00e9 par les besoins uniques de nos clients en mati\u00e8re de soins de la peau, MISSHA cr\u00e9e des produits de qualit\u00e9 et accessibles pour la beaut\u00e9 K. Nous nous concentrons sur les ingr\u00e9dients actifs essentiels et la technologie de fermentation avanc\u00e9e pour obtenir de vrais r\u00e9sultats. Taille : 200 ml.<\/p>\n","protected":false},"excerpt":{"rendered":"<p>Description La ligne Super Aqua de MISSHA est con\u00e7ue pour garder votre peau rafra\u00eechie. Notre nettoyant \u00e0 mousse Super Aqua Ultra Hyalon est un nettoyant pour le visage hydratant pour aider votre peau \u00e0 se sentir renouvel\u00e9e, matin ou soir. Un nettoyant moussant lisse et puissant qui contient 10 types de compos\u00e9s acides hyaluroniques pour [&hellip;]<\/p>\n","protected":false},"featured_media":4057,"comment_status":"open","ping_status":"closed","template":"","meta":{"content-type":"","_uag_custom_page_level_css":""},"pwb-brand":[],"product_brand":[],"product_cat":[428,336,334],"product_tag":[],"class_list":{"0":"post-4058","1":"product","2":"type-product","3":"status-publish","4":"has-post-thumbnail","6":"product_cat-missha","7":"product_cat-nettoyant","8":"product_cat-produits-coreens","10":"first","11":"instock","12":"sale","13":"shipping-taxable","14":"purchasable","15":"product-type-simple"},"aioseo_notices":[],"uagb_featured_image_src":{"full":["https:\/\/wavexia.com\/wp-content\/uploads\/2025\/10\/IMG_1125.png",390,390,false],"thumbnail":["https:\/\/wavexia.com\/wp-content\/uploads\/2025\/10\/IMG_1125-150x150.png",150,150,true],"medium":["https:\/\/wavexia.com\/wp-content\/uploads\/2025\/10\/IMG_1125-300x300.png",300,300,true],"medium_large":["https:\/\/wavexia.com\/wp-content\/uploads\/2025\/10\/IMG_1125.png",390,390,false],"large":["https:\/\/wavexia.com\/wp-content\/uploads\/2025\/10\/IMG_1125.png",390,390,false],"1536x1536":["https:\/\/wavexia.com\/wp-content\/uploads\/2025\/10\/IMG_1125.png",390,390,false],"2048x2048":["https:\/\/wavexia.com\/wp-content\/uploads\/2025\/10\/IMG_1125.png",390,390,false],"woocommerce_archive_thumbnail":["https:\/\/wavexia.com\/wp-content\/uploads\/2025\/10\/IMG_1125-300x300.png",300,300,true],"woocommerce_thumbnail":["https:\/\/wavexia.com\/wp-content\/uploads\/2025\/10\/IMG_1125-300x300.png",300,300,true],"woocommerce_single":["https:\/\/wavexia.com\/wp-content\/uploads\/2025\/10\/IMG_1125.png",390,390,false],"woocommerce_gallery_thumbnail":["https:\/\/wavexia.com\/wp-content\/uploads\/2025\/10\/IMG_1125-100x100.png",100,100,true]},"uagb_author_info":{"display_name":"zineddine.ayoub98@gmail.com","author_link":"https:\/\/wavexia.com\/?author=0"},"uagb_comment_info":0,"uagb_excerpt":"Description La ligne Super Aqua de MISSHA est con\u00e7ue pour garder votre peau rafra\u00eechie. Notre nettoyant \u00e0 mousse Super Aqua Ultra Hyalon est un nettoyant pour le visage hydratant pour aider votre peau \u00e0 se sentir renouvel\u00e9e, matin ou soir. Un nettoyant moussant lisse et puissant qui contient 10 types de compos\u00e9s acides hyaluroniques pour&hellip;","brands":[],"_links":{"self":[{"href":"https:\/\/wavexia.com\/index.php?rest_route=\/wp\/v2\/product\/4058","targetHints":{"allow":["GET"]}}],"collection":[{"href":"https:\/\/wavexia.com\/index.php?rest_route=\/wp\/v2\/product"}],"about":[{"href":"https:\/\/wavexia.com\/index.php?rest_route=\/wp\/v2\/types\/product"}],"replies":[{"embeddable":true,"href":"https:\/\/wavexia.com\/index.php?rest_route=%2Fwp%2Fv2%2Fcomments&post=4058"}],"wp:featuredmedia":[{"embeddable":true,"href":"https:\/\/wavexia.com\/index.php?rest_route=\/wp\/v2\/media\/4057"}],"wp:attachment":[{"href":"https:\/\/wavexia.com\/index.php?rest_route=%2Fwp%2Fv2%2Fmedia&parent=4058"}],"wp:term":[{"taxonomy":"pwb-brand","embeddable":true,"href":"https:\/\/wavexia.com\/index.php?rest_route=%2Fwp%2Fv2%2Fpwb-brand&post=4058"},{"taxonomy":"product_brand","embeddable":true,"href":"https:\/\/wavexia.com\/index.php?rest_route=%2Fwp%2Fv2%2Fproduct_brand&post=4058"},{"taxonomy":"product_cat","embeddable":true,"href":"https:\/\/wavexia.com\/index.php?rest_route=%2Fwp%2Fv2%2Fproduct_cat&post=4058"},{"taxonomy":"product_tag","embeddable":true,"href":"https:\/\/wavexia.com\/index.php?rest_route=%2Fwp%2Fv2%2Fproduct_tag&post=4058"}],"curies":[{"name":"wp","href":"https:\/\/api.w.org\/{rel}","templated":true}]}}