{"id":4054,"date":"2025-10-19T09:01:06","date_gmt":"2025-10-19T09:01:06","guid":{"rendered":"https:\/\/wavexia.com\/product\/etude-dear-darling-water-tint-ref-02-cherry-ade\/"},"modified":"2026-03-10T07:30:59","modified_gmt":"2026-03-10T07:30:59","slug":"etude-dear-darling-water-tint-ref-02-cherry-ade","status":"publish","type":"product","link":"https:\/\/wavexia.com\/?product=etude-dear-darling-water-tint-ref-02-cherry-ade","title":{"rendered":"ETUDE \u2013 Dear Darling Water Tint \u2013 r\u00e9f 02 Cherry Ade"},"content":{"rendered":"<h2>Description<\/h2>\n<p>Ce rouge \u00e0 l\u00e8vres vous offre une hydratation durable et une tenue longue dur\u00e9e.<\/p>\n<p>Appliquez une petite quantit\u00e9 de produit de l\u2019int\u00e9rieur des l\u00e8vres vers l\u2019ext\u00e9rieur.<\/p>\n<p>Les produits de chez&nbsp;ETUDE&nbsp;sont fabriqu\u00e9s en Cor\u00e9e du Sud, \u00e0 l\u2019exception de certains de ses crayons \u00e0 sourcils, accessoires de beaut\u00e9 et produits pour les ongles.<\/p>\n","protected":false},"excerpt":{"rendered":"<p>Description Ce rouge \u00e0 l\u00e8vres vous offre une hydratation durable et une tenue longue dur\u00e9e. Appliquez une petite quantit\u00e9 de produit de l\u2019int\u00e9rieur des l\u00e8vres vers l\u2019ext\u00e9rieur. Les produits de chez&nbsp;ETUDE&nbsp;sont fabriqu\u00e9s en Cor\u00e9e du Sud, \u00e0 l\u2019exception de certains de ses crayons \u00e0 sourcils, accessoires de beaut\u00e9 et produits pour les ongles.<\/p>\n","protected":false},"featured_media":4053,"comment_status":"open","ping_status":"closed","template":"","meta":{"content-type":"","_uag_custom_page_level_css":""},"pwb-brand":[],"product_brand":[],"product_cat":[406,327,360,329],"product_tag":[],"class_list":{"0":"post-4054","1":"product","2":"type-product","3":"status-publish","4":"has-post-thumbnail","6":"product_cat-etude","7":"product_cat-hmizat","8":"product_cat-maquillage","9":"product_cat-produits-americains","11":"first","12":"instock","13":"shipping-taxable","14":"purchasable","15":"product-type-simple"},"aioseo_notices":[],"uagb_featured_image_src":{"full":["https:\/\/wavexia.com\/wp-content\/uploads\/2025\/10\/51wcpHRx0mL.-SL1500_f6231df5-530f-41f9-b092-bc8950f719e9.webp",1500,1500,false],"thumbnail":["https:\/\/wavexia.com\/wp-content\/uploads\/2025\/10\/51wcpHRx0mL.-SL1500_f6231df5-530f-41f9-b092-bc8950f719e9-150x150.webp",150,150,true],"medium":["https:\/\/wavexia.com\/wp-content\/uploads\/2025\/10\/51wcpHRx0mL.-SL1500_f6231df5-530f-41f9-b092-bc8950f719e9-300x300.webp",300,300,true],"medium_large":["https:\/\/wavexia.com\/wp-content\/uploads\/2025\/10\/51wcpHRx0mL.-SL1500_f6231df5-530f-41f9-b092-bc8950f719e9-768x768.webp",768,768,true],"large":["https:\/\/wavexia.com\/wp-content\/uploads\/2025\/10\/51wcpHRx0mL.-SL1500_f6231df5-530f-41f9-b092-bc8950f719e9-1024x1024.webp",1024,1024,true],"1536x1536":["https:\/\/wavexia.com\/wp-content\/uploads\/2025\/10\/51wcpHRx0mL.-SL1500_f6231df5-530f-41f9-b092-bc8950f719e9.webp",1500,1500,false],"2048x2048":["https:\/\/wavexia.com\/wp-content\/uploads\/2025\/10\/51wcpHRx0mL.-SL1500_f6231df5-530f-41f9-b092-bc8950f719e9.webp",1500,1500,false],"woocommerce_archive_thumbnail":["https:\/\/wavexia.com\/wp-content\/uploads\/2025\/10\/51wcpHRx0mL.-SL1500_f6231df5-530f-41f9-b092-bc8950f719e9-300x300.webp",300,300,true],"woocommerce_thumbnail":["https:\/\/wavexia.com\/wp-content\/uploads\/2025\/10\/51wcpHRx0mL.-SL1500_f6231df5-530f-41f9-b092-bc8950f719e9-300x300.webp",300,300,true],"woocommerce_single":["https:\/\/wavexia.com\/wp-content\/uploads\/2025\/10\/51wcpHRx0mL.-SL1500_f6231df5-530f-41f9-b092-bc8950f719e9-600x600.webp",600,600,true],"woocommerce_gallery_thumbnail":["https:\/\/wavexia.com\/wp-content\/uploads\/2025\/10\/51wcpHRx0mL.-SL1500_f6231df5-530f-41f9-b092-bc8950f719e9-100x100.webp",100,100,true]},"uagb_author_info":{"display_name":"zineddine.ayoub98@gmail.com","author_link":"https:\/\/wavexia.com\/?author=0"},"uagb_comment_info":0,"uagb_excerpt":"Description Ce rouge \u00e0 l\u00e8vres vous offre une hydratation durable et une tenue longue dur\u00e9e. Appliquez une petite quantit\u00e9 de produit de l\u2019int\u00e9rieur des l\u00e8vres vers l\u2019ext\u00e9rieur. Les produits de chez&nbsp;ETUDE&nbsp;sont fabriqu\u00e9s en Cor\u00e9e du Sud, \u00e0 l\u2019exception de certains de ses crayons \u00e0 sourcils, accessoires de beaut\u00e9 et produits pour les ongles.","brands":[],"_links":{"self":[{"href":"https:\/\/wavexia.com\/index.php?rest_route=\/wp\/v2\/product\/4054","targetHints":{"allow":["GET"]}}],"collection":[{"href":"https:\/\/wavexia.com\/index.php?rest_route=\/wp\/v2\/product"}],"about":[{"href":"https:\/\/wavexia.com\/index.php?rest_route=\/wp\/v2\/types\/product"}],"replies":[{"embeddable":true,"href":"https:\/\/wavexia.com\/index.php?rest_route=%2Fwp%2Fv2%2Fcomments&post=4054"}],"wp:featuredmedia":[{"embeddable":true,"href":"https:\/\/wavexia.com\/index.php?rest_route=\/wp\/v2\/media\/4053"}],"wp:attachment":[{"href":"https:\/\/wavexia.com\/index.php?rest_route=%2Fwp%2Fv2%2Fmedia&parent=4054"}],"wp:term":[{"taxonomy":"pwb-brand","embeddable":true,"href":"https:\/\/wavexia.com\/index.php?rest_route=%2Fwp%2Fv2%2Fpwb-brand&post=4054"},{"taxonomy":"product_brand","embeddable":true,"href":"https:\/\/wavexia.com\/index.php?rest_route=%2Fwp%2Fv2%2Fproduct_brand&post=4054"},{"taxonomy":"product_cat","embeddable":true,"href":"https:\/\/wavexia.com\/index.php?rest_route=%2Fwp%2Fv2%2Fproduct_cat&post=4054"},{"taxonomy":"product_tag","embeddable":true,"href":"https:\/\/wavexia.com\/index.php?rest_route=%2Fwp%2Fv2%2Fproduct_tag&post=4054"}],"curies":[{"name":"wp","href":"https:\/\/api.w.org\/{rel}","templated":true}]}}