{"id":4044,"date":"2025-10-19T09:01:00","date_gmt":"2025-10-19T09:01:00","guid":{"rendered":"https:\/\/wavexia.com\/product\/anua-8-hyaluronic-acid-hydrating-gentle-foaming-cleanser-150ml\/"},"modified":"2026-03-10T07:30:59","modified_gmt":"2026-03-10T07:30:59","slug":"anua-8-hyaluronic-acid-hydrating-gentle-foaming-cleanser-150ml","status":"publish","type":"product","link":"https:\/\/wavexia.com\/?product=anua-8-hyaluronic-acid-hydrating-gentle-foaming-cleanser-150ml","title":{"rendered":"Anua 8 Hyaluronic Acid Hydrating Gentle Foaming Cleanser 150ml"},"content":{"rendered":"<h2>Description<\/h2>\n<p>Profite d\u2019un nettoyage en profondeur et d\u2019une hydratation durable avec le 8 Hyaluronic Acid Hydrating Gentle Foaming Cleanser Anua. Formul\u00e9 avec huit types d\u2019acide hyaluronique, ce nettoyant cr\u00e8me-mousse hydrate efficacement tout en purifiant ta peau, la laissant rafra\u00eechie et souple.<\/p>\n<p>Infus\u00e9 de panth\u00e9nol pour renforcer la barri\u00e8re cutan\u00e9e et de prot\u00e9ines v\u00e9g\u00e9tales hydrolys\u00e9es pour stimuler l\u2019\u00e9lasticit\u00e9, il garantit que ta peau reste souple et lisse. Le zinc PCA aide \u00e0 r\u00e9guler la production de s\u00e9bum et \u00e0 r\u00e9duire les rougeurs, ce qui le rend parfait pour maintenir un teint \u00e9quilibr\u00e9.<\/p>\n<p><strong>Recommand\u00e9 pour :<\/strong>&nbsp;Peaux s\u00e8ches, tous types de peaux.<\/p>\n<p><strong>Conseils d\u2019utilisation :<\/strong><\/p>\n<ul>\n<li>Applique une noisette de produit dans ta paume et ajoute une petite quantit\u00e9 d\u2019eau.<\/li>\n<li>Fais mousser le produit et masse d\u00e9licatement ta peau.<\/li>\n<li>Rince abondamment \u00e0 l\u2019eau ti\u00e8de.<\/li>\n<\/ul>\n<p><strong>Ingr\u00e9dients :<\/strong><\/p>\n<p>Eau, Glyc\u00e9rine, Glycinate de Sodium Cocoyl, Hydroxysultaine Lauryl, Coco-Glucoside, Glutamate de Sodium Lauroyl, Extrait d\u2019\u00c9corce de Quillaja Saponaria, Prot\u00e9ine V\u00e9g\u00e9tale Hydrolys\u00e9e, Hyaluronate d\u2019Hydroxypropyltrimonium, Hyaluronate de Sodium, Acide Hyaluronique Hydrolys\u00e9, Hyaluronate Ac\u00e9tyl\u00e9 de Sodium, Acide Hyaluronique, Hyaluronate de Sodium Hydrolys\u00e9, Crosspolym\u00e8re de Hyaluronate de Sodium, Hyaluronate de Potassium, Panth\u00e9nol, Zinc PCA, Glucoside D\u00e9cyle, H\u00e9ctorite, Glycol Pentyl\u00e8ne, Glycol Caprylique, Phosphate d\u2019Amidon d\u2019Hydroxypropyl, 1,2-Hexanediol, B\u00eata\u00efne, Polyquaternium-67, Crosspolym\u00e8re Acrylates\/C10-30 Alkyl Acrylate, Acide Citrique, Chlorure de Sodium, Phytate de Sodium, Sodium Cocoyl Isethionate, Maltodextrine.<\/p>\n","protected":false},"excerpt":{"rendered":"<p>Description Profite d\u2019un nettoyage en profondeur et d\u2019une hydratation durable avec le 8 Hyaluronic Acid Hydrating Gentle Foaming Cleanser Anua. Formul\u00e9 avec huit types d\u2019acide hyaluronique, ce nettoyant cr\u00e8me-mousse hydrate efficacement tout en purifiant ta peau, la laissant rafra\u00eechie et souple. Infus\u00e9 de panth\u00e9nol pour renforcer la barri\u00e8re cutan\u00e9e et de prot\u00e9ines v\u00e9g\u00e9tales hydrolys\u00e9es pour [&hellip;]<\/p>\n","protected":false},"featured_media":4043,"comment_status":"open","ping_status":"closed","template":"","meta":{"content-type":"","_uag_custom_page_level_css":""},"pwb-brand":[],"product_brand":[],"product_cat":[344,336,334],"product_tag":[],"class_list":{"0":"post-4044","1":"product","2":"type-product","3":"status-publish","4":"has-post-thumbnail","6":"product_cat-anua","7":"product_cat-nettoyant","8":"product_cat-produits-coreens","10":"first","11":"instock","12":"sale","13":"shipping-taxable","14":"purchasable","15":"product-type-simple"},"aioseo_notices":[],"uagb_featured_image_src":{"full":["https:\/\/wavexia.com\/wp-content\/uploads\/2025\/10\/anua-8-hyaluronic-acid-hydrating-gentle-foaming-cleanser-150-ml-2.webp",1080,1080,false],"thumbnail":["https:\/\/wavexia.com\/wp-content\/uploads\/2025\/10\/anua-8-hyaluronic-acid-hydrating-gentle-foaming-cleanser-150-ml-2-150x150.webp",150,150,true],"medium":["https:\/\/wavexia.com\/wp-content\/uploads\/2025\/10\/anua-8-hyaluronic-acid-hydrating-gentle-foaming-cleanser-150-ml-2-300x300.webp",300,300,true],"medium_large":["https:\/\/wavexia.com\/wp-content\/uploads\/2025\/10\/anua-8-hyaluronic-acid-hydrating-gentle-foaming-cleanser-150-ml-2-768x768.webp",768,768,true],"large":["https:\/\/wavexia.com\/wp-content\/uploads\/2025\/10\/anua-8-hyaluronic-acid-hydrating-gentle-foaming-cleanser-150-ml-2-1024x1024.webp",1024,1024,true],"1536x1536":["https:\/\/wavexia.com\/wp-content\/uploads\/2025\/10\/anua-8-hyaluronic-acid-hydrating-gentle-foaming-cleanser-150-ml-2.webp",1080,1080,false],"2048x2048":["https:\/\/wavexia.com\/wp-content\/uploads\/2025\/10\/anua-8-hyaluronic-acid-hydrating-gentle-foaming-cleanser-150-ml-2.webp",1080,1080,false],"woocommerce_archive_thumbnail":["https:\/\/wavexia.com\/wp-content\/uploads\/2025\/10\/anua-8-hyaluronic-acid-hydrating-gentle-foaming-cleanser-150-ml-2-300x300.webp",300,300,true],"woocommerce_thumbnail":["https:\/\/wavexia.com\/wp-content\/uploads\/2025\/10\/anua-8-hyaluronic-acid-hydrating-gentle-foaming-cleanser-150-ml-2-300x300.webp",300,300,true],"woocommerce_single":["https:\/\/wavexia.com\/wp-content\/uploads\/2025\/10\/anua-8-hyaluronic-acid-hydrating-gentle-foaming-cleanser-150-ml-2-600x600.webp",600,600,true],"woocommerce_gallery_thumbnail":["https:\/\/wavexia.com\/wp-content\/uploads\/2025\/10\/anua-8-hyaluronic-acid-hydrating-gentle-foaming-cleanser-150-ml-2-100x100.webp",100,100,true]},"uagb_author_info":{"display_name":"zineddine.ayoub98@gmail.com","author_link":"https:\/\/wavexia.com\/?author=0"},"uagb_comment_info":0,"uagb_excerpt":"Description Profite d\u2019un nettoyage en profondeur et d\u2019une hydratation durable avec le 8 Hyaluronic Acid Hydrating Gentle Foaming Cleanser Anua. Formul\u00e9 avec huit types d\u2019acide hyaluronique, ce nettoyant cr\u00e8me-mousse hydrate efficacement tout en purifiant ta peau, la laissant rafra\u00eechie et souple. Infus\u00e9 de panth\u00e9nol pour renforcer la barri\u00e8re cutan\u00e9e et de prot\u00e9ines v\u00e9g\u00e9tales hydrolys\u00e9es pour&hellip;","brands":[],"_links":{"self":[{"href":"https:\/\/wavexia.com\/index.php?rest_route=\/wp\/v2\/product\/4044","targetHints":{"allow":["GET"]}}],"collection":[{"href":"https:\/\/wavexia.com\/index.php?rest_route=\/wp\/v2\/product"}],"about":[{"href":"https:\/\/wavexia.com\/index.php?rest_route=\/wp\/v2\/types\/product"}],"replies":[{"embeddable":true,"href":"https:\/\/wavexia.com\/index.php?rest_route=%2Fwp%2Fv2%2Fcomments&post=4044"}],"wp:featuredmedia":[{"embeddable":true,"href":"https:\/\/wavexia.com\/index.php?rest_route=\/wp\/v2\/media\/4043"}],"wp:attachment":[{"href":"https:\/\/wavexia.com\/index.php?rest_route=%2Fwp%2Fv2%2Fmedia&parent=4044"}],"wp:term":[{"taxonomy":"pwb-brand","embeddable":true,"href":"https:\/\/wavexia.com\/index.php?rest_route=%2Fwp%2Fv2%2Fpwb-brand&post=4044"},{"taxonomy":"product_brand","embeddable":true,"href":"https:\/\/wavexia.com\/index.php?rest_route=%2Fwp%2Fv2%2Fproduct_brand&post=4044"},{"taxonomy":"product_cat","embeddable":true,"href":"https:\/\/wavexia.com\/index.php?rest_route=%2Fwp%2Fv2%2Fproduct_cat&post=4044"},{"taxonomy":"product_tag","embeddable":true,"href":"https:\/\/wavexia.com\/index.php?rest_route=%2Fwp%2Fv2%2Fproduct_tag&post=4044"}],"curies":[{"name":"wp","href":"https:\/\/api.w.org\/{rel}","templated":true}]}}