{"id":4038,"date":"2025-10-19T09:00:55","date_gmt":"2025-10-19T09:00:55","guid":{"rendered":"https:\/\/wavexia.com\/product\/natures-way-chlorofresh-liquid-chlorophyll-480ml\/"},"modified":"2026-03-10T07:30:59","modified_gmt":"2026-03-10T07:30:59","slug":"natures-way-chlorofresh-liquid-chlorophyll-480ml","status":"publish","type":"product","link":"https:\/\/wavexia.com\/?product=natures-way-chlorofresh-liquid-chlorophyll-480ml","title":{"rendered":"Nature\u2019s Way Chlorofresh Liquid Chlorophyll 480ml"},"content":{"rendered":"<h2>Description<\/h2>\n<p>Chlorofresh\u00ae est un complexe de chlorophylline liquide qui soutient les voies de d\u00e9toxification et fournit un soutien antioxydant pour aider \u00e0 neutraliser les radicaux libres.* Le complexe de chlorophylline et de cuivre soutient la synth\u00e8se du collag\u00e8ne pour une peau saine et vous permet de vous sentir frais en agissant comme un d\u00e9odorant interne.* Utiliser \u00e0 pleine puissance ou ajouter 1 \u00e0 2 cuill\u00e8res \u00e0 soupe \u00e0 4 oz d\u2019eau, de th\u00e9, de limonade, ou smoothies. Rafra\u00eechissez-vous avec de la menthe ou essayez la vari\u00e9t\u00e9 polyvalente non aromatis\u00e9e \u2013 quoi que vous choisissiez, vous adorerez la couleur verte vibrante et les bienfaits pour la beaut\u00e9 et le bien-\u00eatre.<\/p>\n<h5>mode d\u2019emploi:<\/h5>\n<p>Bien agiter avant utilisation. Les adultes prennent 2 cuill\u00e8res \u00e0 soupe une fois par jour. Ne pas d\u00e9passer la dose journali\u00e8re recommand\u00e9e. Enfants de moins de 18 ans, consulter un professionnel de la sant\u00e9 avant utilisation.<\/p>\n<ul class=\"metafield-single_line_text_field-array\">\n<li class=\"metafield-single_line_text_field\">Si vous \u00eates enceinte, si vous allaitez ou si vous prenez des m\u00e9dicaments, consultez un professionnel de la sant\u00e9 avant d\u2019en faire l\u2019usage. En cas de crampes ou de diarrh\u00e9e, r\u00e9duisez la dose. Si les sympt\u00f4mes persistent, cessez l\u2019utilisation et consultez un professionnel de la sant\u00e9. Tenir hors de port\u00e9e des enfants.<\/li>\n<li class=\"metafield-single_line_text_field\">Scell\u00e9 de s\u00e9curit\u00e9 avec joint int\u00e9rieur. Ne pas utiliser si le sceau est bris\u00e9 ou manquant. Garder bien ferm\u00e9. Conserver \u00e0 temp\u00e9rature ambiante \u00e0 l\u2019abri de la lumi\u00e8re directe du soleil. R\u00e9frig\u00e9rer apr\u00e8s ouverture. Utiliser avec pr\u00e9caution, ce produit risque de tacher.<\/li>\n<\/ul>\n","protected":false},"excerpt":{"rendered":"<p>Description Chlorofresh\u00ae est un complexe de chlorophylline liquide qui soutient les voies de d\u00e9toxification et fournit un soutien antioxydant pour aider \u00e0 neutraliser les radicaux libres.* Le complexe de chlorophylline et de cuivre soutient la synth\u00e8se du collag\u00e8ne pour une peau saine et vous permet de vous sentir frais en agissant comme un d\u00e9odorant interne.* [&hellip;]<\/p>\n","protected":false},"featured_media":4037,"comment_status":"open","ping_status":"closed","template":"","meta":{"content-type":"","_uag_custom_page_level_css":""},"pwb-brand":[],"product_brand":[],"product_cat":[330,329],"product_tag":[],"class_list":{"0":"post-4038","1":"product","2":"type-product","3":"status-publish","4":"has-post-thumbnail","6":"product_cat-complements-alimentaires","7":"product_cat-produits-americains","9":"first","10":"instock","11":"sale","12":"shipping-taxable","13":"purchasable","14":"product-type-simple"},"aioseo_notices":[],"uagb_featured_image_src":{"full":["https:\/\/wavexia.com\/wp-content\/uploads\/2025\/10\/71aWTxvZXIL.jpg",1600,1600,false],"thumbnail":["https:\/\/wavexia.com\/wp-content\/uploads\/2025\/10\/71aWTxvZXIL-150x150.jpg",150,150,true],"medium":["https:\/\/wavexia.com\/wp-content\/uploads\/2025\/10\/71aWTxvZXIL-300x300.jpg",300,300,true],"medium_large":["https:\/\/wavexia.com\/wp-content\/uploads\/2025\/10\/71aWTxvZXIL-768x768.jpg",768,768,true],"large":["https:\/\/wavexia.com\/wp-content\/uploads\/2025\/10\/71aWTxvZXIL-1024x1024.jpg",1024,1024,true],"1536x1536":["https:\/\/wavexia.com\/wp-content\/uploads\/2025\/10\/71aWTxvZXIL-1536x1536.jpg",1536,1536,true],"2048x2048":["https:\/\/wavexia.com\/wp-content\/uploads\/2025\/10\/71aWTxvZXIL.jpg",1600,1600,false],"woocommerce_archive_thumbnail":["https:\/\/wavexia.com\/wp-content\/uploads\/2025\/10\/71aWTxvZXIL-300x300.jpg",300,300,true],"woocommerce_thumbnail":["https:\/\/wavexia.com\/wp-content\/uploads\/2025\/10\/71aWTxvZXIL-300x300.jpg",300,300,true],"woocommerce_single":["https:\/\/wavexia.com\/wp-content\/uploads\/2025\/10\/71aWTxvZXIL-600x600.jpg",600,600,true],"woocommerce_gallery_thumbnail":["https:\/\/wavexia.com\/wp-content\/uploads\/2025\/10\/71aWTxvZXIL-100x100.jpg",100,100,true]},"uagb_author_info":{"display_name":"zineddine.ayoub98@gmail.com","author_link":"https:\/\/wavexia.com\/?author=0"},"uagb_comment_info":0,"uagb_excerpt":"Description Chlorofresh\u00ae est un complexe de chlorophylline liquide qui soutient les voies de d\u00e9toxification et fournit un soutien antioxydant pour aider \u00e0 neutraliser les radicaux libres.* Le complexe de chlorophylline et de cuivre soutient la synth\u00e8se du collag\u00e8ne pour une peau saine et vous permet de vous sentir frais en agissant comme un d\u00e9odorant interne.*&hellip;","brands":[],"_links":{"self":[{"href":"https:\/\/wavexia.com\/index.php?rest_route=\/wp\/v2\/product\/4038","targetHints":{"allow":["GET"]}}],"collection":[{"href":"https:\/\/wavexia.com\/index.php?rest_route=\/wp\/v2\/product"}],"about":[{"href":"https:\/\/wavexia.com\/index.php?rest_route=\/wp\/v2\/types\/product"}],"replies":[{"embeddable":true,"href":"https:\/\/wavexia.com\/index.php?rest_route=%2Fwp%2Fv2%2Fcomments&post=4038"}],"wp:featuredmedia":[{"embeddable":true,"href":"https:\/\/wavexia.com\/index.php?rest_route=\/wp\/v2\/media\/4037"}],"wp:attachment":[{"href":"https:\/\/wavexia.com\/index.php?rest_route=%2Fwp%2Fv2%2Fmedia&parent=4038"}],"wp:term":[{"taxonomy":"pwb-brand","embeddable":true,"href":"https:\/\/wavexia.com\/index.php?rest_route=%2Fwp%2Fv2%2Fpwb-brand&post=4038"},{"taxonomy":"product_brand","embeddable":true,"href":"https:\/\/wavexia.com\/index.php?rest_route=%2Fwp%2Fv2%2Fproduct_brand&post=4038"},{"taxonomy":"product_cat","embeddable":true,"href":"https:\/\/wavexia.com\/index.php?rest_route=%2Fwp%2Fv2%2Fproduct_cat&post=4038"},{"taxonomy":"product_tag","embeddable":true,"href":"https:\/\/wavexia.com\/index.php?rest_route=%2Fwp%2Fv2%2Fproduct_tag&post=4038"}],"curies":[{"name":"wp","href":"https:\/\/api.w.org\/{rel}","templated":true}]}}