{"id":4031,"date":"2025-10-19T09:00:49","date_gmt":"2025-10-19T09:00:49","guid":{"rendered":"https:\/\/wavexia.com\/product\/medicube-deep-vita-c-pad-150g\/"},"modified":"2026-03-10T07:30:59","modified_gmt":"2026-03-10T07:30:59","slug":"medicube-deep-vita-c-pad-150g","status":"publish","type":"product","link":"https:\/\/wavexia.com\/?product=medicube-deep-vita-c-pad-150g","title":{"rendered":"Medicube Deep Vita C Pad 150g"},"content":{"rendered":"<h2>Description<\/h2>\n<p>Faites l\u2019exp\u00e9rience d\u2019une peau visiblement plus lumineuse et plus claire avec le Medicube Deep Vita C Pad. Un puissant tampon \u00e9claircissant quotidien infus\u00e9 de d\u00e9riv\u00e9s de vitamine C et d\u2019extrait d\u2019argousier riche en antioxydants (eau d\u2019arbre \u00e0 vitamines). Con\u00e7ue pour cibler l\u2019hyperpigmentation, les taches brunes et le teint irr\u00e9gulier, cette formule agit en profondeur dans la peau pour estomper les imperfections et stimuler l\u2019\u00e9clat de l\u2019int\u00e9rieur.<\/p>\n<p>Enrichi en niacinamide, en acide hyaluronique et en peptides raffermissants pour la peau, il am\u00e9liore non seulement la r\u00e9tention d\u2019humidit\u00e9 et l\u2019\u00e9lasticit\u00e9 de la peau, mais am\u00e9liore \u00e9galement l\u2019\u00e9clat naturel de la peau tout en pr\u00e9venant le dess\u00e8chement. Doux mais efficace, ce tampon tout-en-un r\u00e9v\u00e8le un teint plus lumineux, lisse et lift\u00e9 \u00e0 chaque utilisation.<\/p>\n<p><strong>Recommand\u00e9 pour :<\/strong>&nbsp;Tous types de peaux.<\/p>\n<h5>mode d\u2019emploi:<\/h5>\n<ul>\n<li>Apr\u00e8s le nettoyage, utilisez le Deep Vita C Pad comme substitut de toner pour pr\u00e9parer et traiter votre peau.<\/li>\n<li>\u00c0 l\u2019aide du c\u00f4t\u00e9 en relief, essuyez doucement le tampon sur votre visage, en commen\u00e7ant par le centre et en vous d\u00e9pla\u00e7ant vers l\u2019ext\u00e9rieur. Concentrez-vous sur les zones avec des taches brunes ou une pigmentation pour un effet maximal.<\/li>\n<li>Pour un \u00e9claircissement cibl\u00e9, appliquez le tampon directement sur les zones concern\u00e9es (telles que le m\u00e9lasma, les taches brunes ou les imperfections) et laissez-le agir pendant 5 \u00e0 10 minutes comme un masque rapide.<\/li>\n<li>Terminez votre routine avec du s\u00e9rum et une cr\u00e8me hydratante pour en profiter pleinement.<\/li>\n<\/ul>\n<h5>ingr\u00e9dients:<\/h5>\n<p>Hippophae Rhamnoides Eau, Eau, M\u00e9thyl Gluceth-20, M\u00e9thylpropanediol, Niacinamide, Glyc\u00e9reth-26, M\u00e9thyl Gluceth-10, Polyglyc\u00e9rine-3, 1,2-Hexanediol, Gluconolactone, Acide 3-0-\u00e9thyle ascorbique, Ethylhexylglyc\u00e9rine, Huile de Cymbopogon Martini, Huile de Cymbopogon Nardus, Ad\u00e9nosine, Butyl\u00e8ne Glycol, EDTA disodique, Extrait de Mentha Viridis, Extrait de ferment de Lactobacillus\/Lemon Peel, G\u00e9raniol, Citronellol, Extrait de Coptis Japonica, Extrait de graine de Cucumis Melo, Huile de fruit de Litsea Cubeba, Extrait de Pelargonium Graveolens, Allanto\u00efne, glycyrrhizate dipotassique, panth\u00e9nol, hyaluronate de sodium, acide lactique, glucose, b\u00eata-glucane, linalol, acide hyaluronique, glyc\u00e9rine, triglyc\u00e9ride caprylique\/caprique, tocoph\u00e9rol, palmitate de c\u00e9tyle, ubiquinone, polysorbate 80, st\u00e9arate de sorbitan, benzoate de sodium, acide citrique, l\u00e9cithine hydrog\u00e9n\u00e9e, palmitoyl tripeptide-5, ergothion\u00e9ine, hesp\u00e9ridine, palmitoyl t\u00e9trapeptide-10.<\/p>\n","protected":false},"excerpt":{"rendered":"<p>Description Faites l\u2019exp\u00e9rience d\u2019une peau visiblement plus lumineuse et plus claire avec le Medicube Deep Vita C Pad. Un puissant tampon \u00e9claircissant quotidien infus\u00e9 de d\u00e9riv\u00e9s de vitamine C et d\u2019extrait d\u2019argousier riche en antioxydants (eau d\u2019arbre \u00e0 vitamines). Con\u00e7ue pour cibler l\u2019hyperpigmentation, les taches brunes et le teint irr\u00e9gulier, cette formule agit en profondeur [&hellip;]<\/p>\n","protected":false},"featured_media":4030,"comment_status":"open","ping_status":"closed","template":"","meta":{"content-type":"","_uag_custom_page_level_css":""},"pwb-brand":[],"product_brand":[],"product_cat":[349,328,334,345],"product_tag":[],"class_list":{"0":"post-4031","1":"product","2":"type-product","3":"status-publish","4":"has-post-thumbnail","6":"product_cat-medicube","7":"product_cat-nouveautes","8":"product_cat-produits-coreens","9":"product_cat-toner-pads","11":"first","12":"instock","13":"sale","14":"shipping-taxable","15":"purchasable","16":"product-type-simple"},"aioseo_notices":[],"uagb_featured_image_src":{"full":["https:\/\/wavexia.com\/wp-content\/uploads\/2025\/10\/medicube-deep-vita-c-pad-63824956227967.webp",600,500,false],"thumbnail":["https:\/\/wavexia.com\/wp-content\/uploads\/2025\/10\/medicube-deep-vita-c-pad-63824956227967-150x150.webp",150,150,true],"medium":["https:\/\/wavexia.com\/wp-content\/uploads\/2025\/10\/medicube-deep-vita-c-pad-63824956227967-300x250.webp",300,250,true],"medium_large":["https:\/\/wavexia.com\/wp-content\/uploads\/2025\/10\/medicube-deep-vita-c-pad-63824956227967.webp",600,500,false],"large":["https:\/\/wavexia.com\/wp-content\/uploads\/2025\/10\/medicube-deep-vita-c-pad-63824956227967.webp",600,500,false],"1536x1536":["https:\/\/wavexia.com\/wp-content\/uploads\/2025\/10\/medicube-deep-vita-c-pad-63824956227967.webp",600,500,false],"2048x2048":["https:\/\/wavexia.com\/wp-content\/uploads\/2025\/10\/medicube-deep-vita-c-pad-63824956227967.webp",600,500,false],"woocommerce_archive_thumbnail":["https:\/\/wavexia.com\/wp-content\/uploads\/2025\/10\/medicube-deep-vita-c-pad-63824956227967-300x250.webp",300,250,true],"woocommerce_thumbnail":["https:\/\/wavexia.com\/wp-content\/uploads\/2025\/10\/medicube-deep-vita-c-pad-63824956227967-300x300.webp",300,300,true],"woocommerce_single":["https:\/\/wavexia.com\/wp-content\/uploads\/2025\/10\/medicube-deep-vita-c-pad-63824956227967.webp",600,500,false],"woocommerce_gallery_thumbnail":["https:\/\/wavexia.com\/wp-content\/uploads\/2025\/10\/medicube-deep-vita-c-pad-63824956227967-100x100.webp",100,100,true]},"uagb_author_info":{"display_name":"zineddine.ayoub98@gmail.com","author_link":"https:\/\/wavexia.com\/?author=0"},"uagb_comment_info":0,"uagb_excerpt":"Description Faites l\u2019exp\u00e9rience d\u2019une peau visiblement plus lumineuse et plus claire avec le Medicube Deep Vita C Pad. Un puissant tampon \u00e9claircissant quotidien infus\u00e9 de d\u00e9riv\u00e9s de vitamine C et d\u2019extrait d\u2019argousier riche en antioxydants (eau d\u2019arbre \u00e0 vitamines). Con\u00e7ue pour cibler l\u2019hyperpigmentation, les taches brunes et le teint irr\u00e9gulier, cette formule agit en profondeur&hellip;","brands":[],"_links":{"self":[{"href":"https:\/\/wavexia.com\/index.php?rest_route=\/wp\/v2\/product\/4031","targetHints":{"allow":["GET"]}}],"collection":[{"href":"https:\/\/wavexia.com\/index.php?rest_route=\/wp\/v2\/product"}],"about":[{"href":"https:\/\/wavexia.com\/index.php?rest_route=\/wp\/v2\/types\/product"}],"replies":[{"embeddable":true,"href":"https:\/\/wavexia.com\/index.php?rest_route=%2Fwp%2Fv2%2Fcomments&post=4031"}],"wp:featuredmedia":[{"embeddable":true,"href":"https:\/\/wavexia.com\/index.php?rest_route=\/wp\/v2\/media\/4030"}],"wp:attachment":[{"href":"https:\/\/wavexia.com\/index.php?rest_route=%2Fwp%2Fv2%2Fmedia&parent=4031"}],"wp:term":[{"taxonomy":"pwb-brand","embeddable":true,"href":"https:\/\/wavexia.com\/index.php?rest_route=%2Fwp%2Fv2%2Fpwb-brand&post=4031"},{"taxonomy":"product_brand","embeddable":true,"href":"https:\/\/wavexia.com\/index.php?rest_route=%2Fwp%2Fv2%2Fproduct_brand&post=4031"},{"taxonomy":"product_cat","embeddable":true,"href":"https:\/\/wavexia.com\/index.php?rest_route=%2Fwp%2Fv2%2Fproduct_cat&post=4031"},{"taxonomy":"product_tag","embeddable":true,"href":"https:\/\/wavexia.com\/index.php?rest_route=%2Fwp%2Fv2%2Fproduct_tag&post=4031"}],"curies":[{"name":"wp","href":"https:\/\/api.w.org\/{rel}","templated":true}]}}