{"id":4027,"date":"2025-10-19T09:00:47","date_gmt":"2025-10-19T09:00:47","guid":{"rendered":"https:\/\/wavexia.com\/product\/sephora-coconut-solid-deodorant-50g\/"},"modified":"2026-03-10T07:30:59","modified_gmt":"2026-03-10T07:30:59","slug":"sephora-coconut-solid-deodorant-50g","status":"publish","type":"product","link":"https:\/\/wavexia.com\/?product=sephora-coconut-solid-deodorant-50g","title":{"rendered":"SEPHORA COCONUT SOLID DEODORANT 50G"},"content":{"rendered":"<h2>Description<\/h2>\n<div>Sephora Collection pr\u00e9sente un stick d\u00e9odorant qui prot\u00e8ge contre les odeurs d\u00e9sagr\u00e9ables et prend soin de la peau. Efficace pendant 12 heures, avec une texture de b\u00e2ton fondant qui glisse sur la peau, laissant la zone des aisselles fra\u00eeche et sans odeur toute la journ\u00e9e. Il contient 92&nbsp;% d\u2019ingr\u00e9dients d\u2019origine naturelle. Convient \u00e0 tous les types de peau. SUPER INGR\u00c9DIENTS&nbsp;: Le marc de noix de coco est riche en acides gras, aide \u00e0 hydrater la peau. Comme la formule contient 11 % d\u2019eau, de petites gouttelettes peuvent appara\u00eetre le long du contour du b\u00e2tonnet. Poids : 50g Importateur : JSC \u00ab&nbsp;ILE DE BEAUTE&nbsp;\u00bb TIN 1027700292938, 115054, Moscou, Kosmodamianskaya nab., 52, bldg. 3 Fabricant : S+, 41 rue Ybry 92200 Neuilly sur seine, France. Production : France La date de p\u00e9remption est indiqu\u00e9e sur le produit. Nous livrons des marchandises avec une dur\u00e9e de conservation appropri\u00e9e. Ne pas utiliser apr\u00e8s la date de p\u00e9remption, c\u2019est dangereux pour la sant\u00e9. Le produit est conforme \u00e0 la norme TR CU 009\/2011<\/p>\n<h5>utiliser:<\/h5>\n<p>Appliquez le d\u00e9odorant sur la peau propre et s\u00e8che des aisselles. Attendez que la peau s\u00e8che compl\u00e8tement avant de mettre des v\u00eatements.<\/p>\n<h5>ingr\u00e9dients:<\/h5>\n<p>Propyl\u00e8ne glycol \u2013 Propanediol \u2013 Aqua (eau) \u2013 St\u00e9arate de sodium \u2013 Parfum (parfum) \u2013 Glyc\u00e9rine \u2013 Caprylate de glyc\u00e9ryle \u2013 Und\u00e9cyl\u00e9nate de glyc\u00e9ryle \u2013 D\u00e9cyl\u00e8ne glycol \u2013 Cocoate de polyglyc\u00e9ryl-3 \u2013 Caprylyl\/Capryl glucoside \u2013 Ethylhexylglyc\u00e9rine \u2013 Hydroxyde de sodium \u2013 Cocoyl glutamate de sodium \u2013 Acide citrique \u2013 Ol\u00e9ate de polyglyc\u00e9ryl-6 \u2013 Extrait de fruit de Cocos Nucifera (noix de coco) \u2013 Surfactine de sodium \u2013 Tocoph\u00e9rol \u2013 Extrait de feu\/tige\/fleur de Malva Sylvestris (Malva sylvestris (Mauve) Fleur\/Feuille\/Tige) \u2013 Potassium Sorbate \u2013 Benzoate de sodium.<\/p>\n<\/div>\n","protected":false},"excerpt":{"rendered":"<p>Description Sephora Collection pr\u00e9sente un stick d\u00e9odorant qui prot\u00e8ge contre les odeurs d\u00e9sagr\u00e9ables et prend soin de la peau. Efficace pendant 12 heures, avec une texture de b\u00e2ton fondant qui glisse sur la peau, laissant la zone des aisselles fra\u00eeche et sans odeur toute la journ\u00e9e. Il contient 92&nbsp;% d\u2019ingr\u00e9dients d\u2019origine naturelle. Convient \u00e0 tous [&hellip;]<\/p>\n","protected":false},"featured_media":4026,"comment_status":"open","ping_status":"closed","template":"","meta":{"content-type":"","_uag_custom_page_level_css":""},"pwb-brand":[],"product_brand":[],"product_cat":[322,382,390],"product_tag":[],"class_list":{"0":"post-4027","1":"product","2":"type-product","3":"status-publish","4":"has-post-thumbnail","6":"product_cat-corps-bain","7":"product_cat-derniere-chance","8":"product_cat-sephora","10":"first","11":"instock","12":"sale","13":"shipping-taxable","14":"purchasable","15":"product-type-simple"},"aioseo_notices":[],"uagb_featured_image_src":{"full":["https:\/\/wavexia.com\/wp-content\/uploads\/2025\/10\/210879-media_swatch.webp",265,265,false],"thumbnail":["https:\/\/wavexia.com\/wp-content\/uploads\/2025\/10\/210879-media_swatch-150x150.webp",150,150,true],"medium":["https:\/\/wavexia.com\/wp-content\/uploads\/2025\/10\/210879-media_swatch.webp",265,265,false],"medium_large":["https:\/\/wavexia.com\/wp-content\/uploads\/2025\/10\/210879-media_swatch.webp",265,265,false],"large":["https:\/\/wavexia.com\/wp-content\/uploads\/2025\/10\/210879-media_swatch.webp",265,265,false],"1536x1536":["https:\/\/wavexia.com\/wp-content\/uploads\/2025\/10\/210879-media_swatch.webp",265,265,false],"2048x2048":["https:\/\/wavexia.com\/wp-content\/uploads\/2025\/10\/210879-media_swatch.webp",265,265,false],"woocommerce_archive_thumbnail":["https:\/\/wavexia.com\/wp-content\/uploads\/2025\/10\/210879-media_swatch.webp",265,265,false],"woocommerce_thumbnail":["https:\/\/wavexia.com\/wp-content\/uploads\/2025\/10\/210879-media_swatch.webp",265,265,false],"woocommerce_single":["https:\/\/wavexia.com\/wp-content\/uploads\/2025\/10\/210879-media_swatch.webp",265,265,false],"woocommerce_gallery_thumbnail":["https:\/\/wavexia.com\/wp-content\/uploads\/2025\/10\/210879-media_swatch-100x100.webp",100,100,true]},"uagb_author_info":{"display_name":"zineddine.ayoub98@gmail.com","author_link":"https:\/\/wavexia.com\/?author=0"},"uagb_comment_info":0,"uagb_excerpt":"Description Sephora Collection pr\u00e9sente un stick d\u00e9odorant qui prot\u00e8ge contre les odeurs d\u00e9sagr\u00e9ables et prend soin de la peau. Efficace pendant 12 heures, avec une texture de b\u00e2ton fondant qui glisse sur la peau, laissant la zone des aisselles fra\u00eeche et sans odeur toute la journ\u00e9e. Il contient 92&nbsp;% d\u2019ingr\u00e9dients d\u2019origine naturelle. Convient \u00e0 tous&hellip;","brands":[],"_links":{"self":[{"href":"https:\/\/wavexia.com\/index.php?rest_route=\/wp\/v2\/product\/4027","targetHints":{"allow":["GET"]}}],"collection":[{"href":"https:\/\/wavexia.com\/index.php?rest_route=\/wp\/v2\/product"}],"about":[{"href":"https:\/\/wavexia.com\/index.php?rest_route=\/wp\/v2\/types\/product"}],"replies":[{"embeddable":true,"href":"https:\/\/wavexia.com\/index.php?rest_route=%2Fwp%2Fv2%2Fcomments&post=4027"}],"wp:featuredmedia":[{"embeddable":true,"href":"https:\/\/wavexia.com\/index.php?rest_route=\/wp\/v2\/media\/4026"}],"wp:attachment":[{"href":"https:\/\/wavexia.com\/index.php?rest_route=%2Fwp%2Fv2%2Fmedia&parent=4027"}],"wp:term":[{"taxonomy":"pwb-brand","embeddable":true,"href":"https:\/\/wavexia.com\/index.php?rest_route=%2Fwp%2Fv2%2Fpwb-brand&post=4027"},{"taxonomy":"product_brand","embeddable":true,"href":"https:\/\/wavexia.com\/index.php?rest_route=%2Fwp%2Fv2%2Fproduct_brand&post=4027"},{"taxonomy":"product_cat","embeddable":true,"href":"https:\/\/wavexia.com\/index.php?rest_route=%2Fwp%2Fv2%2Fproduct_cat&post=4027"},{"taxonomy":"product_tag","embeddable":true,"href":"https:\/\/wavexia.com\/index.php?rest_route=%2Fwp%2Fv2%2Fproduct_tag&post=4027"}],"curies":[{"name":"wp","href":"https:\/\/api.w.org\/{rel}","templated":true}]}}