{"id":4021,"date":"2025-10-19T09:00:43","date_gmt":"2025-10-19T09:00:43","guid":{"rendered":"https:\/\/wavexia.com\/product\/revlon-rvst2211-smoothstay-lisseur\/"},"modified":"2026-03-10T07:30:59","modified_gmt":"2026-03-10T07:30:59","slug":"revlon-rvst2211-smoothstay-lisseur","status":"publish","type":"product","link":"https:\/\/wavexia.com\/?product=revlon-rvst2211-smoothstay-lisseur","title":{"rendered":"REVLON RVST2211 SmoothStay lisseur"},"content":{"rendered":"<h2>Description<\/h2>\n<div id=\"product_description\" class=\"product_bloc_aside product_bloc_description anchor\" data-automation-id=\"product_bloc_description\">\n<div class=\"product_bloc_content bloc ombre font-2\">\n<div>\n<div><b>Des coiffures brillantes et lisses qui durent, que vous vouliez un look lisse ou de grandes boucles avec le lisseur Smoothstay de Revlon!<\/b><\/p>\n<div><\/div>\n<div>\n<div><b>Rev\u00eatement :<\/b><\/div>\n<\/div>\n<div>Son triple rev\u00eatement c\u00e9ramique et tourmaline promet une brillance et des r\u00e9sultats durables.<\/div>\n<div>De plus, les plaques sont trait\u00e9es \u00e0 l\u2019huile de coco.<\/div>\n<div><\/div>\n<div><b>Plaques<\/b>&nbsp;:<\/div>\n<div>Les plaques flottantes \u00e0 bords arrondis offrent un coiffage polyvalent (lissage ou bouclage) sans faux plis.<\/div>\n<div><\/div>\n<div><b>Technologie Smoothstay :<\/b><\/div>\n<div>La technologie Smoothstay d\u00e9tecte la chaleur et maintient la temp\u00e9rature au m\u00eame niveau pour un coiffage plus rapide.<\/div>\n<div><\/div>\n<div><b>Temp\u00e9ratures :<\/b><\/div>\n<div>Choisissez parmi 10 r\u00e9glages LED pr\u00e9cis de la temp\u00e9rature jusqu\u2019\u00e0 235 \u00b0C pour plus de personnalisation.<\/div>\n<div><\/div>\n<div><b>\u00c9cran :<\/b><\/div>\n<div>\n<div>L\u2019\u00e9cran LCD num\u00e9rique pr\u00e9sent sur le lisseur permet d\u2019afficher la temp\u00e9rature<\/div>\n<\/div>\n<div><\/div>\n<div><b>Praticit\u00e9 :&nbsp;<\/b><\/div>\n<div>Avec sa bi-tension 120 V\/240 V et sa pochette de voyage fournie, ce lisseur sera votre compagnon de voyage id\u00e9al et peut \u00eatre utilis\u00e9 partout.<\/div>\n<\/div>\n<\/div>\n<\/div>\n<div id=\"product_caracteristics\" class=\"product_bloc_aside product_bloc_caracteristics anchor\" data-automation-id=\"product_table_characteristics\">\n<div id=\"test\"><\/div>\n<\/div>\n<\/div>\n","protected":false},"excerpt":{"rendered":"<p>Description Des coiffures brillantes et lisses qui durent, que vous vouliez un look lisse ou de grandes boucles avec le lisseur Smoothstay de Revlon! Rev\u00eatement : Son triple rev\u00eatement c\u00e9ramique et tourmaline promet une brillance et des r\u00e9sultats durables. De plus, les plaques sont trait\u00e9es \u00e0 l\u2019huile de coco. Plaques&nbsp;: Les plaques flottantes \u00e0 bords [&hellip;]<\/p>\n","protected":false},"featured_media":4020,"comment_status":"open","ping_status":"closed","template":"","meta":{"content-type":"","_uag_custom_page_level_css":""},"pwb-brand":[],"product_brand":[],"product_cat":[377,331,328,403],"product_tag":[],"class_list":{"0":"post-4021","1":"product","2":"type-product","3":"status-publish","4":"has-post-thumbnail","6":"product_cat-cheveux","7":"product_cat-idees-cadeaux","8":"product_cat-nouveautes","9":"product_cat-revlon","11":"first","12":"instock","13":"sale","14":"shipping-taxable","15":"purchasable","16":"product-type-simple"},"aioseo_notices":[],"uagb_featured_image_src":{"full":["https:\/\/wavexia.com\/wp-content\/uploads\/2025\/10\/revlon-smoothstay-1-coconut-oil-infused-straightener.webp",1024,700,false],"thumbnail":["https:\/\/wavexia.com\/wp-content\/uploads\/2025\/10\/revlon-smoothstay-1-coconut-oil-infused-straightener-150x150.webp",150,150,true],"medium":["https:\/\/wavexia.com\/wp-content\/uploads\/2025\/10\/revlon-smoothstay-1-coconut-oil-infused-straightener-300x205.webp",300,205,true],"medium_large":["https:\/\/wavexia.com\/wp-content\/uploads\/2025\/10\/revlon-smoothstay-1-coconut-oil-infused-straightener-768x525.webp",768,525,true],"large":["https:\/\/wavexia.com\/wp-content\/uploads\/2025\/10\/revlon-smoothstay-1-coconut-oil-infused-straightener.webp",1024,700,false],"1536x1536":["https:\/\/wavexia.com\/wp-content\/uploads\/2025\/10\/revlon-smoothstay-1-coconut-oil-infused-straightener.webp",1024,700,false],"2048x2048":["https:\/\/wavexia.com\/wp-content\/uploads\/2025\/10\/revlon-smoothstay-1-coconut-oil-infused-straightener.webp",1024,700,false],"woocommerce_archive_thumbnail":["https:\/\/wavexia.com\/wp-content\/uploads\/2025\/10\/revlon-smoothstay-1-coconut-oil-infused-straightener-300x205.webp",300,205,true],"woocommerce_thumbnail":["https:\/\/wavexia.com\/wp-content\/uploads\/2025\/10\/revlon-smoothstay-1-coconut-oil-infused-straightener-300x300.webp",300,300,true],"woocommerce_single":["https:\/\/wavexia.com\/wp-content\/uploads\/2025\/10\/revlon-smoothstay-1-coconut-oil-infused-straightener-600x410.webp",600,410,true],"woocommerce_gallery_thumbnail":["https:\/\/wavexia.com\/wp-content\/uploads\/2025\/10\/revlon-smoothstay-1-coconut-oil-infused-straightener-100x100.webp",100,100,true]},"uagb_author_info":{"display_name":"zineddine.ayoub98@gmail.com","author_link":"https:\/\/wavexia.com\/?author=0"},"uagb_comment_info":0,"uagb_excerpt":"Description Des coiffures brillantes et lisses qui durent, que vous vouliez un look lisse ou de grandes boucles avec le lisseur Smoothstay de Revlon! Rev\u00eatement : Son triple rev\u00eatement c\u00e9ramique et tourmaline promet une brillance et des r\u00e9sultats durables. De plus, les plaques sont trait\u00e9es \u00e0 l\u2019huile de coco. Plaques&nbsp;: Les plaques flottantes \u00e0 bords&hellip;","brands":[],"_links":{"self":[{"href":"https:\/\/wavexia.com\/index.php?rest_route=\/wp\/v2\/product\/4021","targetHints":{"allow":["GET"]}}],"collection":[{"href":"https:\/\/wavexia.com\/index.php?rest_route=\/wp\/v2\/product"}],"about":[{"href":"https:\/\/wavexia.com\/index.php?rest_route=\/wp\/v2\/types\/product"}],"replies":[{"embeddable":true,"href":"https:\/\/wavexia.com\/index.php?rest_route=%2Fwp%2Fv2%2Fcomments&post=4021"}],"wp:featuredmedia":[{"embeddable":true,"href":"https:\/\/wavexia.com\/index.php?rest_route=\/wp\/v2\/media\/4020"}],"wp:attachment":[{"href":"https:\/\/wavexia.com\/index.php?rest_route=%2Fwp%2Fv2%2Fmedia&parent=4021"}],"wp:term":[{"taxonomy":"pwb-brand","embeddable":true,"href":"https:\/\/wavexia.com\/index.php?rest_route=%2Fwp%2Fv2%2Fpwb-brand&post=4021"},{"taxonomy":"product_brand","embeddable":true,"href":"https:\/\/wavexia.com\/index.php?rest_route=%2Fwp%2Fv2%2Fproduct_brand&post=4021"},{"taxonomy":"product_cat","embeddable":true,"href":"https:\/\/wavexia.com\/index.php?rest_route=%2Fwp%2Fv2%2Fproduct_cat&post=4021"},{"taxonomy":"product_tag","embeddable":true,"href":"https:\/\/wavexia.com\/index.php?rest_route=%2Fwp%2Fv2%2Fproduct_tag&post=4021"}],"curies":[{"name":"wp","href":"https:\/\/api.w.org\/{rel}","templated":true}]}}