{"id":4016,"date":"2025-10-19T09:00:37","date_gmt":"2025-10-19T09:00:37","guid":{"rendered":"https:\/\/wavexia.com\/product\/k-secret-collagen-boosting-secret-sleeping-mask-60ml\/"},"modified":"2026-03-10T07:30:59","modified_gmt":"2026-03-10T07:30:59","slug":"k-secret-collagen-boosting-secret-sleeping-mask-60ml","status":"publish","type":"product","link":"https:\/\/wavexia.com\/?product=k-secret-collagen-boosting-secret-sleeping-mask-60ml","title":{"rendered":"K-SECRET COLLAGEN BOOSTING SECRET SLEEPING MASK 60ML"},"content":{"rendered":"<h2>Description<\/h2>\n<p class=\"\" data-start=\"350\" data-end=\"428\"><span class=\"relative -mx-px my-[-0.2rem] rounded px-px py-[0.2rem] transition-colors duration-100 ease-in-out\">Ce masque de nuit est formul\u00e9 avec un complexe de collag\u00e8ne et de vitamines pour hydrater intens\u00e9ment, am\u00e9liorer l\u2019\u00e9lasticit\u00e9 de la peau et r\u00e9duire les signes visibles du vieillissement. Il contient des capsules de vitamine E visibles qui fondent lors de l\u2019application, lib\u00e9rant des antioxydants pour revitaliser la peau pendant le sommeil. Les ingr\u00e9dients cl\u00e9s incluent le collag\u00e8ne hydrolys\u00e9, la niacinamide, l\u2019ad\u00e9nosine, le panth\u00e9nol et l\u2019acide hyaluronique, qui travaillent ensemble pour raffermir, \u00e9claircir et hydrater la peau.<\/span><\/p>\n<h5 data-start=\"435\" data-end=\"457\"><strong data-start=\"442\" data-end=\"457\">Utilisation<\/strong><\/h5>\n<ol data-start=\"459\" data-end=\"669\">\n<li class=\"\" data-start=\"459\" data-end=\"501\">\n<p class=\"\" data-start=\"462\" data-end=\"501\"><span class=\"relative -mx-px my-[-0.2rem] rounded px-px py-[0.2rem] transition-colors duration-100 ease-in-out\">Le soir, apr\u00e8s le nettoyage et l\u2019application de votre toner et s\u00e9rum, appliquez une quantit\u00e9 appropri\u00e9e du masque sur le visage.<\/span><\/p>\n<\/li>\n<li class=\"\" data-start=\"502\" data-end=\"544\">\n<p class=\"\" data-start=\"505\" data-end=\"544\"><span class=\"relative -mx-px my-[-0.2rem] rounded px-px py-[0.2rem] transition-colors duration-100 ease-in-out\">Massez doucement jusqu\u2019\u00e0 ce que les capsules de vitamine E soient enti\u00e8rement absorb\u00e9es.<\/span><\/p>\n<\/li>\n<li class=\"\" data-start=\"545\" data-end=\"587\">\n<p class=\"\" data-start=\"548\" data-end=\"587\"><span class=\"relative -mx-px my-[-0.2rem] rounded px-px py-[0.2rem] transition-colors duration-100 ease-in-out\">Laissez agir toute la nuit sans rincer.<\/span><\/p>\n<\/li>\n<li class=\"\" data-start=\"588\" data-end=\"669\">\n<p class=\"\" data-start=\"591\" data-end=\"669\"><span class=\"relative -mx-px my-[-0.2rem] rounded px-px py-[0.2rem] transition-colors duration-100 ease-in-out\">Le matin, proc\u00e9dez \u00e0 votre routine de nettoyage habituelle.<\/span><\/p>\n<ul data-start=\"869\" data-end=\"1289\">\n<li class=\"\" data-start=\"1180\" data-end=\"1289\">\n<h5 data-start=\"1663\" data-end=\"1692\">&nbsp;<strong data-start=\"1670\" data-end=\"1692\">Ingr\u00e9dients&nbsp;<\/strong><\/h5>\n<p class=\"\" data-start=\"1694\" data-end=\"1772\"><span class=\"relative -mx-px my-[-0.2rem] rounded px-px py-[0.2rem] transition-colors duration-100 ease-in-out\">Water, Glycerin, Butylene Glycol, Glycereth-26, Cetyl Ethylhexanoate, Niacinamide, Panthenol, 1,2-Hexanediol, Betaine, Trehalose, Propanediol, Cetearyl Olivate, Hydroxyacetophenone, Polyacrylate-13, Tromethamine, Sorbitan Olivate, Acrylates\/C10-30 Alkyl Acrylate Crosspolymer, Zea Mays (Corn) Starch, Glyceryl Acrylate\/Acrylic Acid Copolymer, Carbomer, Tocopheryl Acetate, Polyisobutene, Mannitol, Microcrystalline Cellulose, Tocopherol, Lavandula Angustifolia (Lavender) Oil, Ethylhexylglycerin, Caprylyl Methicone, Adenosine, Helianthus Annuus (Sunflower) Seed Oil, Disodium EDTA, Sodium Starch Octenylsuccinate, Polysorbate 20, Citrus Aurantium Dulcis (Orange) Peel Oil, Dipotassium Glycyrrhizate, Sorbitan Isostearate, Citrus Aurantium Bergamia (Bergamot) Fruit Oil, Hydrolyzed Collagen, Portulaca Oleracea Extract, Soluble Collagen, Dimethyl Isosorbide, Acacia Senegal Gum, Biosaccharide Gum-1, Glyceryl Glucoside, Hyaluronic Acid, Sodium Hyaluronate, Ammonium Polyacryloyldimethyl Taurate, Betula Alba Juice, Hydrolyzed Hyaluronic Acid, Hydrogenated Lecithin, Leontopodium Alpinum Callus Culture Extract, Pelargonium Graveolens Flower Oil, Hydroxyethylcellulose, Hydroxypinacolone Retinoate, Santalum Album (Sandalwood) Oil, Chamomilla Recutita (Matricaria) Flower Oil, Styrax Benzoin Gum, Rose Flower Oil, Hamamelis Virginiana (Witch Hazel) Leaf Extract, Camellia Sinensis Leaf Extract, Hippophae Rhamnoides Extract, Myrciaria Dubia Fruit Extract, Rumex Crispus Root Extract, Thymus Serpyllum Extract, Fragaria Chiloensis (Strawberry) Fruit Extract, Oenothera Biennis (Evening Primrose) Flower Extract, Pueraria Lobata Root Extract, Pinus Palustris Leaf Extract, Ulmus Davidiana Root Extract, Rubus Fruticosus (Blackberry) Fruit Extract, Vaccinium Angustifolium (Blueberry) Fruit Extract, Euterpe Oleracea Fruit Extract, Atelocollagen, Rubus Idaeus (Raspberry) Fruit Extract, Sambucus Nigra Fruit Extract, Vaccinium Macrocarpon (Cranberry) Fruit Extract, Limonene, Linaloo<\/span><\/p>\n<\/li>\n<\/ul>\n<\/li>\n<\/ol>\n","protected":false},"excerpt":{"rendered":"<p>Description Ce masque de nuit est formul\u00e9 avec un complexe de collag\u00e8ne et de vitamines pour hydrater intens\u00e9ment, am\u00e9liorer l\u2019\u00e9lasticit\u00e9 de la peau et r\u00e9duire les signes visibles du vieillissement. Il contient des capsules de vitamine E visibles qui fondent lors de l\u2019application, lib\u00e9rant des antioxydants pour revitaliser la peau pendant le sommeil. Les ingr\u00e9dients [&hellip;]<\/p>\n","protected":false},"featured_media":4015,"comment_status":"open","ping_status":"closed","template":"","meta":{"content-type":"","_uag_custom_page_level_css":""},"pwb-brand":[],"product_brand":[],"product_cat":[327,376,343,328,334],"product_tag":[],"class_list":{"0":"post-4016","1":"product","2":"type-product","3":"status-publish","4":"has-post-thumbnail","6":"product_cat-hmizat","7":"product_cat-k-secret","8":"product_cat-masque","9":"product_cat-nouveautes","10":"product_cat-produits-coreens","12":"first","13":"instock","14":"sale","15":"shipping-taxable","16":"purchasable","17":"product-type-simple"},"aioseo_notices":[],"uagb_featured_image_src":{"full":["https:\/\/wavexia.com\/wp-content\/uploads\/2025\/10\/ksecret_mask_1.webp",1000,1000,false],"thumbnail":["https:\/\/wavexia.com\/wp-content\/uploads\/2025\/10\/ksecret_mask_1-150x150.webp",150,150,true],"medium":["https:\/\/wavexia.com\/wp-content\/uploads\/2025\/10\/ksecret_mask_1-300x300.webp",300,300,true],"medium_large":["https:\/\/wavexia.com\/wp-content\/uploads\/2025\/10\/ksecret_mask_1-768x768.webp",768,768,true],"large":["https:\/\/wavexia.com\/wp-content\/uploads\/2025\/10\/ksecret_mask_1.webp",1000,1000,false],"1536x1536":["https:\/\/wavexia.com\/wp-content\/uploads\/2025\/10\/ksecret_mask_1.webp",1000,1000,false],"2048x2048":["https:\/\/wavexia.com\/wp-content\/uploads\/2025\/10\/ksecret_mask_1.webp",1000,1000,false],"woocommerce_archive_thumbnail":["https:\/\/wavexia.com\/wp-content\/uploads\/2025\/10\/ksecret_mask_1-300x300.webp",300,300,true],"woocommerce_thumbnail":["https:\/\/wavexia.com\/wp-content\/uploads\/2025\/10\/ksecret_mask_1-300x300.webp",300,300,true],"woocommerce_single":["https:\/\/wavexia.com\/wp-content\/uploads\/2025\/10\/ksecret_mask_1-600x600.webp",600,600,true],"woocommerce_gallery_thumbnail":["https:\/\/wavexia.com\/wp-content\/uploads\/2025\/10\/ksecret_mask_1-100x100.webp",100,100,true]},"uagb_author_info":{"display_name":"zineddine.ayoub98@gmail.com","author_link":"https:\/\/wavexia.com\/?author=0"},"uagb_comment_info":0,"uagb_excerpt":"Description Ce masque de nuit est formul\u00e9 avec un complexe de collag\u00e8ne et de vitamines pour hydrater intens\u00e9ment, am\u00e9liorer l\u2019\u00e9lasticit\u00e9 de la peau et r\u00e9duire les signes visibles du vieillissement. Il contient des capsules de vitamine E visibles qui fondent lors de l\u2019application, lib\u00e9rant des antioxydants pour revitaliser la peau pendant le sommeil. Les ingr\u00e9dients&hellip;","brands":[],"_links":{"self":[{"href":"https:\/\/wavexia.com\/index.php?rest_route=\/wp\/v2\/product\/4016","targetHints":{"allow":["GET"]}}],"collection":[{"href":"https:\/\/wavexia.com\/index.php?rest_route=\/wp\/v2\/product"}],"about":[{"href":"https:\/\/wavexia.com\/index.php?rest_route=\/wp\/v2\/types\/product"}],"replies":[{"embeddable":true,"href":"https:\/\/wavexia.com\/index.php?rest_route=%2Fwp%2Fv2%2Fcomments&post=4016"}],"wp:featuredmedia":[{"embeddable":true,"href":"https:\/\/wavexia.com\/index.php?rest_route=\/wp\/v2\/media\/4015"}],"wp:attachment":[{"href":"https:\/\/wavexia.com\/index.php?rest_route=%2Fwp%2Fv2%2Fmedia&parent=4016"}],"wp:term":[{"taxonomy":"pwb-brand","embeddable":true,"href":"https:\/\/wavexia.com\/index.php?rest_route=%2Fwp%2Fv2%2Fpwb-brand&post=4016"},{"taxonomy":"product_brand","embeddable":true,"href":"https:\/\/wavexia.com\/index.php?rest_route=%2Fwp%2Fv2%2Fproduct_brand&post=4016"},{"taxonomy":"product_cat","embeddable":true,"href":"https:\/\/wavexia.com\/index.php?rest_route=%2Fwp%2Fv2%2Fproduct_cat&post=4016"},{"taxonomy":"product_tag","embeddable":true,"href":"https:\/\/wavexia.com\/index.php?rest_route=%2Fwp%2Fv2%2Fproduct_tag&post=4016"}],"curies":[{"name":"wp","href":"https:\/\/api.w.org\/{rel}","templated":true}]}}