{"id":4006,"date":"2025-10-19T09:00:30","date_gmt":"2025-10-19T09:00:30","guid":{"rendered":"https:\/\/wavexia.com\/product\/fenty-beauty-fenty-cheeks-suede-powder-blush-tutu-turnt\/"},"modified":"2026-03-10T07:30:59","modified_gmt":"2026-03-10T07:30:59","slug":"fenty-beauty-fenty-cheeks-suede-powder-blush-tutu-turnt","status":"publish","type":"product","link":"https:\/\/wavexia.com\/?product=fenty-beauty-fenty-cheeks-suede-powder-blush-tutu-turnt","title":{"rendered":"FENTY BEAUTY fenty cheeks suede powder blush \u2013 tutu turnt"},"content":{"rendered":"<h2>Description<\/h2>\n<p>Le blush en poudre Fenty Cheeks de Fenty Beauty est un fard \u00e0 joues performant qui offre une longue tenue. Il est disponible avec des teintes riches mates et brillantes qui s\u2019estompent facilement tout en apportant de l\u2019\u00e9clat \u00e0 toutes les carnations.<\/p>\n<p>D\u00e9couvrez un fard \u00e0 joues audacieux, doux et a\u00e9rien aux performances incroyables. Cette poudre compacte permet d\u2019appliquer des pigments intenses en un seul geste, puis s\u2019estompe en douceur pour un r\u00e9sultat harmonieux. Ne vous inqui\u00e9tez pas, le blush ne laissera pas un aspect crayeux, mais restera en place sans former de d\u00e9p\u00f4ts. Ce fard \u00e0 joues est r\u00e9sistant \u00e0 l\u2019eau, \u00e0 la transpiration et \u00e0 l\u2019humidit\u00e9. Vous trouverez certainement votre bonheur avec notre palette iconique qui comprend des nuances mates et scintillantes pour toutes les carnations.<\/p>\n<p>B\u00e9n\u00e9fices :<br \/>\u2013 Couleur intense en un seul geste<br \/>\u2013 Formule l\u00e9g\u00e8re et a\u00e9rienne, facile \u00e0 estomper pour un r\u00e9sultat harmonieux<br \/>\u2013 R\u00e9siste \u00e0 l\u2019eau, \u00e0 la transpiration et \u00e0 l\u2019humidit\u00e9<br \/>\u2013 Ne dess\u00e8che pas la peau pour plus de confort<br \/>\u2013 Teintes mates et scintillantes pour toutes les carnations<\/p>\n<div>\n<p><strong>Vegan :&nbsp;<\/strong>Des produits sans ingr\u00e9dient d\u2019origine animale.<\/p>\n<p>&nbsp;<\/p>\n<p>Comment mettre le blush :<br \/>Pr\u00e9levez une petite quantit\u00e9 de fard \u00e0 joues \u00e0 l\u2019aide d\u2019un pinceau \u00e0 blush. Il n\u2019en faut pas beaucoup !<\/p>\n<p>Appliquez le produit ensuite sur vos joues ou aux endroits auxquels vous souhaitez apporter une touche de couleur. N\u2019h\u00e9sitez pas \u00e0 superposer les couches pour obtenir un r\u00e9sultat encore plus intense.<\/p>\n<\/div>\n","protected":false},"excerpt":{"rendered":"<p>Description Le blush en poudre Fenty Cheeks de Fenty Beauty est un fard \u00e0 joues performant qui offre une longue tenue. Il est disponible avec des teintes riches mates et brillantes qui s\u2019estompent facilement tout en apportant de l\u2019\u00e9clat \u00e0 toutes les carnations. D\u00e9couvrez un fard \u00e0 joues audacieux, doux et a\u00e9rien aux performances incroyables. [&hellip;]<\/p>\n","protected":false},"featured_media":4005,"comment_status":"open","ping_status":"closed","template":"","meta":{"content-type":"","_uag_custom_page_level_css":""},"pwb-brand":[],"product_brand":[],"product_cat":[426,360],"product_tag":[],"class_list":{"0":"post-4006","1":"product","2":"type-product","3":"status-publish","4":"has-post-thumbnail","6":"product_cat-fenty-beauty","7":"product_cat-maquillage","9":"first","10":"instock","11":"sale","12":"shipping-taxable","13":"purchasable","14":"product-type-simple"},"aioseo_notices":[],"uagb_featured_image_src":{"full":["https:\/\/wavexia.com\/wp-content\/uploads\/2025\/10\/15654148-9785217605933562.jpg",1600,1600,false],"thumbnail":["https:\/\/wavexia.com\/wp-content\/uploads\/2025\/10\/15654148-9785217605933562-150x150.jpg",150,150,true],"medium":["https:\/\/wavexia.com\/wp-content\/uploads\/2025\/10\/15654148-9785217605933562-300x300.jpg",300,300,true],"medium_large":["https:\/\/wavexia.com\/wp-content\/uploads\/2025\/10\/15654148-9785217605933562-768x768.jpg",768,768,true],"large":["https:\/\/wavexia.com\/wp-content\/uploads\/2025\/10\/15654148-9785217605933562-1024x1024.jpg",1024,1024,true],"1536x1536":["https:\/\/wavexia.com\/wp-content\/uploads\/2025\/10\/15654148-9785217605933562-1536x1536.jpg",1536,1536,true],"2048x2048":["https:\/\/wavexia.com\/wp-content\/uploads\/2025\/10\/15654148-9785217605933562.jpg",1600,1600,false],"woocommerce_archive_thumbnail":["https:\/\/wavexia.com\/wp-content\/uploads\/2025\/10\/15654148-9785217605933562-300x300.jpg",300,300,true],"woocommerce_thumbnail":["https:\/\/wavexia.com\/wp-content\/uploads\/2025\/10\/15654148-9785217605933562-300x300.jpg",300,300,true],"woocommerce_single":["https:\/\/wavexia.com\/wp-content\/uploads\/2025\/10\/15654148-9785217605933562-600x600.jpg",600,600,true],"woocommerce_gallery_thumbnail":["https:\/\/wavexia.com\/wp-content\/uploads\/2025\/10\/15654148-9785217605933562-100x100.jpg",100,100,true]},"uagb_author_info":{"display_name":"zineddine.ayoub98@gmail.com","author_link":"https:\/\/wavexia.com\/?author=0"},"uagb_comment_info":0,"uagb_excerpt":"Description Le blush en poudre Fenty Cheeks de Fenty Beauty est un fard \u00e0 joues performant qui offre une longue tenue. Il est disponible avec des teintes riches mates et brillantes qui s\u2019estompent facilement tout en apportant de l\u2019\u00e9clat \u00e0 toutes les carnations. D\u00e9couvrez un fard \u00e0 joues audacieux, doux et a\u00e9rien aux performances incroyables.&hellip;","brands":[],"_links":{"self":[{"href":"https:\/\/wavexia.com\/index.php?rest_route=\/wp\/v2\/product\/4006","targetHints":{"allow":["GET"]}}],"collection":[{"href":"https:\/\/wavexia.com\/index.php?rest_route=\/wp\/v2\/product"}],"about":[{"href":"https:\/\/wavexia.com\/index.php?rest_route=\/wp\/v2\/types\/product"}],"replies":[{"embeddable":true,"href":"https:\/\/wavexia.com\/index.php?rest_route=%2Fwp%2Fv2%2Fcomments&post=4006"}],"wp:featuredmedia":[{"embeddable":true,"href":"https:\/\/wavexia.com\/index.php?rest_route=\/wp\/v2\/media\/4005"}],"wp:attachment":[{"href":"https:\/\/wavexia.com\/index.php?rest_route=%2Fwp%2Fv2%2Fmedia&parent=4006"}],"wp:term":[{"taxonomy":"pwb-brand","embeddable":true,"href":"https:\/\/wavexia.com\/index.php?rest_route=%2Fwp%2Fv2%2Fpwb-brand&post=4006"},{"taxonomy":"product_brand","embeddable":true,"href":"https:\/\/wavexia.com\/index.php?rest_route=%2Fwp%2Fv2%2Fproduct_brand&post=4006"},{"taxonomy":"product_cat","embeddable":true,"href":"https:\/\/wavexia.com\/index.php?rest_route=%2Fwp%2Fv2%2Fproduct_cat&post=4006"},{"taxonomy":"product_tag","embeddable":true,"href":"https:\/\/wavexia.com\/index.php?rest_route=%2Fwp%2Fv2%2Fproduct_tag&post=4006"}],"curies":[{"name":"wp","href":"https:\/\/api.w.org\/{rel}","templated":true}]}}