{"id":3995,"date":"2025-10-19T09:00:18","date_gmt":"2025-10-19T09:00:18","guid":{"rendered":"https:\/\/wavexia.com\/product\/too-faced-born-this-way-natural-finish-foundation-natural-beige\/"},"modified":"2026-03-10T07:30:59","modified_gmt":"2026-03-10T07:30:59","slug":"too-faced-born-this-way-natural-finish-foundation-natural-beige","status":"publish","type":"product","link":"https:\/\/wavexia.com\/?product=too-faced-born-this-way-natural-finish-foundation-natural-beige","title":{"rendered":"Too Faced Born This Way Natural Finish Foundation Natural Beige"},"content":{"rendered":"<h2>Description<\/h2>\n<p>Fond de teint Born This Way : une peau si naturellement radieuse qu\u2019ils croiront que vous \u00eates n\u00e9e ainsi.<\/p>\n<p>Pour quel type de maquillage ?<br \/>Le fond de teint Born This Way est un&nbsp;fond de teint non gras, qui offre une&nbsp;couvrance ind\u00e9tectable, tout en camouflant les imperfections \u2013 laissant une peau naturellement radieuse donnant l\u2019impression que vous \u00eates Born This Way*.<\/p>\n<p>\u00c0 qui s\u2019adresse-t-il ?<\/p>\n<p>Toute personne qui souhaite une couverture moyenne \u00e0 compl\u00e8te, pour&nbsp;un fini naturel et satin\u00e9.&nbsp;Ce fond de teint est infus\u00e9 d\u2019un m\u00e9lange&nbsp;d\u2019eau de noix de coco&nbsp;pour hydrater la peau; de&nbsp;rose alpine&nbsp;pour illuminer l\u2019apparence de la peau et&nbsp;d\u2019acide hyaluronique&nbsp;pour une peau d\u2019apparence plus douce, plus jeune.<\/p>\n<p>Laissez-les croire que vous \u00eates Born This Way<sup>(1)<\/sup>.<\/p>\n<p>&nbsp;<\/p>\n<p class=\"mention9\">(1) N\u00e9e ainsi.<\/p>\n<p>&nbsp;<\/p>\n<div>\n<p><strong>Vegan :&nbsp;<\/strong>Des produits sans ingr\u00e9dient d\u2019origine animale.<\/p>\n<\/div>\n","protected":false},"excerpt":{"rendered":"<p>Description Fond de teint Born This Way : une peau si naturellement radieuse qu\u2019ils croiront que vous \u00eates n\u00e9e ainsi. Pour quel type de maquillage ?Le fond de teint Born This Way est un&nbsp;fond de teint non gras, qui offre une&nbsp;couvrance ind\u00e9tectable, tout en camouflant les imperfections \u2013 laissant une peau naturellement radieuse donnant l\u2019impression [&hellip;]<\/p>\n","protected":false},"featured_media":3994,"comment_status":"open","ping_status":"closed","template":"","meta":{"content-type":"","_uag_custom_page_level_css":""},"pwb-brand":[],"product_brand":[],"product_cat":[360,361],"product_tag":[],"class_list":{"0":"post-3995","1":"product","2":"type-product","3":"status-publish","4":"has-post-thumbnail","6":"product_cat-maquillage","7":"product_cat-too-faced","9":"first","10":"instock","11":"sale","12":"shipping-taxable","13":"purchasable","14":"product-type-simple"},"aioseo_notices":[],"uagb_featured_image_src":{"full":["https:\/\/wavexia.com\/wp-content\/uploads\/2025\/10\/2f_sku_94150_1000x1000_0.webp",2000,2000,false],"thumbnail":["https:\/\/wavexia.com\/wp-content\/uploads\/2025\/10\/2f_sku_94150_1000x1000_0-150x150.webp",150,150,true],"medium":["https:\/\/wavexia.com\/wp-content\/uploads\/2025\/10\/2f_sku_94150_1000x1000_0-300x300.webp",300,300,true],"medium_large":["https:\/\/wavexia.com\/wp-content\/uploads\/2025\/10\/2f_sku_94150_1000x1000_0-768x768.webp",768,768,true],"large":["https:\/\/wavexia.com\/wp-content\/uploads\/2025\/10\/2f_sku_94150_1000x1000_0-1024x1024.webp",1024,1024,true],"1536x1536":["https:\/\/wavexia.com\/wp-content\/uploads\/2025\/10\/2f_sku_94150_1000x1000_0-1536x1536.webp",1536,1536,true],"2048x2048":["https:\/\/wavexia.com\/wp-content\/uploads\/2025\/10\/2f_sku_94150_1000x1000_0.webp",2000,2000,false],"woocommerce_archive_thumbnail":["https:\/\/wavexia.com\/wp-content\/uploads\/2025\/10\/2f_sku_94150_1000x1000_0-300x300.webp",300,300,true],"woocommerce_thumbnail":["https:\/\/wavexia.com\/wp-content\/uploads\/2025\/10\/2f_sku_94150_1000x1000_0-300x300.webp",300,300,true],"woocommerce_single":["https:\/\/wavexia.com\/wp-content\/uploads\/2025\/10\/2f_sku_94150_1000x1000_0-600x600.webp",600,600,true],"woocommerce_gallery_thumbnail":["https:\/\/wavexia.com\/wp-content\/uploads\/2025\/10\/2f_sku_94150_1000x1000_0-100x100.webp",100,100,true]},"uagb_author_info":{"display_name":"zineddine.ayoub98@gmail.com","author_link":"https:\/\/wavexia.com\/?author=0"},"uagb_comment_info":0,"uagb_excerpt":"Description Fond de teint Born This Way : une peau si naturellement radieuse qu\u2019ils croiront que vous \u00eates n\u00e9e ainsi. Pour quel type de maquillage ?Le fond de teint Born This Way est un&nbsp;fond de teint non gras, qui offre une&nbsp;couvrance ind\u00e9tectable, tout en camouflant les imperfections \u2013 laissant une peau naturellement radieuse donnant l\u2019impression&hellip;","brands":[],"_links":{"self":[{"href":"https:\/\/wavexia.com\/index.php?rest_route=\/wp\/v2\/product\/3995","targetHints":{"allow":["GET"]}}],"collection":[{"href":"https:\/\/wavexia.com\/index.php?rest_route=\/wp\/v2\/product"}],"about":[{"href":"https:\/\/wavexia.com\/index.php?rest_route=\/wp\/v2\/types\/product"}],"replies":[{"embeddable":true,"href":"https:\/\/wavexia.com\/index.php?rest_route=%2Fwp%2Fv2%2Fcomments&post=3995"}],"wp:featuredmedia":[{"embeddable":true,"href":"https:\/\/wavexia.com\/index.php?rest_route=\/wp\/v2\/media\/3994"}],"wp:attachment":[{"href":"https:\/\/wavexia.com\/index.php?rest_route=%2Fwp%2Fv2%2Fmedia&parent=3995"}],"wp:term":[{"taxonomy":"pwb-brand","embeddable":true,"href":"https:\/\/wavexia.com\/index.php?rest_route=%2Fwp%2Fv2%2Fpwb-brand&post=3995"},{"taxonomy":"product_brand","embeddable":true,"href":"https:\/\/wavexia.com\/index.php?rest_route=%2Fwp%2Fv2%2Fproduct_brand&post=3995"},{"taxonomy":"product_cat","embeddable":true,"href":"https:\/\/wavexia.com\/index.php?rest_route=%2Fwp%2Fv2%2Fproduct_cat&post=3995"},{"taxonomy":"product_tag","embeddable":true,"href":"https:\/\/wavexia.com\/index.php?rest_route=%2Fwp%2Fv2%2Fproduct_tag&post=3995"}],"curies":[{"name":"wp","href":"https:\/\/api.w.org\/{rel}","templated":true}]}}