{"id":3987,"date":"2025-10-19T09:00:11","date_gmt":"2025-10-19T09:00:11","guid":{"rendered":"https:\/\/wavexia.com\/product\/too-faced-born-this-way-multi-use-powder-foundation-latte\/"},"modified":"2026-03-10T07:30:59","modified_gmt":"2026-03-10T07:30:59","slug":"too-faced-born-this-way-multi-use-powder-foundation-latte","status":"publish","type":"product","link":"https:\/\/wavexia.com\/?product=too-faced-born-this-way-multi-use-powder-foundation-latte","title":{"rendered":"Too Faced Born This Way Multi-Use Powder Foundation Latte"},"content":{"rendered":"<h2>Description<\/h2>\n<p><strong>Fond de teint en poudre multi-usage Born This Way de Too Faced<\/strong><\/p>\n<p>Obtenez une peau naturellement radieuse et parfaitement lisse en quelques secondes, et faites des retouches en d\u00e9placement avec ce fond de teint en poudre \u00e0 tout faire. Utilisez-le seul pour une couvrance facile et naturelle qui dure 12 heures ou sur un fond de teint liquide pour fixer le maquillage ou ajouter une couverture suppl\u00e9mentaire.<\/p>\n<p>&nbsp;<\/p>\n<p><strong>Avantages&nbsp;:<\/strong><br \/>Sans<br \/>huile Contr\u00f4le la brillance<br \/>Longue tenue pendant 12 heures<br \/>Estompe l\u2019apparence des imperfections<br \/>Masque les rougeurs et la d\u00e9coloration<br \/>Formule<br \/>en poudre cr\u00e9meuse et confortable \u00c9ponge 2 en 1 pour diff\u00e9rents niveaux de couverture<\/p>\n","protected":false},"excerpt":{"rendered":"<p>Description Fond de teint en poudre multi-usage Born This Way de Too Faced Obtenez une peau naturellement radieuse et parfaitement lisse en quelques secondes, et faites des retouches en d\u00e9placement avec ce fond de teint en poudre \u00e0 tout faire. Utilisez-le seul pour une couvrance facile et naturelle qui dure 12 heures ou sur un [&hellip;]<\/p>\n","protected":false},"featured_media":3986,"comment_status":"open","ping_status":"closed","template":"","meta":{"content-type":"","_uag_custom_page_level_css":""},"pwb-brand":[],"product_brand":[],"product_cat":[360,361],"product_tag":[],"class_list":{"0":"post-3987","1":"product","2":"type-product","3":"status-publish","4":"has-post-thumbnail","6":"product_cat-maquillage","7":"product_cat-too-faced","9":"first","10":"instock","11":"sale","12":"shipping-taxable","13":"purchasable","14":"product-type-simple"},"aioseo_notices":[],"uagb_featured_image_src":{"full":["https:\/\/wavexia.com\/wp-content\/uploads\/2025\/10\/too-faced-too-faced-born-this-way-complexion-powder-multi-use-latte-651986704586-31783358824535.webp",1000,1000,false],"thumbnail":["https:\/\/wavexia.com\/wp-content\/uploads\/2025\/10\/too-faced-too-faced-born-this-way-complexion-powder-multi-use-latte-651986704586-31783358824535-150x150.webp",150,150,true],"medium":["https:\/\/wavexia.com\/wp-content\/uploads\/2025\/10\/too-faced-too-faced-born-this-way-complexion-powder-multi-use-latte-651986704586-31783358824535-300x300.webp",300,300,true],"medium_large":["https:\/\/wavexia.com\/wp-content\/uploads\/2025\/10\/too-faced-too-faced-born-this-way-complexion-powder-multi-use-latte-651986704586-31783358824535-768x768.webp",768,768,true],"large":["https:\/\/wavexia.com\/wp-content\/uploads\/2025\/10\/too-faced-too-faced-born-this-way-complexion-powder-multi-use-latte-651986704586-31783358824535.webp",1000,1000,false],"1536x1536":["https:\/\/wavexia.com\/wp-content\/uploads\/2025\/10\/too-faced-too-faced-born-this-way-complexion-powder-multi-use-latte-651986704586-31783358824535.webp",1000,1000,false],"2048x2048":["https:\/\/wavexia.com\/wp-content\/uploads\/2025\/10\/too-faced-too-faced-born-this-way-complexion-powder-multi-use-latte-651986704586-31783358824535.webp",1000,1000,false],"woocommerce_archive_thumbnail":["https:\/\/wavexia.com\/wp-content\/uploads\/2025\/10\/too-faced-too-faced-born-this-way-complexion-powder-multi-use-latte-651986704586-31783358824535-300x300.webp",300,300,true],"woocommerce_thumbnail":["https:\/\/wavexia.com\/wp-content\/uploads\/2025\/10\/too-faced-too-faced-born-this-way-complexion-powder-multi-use-latte-651986704586-31783358824535-300x300.webp",300,300,true],"woocommerce_single":["https:\/\/wavexia.com\/wp-content\/uploads\/2025\/10\/too-faced-too-faced-born-this-way-complexion-powder-multi-use-latte-651986704586-31783358824535-600x600.webp",600,600,true],"woocommerce_gallery_thumbnail":["https:\/\/wavexia.com\/wp-content\/uploads\/2025\/10\/too-faced-too-faced-born-this-way-complexion-powder-multi-use-latte-651986704586-31783358824535-100x100.webp",100,100,true]},"uagb_author_info":{"display_name":"zineddine.ayoub98@gmail.com","author_link":"https:\/\/wavexia.com\/?author=0"},"uagb_comment_info":0,"uagb_excerpt":"Description Fond de teint en poudre multi-usage Born This Way de Too Faced Obtenez une peau naturellement radieuse et parfaitement lisse en quelques secondes, et faites des retouches en d\u00e9placement avec ce fond de teint en poudre \u00e0 tout faire. Utilisez-le seul pour une couvrance facile et naturelle qui dure 12 heures ou sur un&hellip;","brands":[],"_links":{"self":[{"href":"https:\/\/wavexia.com\/index.php?rest_route=\/wp\/v2\/product\/3987","targetHints":{"allow":["GET"]}}],"collection":[{"href":"https:\/\/wavexia.com\/index.php?rest_route=\/wp\/v2\/product"}],"about":[{"href":"https:\/\/wavexia.com\/index.php?rest_route=\/wp\/v2\/types\/product"}],"replies":[{"embeddable":true,"href":"https:\/\/wavexia.com\/index.php?rest_route=%2Fwp%2Fv2%2Fcomments&post=3987"}],"wp:featuredmedia":[{"embeddable":true,"href":"https:\/\/wavexia.com\/index.php?rest_route=\/wp\/v2\/media\/3986"}],"wp:attachment":[{"href":"https:\/\/wavexia.com\/index.php?rest_route=%2Fwp%2Fv2%2Fmedia&parent=3987"}],"wp:term":[{"taxonomy":"pwb-brand","embeddable":true,"href":"https:\/\/wavexia.com\/index.php?rest_route=%2Fwp%2Fv2%2Fpwb-brand&post=3987"},{"taxonomy":"product_brand","embeddable":true,"href":"https:\/\/wavexia.com\/index.php?rest_route=%2Fwp%2Fv2%2Fproduct_brand&post=3987"},{"taxonomy":"product_cat","embeddable":true,"href":"https:\/\/wavexia.com\/index.php?rest_route=%2Fwp%2Fv2%2Fproduct_cat&post=3987"},{"taxonomy":"product_tag","embeddable":true,"href":"https:\/\/wavexia.com\/index.php?rest_route=%2Fwp%2Fv2%2Fproduct_tag&post=3987"}],"curies":[{"name":"wp","href":"https:\/\/api.w.org\/{rel}","templated":true}]}}