{"id":3980,"date":"2025-10-19T09:00:04","date_gmt":"2025-10-19T09:00:04","guid":{"rendered":"https:\/\/wavexia.com\/product\/st-dalfour-beauty-whitening-cream-50-g\/"},"modified":"2026-03-10T07:30:59","modified_gmt":"2026-03-10T07:30:59","slug":"st-dalfour-beauty-whitening-cream-50-g","status":"publish","type":"product","link":"https:\/\/wavexia.com\/?product=st-dalfour-beauty-whitening-cream-50-g","title":{"rendered":"ST DALFOUR BEAUTY WHITENING CREAM 50 G"},"content":{"rendered":"<h2>Description<\/h2>\n<p>ST. La cr\u00e8me Dalfour n\u2019est pas seulement une couche \u00e0 appliquer sur votre peau car elle fait plus que cela. Il combat les rides, traite l\u2019hyperpigmentation et les taches de rousseur et \u00e9claircit le teint en g\u00e9n\u00e9ral.<\/p>\n<p>La formule avanc\u00e9e et non grasse de la cr\u00e8me traite les imperfections cutan\u00e9es depuis la source, tout en rehaussant l\u2019\u00e9clat de la peau. Il peut estomper les taches brunes, voire les pr\u00e9venir, pour un teint plus uniforme.<\/p>\n<p><strong>CONSEILS D\u2019UTILISATION :<\/strong><\/p>\n<p>Tout d\u2019abord, n\u2019utilisez pas cette cr\u00e8me avec d\u2019autres produits blanchissants. Deuxi\u00e8mement, limitez votre exposition aux rayons du soleil et portez toujours un \u00e9cran solaire 30 minutes avant de vous exposer au soleil. Enfin, n\u2019utilisez pas la cr\u00e8me pendant plus de 2 mois d\u2019utilisation quotidienne continue.<\/p>\n","protected":false},"excerpt":{"rendered":"<p>Description ST. La cr\u00e8me Dalfour n\u2019est pas seulement une couche \u00e0 appliquer sur votre peau car elle fait plus que cela. Il combat les rides, traite l\u2019hyperpigmentation et les taches de rousseur et \u00e9claircit le teint en g\u00e9n\u00e9ral. La formule avanc\u00e9e et non grasse de la cr\u00e8me traite les imperfections cutan\u00e9es depuis la source, tout [&hellip;]<\/p>\n","protected":false},"featured_media":3979,"comment_status":"open","ping_status":"closed","template":"","meta":{"content-type":"","_uag_custom_page_level_css":""},"pwb-brand":[],"product_brand":[],"product_cat":[322,424],"product_tag":[],"class_list":{"0":"post-3980","1":"product","2":"type-product","3":"status-publish","4":"has-post-thumbnail","6":"product_cat-corps-bain","7":"product_cat-st-dalfour","9":"first","10":"instock","11":"sale","12":"shipping-taxable","13":"purchasable","14":"product-type-simple"},"aioseo_notices":[],"uagb_featured_image_src":{"full":["https:\/\/wavexia.com\/wp-content\/uploads\/2025\/10\/ST-DALFOUR-BEAUTY-WHITENING-CREAM.jpg",635,735,false],"thumbnail":["https:\/\/wavexia.com\/wp-content\/uploads\/2025\/10\/ST-DALFOUR-BEAUTY-WHITENING-CREAM-150x150.jpg",150,150,true],"medium":["https:\/\/wavexia.com\/wp-content\/uploads\/2025\/10\/ST-DALFOUR-BEAUTY-WHITENING-CREAM-259x300.jpg",259,300,true],"medium_large":["https:\/\/wavexia.com\/wp-content\/uploads\/2025\/10\/ST-DALFOUR-BEAUTY-WHITENING-CREAM.jpg",635,735,false],"large":["https:\/\/wavexia.com\/wp-content\/uploads\/2025\/10\/ST-DALFOUR-BEAUTY-WHITENING-CREAM.jpg",635,735,false],"1536x1536":["https:\/\/wavexia.com\/wp-content\/uploads\/2025\/10\/ST-DALFOUR-BEAUTY-WHITENING-CREAM.jpg",635,735,false],"2048x2048":["https:\/\/wavexia.com\/wp-content\/uploads\/2025\/10\/ST-DALFOUR-BEAUTY-WHITENING-CREAM.jpg",635,735,false],"woocommerce_archive_thumbnail":["https:\/\/wavexia.com\/wp-content\/uploads\/2025\/10\/ST-DALFOUR-BEAUTY-WHITENING-CREAM-300x347.jpg",300,347,true],"woocommerce_thumbnail":["https:\/\/wavexia.com\/wp-content\/uploads\/2025\/10\/ST-DALFOUR-BEAUTY-WHITENING-CREAM-300x300.jpg",300,300,true],"woocommerce_single":["https:\/\/wavexia.com\/wp-content\/uploads\/2025\/10\/ST-DALFOUR-BEAUTY-WHITENING-CREAM-600x694.jpg",600,694,true],"woocommerce_gallery_thumbnail":["https:\/\/wavexia.com\/wp-content\/uploads\/2025\/10\/ST-DALFOUR-BEAUTY-WHITENING-CREAM-100x100.jpg",100,100,true]},"uagb_author_info":{"display_name":"zineddine.ayoub98@gmail.com","author_link":"https:\/\/wavexia.com\/?author=0"},"uagb_comment_info":0,"uagb_excerpt":"Description ST. La cr\u00e8me Dalfour n\u2019est pas seulement une couche \u00e0 appliquer sur votre peau car elle fait plus que cela. Il combat les rides, traite l\u2019hyperpigmentation et les taches de rousseur et \u00e9claircit le teint en g\u00e9n\u00e9ral. La formule avanc\u00e9e et non grasse de la cr\u00e8me traite les imperfections cutan\u00e9es depuis la source, tout&hellip;","brands":[],"_links":{"self":[{"href":"https:\/\/wavexia.com\/index.php?rest_route=\/wp\/v2\/product\/3980","targetHints":{"allow":["GET"]}}],"collection":[{"href":"https:\/\/wavexia.com\/index.php?rest_route=\/wp\/v2\/product"}],"about":[{"href":"https:\/\/wavexia.com\/index.php?rest_route=\/wp\/v2\/types\/product"}],"replies":[{"embeddable":true,"href":"https:\/\/wavexia.com\/index.php?rest_route=%2Fwp%2Fv2%2Fcomments&post=3980"}],"wp:featuredmedia":[{"embeddable":true,"href":"https:\/\/wavexia.com\/index.php?rest_route=\/wp\/v2\/media\/3979"}],"wp:attachment":[{"href":"https:\/\/wavexia.com\/index.php?rest_route=%2Fwp%2Fv2%2Fmedia&parent=3980"}],"wp:term":[{"taxonomy":"pwb-brand","embeddable":true,"href":"https:\/\/wavexia.com\/index.php?rest_route=%2Fwp%2Fv2%2Fpwb-brand&post=3980"},{"taxonomy":"product_brand","embeddable":true,"href":"https:\/\/wavexia.com\/index.php?rest_route=%2Fwp%2Fv2%2Fproduct_brand&post=3980"},{"taxonomy":"product_cat","embeddable":true,"href":"https:\/\/wavexia.com\/index.php?rest_route=%2Fwp%2Fv2%2Fproduct_cat&post=3980"},{"taxonomy":"product_tag","embeddable":true,"href":"https:\/\/wavexia.com\/index.php?rest_route=%2Fwp%2Fv2%2Fproduct_tag&post=3980"}],"curies":[{"name":"wp","href":"https:\/\/api.w.org\/{rel}","templated":true}]}}