{"id":3977,"date":"2025-10-19T09:00:03","date_gmt":"2025-10-19T09:00:03","guid":{"rendered":"https:\/\/wavexia.com\/product\/cosrx-the-retinol-0-1-cream-20ml\/"},"modified":"2026-03-10T07:30:59","modified_gmt":"2026-03-10T07:30:59","slug":"cosrx-the-retinol-0-1-cream-20ml","status":"publish","type":"product","link":"https:\/\/wavexia.com\/?product=cosrx-the-retinol-0-1-cream-20ml","title":{"rendered":"Cosrx \u2013 The Retinol 0.1 Cream 20ml"},"content":{"rendered":"<h2>Description<\/h2>\n<div class=\"block-content_MQDxpg \" data-index=\"6\">\n<div class=\"tabs-inner\">\n<div>\n<p>Le COSRX The Retinol 0.1 Cream est une cr\u00e8me au r\u00e9tinol pur \u00e0 0,1%, qui convient \u00e0 tous les types de peau. Il s\u2019attaque aux ridules, aux rides et \u00e0 la perte d\u2019\u00e9lasticit\u00e9 de votre peau de mani\u00e8re douce.<\/p>\n<p>C\u2019est aussi le choix parfait pour pr\u00e9venir les signes pr\u00e9matur\u00e9s du vieillissement. Gr\u00e2ce \u00e0 sa formule douce mais efficace, il convient \u00e9galement aux d\u00e9butants. Le panth\u00e9nol et l\u2019ad\u00e9nosine hydratent votre peau et am\u00e9liorent l\u2019\u00e9lasticit\u00e9 de votre peau. Tandis que la vitamine E r\u00e9pare votre peau. De plus, cette cr\u00e8me est sans parfum.<\/p>\n<p>Pour une peau \u00e9clatante d\u2019apparence plus jeune!<\/p>\n<p>Cette cr\u00e8me :<\/p>\n<ul>\n<li>convient \u00e0 tous les types de peau<\/li>\n<li>s\u2019attaque aux ridules, aux rides et \u00e0 la perte d\u2019\u00e9lasticit\u00e9<\/li>\n<li>formule douce mais efficace<\/li>\n<li>adapt\u00e9 aux d\u00e9butants<\/li>\n<li>Le panth\u00e9nol et l\u2019ad\u00e9nosine hydratent et am\u00e9liorent l\u2019\u00e9lasticit\u00e9 de la peau<\/li>\n<li>La vitamine E restaure votre peau<\/li>\n<li>sans parfum<\/li>\n<li>sans cruaut\u00e9<\/li>\n<\/ul>\n<\/div>\n<\/div>\n<div class=\"block-content_dExAQg tab-closed hidden\" data-index=\"5\">\n<div class=\"tabs-inner\">\n<div>\n<p><strong>Ingr\u00e9dients:<br \/><\/strong>Water, Caprylic\/Capric Triglyceride, Propanediol, Glycerin, Tocopheryl Acetate, Cetearyl Alcohol, Trehalose, Panthenol, Butyrospermum Parkii (Shea) Butter, Glycine Soja (Soybean) Oil, Ammonium Acryloyldimethyltaurate\/VP Copolymer, Dimethicone, Glyceryl Polymethacrylate, Helianthus Annuus (Sunflower) Seed Oil, Polyglyceryl-10 Stearate, Hydrogenated Lecithin, Hydroxyethyl Acrylate\/Sodium Acryloyldimethyl Taurate Copolymer, Carbomer, Tromethamine, Glyceryl Stearate, Polysilicone-11, Sodium Sulfite, Tocopherol, Daucus Carota Sativa (Carrot) Root Extract, Retinol(0.1%), Allantoin, Glyceryl Caprylate, Oryza Sativa (Rice) Bran Wax, Tocotrienols, Stearic Acid, Polyglyceryl-3 Methylglucose Distearate, Palmitic Acid, Disodium EDTA, Ethylhexylglycerin, Adenosine, Sorbitan Isostearate, Elaeis Guineensis (Palm) Oil, BHT, Beta-Carotene, Myristic Acid, Lauric Acid, Ascorbic Acid, Limnanthes Alba (Meadowfoam) Seed Oil, 3-O-Ethyl Ascorbic Acid, Glutathione, Sodium Hyaluronate, 1,2-Hexanediol, Hydrolyzed Hyaluronic Acid, Sodium Hyaluronate Crosspolymer, Hyaluronic Acid, Sodium Acetylated Hyaluronate.<\/p>\n<p><strong>Contenu :<\/strong>&nbsp;20 ml.<\/p>\n<\/div>\n<\/div>\n<\/div>\n<div class=\"block-content_XgHTde tab-closed hidden\" data-index=\"4\"><strong>Comment utiliser:<br \/><\/strong><\/p>\n<div class=\"tabs-inner\">\n<div>\n<ul>\n<li>Nettoyez votre visage comme d\u2019habitude.<\/li>\n<li>Assurez-vous que votre peau est s\u00e8che.<\/li>\n<li>Appliquer une petite quantit\u00e9 et masser.<\/li>\n<li>N\u2019utilisez cette cr\u00e8me que le soir.<\/li>\n<li>Appliquez la cr\u00e8me avant d\u2019appliquer d\u2019autres hydratants.<\/li>\n<\/ul>\n<p><b>6 conseils pour utiliser le r\u00e9tinol&nbsp;:<\/b><\/p>\n<ol>\n<li>Lorsque vous commencez \u00e0 utiliser le r\u00e9tinol pour la premi\u00e8re fois, il est sage d\u2019augmenter. Utilisez-le d\u2019abord tous les soirs.<\/li>\n<li>Assurez-vous d\u2019utiliser le r\u00e9tinol au moins 3 fois par semaine, sinon cela n\u2019aura aucun effet.<\/li>\n<li>N\u2019oubliez pas d\u2019utiliser le SPF le lendemain matin, car le r\u00e9tinol rend votre peau plus sensible au soleil.<\/li>\n<li>Attendez que votre peau soit compl\u00e8tement s\u00e8che avant d\u2019appliquer. Le m\u00e9lange de r\u00e9tinol avec de l\u2019eau peut provoquer une irritation.<\/li>\n<li>Laissez R\u00e9tinol agir 15 minutes avant d\u2019appliquer votre cr\u00e8me de jour.<\/li>\n<li>Soyez coh\u00e9rent, utilisez pendant au moins 6 mois. Vous verrez des r\u00e9sultats, mais donnez-lui du temps et assurez-vous de ne pas oublier de l\u2019appliquer.<\/li>\n<\/ol>\n<\/div>\n<\/div>\n<\/div>\n<\/div>\n","protected":false},"excerpt":{"rendered":"<p>Description Le COSRX The Retinol 0.1 Cream est une cr\u00e8me au r\u00e9tinol pur \u00e0 0,1%, qui convient \u00e0 tous les types de peau. Il s\u2019attaque aux ridules, aux rides et \u00e0 la perte d\u2019\u00e9lasticit\u00e9 de votre peau de mani\u00e8re douce. C\u2019est aussi le choix parfait pour pr\u00e9venir les signes pr\u00e9matur\u00e9s du vieillissement. Gr\u00e2ce \u00e0 sa [&hellip;]<\/p>\n","protected":false},"featured_media":3976,"comment_status":"open","ping_status":"closed","template":"","meta":{"content-type":"","_uag_custom_page_level_css":""},"pwb-brand":[],"product_brand":[],"product_cat":[357,347,327,334],"product_tag":[],"class_list":{"0":"post-3977","1":"product","2":"type-product","3":"status-publish","4":"has-post-thumbnail","6":"product_cat-anti-age-rides","7":"product_cat-cosrx","8":"product_cat-hmizat","9":"product_cat-produits-coreens","11":"first","12":"instock","13":"sale","14":"shipping-taxable","15":"purchasable","16":"product-type-simple"},"aioseo_notices":[],"uagb_featured_image_src":{"full":["https:\/\/wavexia.com\/wp-content\/uploads\/2025\/10\/Product-page-sizes_90727c0b-b1bc-445d-a2c3-aca16348587b.webp",800,800,false],"thumbnail":["https:\/\/wavexia.com\/wp-content\/uploads\/2025\/10\/Product-page-sizes_90727c0b-b1bc-445d-a2c3-aca16348587b-150x150.webp",150,150,true],"medium":["https:\/\/wavexia.com\/wp-content\/uploads\/2025\/10\/Product-page-sizes_90727c0b-b1bc-445d-a2c3-aca16348587b-300x300.webp",300,300,true],"medium_large":["https:\/\/wavexia.com\/wp-content\/uploads\/2025\/10\/Product-page-sizes_90727c0b-b1bc-445d-a2c3-aca16348587b-768x768.webp",768,768,true],"large":["https:\/\/wavexia.com\/wp-content\/uploads\/2025\/10\/Product-page-sizes_90727c0b-b1bc-445d-a2c3-aca16348587b.webp",800,800,false],"1536x1536":["https:\/\/wavexia.com\/wp-content\/uploads\/2025\/10\/Product-page-sizes_90727c0b-b1bc-445d-a2c3-aca16348587b.webp",800,800,false],"2048x2048":["https:\/\/wavexia.com\/wp-content\/uploads\/2025\/10\/Product-page-sizes_90727c0b-b1bc-445d-a2c3-aca16348587b.webp",800,800,false],"woocommerce_archive_thumbnail":["https:\/\/wavexia.com\/wp-content\/uploads\/2025\/10\/Product-page-sizes_90727c0b-b1bc-445d-a2c3-aca16348587b-300x300.webp",300,300,true],"woocommerce_thumbnail":["https:\/\/wavexia.com\/wp-content\/uploads\/2025\/10\/Product-page-sizes_90727c0b-b1bc-445d-a2c3-aca16348587b-300x300.webp",300,300,true],"woocommerce_single":["https:\/\/wavexia.com\/wp-content\/uploads\/2025\/10\/Product-page-sizes_90727c0b-b1bc-445d-a2c3-aca16348587b-600x600.webp",600,600,true],"woocommerce_gallery_thumbnail":["https:\/\/wavexia.com\/wp-content\/uploads\/2025\/10\/Product-page-sizes_90727c0b-b1bc-445d-a2c3-aca16348587b-100x100.webp",100,100,true]},"uagb_author_info":{"display_name":"zineddine.ayoub98@gmail.com","author_link":"https:\/\/wavexia.com\/?author=0"},"uagb_comment_info":0,"uagb_excerpt":"Description Le COSRX The Retinol 0.1 Cream est une cr\u00e8me au r\u00e9tinol pur \u00e0 0,1%, qui convient \u00e0 tous les types de peau. Il s\u2019attaque aux ridules, aux rides et \u00e0 la perte d\u2019\u00e9lasticit\u00e9 de votre peau de mani\u00e8re douce. C\u2019est aussi le choix parfait pour pr\u00e9venir les signes pr\u00e9matur\u00e9s du vieillissement. Gr\u00e2ce \u00e0 sa&hellip;","brands":[],"_links":{"self":[{"href":"https:\/\/wavexia.com\/index.php?rest_route=\/wp\/v2\/product\/3977","targetHints":{"allow":["GET"]}}],"collection":[{"href":"https:\/\/wavexia.com\/index.php?rest_route=\/wp\/v2\/product"}],"about":[{"href":"https:\/\/wavexia.com\/index.php?rest_route=\/wp\/v2\/types\/product"}],"replies":[{"embeddable":true,"href":"https:\/\/wavexia.com\/index.php?rest_route=%2Fwp%2Fv2%2Fcomments&post=3977"}],"wp:featuredmedia":[{"embeddable":true,"href":"https:\/\/wavexia.com\/index.php?rest_route=\/wp\/v2\/media\/3976"}],"wp:attachment":[{"href":"https:\/\/wavexia.com\/index.php?rest_route=%2Fwp%2Fv2%2Fmedia&parent=3977"}],"wp:term":[{"taxonomy":"pwb-brand","embeddable":true,"href":"https:\/\/wavexia.com\/index.php?rest_route=%2Fwp%2Fv2%2Fpwb-brand&post=3977"},{"taxonomy":"product_brand","embeddable":true,"href":"https:\/\/wavexia.com\/index.php?rest_route=%2Fwp%2Fv2%2Fproduct_brand&post=3977"},{"taxonomy":"product_cat","embeddable":true,"href":"https:\/\/wavexia.com\/index.php?rest_route=%2Fwp%2Fv2%2Fproduct_cat&post=3977"},{"taxonomy":"product_tag","embeddable":true,"href":"https:\/\/wavexia.com\/index.php?rest_route=%2Fwp%2Fv2%2Fproduct_tag&post=3977"}],"curies":[{"name":"wp","href":"https:\/\/api.w.org\/{rel}","templated":true}]}}