{"id":3972,"date":"2025-10-19T08:59:58","date_gmt":"2025-10-19T08:59:58","guid":{"rendered":"https:\/\/wavexia.com\/product\/embryolisse-lait-creme-retinol-like\/"},"modified":"2026-03-10T07:30:59","modified_gmt":"2026-03-10T07:30:59","slug":"embryolisse-lait-creme-retinol-like","status":"publish","type":"product","link":"https:\/\/wavexia.com\/?product=embryolisse-lait-creme-retinol-like","title":{"rendered":"EMBRYOLISSE \u2013 Lait-Cr\u00e8me R\u00e9tinol-like"},"content":{"rendered":"<h2>Description<\/h2>\n<h5 class=\"mx-title h2\">Un soin surdou\u00e9 5 en 1<\/h5>\n<p class=\"mx-undertitle p\">Anti-rides \u2013 Hydratation \u2013 Nutrition \u2013 Protection<\/p>\n<p>Ce soin multi-fonctions est le nouveau secret des experts beaut\u00e9 et des adeptes de la gamme Lait-Cr\u00e8me. Avec le Lait-Cr\u00e8me R\u00e9tinol-like, d\u00e9couvrez tous les pouvoirs du Lait\u2011Cr\u00e8me Concentr\u00e9, avec la puissance anti\u2011rides en plus !<\/p>\n<p>D\u00e9couvrez le&nbsp;<strong>premier soin anti-rides multi-fonctions 5 en 1*,<\/strong>&nbsp;le Lait-Cr\u00e8me R\u00e9tinol-like.<\/p>\n<p>Gr\u00e2ce \u00e0 son actif innovant, R\u00e9tinol-like v\u00e9g\u00e9tal** 100 % fran\u00e7ais, ce soin offre un puissant pouvoir anti-rides comparable au R\u00e9tinol, sans ses effets ind\u00e9sirables. Une alternative d\u2019origine naturelle, performante et accessible, sans compromis sur l\u2019efficacit\u00e9 et la tol\u00e9rance, puisqu\u2019elle apporte une solution anti-rides compl\u00e8te et efficace \u00e0 tous les \u00e2ges, et m\u00eame aux peaux sensibles.<\/p>\n<p><strong>L\u2019efficacit\u00e9 du R\u00e9tinol\u2011like v\u00e9g\u00e9tal dans un Lait\u2011Cr\u00e8me 5 en 1 :<\/strong><\/p>\n<ul>\n<li>Soin hydratant&nbsp;<strong>anti-rides<\/strong><\/li>\n<li>Base de maquillage&nbsp;<strong>lissante<\/strong><\/li>\n<li>Masque&nbsp;<strong>r\u00e9g\u00e9n\u00e9rant<\/strong><\/li>\n<li>Cr\u00e8me de nuit&nbsp;<strong>redensifiante<\/strong><\/li>\n<li>Lait corps&nbsp;<strong>revitalisant<\/strong><\/li>\n<\/ul>\n<p><strong>Ses secrets ?<\/strong><\/p>\n<p>Ce soin multi-fonctions est le nouveau secret des experts beaut\u00e9 et des adeptes de la gamme Lait-Cr\u00e8me. Au c\u0153ur de la formule du Lait\u2011Cr\u00e8me R\u00e9tinol\u2011like, on retrouve le secret, commun \u00e0 tous les Lait\u2011Cr\u00e8me d\u2019Embryolisse et qui fait son succ\u00e8s depuis plus de 70 ans : un c\u0153ur lipidique pour hydrater, nourrir et prot\u00e9ger toutes les peaux. Avec sa texture lait, cr\u00e9meuse et riche, au doux parfum floral signature du Lait\u2011Cr\u00e8me, il offre un r\u00e9confort et une protection aux peaux s\u00e8ches, m\u00eame les plus d\u00e9licates.<\/p>\n<p>&nbsp;<\/p>\n","protected":false},"excerpt":{"rendered":"<p>Description Un soin surdou\u00e9 5 en 1 Anti-rides \u2013 Hydratation \u2013 Nutrition \u2013 Protection Ce soin multi-fonctions est le nouveau secret des experts beaut\u00e9 et des adeptes de la gamme Lait-Cr\u00e8me. Avec le Lait-Cr\u00e8me R\u00e9tinol-like, d\u00e9couvrez tous les pouvoirs du Lait\u2011Cr\u00e8me Concentr\u00e9, avec la puissance anti\u2011rides en plus ! D\u00e9couvrez le&nbsp;premier soin anti-rides multi-fonctions 5 [&hellip;]<\/p>\n","protected":false},"featured_media":3971,"comment_status":"open","ping_status":"closed","template":"","meta":{"content-type":"","_uag_custom_page_level_css":""},"pwb-brand":[],"product_brand":[],"product_cat":[357,326,329],"product_tag":[],"class_list":{"0":"post-3972","1":"product","2":"type-product","3":"status-publish","4":"has-post-thumbnail","6":"product_cat-anti-age-rides","7":"product_cat-embryolisse","8":"product_cat-produits-americains","10":"first","11":"instock","12":"sale","13":"shipping-taxable","14":"purchasable","15":"product-type-simple"},"aioseo_notices":[],"uagb_featured_image_src":{"full":["https:\/\/wavexia.com\/wp-content\/uploads\/2025\/10\/AA_LCRL75_FICHE-PRODUIT_ESHOP2-1200x1200-1.webp",883,883,false],"thumbnail":["https:\/\/wavexia.com\/wp-content\/uploads\/2025\/10\/AA_LCRL75_FICHE-PRODUIT_ESHOP2-1200x1200-1-150x150.webp",150,150,true],"medium":["https:\/\/wavexia.com\/wp-content\/uploads\/2025\/10\/AA_LCRL75_FICHE-PRODUIT_ESHOP2-1200x1200-1-300x300.webp",300,300,true],"medium_large":["https:\/\/wavexia.com\/wp-content\/uploads\/2025\/10\/AA_LCRL75_FICHE-PRODUIT_ESHOP2-1200x1200-1-768x768.webp",768,768,true],"large":["https:\/\/wavexia.com\/wp-content\/uploads\/2025\/10\/AA_LCRL75_FICHE-PRODUIT_ESHOP2-1200x1200-1.webp",883,883,false],"1536x1536":["https:\/\/wavexia.com\/wp-content\/uploads\/2025\/10\/AA_LCRL75_FICHE-PRODUIT_ESHOP2-1200x1200-1.webp",883,883,false],"2048x2048":["https:\/\/wavexia.com\/wp-content\/uploads\/2025\/10\/AA_LCRL75_FICHE-PRODUIT_ESHOP2-1200x1200-1.webp",883,883,false],"woocommerce_archive_thumbnail":["https:\/\/wavexia.com\/wp-content\/uploads\/2025\/10\/AA_LCRL75_FICHE-PRODUIT_ESHOP2-1200x1200-1-300x300.webp",300,300,true],"woocommerce_thumbnail":["https:\/\/wavexia.com\/wp-content\/uploads\/2025\/10\/AA_LCRL75_FICHE-PRODUIT_ESHOP2-1200x1200-1-300x300.webp",300,300,true],"woocommerce_single":["https:\/\/wavexia.com\/wp-content\/uploads\/2025\/10\/AA_LCRL75_FICHE-PRODUIT_ESHOP2-1200x1200-1-600x600.webp",600,600,true],"woocommerce_gallery_thumbnail":["https:\/\/wavexia.com\/wp-content\/uploads\/2025\/10\/AA_LCRL75_FICHE-PRODUIT_ESHOP2-1200x1200-1-100x100.webp",100,100,true]},"uagb_author_info":{"display_name":"zineddine.ayoub98@gmail.com","author_link":"https:\/\/wavexia.com\/?author=0"},"uagb_comment_info":0,"uagb_excerpt":"Description Un soin surdou\u00e9 5 en 1 Anti-rides \u2013 Hydratation \u2013 Nutrition \u2013 Protection Ce soin multi-fonctions est le nouveau secret des experts beaut\u00e9 et des adeptes de la gamme Lait-Cr\u00e8me. Avec le Lait-Cr\u00e8me R\u00e9tinol-like, d\u00e9couvrez tous les pouvoirs du Lait\u2011Cr\u00e8me Concentr\u00e9, avec la puissance anti\u2011rides en plus ! D\u00e9couvrez le&nbsp;premier soin anti-rides multi-fonctions 5&hellip;","brands":[],"_links":{"self":[{"href":"https:\/\/wavexia.com\/index.php?rest_route=\/wp\/v2\/product\/3972","targetHints":{"allow":["GET"]}}],"collection":[{"href":"https:\/\/wavexia.com\/index.php?rest_route=\/wp\/v2\/product"}],"about":[{"href":"https:\/\/wavexia.com\/index.php?rest_route=\/wp\/v2\/types\/product"}],"replies":[{"embeddable":true,"href":"https:\/\/wavexia.com\/index.php?rest_route=%2Fwp%2Fv2%2Fcomments&post=3972"}],"wp:featuredmedia":[{"embeddable":true,"href":"https:\/\/wavexia.com\/index.php?rest_route=\/wp\/v2\/media\/3971"}],"wp:attachment":[{"href":"https:\/\/wavexia.com\/index.php?rest_route=%2Fwp%2Fv2%2Fmedia&parent=3972"}],"wp:term":[{"taxonomy":"pwb-brand","embeddable":true,"href":"https:\/\/wavexia.com\/index.php?rest_route=%2Fwp%2Fv2%2Fpwb-brand&post=3972"},{"taxonomy":"product_brand","embeddable":true,"href":"https:\/\/wavexia.com\/index.php?rest_route=%2Fwp%2Fv2%2Fproduct_brand&post=3972"},{"taxonomy":"product_cat","embeddable":true,"href":"https:\/\/wavexia.com\/index.php?rest_route=%2Fwp%2Fv2%2Fproduct_cat&post=3972"},{"taxonomy":"product_tag","embeddable":true,"href":"https:\/\/wavexia.com\/index.php?rest_route=%2Fwp%2Fv2%2Fproduct_tag&post=3972"}],"curies":[{"name":"wp","href":"https:\/\/api.w.org\/{rel}","templated":true}]}}