{"id":3967,"date":"2025-10-19T08:59:55","date_gmt":"2025-10-19T08:59:55","guid":{"rendered":"https:\/\/wavexia.com\/product\/tirtir-hydro-boost-enzyme-cleansing-balm-50ml\/"},"modified":"2026-03-10T07:30:59","modified_gmt":"2026-03-10T07:30:59","slug":"tirtir-hydro-boost-enzyme-cleansing-balm-50ml","status":"publish","type":"product","link":"https:\/\/wavexia.com\/?product=tirtir-hydro-boost-enzyme-cleansing-balm-50ml","title":{"rendered":"TIRTIR Hydro Boost Enzyme Cleansing Balm, 50ml"},"content":{"rendered":"<h2>Description<\/h2>\n<p>Le baume nettoyant enzymatique Hydro Boost de TIRTIR semble \u00eatre un ajout fantastique \u00e0 la routine de soins de la peau de n\u2019importe qui ! Sa texture cr\u00e9meuse se transformant en un nettoyant \u00e0 l\u2019huile laiteuse est attrayante pour un nettoyage en profondeur mais doux. L\u2019inclusion du complexe brevet\u00e9 d\u2019enzymes de riz et de cinq probiotiques est intrigante&nbsp;; Ils travaillent probablement ensemble pour r\u00e9tablir l\u2019\u00e9quilibre naturel de la peau tout en la nourrissant.<\/p>\n<p>La pr\u00e9sence d\u2019extrait de riz pour l\u2019hydratation, de niacinamide pour l\u2019\u00e9claircissement et d\u2019huile de son de riz pour le resserrement des pores ajoute encore plus de profondeur \u00e0 ses bienfaits. Ces ingr\u00e9dients sont connus pour leur efficacit\u00e9 dans les soins de la peau et semblent bien s\u00e9lectionn\u00e9s pour ce produit.<\/p>\n<p>Les am\u00e9liorations signal\u00e9es des points noirs, des points blancs et du d\u00e9maquillage apr\u00e8s une seule utilisation sont des statistiques impressionnantes. Cela t\u00e9moigne de l\u2019efficacit\u00e9 du produit dans le nettoyage en profondeur et l\u2019affinement de la texture de la peau.<\/p>\n<p>De plus, le fait qu\u2019il soit test\u00e9 hypoallerg\u00e9nique le rend adapt\u00e9 aux peaux sensibles, ce qui est toujours un plus.<\/p>\n<p>Dans l\u2019ensemble, le baume nettoyant enzymatique Hydro Boost de TIRTIR semble \u00eatre une solution prometteuse pour ceux qui recherchent un nettoyant en profondeur mais doux qui r\u00e9pond \u00e0 divers probl\u00e8mes de peau.<\/p>\n<h5>mode d\u2019emploi:<\/h5>\n<p>1. Commencez par pr\u00e9lever une quantit\u00e9 de la taille d\u2019une perle du baume avec les mains s\u00e8ches et massez-le doucement sur votre visage sec.<\/p>\n<p>2. Ensuite, \u00e9mulsionnez le baume en ajoutant de l\u2019eau ti\u00e8de et continuez \u00e0 masser. Ensuite, rincez abondamment \u00e0 l\u2019eau ti\u00e8de.<\/p>\n<h5>ingr\u00e9dients:<\/h5>\n<p>Palmitate d\u2019\u00e9thylhexyle, triisost\u00e9arate de glyc\u00e9ryle PEG-20, hexanoate de c\u00e9tyle, isost\u00e9arate de PEG-10, cire synth\u00e9tique, huile de son d\u2019Oryza Sativa (riz), caprylyl glycol, ac\u00e9tate de tocoph\u00e9ryle, huile de graines de Camellia Sinensis, huile de graines de Camellia Japonica, squalane, huile de graines de Simmondsia Chinensis (jojoba), \u00e9thylhexylglyc\u00e9rine, eau, niacinamide, allanto\u00efne, panth\u00e9nol, extrait de feuille de Camellia Sinensis, butyl\u00e8ne glycol, tocoph\u00e9rol, 1,2-hexanediol, extrait d\u2019hamam\u00e9lis de Virginie (hamam\u00e9lis), filtrat de ferment de bifida, Lysat de ferment de bifida, filtrat de ferment de saccharomyces, lysat de ferment de lactobacille, lysat de ferment de lactocoque, extrait de racine de Glycyrrhiza glabra (r\u00e9glisse), extrait de Centella Asiatica, extrait d\u2019Oryza sativa (riz), extrait de Lavandula Angustifolia (lavande), extrait de Rosmarinus Officinalis (romarin), extrait de feuille de monarda didyma, extrait de fleur d\u2019Anthemis Nobilis, extrait de jasminum officinale (jasmin), prot\u00e9ase<\/p>\n","protected":false},"excerpt":{"rendered":"<p>Description Le baume nettoyant enzymatique Hydro Boost de TIRTIR semble \u00eatre un ajout fantastique \u00e0 la routine de soins de la peau de n\u2019importe qui ! Sa texture cr\u00e9meuse se transformant en un nettoyant \u00e0 l\u2019huile laiteuse est attrayante pour un nettoyage en profondeur mais doux. L\u2019inclusion du complexe brevet\u00e9 d\u2019enzymes de riz et de [&hellip;]<\/p>\n","protected":false},"featured_media":3966,"comment_status":"open","ping_status":"closed","template":"","meta":{"content-type":"","_uag_custom_page_level_css":""},"pwb-brand":[],"product_brand":[],"product_cat":[367,328,334,370],"product_tag":[],"class_list":{"0":"post-3967","1":"product","2":"type-product","3":"status-publish","4":"has-post-thumbnail","6":"product_cat-huile-baume-nettoyante","7":"product_cat-nouveautes","8":"product_cat-produits-coreens","9":"product_cat-tirtir","11":"first","12":"instock","13":"sale","14":"shipping-taxable","15":"purchasable","16":"product-type-simple"},"aioseo_notices":[],"uagb_featured_image_src":{"full":["https:\/\/wavexia.com\/wp-content\/uploads\/2025\/10\/tirtir-hydro-boost-enzyme-cleansing-balm-50-ml-65929990472063.webp",645,645,false],"thumbnail":["https:\/\/wavexia.com\/wp-content\/uploads\/2025\/10\/tirtir-hydro-boost-enzyme-cleansing-balm-50-ml-65929990472063-150x150.webp",150,150,true],"medium":["https:\/\/wavexia.com\/wp-content\/uploads\/2025\/10\/tirtir-hydro-boost-enzyme-cleansing-balm-50-ml-65929990472063-300x300.webp",300,300,true],"medium_large":["https:\/\/wavexia.com\/wp-content\/uploads\/2025\/10\/tirtir-hydro-boost-enzyme-cleansing-balm-50-ml-65929990472063.webp",645,645,false],"large":["https:\/\/wavexia.com\/wp-content\/uploads\/2025\/10\/tirtir-hydro-boost-enzyme-cleansing-balm-50-ml-65929990472063.webp",645,645,false],"1536x1536":["https:\/\/wavexia.com\/wp-content\/uploads\/2025\/10\/tirtir-hydro-boost-enzyme-cleansing-balm-50-ml-65929990472063.webp",645,645,false],"2048x2048":["https:\/\/wavexia.com\/wp-content\/uploads\/2025\/10\/tirtir-hydro-boost-enzyme-cleansing-balm-50-ml-65929990472063.webp",645,645,false],"woocommerce_archive_thumbnail":["https:\/\/wavexia.com\/wp-content\/uploads\/2025\/10\/tirtir-hydro-boost-enzyme-cleansing-balm-50-ml-65929990472063-300x300.webp",300,300,true],"woocommerce_thumbnail":["https:\/\/wavexia.com\/wp-content\/uploads\/2025\/10\/tirtir-hydro-boost-enzyme-cleansing-balm-50-ml-65929990472063-300x300.webp",300,300,true],"woocommerce_single":["https:\/\/wavexia.com\/wp-content\/uploads\/2025\/10\/tirtir-hydro-boost-enzyme-cleansing-balm-50-ml-65929990472063-600x600.webp",600,600,true],"woocommerce_gallery_thumbnail":["https:\/\/wavexia.com\/wp-content\/uploads\/2025\/10\/tirtir-hydro-boost-enzyme-cleansing-balm-50-ml-65929990472063-100x100.webp",100,100,true]},"uagb_author_info":{"display_name":"zineddine.ayoub98@gmail.com","author_link":"https:\/\/wavexia.com\/?author=0"},"uagb_comment_info":0,"uagb_excerpt":"Description Le baume nettoyant enzymatique Hydro Boost de TIRTIR semble \u00eatre un ajout fantastique \u00e0 la routine de soins de la peau de n\u2019importe qui ! Sa texture cr\u00e9meuse se transformant en un nettoyant \u00e0 l\u2019huile laiteuse est attrayante pour un nettoyage en profondeur mais doux. L\u2019inclusion du complexe brevet\u00e9 d\u2019enzymes de riz et de&hellip;","brands":[],"_links":{"self":[{"href":"https:\/\/wavexia.com\/index.php?rest_route=\/wp\/v2\/product\/3967","targetHints":{"allow":["GET"]}}],"collection":[{"href":"https:\/\/wavexia.com\/index.php?rest_route=\/wp\/v2\/product"}],"about":[{"href":"https:\/\/wavexia.com\/index.php?rest_route=\/wp\/v2\/types\/product"}],"replies":[{"embeddable":true,"href":"https:\/\/wavexia.com\/index.php?rest_route=%2Fwp%2Fv2%2Fcomments&post=3967"}],"wp:featuredmedia":[{"embeddable":true,"href":"https:\/\/wavexia.com\/index.php?rest_route=\/wp\/v2\/media\/3966"}],"wp:attachment":[{"href":"https:\/\/wavexia.com\/index.php?rest_route=%2Fwp%2Fv2%2Fmedia&parent=3967"}],"wp:term":[{"taxonomy":"pwb-brand","embeddable":true,"href":"https:\/\/wavexia.com\/index.php?rest_route=%2Fwp%2Fv2%2Fpwb-brand&post=3967"},{"taxonomy":"product_brand","embeddable":true,"href":"https:\/\/wavexia.com\/index.php?rest_route=%2Fwp%2Fv2%2Fproduct_brand&post=3967"},{"taxonomy":"product_cat","embeddable":true,"href":"https:\/\/wavexia.com\/index.php?rest_route=%2Fwp%2Fv2%2Fproduct_cat&post=3967"},{"taxonomy":"product_tag","embeddable":true,"href":"https:\/\/wavexia.com\/index.php?rest_route=%2Fwp%2Fv2%2Fproduct_tag&post=3967"}],"curies":[{"name":"wp","href":"https:\/\/api.w.org\/{rel}","templated":true}]}}