{"id":3965,"date":"2025-10-19T08:59:54","date_gmt":"2025-10-19T08:59:54","guid":{"rendered":"https:\/\/wavexia.com\/product\/1-kojie-san-skin-lightening-soap-135g\/"},"modified":"2026-03-10T07:30:59","modified_gmt":"2026-03-10T07:30:59","slug":"1-kojie-san-skin-lightening-soap-135g","status":"publish","type":"product","link":"https:\/\/wavexia.com\/?product=1-kojie-san-skin-lightening-soap-135g","title":{"rendered":"1- KOJIE SAN Skin Lightening Soap 135g"},"content":{"rendered":"<h2>Description<\/h2>\n<ul class=\"a-unordered-list a-vertical a-spacing-mini\">\n<li class=\"a-spacing-mini\"><span class=\"a-list-item\">\u00c9claircissement De La Peau De La San Kojie Savon Import\u00e9 Des Philippines<\/span><\/li>\n<li class=\"a-spacing-mini\"><span class=\"a-list-item\">Adapt\u00e9 Pour Une Utilisation Sur Le Visage Et Le Corps, Hydratant \u00c0 L\u2019huile De Coco Pr\u00e9pare La Peau Pour Une Absorption Maximale De L\u2019acide Kojique<\/span><\/li>\n<li class=\"a-spacing-mini\"><span class=\"a-list-item\">\u00c9claircit D\u00e9licatement Les Taches De Rousseur Et D\u2019autres Signes D\u2019agression Solaire<\/span><\/li>\n<li class=\"a-spacing-mini\"><span class=\"a-list-item\">Gu\u00e9rit Les Imperfections De L\u2019acn\u00e9 En Douceur Et \u00c9limine Les Cicatrices Et Marques Rouges<\/span><\/li>\n<li class=\"a-spacing-mini\"><span class=\"a-list-item\">Une Utilisation Continue Am\u00e9liorera La Peau Et Pr\u00e9venir Les \u00c9ruptions<\/span><\/li>\n<\/ul>\n","protected":false},"excerpt":{"rendered":"<p>Description \u00c9claircissement De La Peau De La San Kojie Savon Import\u00e9 Des Philippines Adapt\u00e9 Pour Une Utilisation Sur Le Visage Et Le Corps, Hydratant \u00c0 L\u2019huile De Coco Pr\u00e9pare La Peau Pour Une Absorption Maximale De L\u2019acide Kojique \u00c9claircit D\u00e9licatement Les Taches De Rousseur Et D\u2019autres Signes D\u2019agression Solaire Gu\u00e9rit Les Imperfections De L\u2019acn\u00e9 En [&hellip;]<\/p>\n","protected":false},"featured_media":3964,"comment_status":"open","ping_status":"closed","template":"","meta":{"content-type":"","_uag_custom_page_level_css":""},"pwb-brand":[],"product_brand":[],"product_cat":[322,423,334],"product_tag":[],"class_list":{"0":"post-3965","1":"product","2":"type-product","3":"status-publish","4":"has-post-thumbnail","6":"product_cat-corps-bain","7":"product_cat-kojie-san","8":"product_cat-produits-coreens","10":"first","11":"instock","12":"sale","13":"shipping-taxable","14":"purchasable","15":"product-type-simple"},"aioseo_notices":[],"uagb_featured_image_src":{"full":["https:\/\/wavexia.com\/wp-content\/uploads\/2025\/10\/KS-KOJISANSOAP-135-adam2019.jpg",1200,1200,false],"thumbnail":["https:\/\/wavexia.com\/wp-content\/uploads\/2025\/10\/KS-KOJISANSOAP-135-adam2019-150x150.jpg",150,150,true],"medium":["https:\/\/wavexia.com\/wp-content\/uploads\/2025\/10\/KS-KOJISANSOAP-135-adam2019-300x300.jpg",300,300,true],"medium_large":["https:\/\/wavexia.com\/wp-content\/uploads\/2025\/10\/KS-KOJISANSOAP-135-adam2019-768x768.jpg",768,768,true],"large":["https:\/\/wavexia.com\/wp-content\/uploads\/2025\/10\/KS-KOJISANSOAP-135-adam2019-1024x1024.jpg",1024,1024,true],"1536x1536":["https:\/\/wavexia.com\/wp-content\/uploads\/2025\/10\/KS-KOJISANSOAP-135-adam2019.jpg",1200,1200,false],"2048x2048":["https:\/\/wavexia.com\/wp-content\/uploads\/2025\/10\/KS-KOJISANSOAP-135-adam2019.jpg",1200,1200,false],"woocommerce_archive_thumbnail":["https:\/\/wavexia.com\/wp-content\/uploads\/2025\/10\/KS-KOJISANSOAP-135-adam2019-300x300.jpg",300,300,true],"woocommerce_thumbnail":["https:\/\/wavexia.com\/wp-content\/uploads\/2025\/10\/KS-KOJISANSOAP-135-adam2019-300x300.jpg",300,300,true],"woocommerce_single":["https:\/\/wavexia.com\/wp-content\/uploads\/2025\/10\/KS-KOJISANSOAP-135-adam2019-600x600.jpg",600,600,true],"woocommerce_gallery_thumbnail":["https:\/\/wavexia.com\/wp-content\/uploads\/2025\/10\/KS-KOJISANSOAP-135-adam2019-100x100.jpg",100,100,true]},"uagb_author_info":{"display_name":"zineddine.ayoub98@gmail.com","author_link":"https:\/\/wavexia.com\/?author=0"},"uagb_comment_info":0,"uagb_excerpt":"Description \u00c9claircissement De La Peau De La San Kojie Savon Import\u00e9 Des Philippines Adapt\u00e9 Pour Une Utilisation Sur Le Visage Et Le Corps, Hydratant \u00c0 L\u2019huile De Coco Pr\u00e9pare La Peau Pour Une Absorption Maximale De L\u2019acide Kojique \u00c9claircit D\u00e9licatement Les Taches De Rousseur Et D\u2019autres Signes D\u2019agression Solaire Gu\u00e9rit Les Imperfections De L\u2019acn\u00e9 En&hellip;","brands":[],"_links":{"self":[{"href":"https:\/\/wavexia.com\/index.php?rest_route=\/wp\/v2\/product\/3965","targetHints":{"allow":["GET"]}}],"collection":[{"href":"https:\/\/wavexia.com\/index.php?rest_route=\/wp\/v2\/product"}],"about":[{"href":"https:\/\/wavexia.com\/index.php?rest_route=\/wp\/v2\/types\/product"}],"replies":[{"embeddable":true,"href":"https:\/\/wavexia.com\/index.php?rest_route=%2Fwp%2Fv2%2Fcomments&post=3965"}],"wp:featuredmedia":[{"embeddable":true,"href":"https:\/\/wavexia.com\/index.php?rest_route=\/wp\/v2\/media\/3964"}],"wp:attachment":[{"href":"https:\/\/wavexia.com\/index.php?rest_route=%2Fwp%2Fv2%2Fmedia&parent=3965"}],"wp:term":[{"taxonomy":"pwb-brand","embeddable":true,"href":"https:\/\/wavexia.com\/index.php?rest_route=%2Fwp%2Fv2%2Fpwb-brand&post=3965"},{"taxonomy":"product_brand","embeddable":true,"href":"https:\/\/wavexia.com\/index.php?rest_route=%2Fwp%2Fv2%2Fproduct_brand&post=3965"},{"taxonomy":"product_cat","embeddable":true,"href":"https:\/\/wavexia.com\/index.php?rest_route=%2Fwp%2Fv2%2Fproduct_cat&post=3965"},{"taxonomy":"product_tag","embeddable":true,"href":"https:\/\/wavexia.com\/index.php?rest_route=%2Fwp%2Fv2%2Fproduct_tag&post=3965"}],"curies":[{"name":"wp","href":"https:\/\/api.w.org\/{rel}","templated":true}]}}