{"id":3961,"date":"2025-10-19T08:59:51","date_gmt":"2025-10-19T08:59:51","guid":{"rendered":"https:\/\/wavexia.com\/product\/laneige-lip-sleeping-mask-20g-ref-vanilla\/"},"modified":"2026-03-10T07:30:59","modified_gmt":"2026-03-10T07:30:59","slug":"laneige-lip-sleeping-mask-20g-ref-vanilla","status":"publish","type":"product","link":"https:\/\/wavexia.com\/?product=laneige-lip-sleeping-mask-20g-ref-vanilla","title":{"rendered":"LANEIGE Lip Sleeping Mask 20g R\u00e9f Vanilla"},"content":{"rendered":"<h2>Description<\/h2>\n<p>Un masque de nuit nourrissant pour les l\u00e8vres.<\/p>\n<p>R\u00e9veillez-vous avec des l\u00e8vres douces comme un b\u00e9b\u00e9 avec le masque de nuit pour les l\u00e8vres Laneige. Ce masque de nuit pour les l\u00e8vres agit comme un baume \u00e0 l\u00e8vres nourrissant pour maximiser l\u2019hydratation tout en \u00e9liminant en douceur les cellules mortes de la peau \u00e0 la surface des l\u00e8vres. Enrichi d\u2019un m\u00e9lange de vitamine C et de puissants antioxydants, il nourrit et r\u00e9g\u00e9n\u00e8re les l\u00e8vres gerc\u00e9es pendant la nuit.<\/p>\n<ul>\n<li>Voici les produits incontournables de Laneige \u2013 d\u00e9couvrez-les tous&nbsp;<strong><a href=\"https:\/\/www.beautybay.com\/edited\/laneige-k-beauty\/\">ici<\/a><\/strong><\/li>\n<li>Voici comment r\u00e9ussir le look de fille propre sur TikTok \u2013 d\u00e9couvrez tout ce que vous devez savoir&nbsp;<strong><a href=\"https:\/\/www.beautybay.com\/edited\/tiktok-clean-girl-look\/\">ici<\/a><\/strong><\/li>\n<\/ul>\n<p><strong><em>Rencontrez Laneige<\/em><\/strong><\/p>\n<p>Si vous nous demandez \u00ab qu\u2019est-ce qu\u2019il y a dans votre sac ? \u00bb, c\u2019est&nbsp;<a href=\"https:\/\/www.beautybay.com\/l\/laneige\/\">Laneige<\/a>. Ils ont inond\u00e9 nos flux (et nos \u00e9tag\u00e8res) de leur collection de formules d\u00e9salt\u00e9rantes, stimulantes et hydratantes pour la peau. Soutenus par 25 ans d\u2019expertise dans les sciences de l\u2019eau, leurs produits sont la r\u00e9f\u00e9rence ultime pour cet \u00e9clat de peau de verre. Viral pour son&nbsp;<a href=\"https:\/\/www.beautybay.com\/p\/laneige\/lip-sleeping-mask\/\">masque de sommeil pour les l\u00e8vres<\/a>&nbsp;ultra-doux et son&nbsp;<a href=\"https:\/\/www.beautybay.com\/p\/laneige\/lip-glowy-balm\/berry\/\">baume pour les l\u00e8vres \u00e9clatantes<\/a>, Laneige m\u00e9lange parfaitement cette esth\u00e9tique digne d\u2019\u00eatre nourrie avec des solutions de soins de la peau efficaces.<\/p>\n<ul>\n<li>Avant d\u2019aller au lit le soir, appliquez une quantit\u00e9 ad\u00e9quate sur les l\u00e8vres \u00e0 l\u2019aide de la spatule int\u00e9gr\u00e9e.<\/li>\n<li>Le lendemain matin, essuyez doucement les l\u00e8vres avec un mouchoir ou un coton.<\/li>\n<\/ul>\n","protected":false},"excerpt":{"rendered":"<p>Description Un masque de nuit nourrissant pour les l\u00e8vres. R\u00e9veillez-vous avec des l\u00e8vres douces comme un b\u00e9b\u00e9 avec le masque de nuit pour les l\u00e8vres Laneige. Ce masque de nuit pour les l\u00e8vres agit comme un baume \u00e0 l\u00e8vres nourrissant pour maximiser l\u2019hydratation tout en \u00e9liminant en douceur les cellules mortes de la peau \u00e0 [&hellip;]<\/p>\n","protected":false},"featured_media":3960,"comment_status":"open","ping_status":"closed","template":"","meta":{"content-type":"","_uag_custom_page_level_css":""},"pwb-brand":[],"product_brand":[],"product_cat":[392,395],"product_tag":[],"class_list":{"0":"post-3961","1":"product","2":"type-product","3":"status-publish","4":"has-post-thumbnail","6":"product_cat-baume-a-levres","7":"product_cat-laneige","9":"first","10":"instock","11":"sale","12":"shipping-taxable","13":"purchasable","14":"product-type-simple"},"aioseo_notices":[],"uagb_featured_image_src":{"full":["https:\/\/wavexia.com\/wp-content\/uploads\/2025\/10\/InShot_20230704_125456295.webp",1920,1920,false],"thumbnail":["https:\/\/wavexia.com\/wp-content\/uploads\/2025\/10\/InShot_20230704_125456295-150x150.webp",150,150,true],"medium":["https:\/\/wavexia.com\/wp-content\/uploads\/2025\/10\/InShot_20230704_125456295-300x300.webp",300,300,true],"medium_large":["https:\/\/wavexia.com\/wp-content\/uploads\/2025\/10\/InShot_20230704_125456295-768x768.webp",768,768,true],"large":["https:\/\/wavexia.com\/wp-content\/uploads\/2025\/10\/InShot_20230704_125456295-1024x1024.webp",1024,1024,true],"1536x1536":["https:\/\/wavexia.com\/wp-content\/uploads\/2025\/10\/InShot_20230704_125456295-1536x1536.webp",1536,1536,true],"2048x2048":["https:\/\/wavexia.com\/wp-content\/uploads\/2025\/10\/InShot_20230704_125456295.webp",1920,1920,false],"woocommerce_archive_thumbnail":["https:\/\/wavexia.com\/wp-content\/uploads\/2025\/10\/InShot_20230704_125456295-300x300.webp",300,300,true],"woocommerce_thumbnail":["https:\/\/wavexia.com\/wp-content\/uploads\/2025\/10\/InShot_20230704_125456295-300x300.webp",300,300,true],"woocommerce_single":["https:\/\/wavexia.com\/wp-content\/uploads\/2025\/10\/InShot_20230704_125456295-600x600.webp",600,600,true],"woocommerce_gallery_thumbnail":["https:\/\/wavexia.com\/wp-content\/uploads\/2025\/10\/InShot_20230704_125456295-100x100.webp",100,100,true]},"uagb_author_info":{"display_name":"zineddine.ayoub98@gmail.com","author_link":"https:\/\/wavexia.com\/?author=0"},"uagb_comment_info":0,"uagb_excerpt":"Description Un masque de nuit nourrissant pour les l\u00e8vres. R\u00e9veillez-vous avec des l\u00e8vres douces comme un b\u00e9b\u00e9 avec le masque de nuit pour les l\u00e8vres Laneige. Ce masque de nuit pour les l\u00e8vres agit comme un baume \u00e0 l\u00e8vres nourrissant pour maximiser l\u2019hydratation tout en \u00e9liminant en douceur les cellules mortes de la peau \u00e0&hellip;","brands":[],"_links":{"self":[{"href":"https:\/\/wavexia.com\/index.php?rest_route=\/wp\/v2\/product\/3961","targetHints":{"allow":["GET"]}}],"collection":[{"href":"https:\/\/wavexia.com\/index.php?rest_route=\/wp\/v2\/product"}],"about":[{"href":"https:\/\/wavexia.com\/index.php?rest_route=\/wp\/v2\/types\/product"}],"replies":[{"embeddable":true,"href":"https:\/\/wavexia.com\/index.php?rest_route=%2Fwp%2Fv2%2Fcomments&post=3961"}],"wp:featuredmedia":[{"embeddable":true,"href":"https:\/\/wavexia.com\/index.php?rest_route=\/wp\/v2\/media\/3960"}],"wp:attachment":[{"href":"https:\/\/wavexia.com\/index.php?rest_route=%2Fwp%2Fv2%2Fmedia&parent=3961"}],"wp:term":[{"taxonomy":"pwb-brand","embeddable":true,"href":"https:\/\/wavexia.com\/index.php?rest_route=%2Fwp%2Fv2%2Fpwb-brand&post=3961"},{"taxonomy":"product_brand","embeddable":true,"href":"https:\/\/wavexia.com\/index.php?rest_route=%2Fwp%2Fv2%2Fproduct_brand&post=3961"},{"taxonomy":"product_cat","embeddable":true,"href":"https:\/\/wavexia.com\/index.php?rest_route=%2Fwp%2Fv2%2Fproduct_cat&post=3961"},{"taxonomy":"product_tag","embeddable":true,"href":"https:\/\/wavexia.com\/index.php?rest_route=%2Fwp%2Fv2%2Fproduct_tag&post=3961"}],"curies":[{"name":"wp","href":"https:\/\/api.w.org\/{rel}","templated":true}]}}