{"id":3957,"date":"2025-10-19T08:59:48","date_gmt":"2025-10-19T08:59:48","guid":{"rendered":"https:\/\/wavexia.com\/product\/axis-y-mugwort-pore-clarifying-wash-off-pack-100ml\/"},"modified":"2026-03-10T07:30:59","modified_gmt":"2026-03-10T07:30:59","slug":"axis-y-mugwort-pore-clarifying-wash-off-pack-100ml","status":"publish","type":"product","link":"https:\/\/wavexia.com\/?product=axis-y-mugwort-pore-clarifying-wash-off-pack-100ml","title":{"rendered":"AXIS-Y MUGWORT PORE CLARIFYING WASH OFF PACK 100ML"},"content":{"rendered":"<h2>Description<\/h2>\n<p>Nous avons \u00e9t\u00e9 inspir\u00e9s par la campagne #StayStrong du gouvernement sud-cor\u00e9en pour soutenir la lutte contre le COVID-19 dans les communaut\u00e9s du monde entier. Gr\u00e2ce \u00e0 notre nouveau produit, nous voulions ajouter un moment de d\u00e9tente, de m\u00e9ditation et de soins personnels pour ceux qui passent plus de temps \u00e0 la maison pendant la pand\u00e9mie. Nous avons \u00e9galement remarqu\u00e9 que des membres de nos communaut\u00e9s souffraient de probl\u00e8mes de peau caus\u00e9s par le port quotidien de masques, surnomm\u00e9s par les r\u00e9seaux sociaux \u00ab maskne \u00bb. Nous avons formul\u00e9 notre pack de produits nettoyants avec des ingr\u00e9dients pour aider \u00e0 traiter ces irritations cutan\u00e9es stressantes et douloureuses.<\/p>\n<div class=\"how-to-step\">\n<p>\u00c9tape 1.<\/p>\n<p class=\"accordion__custom-desc\">Utilisez la spatule fournie ou notre spatule de masquage sans d\u00e9g\u00e2ts pour pr\u00e9lever une quantit\u00e9 ad\u00e9quate sur un visage propre et sec.<\/p>\n<div class=\"how-to-step\">\n<p>\u00c9tape 2.<\/p>\n<p class=\"accordion__custom-desc\">Appliquer une couche uniforme sur le visage en \u00e9vitant le contour imm\u00e9diat des yeux et de la bouche<\/p>\n<\/div>\n<div class=\"how-to-step\">\n<p>\u00c9tape 3.<\/p>\n<p class=\"accordion__custom-desc\">Laisser s\u00e9cher et durcir pendant environ 15 minutes et rincer \u00e0 l\u2019eau ti\u00e8de<\/p>\n<div class=\"ingredient-item\">\n<p>Haricots Adzuki<\/p>\n<p class=\"ingredients-accordion__desc\">\u00c9limine en douceur les cellules mortes de la peau<\/p>\n<\/div>\n<div class=\"ingredient-item\">\n<p>Lotus<\/p>\n<p class=\"ingredients-accordion__desc\">R\u00e9g\u00e9n\u00e8re et contr\u00f4le le s\u00e9bum, aide \u00e0 \u00e9liminer les radicaux libres qui favorisent le vieillissement cutan\u00e9, rendant la peau terne claire et lumineuse<\/p>\n<\/div>\n<div class=\"ingredient-item\">\n<p>Varech<\/p>\n<p class=\"ingredients-accordion__desc\">Revitalise et nourrit la peau rugueuse et irrit\u00e9e, la gardant nette<\/p>\n<\/div>\n<div class=\"ingredient-item\">\n<p>Artichaut<\/p>\n<p class=\"ingredients-accordion__desc\">Pr\u00e9venir le vieillissement cutan\u00e9 gr\u00e2ce \u00e0 ses propri\u00e9t\u00e9s antioxydantes<\/p>\n<\/div>\n<div class=\"ingredient-item\">\n<p>Haricot mungo<\/p>\n<p class=\"ingredients-accordion__desc\">Hydrate et illumine la peau, am\u00e9liore la texture et renforce la barri\u00e8re cutan\u00e9e pour aider la peau \u00e0 r\u00e9g\u00e9n\u00e9rer son \u00e9lasticit\u00e9<\/p>\n<\/div>\n<div class=\"ingredient-item\">\n<p>Feuille de coeur<\/p>\n<p class=\"ingredients-accordion__desc\">Augmente la promotion et la r\u00e9g\u00e9n\u00e9ration des cellules de la peau<\/p>\n<\/div>\n<p>&nbsp;<\/p>\n<\/div>\n<\/div>\n","protected":false},"excerpt":{"rendered":"<p>Description Nous avons \u00e9t\u00e9 inspir\u00e9s par la campagne #StayStrong du gouvernement sud-cor\u00e9en pour soutenir la lutte contre le COVID-19 dans les communaut\u00e9s du monde entier. Gr\u00e2ce \u00e0 notre nouveau produit, nous voulions ajouter un moment de d\u00e9tente, de m\u00e9ditation et de soins personnels pour ceux qui passent plus de temps \u00e0 la maison pendant la [&hellip;]<\/p>\n","protected":false},"featured_media":3956,"comment_status":"open","ping_status":"closed","template":"","meta":{"content-type":"","_uag_custom_page_level_css":""},"pwb-brand":[],"product_brand":[],"product_cat":[363,343,334],"product_tag":[],"class_list":{"0":"post-3957","1":"product","2":"type-product","3":"status-publish","4":"has-post-thumbnail","6":"product_cat-axis-y","7":"product_cat-masque","8":"product_cat-produits-coreens","10":"first","11":"instock","12":"sale","13":"shipping-taxable","14":"purchasable","15":"product-type-simple"},"aioseo_notices":[],"uagb_featured_image_src":{"full":["https:\/\/wavexia.com\/wp-content\/uploads\/2025\/10\/Product-page-sizes_c0e92c07-2a0f-4e27-b1d2-17b753b080d9.webp",800,800,false],"thumbnail":["https:\/\/wavexia.com\/wp-content\/uploads\/2025\/10\/Product-page-sizes_c0e92c07-2a0f-4e27-b1d2-17b753b080d9-150x150.webp",150,150,true],"medium":["https:\/\/wavexia.com\/wp-content\/uploads\/2025\/10\/Product-page-sizes_c0e92c07-2a0f-4e27-b1d2-17b753b080d9-300x300.webp",300,300,true],"medium_large":["https:\/\/wavexia.com\/wp-content\/uploads\/2025\/10\/Product-page-sizes_c0e92c07-2a0f-4e27-b1d2-17b753b080d9-768x768.webp",768,768,true],"large":["https:\/\/wavexia.com\/wp-content\/uploads\/2025\/10\/Product-page-sizes_c0e92c07-2a0f-4e27-b1d2-17b753b080d9.webp",800,800,false],"1536x1536":["https:\/\/wavexia.com\/wp-content\/uploads\/2025\/10\/Product-page-sizes_c0e92c07-2a0f-4e27-b1d2-17b753b080d9.webp",800,800,false],"2048x2048":["https:\/\/wavexia.com\/wp-content\/uploads\/2025\/10\/Product-page-sizes_c0e92c07-2a0f-4e27-b1d2-17b753b080d9.webp",800,800,false],"woocommerce_archive_thumbnail":["https:\/\/wavexia.com\/wp-content\/uploads\/2025\/10\/Product-page-sizes_c0e92c07-2a0f-4e27-b1d2-17b753b080d9-300x300.webp",300,300,true],"woocommerce_thumbnail":["https:\/\/wavexia.com\/wp-content\/uploads\/2025\/10\/Product-page-sizes_c0e92c07-2a0f-4e27-b1d2-17b753b080d9-300x300.webp",300,300,true],"woocommerce_single":["https:\/\/wavexia.com\/wp-content\/uploads\/2025\/10\/Product-page-sizes_c0e92c07-2a0f-4e27-b1d2-17b753b080d9-600x600.webp",600,600,true],"woocommerce_gallery_thumbnail":["https:\/\/wavexia.com\/wp-content\/uploads\/2025\/10\/Product-page-sizes_c0e92c07-2a0f-4e27-b1d2-17b753b080d9-100x100.webp",100,100,true]},"uagb_author_info":{"display_name":"zineddine.ayoub98@gmail.com","author_link":"https:\/\/wavexia.com\/?author=0"},"uagb_comment_info":0,"uagb_excerpt":"Description Nous avons \u00e9t\u00e9 inspir\u00e9s par la campagne #StayStrong du gouvernement sud-cor\u00e9en pour soutenir la lutte contre le COVID-19 dans les communaut\u00e9s du monde entier. Gr\u00e2ce \u00e0 notre nouveau produit, nous voulions ajouter un moment de d\u00e9tente, de m\u00e9ditation et de soins personnels pour ceux qui passent plus de temps \u00e0 la maison pendant la&hellip;","brands":[],"_links":{"self":[{"href":"https:\/\/wavexia.com\/index.php?rest_route=\/wp\/v2\/product\/3957","targetHints":{"allow":["GET"]}}],"collection":[{"href":"https:\/\/wavexia.com\/index.php?rest_route=\/wp\/v2\/product"}],"about":[{"href":"https:\/\/wavexia.com\/index.php?rest_route=\/wp\/v2\/types\/product"}],"replies":[{"embeddable":true,"href":"https:\/\/wavexia.com\/index.php?rest_route=%2Fwp%2Fv2%2Fcomments&post=3957"}],"wp:featuredmedia":[{"embeddable":true,"href":"https:\/\/wavexia.com\/index.php?rest_route=\/wp\/v2\/media\/3956"}],"wp:attachment":[{"href":"https:\/\/wavexia.com\/index.php?rest_route=%2Fwp%2Fv2%2Fmedia&parent=3957"}],"wp:term":[{"taxonomy":"pwb-brand","embeddable":true,"href":"https:\/\/wavexia.com\/index.php?rest_route=%2Fwp%2Fv2%2Fpwb-brand&post=3957"},{"taxonomy":"product_brand","embeddable":true,"href":"https:\/\/wavexia.com\/index.php?rest_route=%2Fwp%2Fv2%2Fproduct_brand&post=3957"},{"taxonomy":"product_cat","embeddable":true,"href":"https:\/\/wavexia.com\/index.php?rest_route=%2Fwp%2Fv2%2Fproduct_cat&post=3957"},{"taxonomy":"product_tag","embeddable":true,"href":"https:\/\/wavexia.com\/index.php?rest_route=%2Fwp%2Fv2%2Fproduct_tag&post=3957"}],"curies":[{"name":"wp","href":"https:\/\/api.w.org\/{rel}","templated":true}]}}