{"id":3938,"date":"2025-10-19T08:59:34","date_gmt":"2025-10-19T08:59:34","guid":{"rendered":"https:\/\/wavexia.com\/product\/elizavecca-collagen-coating-protein-ion-injection-cer-100-50-ml\/"},"modified":"2026-03-10T07:30:58","modified_gmt":"2026-03-10T07:30:58","slug":"elizavecca-collagen-coating-protein-ion-injection-cer-100-50-ml","status":"publish","type":"product","link":"https:\/\/wavexia.com\/?product=elizavecca-collagen-coating-protein-ion-injection-cer-100-50-ml","title":{"rendered":"Elizavecca Collagen Coating Protein Ion Injection CER-100 50 ml"},"content":{"rendered":"<h2>Description<\/h2>\n<p>Le&nbsp;<strong>Elizavecca Collagen Coating Protein Ion Injection CER-100<\/strong>&nbsp;est un traitement capillaire intensif sp\u00e9cialement con\u00e7u pour r\u00e9parer, renforcer et revitaliser les cheveux ab\u00eem\u00e9s ou fragilis\u00e9s. Enrichi en collag\u00e8ne hydrolys\u00e9 et en prot\u00e9ines nourrissantes, il p\u00e9n\u00e8tre profond\u00e9ment dans les fibres capillaires pour restaurer leur \u00e9lasticit\u00e9, leur douceur et leur brillance. Sa formule innovante agit comme une injection de vitalit\u00e9 pour vos cheveux, les prot\u00e9geant contre les agressions ext\u00e9rieures et pr\u00e9venant les dommages futurs.<\/p>\n","protected":false},"excerpt":{"rendered":"<p>Description Le&nbsp;Elizavecca Collagen Coating Protein Ion Injection CER-100&nbsp;est un traitement capillaire intensif sp\u00e9cialement con\u00e7u pour r\u00e9parer, renforcer et revitaliser les cheveux ab\u00eem\u00e9s ou fragilis\u00e9s. Enrichi en collag\u00e8ne hydrolys\u00e9 et en prot\u00e9ines nourrissantes, il p\u00e9n\u00e8tre profond\u00e9ment dans les fibres capillaires pour restaurer leur \u00e9lasticit\u00e9, leur douceur et leur brillance. Sa formule innovante agit comme une injection [&hellip;]<\/p>\n","protected":false},"featured_media":3937,"comment_status":"open","ping_status":"closed","template":"","meta":{"content-type":"","_uag_custom_page_level_css":""},"pwb-brand":[],"product_brand":[],"product_cat":[377,334],"product_tag":[],"class_list":{"0":"post-3938","1":"product","2":"type-product","3":"status-publish","4":"has-post-thumbnail","6":"product_cat-cheveux","7":"product_cat-produits-coreens","9":"first","10":"instock","11":"sale","12":"shipping-taxable","13":"purchasable","14":"product-type-simple"},"aioseo_notices":[],"uagb_featured_image_src":{"full":["https:\/\/wavexia.com\/wp-content\/uploads\/2025\/10\/OIP-12.jpeg",198,198,false],"thumbnail":["https:\/\/wavexia.com\/wp-content\/uploads\/2025\/10\/OIP-12-150x150.jpeg",150,150,true],"medium":["https:\/\/wavexia.com\/wp-content\/uploads\/2025\/10\/OIP-12.jpeg",198,198,false],"medium_large":["https:\/\/wavexia.com\/wp-content\/uploads\/2025\/10\/OIP-12.jpeg",198,198,false],"large":["https:\/\/wavexia.com\/wp-content\/uploads\/2025\/10\/OIP-12.jpeg",198,198,false],"1536x1536":["https:\/\/wavexia.com\/wp-content\/uploads\/2025\/10\/OIP-12.jpeg",198,198,false],"2048x2048":["https:\/\/wavexia.com\/wp-content\/uploads\/2025\/10\/OIP-12.jpeg",198,198,false],"woocommerce_archive_thumbnail":["https:\/\/wavexia.com\/wp-content\/uploads\/2025\/10\/OIP-12.jpeg",198,198,false],"woocommerce_thumbnail":["https:\/\/wavexia.com\/wp-content\/uploads\/2025\/10\/OIP-12.jpeg",198,198,false],"woocommerce_single":["https:\/\/wavexia.com\/wp-content\/uploads\/2025\/10\/OIP-12.jpeg",198,198,false],"woocommerce_gallery_thumbnail":["https:\/\/wavexia.com\/wp-content\/uploads\/2025\/10\/OIP-12-100x100.jpeg",100,100,true]},"uagb_author_info":{"display_name":"zineddine.ayoub98@gmail.com","author_link":"https:\/\/wavexia.com\/?author=0"},"uagb_comment_info":0,"uagb_excerpt":"Description Le&nbsp;Elizavecca Collagen Coating Protein Ion Injection CER-100&nbsp;est un traitement capillaire intensif sp\u00e9cialement con\u00e7u pour r\u00e9parer, renforcer et revitaliser les cheveux ab\u00eem\u00e9s ou fragilis\u00e9s. Enrichi en collag\u00e8ne hydrolys\u00e9 et en prot\u00e9ines nourrissantes, il p\u00e9n\u00e8tre profond\u00e9ment dans les fibres capillaires pour restaurer leur \u00e9lasticit\u00e9, leur douceur et leur brillance. Sa formule innovante agit comme une injection&hellip;","brands":[],"_links":{"self":[{"href":"https:\/\/wavexia.com\/index.php?rest_route=\/wp\/v2\/product\/3938","targetHints":{"allow":["GET"]}}],"collection":[{"href":"https:\/\/wavexia.com\/index.php?rest_route=\/wp\/v2\/product"}],"about":[{"href":"https:\/\/wavexia.com\/index.php?rest_route=\/wp\/v2\/types\/product"}],"replies":[{"embeddable":true,"href":"https:\/\/wavexia.com\/index.php?rest_route=%2Fwp%2Fv2%2Fcomments&post=3938"}],"wp:featuredmedia":[{"embeddable":true,"href":"https:\/\/wavexia.com\/index.php?rest_route=\/wp\/v2\/media\/3937"}],"wp:attachment":[{"href":"https:\/\/wavexia.com\/index.php?rest_route=%2Fwp%2Fv2%2Fmedia&parent=3938"}],"wp:term":[{"taxonomy":"pwb-brand","embeddable":true,"href":"https:\/\/wavexia.com\/index.php?rest_route=%2Fwp%2Fv2%2Fpwb-brand&post=3938"},{"taxonomy":"product_brand","embeddable":true,"href":"https:\/\/wavexia.com\/index.php?rest_route=%2Fwp%2Fv2%2Fproduct_brand&post=3938"},{"taxonomy":"product_cat","embeddable":true,"href":"https:\/\/wavexia.com\/index.php?rest_route=%2Fwp%2Fv2%2Fproduct_cat&post=3938"},{"taxonomy":"product_tag","embeddable":true,"href":"https:\/\/wavexia.com\/index.php?rest_route=%2Fwp%2Fv2%2Fproduct_tag&post=3938"}],"curies":[{"name":"wp","href":"https:\/\/api.w.org\/{rel}","templated":true}]}}