{"id":3933,"date":"2025-10-19T08:59:31","date_gmt":"2025-10-19T08:59:31","guid":{"rendered":"https:\/\/wavexia.com\/product\/commonlabs-vitamin-c-brightening-sun-serum-spf50-51ml\/"},"modified":"2026-03-10T07:30:58","modified_gmt":"2026-03-10T07:30:58","slug":"commonlabs-vitamin-c-brightening-sun-serum-spf50-51ml","status":"publish","type":"product","link":"https:\/\/wavexia.com\/?product=commonlabs-vitamin-c-brightening-sun-serum-spf50-51ml","title":{"rendered":"Commonlabs \u2013 Vitamin C Brightening Sun Serum SPF50 \u2013 51ml"},"content":{"rendered":"<h2>Description<\/h2>\n<p>Le s\u00e9rum solaire \u00e9claircissant \u00e0 la vitamine C de Commonlabs offre une protection puissante contre les rayons UV nocifs, tout en \u00e9claircissant et en nourrissant votre peau avec des vitamines essentielles. Enrichi en extrait de fruit d\u2019Hippophae Rhamnoides et en vitamine C, ce s\u00e9rum fournit \u00e0 votre peau de riches nutriments vitamin\u00e9s pour un teint \u00e9clatant. Gr\u00e2ce \u00e0 la technologie innovante Clear-Fence, les filtres UV sont encapsul\u00e9s pour une protection plus efficace contre le soleil.<\/p>\n<p>La texture fra\u00eeche et ros\u00e9e hydrate intens\u00e9ment la peau sans la rendre collante, ce qui rend le s\u00e9rum parfait pour un usage quotidien.<\/p>\n<p><strong>Ce s\u00e9rum :<\/strong><\/p>\n<ul>\n<li>offre une protection contre les UV<\/li>\n<li>FPS 50<\/li>\n<li>contient de la vitamine C<\/li>\n<li>pas collant<\/li>\n<li>Convient \u00e0 tous les types de peau<\/li>\n<li>sans cruaut\u00e9<\/li>\n<\/ul>\n<p><strong>Mode d\u2019emploi :<\/strong><\/p>\n<ul>\n<li>Appliquez le s\u00e9rum comme derni\u00e8re \u00e9tape de votre routine de soins de la peau.<\/li>\n<li>R\u00e9partir uniform\u00e9ment sur toutes les zones de la peau expos\u00e9es aux rayons UV, telles que le visage, le cou, les bras et les jambes.<\/li>\n<li>R\u00e9p\u00e9tez l\u2019op\u00e9ration si n\u00e9cessaire pour une protection optimale.<\/li>\n<\/ul>\n","protected":false},"excerpt":{"rendered":"<p>Description Le s\u00e9rum solaire \u00e9claircissant \u00e0 la vitamine C de Commonlabs offre une protection puissante contre les rayons UV nocifs, tout en \u00e9claircissant et en nourrissant votre peau avec des vitamines essentielles. Enrichi en extrait de fruit d\u2019Hippophae Rhamnoides et en vitamine C, ce s\u00e9rum fournit \u00e0 votre peau de riches nutriments vitamin\u00e9s pour un [&hellip;]<\/p>\n","protected":false},"featured_media":3932,"comment_status":"open","ping_status":"closed","template":"","meta":{"content-type":"","_uag_custom_page_level_css":""},"pwb-brand":[],"product_brand":[],"product_cat":[422,340,387],"product_tag":[],"class_list":{"0":"post-3933","1":"product","2":"type-product","3":"status-publish","4":"has-post-thumbnail","6":"product_cat-commonlabs","7":"product_cat-protection-solaire","8":"product_cat-vitamin-c","10":"first","11":"instock","12":"sale","13":"shipping-taxable","14":"purchasable","15":"product-type-simple"},"aioseo_notices":[],"uagb_featured_image_src":{"full":["https:\/\/wavexia.com\/wp-content\/uploads\/2025\/10\/commonlabs-vitamin-c-brightening-sun-serum-63621880938879.webp",600,600,false],"thumbnail":["https:\/\/wavexia.com\/wp-content\/uploads\/2025\/10\/commonlabs-vitamin-c-brightening-sun-serum-63621880938879-150x150.webp",150,150,true],"medium":["https:\/\/wavexia.com\/wp-content\/uploads\/2025\/10\/commonlabs-vitamin-c-brightening-sun-serum-63621880938879-300x300.webp",300,300,true],"medium_large":["https:\/\/wavexia.com\/wp-content\/uploads\/2025\/10\/commonlabs-vitamin-c-brightening-sun-serum-63621880938879.webp",600,600,false],"large":["https:\/\/wavexia.com\/wp-content\/uploads\/2025\/10\/commonlabs-vitamin-c-brightening-sun-serum-63621880938879.webp",600,600,false],"1536x1536":["https:\/\/wavexia.com\/wp-content\/uploads\/2025\/10\/commonlabs-vitamin-c-brightening-sun-serum-63621880938879.webp",600,600,false],"2048x2048":["https:\/\/wavexia.com\/wp-content\/uploads\/2025\/10\/commonlabs-vitamin-c-brightening-sun-serum-63621880938879.webp",600,600,false],"woocommerce_archive_thumbnail":["https:\/\/wavexia.com\/wp-content\/uploads\/2025\/10\/commonlabs-vitamin-c-brightening-sun-serum-63621880938879-300x300.webp",300,300,true],"woocommerce_thumbnail":["https:\/\/wavexia.com\/wp-content\/uploads\/2025\/10\/commonlabs-vitamin-c-brightening-sun-serum-63621880938879-300x300.webp",300,300,true],"woocommerce_single":["https:\/\/wavexia.com\/wp-content\/uploads\/2025\/10\/commonlabs-vitamin-c-brightening-sun-serum-63621880938879.webp",600,600,false],"woocommerce_gallery_thumbnail":["https:\/\/wavexia.com\/wp-content\/uploads\/2025\/10\/commonlabs-vitamin-c-brightening-sun-serum-63621880938879-100x100.webp",100,100,true]},"uagb_author_info":{"display_name":"zineddine.ayoub98@gmail.com","author_link":"https:\/\/wavexia.com\/?author=0"},"uagb_comment_info":0,"uagb_excerpt":"Description Le s\u00e9rum solaire \u00e9claircissant \u00e0 la vitamine C de Commonlabs offre une protection puissante contre les rayons UV nocifs, tout en \u00e9claircissant et en nourrissant votre peau avec des vitamines essentielles. Enrichi en extrait de fruit d\u2019Hippophae Rhamnoides et en vitamine C, ce s\u00e9rum fournit \u00e0 votre peau de riches nutriments vitamin\u00e9s pour un&hellip;","brands":[],"_links":{"self":[{"href":"https:\/\/wavexia.com\/index.php?rest_route=\/wp\/v2\/product\/3933","targetHints":{"allow":["GET"]}}],"collection":[{"href":"https:\/\/wavexia.com\/index.php?rest_route=\/wp\/v2\/product"}],"about":[{"href":"https:\/\/wavexia.com\/index.php?rest_route=\/wp\/v2\/types\/product"}],"replies":[{"embeddable":true,"href":"https:\/\/wavexia.com\/index.php?rest_route=%2Fwp%2Fv2%2Fcomments&post=3933"}],"wp:featuredmedia":[{"embeddable":true,"href":"https:\/\/wavexia.com\/index.php?rest_route=\/wp\/v2\/media\/3932"}],"wp:attachment":[{"href":"https:\/\/wavexia.com\/index.php?rest_route=%2Fwp%2Fv2%2Fmedia&parent=3933"}],"wp:term":[{"taxonomy":"pwb-brand","embeddable":true,"href":"https:\/\/wavexia.com\/index.php?rest_route=%2Fwp%2Fv2%2Fpwb-brand&post=3933"},{"taxonomy":"product_brand","embeddable":true,"href":"https:\/\/wavexia.com\/index.php?rest_route=%2Fwp%2Fv2%2Fproduct_brand&post=3933"},{"taxonomy":"product_cat","embeddable":true,"href":"https:\/\/wavexia.com\/index.php?rest_route=%2Fwp%2Fv2%2Fproduct_cat&post=3933"},{"taxonomy":"product_tag","embeddable":true,"href":"https:\/\/wavexia.com\/index.php?rest_route=%2Fwp%2Fv2%2Fproduct_tag&post=3933"}],"curies":[{"name":"wp","href":"https:\/\/api.w.org\/{rel}","templated":true}]}}