{"id":3929,"date":"2025-10-19T08:59:27","date_gmt":"2025-10-19T08:59:27","guid":{"rendered":"https:\/\/wavexia.com\/product\/sol-de-janeiro-brazilian-crush-cheirosa-62-240ml\/"},"modified":"2026-03-10T07:30:58","modified_gmt":"2026-03-10T07:30:58","slug":"sol-de-janeiro-brazilian-crush-cheirosa-62-240ml","status":"publish","type":"product","link":"https:\/\/wavexia.com\/?product=sol-de-janeiro-brazilian-crush-cheirosa-62-240ml","title":{"rendered":"Sol de Janeiro Brazilian Crush Cheirosa \u201962 \u2013 240ml"},"content":{"rendered":"<h2>Description<\/h2>\n<p>Une brume parfum\u00e9e pour le corps, d\u00e9bordante d\u2019un parfum s\u00e9duisant de pistache et de caramel sal\u00e9, \u00e0 utiliser sur le corps, les cheveux et la lingerie.<\/p>\n<p>&nbsp;<\/p>\n<p><strong>Si vous voulez en savoir plus\u2026<\/strong><\/p>\n<p>L\u2019un des secrets de beaut\u00e9 essentiels des Br\u00e9siliens est d\u2019\u00eatre cheirosa (sheh-r\u014d-zah), ce qui signifie toujours sentir incroyablement d\u00e9licieux du lever au coucher du soleil. Brazilian Crush, une brume parfum\u00e9e pour le corps, vous transporte instantan\u00e9ment sur les plages \u00e9touffantes de Rio de Janeiro. Inspir\u00e9 de la cr\u00e8me br\u00e9silienne Bum Bum parfum\u00e9e \u00e0 la pistache et au caramel sal\u00e9, Brazilian Crush est une immersion quotidienne d\u00e9licieusement ensoleill\u00e9e \u00e0 utiliser sur le corps, les cheveux et la lingerie.<\/p>\n<p>&nbsp;<\/p>\n<p><strong>Ce qu\u2019il est formul\u00e9 SANS :<\/strong><\/p>\n<p>\u2013 Parab\u00e8nes<\/p>\n<p>-Sulfates<\/p>\n<p>\u2013 Phtalates<\/p>\n","protected":false},"excerpt":{"rendered":"<p>Description Une brume parfum\u00e9e pour le corps, d\u00e9bordante d\u2019un parfum s\u00e9duisant de pistache et de caramel sal\u00e9, \u00e0 utiliser sur le corps, les cheveux et la lingerie. &nbsp; Si vous voulez en savoir plus\u2026 L\u2019un des secrets de beaut\u00e9 essentiels des Br\u00e9siliens est d\u2019\u00eatre cheirosa (sheh-r\u014d-zah), ce qui signifie toujours sentir incroyablement d\u00e9licieux du lever [&hellip;]<\/p>\n","protected":false},"featured_media":3928,"comment_status":"open","ping_status":"closed","template":"","meta":{"content-type":"","_uag_custom_page_level_css":""},"pwb-brand":[],"product_brand":[],"product_cat":[331,400],"product_tag":[],"class_list":{"0":"post-3929","1":"product","2":"type-product","3":"status-publish","4":"has-post-thumbnail","6":"product_cat-idees-cadeaux","7":"product_cat-sol-de-janeiro","9":"first","10":"instock","11":"sale","12":"shipping-taxable","13":"purchasable","14":"product-type-simple"},"aioseo_notices":[],"uagb_featured_image_src":{"full":["https:\/\/wavexia.com\/wp-content\/uploads\/2025\/10\/IMG_1052.png",342,342,false],"thumbnail":["https:\/\/wavexia.com\/wp-content\/uploads\/2025\/10\/IMG_1052-150x150.png",150,150,true],"medium":["https:\/\/wavexia.com\/wp-content\/uploads\/2025\/10\/IMG_1052-300x300.png",300,300,true],"medium_large":["https:\/\/wavexia.com\/wp-content\/uploads\/2025\/10\/IMG_1052.png",342,342,false],"large":["https:\/\/wavexia.com\/wp-content\/uploads\/2025\/10\/IMG_1052.png",342,342,false],"1536x1536":["https:\/\/wavexia.com\/wp-content\/uploads\/2025\/10\/IMG_1052.png",342,342,false],"2048x2048":["https:\/\/wavexia.com\/wp-content\/uploads\/2025\/10\/IMG_1052.png",342,342,false],"woocommerce_archive_thumbnail":["https:\/\/wavexia.com\/wp-content\/uploads\/2025\/10\/IMG_1052-300x300.png",300,300,true],"woocommerce_thumbnail":["https:\/\/wavexia.com\/wp-content\/uploads\/2025\/10\/IMG_1052-300x300.png",300,300,true],"woocommerce_single":["https:\/\/wavexia.com\/wp-content\/uploads\/2025\/10\/IMG_1052.png",342,342,false],"woocommerce_gallery_thumbnail":["https:\/\/wavexia.com\/wp-content\/uploads\/2025\/10\/IMG_1052-100x100.png",100,100,true]},"uagb_author_info":{"display_name":"zineddine.ayoub98@gmail.com","author_link":"https:\/\/wavexia.com\/?author=0"},"uagb_comment_info":0,"uagb_excerpt":"Description Une brume parfum\u00e9e pour le corps, d\u00e9bordante d\u2019un parfum s\u00e9duisant de pistache et de caramel sal\u00e9, \u00e0 utiliser sur le corps, les cheveux et la lingerie. &nbsp; Si vous voulez en savoir plus\u2026 L\u2019un des secrets de beaut\u00e9 essentiels des Br\u00e9siliens est d\u2019\u00eatre cheirosa (sheh-r\u014d-zah), ce qui signifie toujours sentir incroyablement d\u00e9licieux du lever&hellip;","brands":[],"_links":{"self":[{"href":"https:\/\/wavexia.com\/index.php?rest_route=\/wp\/v2\/product\/3929","targetHints":{"allow":["GET"]}}],"collection":[{"href":"https:\/\/wavexia.com\/index.php?rest_route=\/wp\/v2\/product"}],"about":[{"href":"https:\/\/wavexia.com\/index.php?rest_route=\/wp\/v2\/types\/product"}],"replies":[{"embeddable":true,"href":"https:\/\/wavexia.com\/index.php?rest_route=%2Fwp%2Fv2%2Fcomments&post=3929"}],"wp:featuredmedia":[{"embeddable":true,"href":"https:\/\/wavexia.com\/index.php?rest_route=\/wp\/v2\/media\/3928"}],"wp:attachment":[{"href":"https:\/\/wavexia.com\/index.php?rest_route=%2Fwp%2Fv2%2Fmedia&parent=3929"}],"wp:term":[{"taxonomy":"pwb-brand","embeddable":true,"href":"https:\/\/wavexia.com\/index.php?rest_route=%2Fwp%2Fv2%2Fpwb-brand&post=3929"},{"taxonomy":"product_brand","embeddable":true,"href":"https:\/\/wavexia.com\/index.php?rest_route=%2Fwp%2Fv2%2Fproduct_brand&post=3929"},{"taxonomy":"product_cat","embeddable":true,"href":"https:\/\/wavexia.com\/index.php?rest_route=%2Fwp%2Fv2%2Fproduct_cat&post=3929"},{"taxonomy":"product_tag","embeddable":true,"href":"https:\/\/wavexia.com\/index.php?rest_route=%2Fwp%2Fv2%2Fproduct_tag&post=3929"}],"curies":[{"name":"wp","href":"https:\/\/api.w.org\/{rel}","templated":true}]}}