{"id":3920,"date":"2025-10-19T08:59:18","date_gmt":"2025-10-19T08:59:18","guid":{"rendered":"https:\/\/wavexia.com\/product\/tocobo-lemon-sugar-lip-mask-20ml\/"},"modified":"2026-03-10T07:30:58","modified_gmt":"2026-03-10T07:30:58","slug":"tocobo-lemon-sugar-lip-mask-20ml","status":"publish","type":"product","link":"https:\/\/wavexia.com\/?product=tocobo-lemon-sugar-lip-mask-20ml","title":{"rendered":"TOCOBO Lemon Sugar Lip Mask 20ml"},"content":{"rendered":"<h2>Description<\/h2>\n<p><span>Un masque de soin sp\u00e9cial pour les l\u00e8vres o\u00f9 le gommage au sucre repousse les cellules mortes de la peau et fond<br \/>avec une formule baume contenant de l\u2019huile de citron et de l\u2019huile d\u2019olive pour hydrater et lisser les l\u00e8vres s\u00e8ches.<\/span><\/p>\n<h5><strong>Contenance<\/strong> : 20 ml (0,67 fl.oz)<\/h5>\n<h5>avantages:<\/h5>\n<div id=\"ProductAccordion--page-benefits--template--19883757732076__main--product_accordion_cVmQJb\" class=\"product__accordion__content is-expanded\" data-collapsible-container=\"\">\n<div class=\"product__accordion__inner rte\" data-collapsible-content=\"\">\n<div class=\"toggle-ellipsis__content\" data-content=\"\">\n<p><span class=\"metafield-multi_line_text_field\">\u2022 Infus\u00e9 de sucre, de citron et d\u2019huiles d\u2019olive pour nourrir et hydrater<br \/>\u2022 La formule sans rin\u00e7age rend le soin des l\u00e8vres rapide et sans<br \/>effort \u2022 Adoucit et revitalise instantan\u00e9ment les l\u00e8vres rugueuses et gerc\u00e9es<\/span><\/p>\n<h5>comment utiliser:<\/h5>\n<p>\u00c9tape 1 : Avant de vous coucher, appliquez une quantit\u00e9 g\u00e9n\u00e9reuse de masque pour les l\u00e8vres \u00e0 l\u2019aide d\u2019une spatule, comme un sac.<\/p>\n<p>\u00c9tape 2 : Massez doucement le masque exfoliant pour les l\u00e8vres pour exfolier.<\/p>\n<h5>ingr\u00e9dients:<\/h5>\n<p>DILINOL\u00c9ATE DE PHYTOST\u00c9RYL\/ISOST\u00c9ARYLE\/C\u00c9TYLE\/ST\u00c9ARYLE\/DIM\u00c8RE DE B\u00c9H\u00c9NYLE, SACCHAROSE, MALATE DE DIISOST\u00c9ARYLE, T\u00c9TRAISOST\u00c9ARATE DE PENTA\u00c9RYTHRITYLE, CIRE MICROCRISTALLINE, POLY(OL\u00c9FINE EN C6-14) HYDROG\u00c9N\u00c9E, SILYLATE DE DIM\u00c9THYLE DE SILICE, HUILE DE FRUIT D\u2019OLEA EUROPAEA (OLIVE), DIM\u00c8RE DE BIS-B\u00c9HENYL\/ISOST\u00c9ARYLE\/PHYTOST\u00c9RO\u00cfDE, DILINOL\u00c9ATE DE DILINOLEYLE, POLY\u00c9THYL\u00c8NE<br \/>, COPOLYM\u00c8RE D\u2019\u00c9THYL\u00c8NE\/PROPYL\u00c8NE\/STYR\u00c8NE, HUILE D\u2019\u00c9CORCE DE CITRUS LIMON (CITRON), HECTORITE DE DISTEARDIMONIUM, TRIISOST\u00c9ARATE DE POLYGLYC\u00c9RYLE-2, SESQUIOL\u00c9ATE DE SORBITAN, CARBONATE DE PROPYL\u00c8NE, AC\u00c9TATE DE TOCOPH\u00c9RYLE, COPOLYM\u00c8RE DE BUTYL\u00c8NE\/\u00c9THYL\u00c8NE\/STYR\u00c8NE, HUILE DE FRUIT D\u2019HIPPOPHAE RHAMNOIDES, ACIDE D\u00c9HYDROAC\u00c9TIQUE, DIM\u00c9THICONE.<\/p>\n<\/div>\n<\/div>\n<p>&nbsp;<\/p>\n<\/div>\n","protected":false},"excerpt":{"rendered":"<p>Description Un masque de soin sp\u00e9cial pour les l\u00e8vres o\u00f9 le gommage au sucre repousse les cellules mortes de la peau et fondavec une formule baume contenant de l\u2019huile de citron et de l\u2019huile d\u2019olive pour hydrater et lisser les l\u00e8vres s\u00e8ches. Contenance : 20 ml (0,67 fl.oz) avantages: \u2022 Infus\u00e9 de sucre, de citron [&hellip;]<\/p>\n","protected":false},"featured_media":3919,"comment_status":"open","ping_status":"closed","template":"","meta":{"content-type":"","_uag_custom_page_level_css":""},"pwb-brand":[],"product_brand":[],"product_cat":[392,334,394],"product_tag":[],"class_list":{"0":"post-3920","1":"product","2":"type-product","3":"status-publish","4":"has-post-thumbnail","6":"product_cat-baume-a-levres","7":"product_cat-produits-coreens","8":"product_cat-tocobo","10":"first","11":"instock","12":"sale","13":"shipping-taxable","14":"purchasable","15":"product-type-simple"},"aioseo_notices":[],"uagb_featured_image_src":{"full":["https:\/\/wavexia.com\/wp-content\/uploads\/2025\/10\/tocobo-tocobo-lemon-sugar-scrub-lip-mask-20-ml-soins-hydratants.jpg",700,700,false],"thumbnail":["https:\/\/wavexia.com\/wp-content\/uploads\/2025\/10\/tocobo-tocobo-lemon-sugar-scrub-lip-mask-20-ml-soins-hydratants-150x150.jpg",150,150,true],"medium":["https:\/\/wavexia.com\/wp-content\/uploads\/2025\/10\/tocobo-tocobo-lemon-sugar-scrub-lip-mask-20-ml-soins-hydratants-300x300.jpg",300,300,true],"medium_large":["https:\/\/wavexia.com\/wp-content\/uploads\/2025\/10\/tocobo-tocobo-lemon-sugar-scrub-lip-mask-20-ml-soins-hydratants.jpg",700,700,false],"large":["https:\/\/wavexia.com\/wp-content\/uploads\/2025\/10\/tocobo-tocobo-lemon-sugar-scrub-lip-mask-20-ml-soins-hydratants.jpg",700,700,false],"1536x1536":["https:\/\/wavexia.com\/wp-content\/uploads\/2025\/10\/tocobo-tocobo-lemon-sugar-scrub-lip-mask-20-ml-soins-hydratants.jpg",700,700,false],"2048x2048":["https:\/\/wavexia.com\/wp-content\/uploads\/2025\/10\/tocobo-tocobo-lemon-sugar-scrub-lip-mask-20-ml-soins-hydratants.jpg",700,700,false],"woocommerce_archive_thumbnail":["https:\/\/wavexia.com\/wp-content\/uploads\/2025\/10\/tocobo-tocobo-lemon-sugar-scrub-lip-mask-20-ml-soins-hydratants-300x300.jpg",300,300,true],"woocommerce_thumbnail":["https:\/\/wavexia.com\/wp-content\/uploads\/2025\/10\/tocobo-tocobo-lemon-sugar-scrub-lip-mask-20-ml-soins-hydratants-300x300.jpg",300,300,true],"woocommerce_single":["https:\/\/wavexia.com\/wp-content\/uploads\/2025\/10\/tocobo-tocobo-lemon-sugar-scrub-lip-mask-20-ml-soins-hydratants-600x600.jpg",600,600,true],"woocommerce_gallery_thumbnail":["https:\/\/wavexia.com\/wp-content\/uploads\/2025\/10\/tocobo-tocobo-lemon-sugar-scrub-lip-mask-20-ml-soins-hydratants-100x100.jpg",100,100,true]},"uagb_author_info":{"display_name":"zineddine.ayoub98@gmail.com","author_link":"https:\/\/wavexia.com\/?author=0"},"uagb_comment_info":0,"uagb_excerpt":"Description Un masque de soin sp\u00e9cial pour les l\u00e8vres o\u00f9 le gommage au sucre repousse les cellules mortes de la peau et fondavec une formule baume contenant de l\u2019huile de citron et de l\u2019huile d\u2019olive pour hydrater et lisser les l\u00e8vres s\u00e8ches. Contenance : 20 ml (0,67 fl.oz) avantages: \u2022 Infus\u00e9 de sucre, de citron&hellip;","brands":[],"_links":{"self":[{"href":"https:\/\/wavexia.com\/index.php?rest_route=\/wp\/v2\/product\/3920","targetHints":{"allow":["GET"]}}],"collection":[{"href":"https:\/\/wavexia.com\/index.php?rest_route=\/wp\/v2\/product"}],"about":[{"href":"https:\/\/wavexia.com\/index.php?rest_route=\/wp\/v2\/types\/product"}],"replies":[{"embeddable":true,"href":"https:\/\/wavexia.com\/index.php?rest_route=%2Fwp%2Fv2%2Fcomments&post=3920"}],"wp:featuredmedia":[{"embeddable":true,"href":"https:\/\/wavexia.com\/index.php?rest_route=\/wp\/v2\/media\/3919"}],"wp:attachment":[{"href":"https:\/\/wavexia.com\/index.php?rest_route=%2Fwp%2Fv2%2Fmedia&parent=3920"}],"wp:term":[{"taxonomy":"pwb-brand","embeddable":true,"href":"https:\/\/wavexia.com\/index.php?rest_route=%2Fwp%2Fv2%2Fpwb-brand&post=3920"},{"taxonomy":"product_brand","embeddable":true,"href":"https:\/\/wavexia.com\/index.php?rest_route=%2Fwp%2Fv2%2Fproduct_brand&post=3920"},{"taxonomy":"product_cat","embeddable":true,"href":"https:\/\/wavexia.com\/index.php?rest_route=%2Fwp%2Fv2%2Fproduct_cat&post=3920"},{"taxonomy":"product_tag","embeddable":true,"href":"https:\/\/wavexia.com\/index.php?rest_route=%2Fwp%2Fv2%2Fproduct_tag&post=3920"}],"curies":[{"name":"wp","href":"https:\/\/api.w.org\/{rel}","templated":true}]}}