{"id":3916,"date":"2025-10-19T08:59:17","date_gmt":"2025-10-19T08:59:17","guid":{"rendered":"https:\/\/wavexia.com\/product\/mrm-nutrition-nutrition-feuille-de-moringa-60-capsules-vegan\/"},"modified":"2026-03-10T07:30:58","modified_gmt":"2026-03-10T07:30:58","slug":"mrm-nutrition-nutrition-feuille-de-moringa-60-capsules-vegan","status":"publish","type":"product","link":"https:\/\/wavexia.com\/?product=mrm-nutrition-nutrition-feuille-de-moringa-60-capsules-vegan","title":{"rendered":"MRM Nutrition, Nutrition, Feuille de moringa, 60 capsules vegan"},"content":{"rendered":"<h2>Description<\/h2>\n<p>L\u2019ancien chef de l\u2019Etat cubain, Fidel Castro, qui cultive dans son propre jardin plusieurs&nbsp;<strong>Moringa<\/strong>, avait d\u00e9ja vant\u00e9 dans de r\u00e9centes r\u00e9flexions intitul\u00e9es \u00ab L\u2019alimentation et l\u2019emploi sain \u00bb, les vertus de \u00ab l\u2019arbre miraculeux \u00bb et avait assur\u00e9 la necessit\u00e9 de l\u2019utiliser dans l\u2019alimentation de la population et du b\u00e9tail. Castro estime d\u2019ailleurs qu\u2019il doit sa long\u00e9vit\u00e9 (89 ans) \u00e0 l\u2019arbuste tropical.<\/p>\n<p>\u00ab Les feuilles du Moringa contiennent trois fois plus de potassium que la banane (connue pour sa forte concentration en potassium), quatre fois plus de calcium que le lait, sept fois plus de vitamines C que les oranges, et quatre fois plus de Vitamine A que les carottes, ce qui rend sa composition si particuli\u00e8re \u00bb, d\u00e9taille le chercheur.<\/p>\n<p>\u00abA elles seules, ces feuilles traitent plus de 300 maladies. Que dire donc de son \u00e9corce, ses racines, ses tiges mais aussi ses graines qui poss\u00e8dent \u00e9galement de nombreuses vertus\u00bb, ajoute-t-il en se basant sur une \u00e9tude scientifique r\u00e9cente.<\/p>\n<p>\u00ab Le Moringa pr\u00e9vient notamment des maladies courantes comme la tension art\u00e9rielle et d\u2019autres li\u00e9es au parasite \u00e0 savoir les amibiases et les helminthiases. Il pr\u00e9vient aussi le cancer et gu\u00e9rit de l\u2019an\u00e9mie\u00bb, d\u00e9taille-t-il.<\/p>\n<p><strong>Conseils d\u2019utilisation:<\/strong><\/p>\n<p>Prenez 1&nbsp;capsule par jour avec ou sans nourriture ou suivez les instructions d\u2019un professionnel de la sant\u00e9 qualifi\u00e9.<\/p>\n","protected":false},"excerpt":{"rendered":"<p>Description L\u2019ancien chef de l\u2019Etat cubain, Fidel Castro, qui cultive dans son propre jardin plusieurs&nbsp;Moringa, avait d\u00e9ja vant\u00e9 dans de r\u00e9centes r\u00e9flexions intitul\u00e9es \u00ab L\u2019alimentation et l\u2019emploi sain \u00bb, les vertus de \u00ab l\u2019arbre miraculeux \u00bb et avait assur\u00e9 la necessit\u00e9 de l\u2019utiliser dans l\u2019alimentation de la population et du b\u00e9tail. Castro estime d\u2019ailleurs qu\u2019il [&hellip;]<\/p>\n","protected":false},"featured_media":3915,"comment_status":"open","ping_status":"closed","template":"","meta":{"content-type":"","_uag_custom_page_level_css":""},"pwb-brand":[],"product_brand":[],"product_cat":[330],"product_tag":[],"class_list":{"0":"post-3916","1":"product","2":"type-product","3":"status-publish","4":"has-post-thumbnail","6":"product_cat-complements-alimentaires","8":"first","9":"instock","10":"shipping-taxable","11":"purchasable","12":"product-type-simple"},"aioseo_notices":[],"uagb_featured_image_src":{"full":["https:\/\/wavexia.com\/wp-content\/uploads\/2025\/10\/telecharger-32.jpeg",225,225,false],"thumbnail":["https:\/\/wavexia.com\/wp-content\/uploads\/2025\/10\/telecharger-32-150x150.jpeg",150,150,true],"medium":["https:\/\/wavexia.com\/wp-content\/uploads\/2025\/10\/telecharger-32.jpeg",225,225,false],"medium_large":["https:\/\/wavexia.com\/wp-content\/uploads\/2025\/10\/telecharger-32.jpeg",225,225,false],"large":["https:\/\/wavexia.com\/wp-content\/uploads\/2025\/10\/telecharger-32.jpeg",225,225,false],"1536x1536":["https:\/\/wavexia.com\/wp-content\/uploads\/2025\/10\/telecharger-32.jpeg",225,225,false],"2048x2048":["https:\/\/wavexia.com\/wp-content\/uploads\/2025\/10\/telecharger-32.jpeg",225,225,false],"woocommerce_archive_thumbnail":["https:\/\/wavexia.com\/wp-content\/uploads\/2025\/10\/telecharger-32.jpeg",225,225,false],"woocommerce_thumbnail":["https:\/\/wavexia.com\/wp-content\/uploads\/2025\/10\/telecharger-32.jpeg",225,225,false],"woocommerce_single":["https:\/\/wavexia.com\/wp-content\/uploads\/2025\/10\/telecharger-32.jpeg",225,225,false],"woocommerce_gallery_thumbnail":["https:\/\/wavexia.com\/wp-content\/uploads\/2025\/10\/telecharger-32-100x100.jpeg",100,100,true]},"uagb_author_info":{"display_name":"zineddine.ayoub98@gmail.com","author_link":"https:\/\/wavexia.com\/?author=0"},"uagb_comment_info":0,"uagb_excerpt":"Description L\u2019ancien chef de l\u2019Etat cubain, Fidel Castro, qui cultive dans son propre jardin plusieurs&nbsp;Moringa, avait d\u00e9ja vant\u00e9 dans de r\u00e9centes r\u00e9flexions intitul\u00e9es \u00ab L\u2019alimentation et l\u2019emploi sain \u00bb, les vertus de \u00ab l\u2019arbre miraculeux \u00bb et avait assur\u00e9 la necessit\u00e9 de l\u2019utiliser dans l\u2019alimentation de la population et du b\u00e9tail. Castro estime d\u2019ailleurs qu\u2019il&hellip;","brands":[],"_links":{"self":[{"href":"https:\/\/wavexia.com\/index.php?rest_route=\/wp\/v2\/product\/3916","targetHints":{"allow":["GET"]}}],"collection":[{"href":"https:\/\/wavexia.com\/index.php?rest_route=\/wp\/v2\/product"}],"about":[{"href":"https:\/\/wavexia.com\/index.php?rest_route=\/wp\/v2\/types\/product"}],"replies":[{"embeddable":true,"href":"https:\/\/wavexia.com\/index.php?rest_route=%2Fwp%2Fv2%2Fcomments&post=3916"}],"wp:featuredmedia":[{"embeddable":true,"href":"https:\/\/wavexia.com\/index.php?rest_route=\/wp\/v2\/media\/3915"}],"wp:attachment":[{"href":"https:\/\/wavexia.com\/index.php?rest_route=%2Fwp%2Fv2%2Fmedia&parent=3916"}],"wp:term":[{"taxonomy":"pwb-brand","embeddable":true,"href":"https:\/\/wavexia.com\/index.php?rest_route=%2Fwp%2Fv2%2Fpwb-brand&post=3916"},{"taxonomy":"product_brand","embeddable":true,"href":"https:\/\/wavexia.com\/index.php?rest_route=%2Fwp%2Fv2%2Fproduct_brand&post=3916"},{"taxonomy":"product_cat","embeddable":true,"href":"https:\/\/wavexia.com\/index.php?rest_route=%2Fwp%2Fv2%2Fproduct_cat&post=3916"},{"taxonomy":"product_tag","embeddable":true,"href":"https:\/\/wavexia.com\/index.php?rest_route=%2Fwp%2Fv2%2Fproduct_tag&post=3916"}],"curies":[{"name":"wp","href":"https:\/\/api.w.org\/{rel}","templated":true}]}}