{"id":3911,"date":"2025-10-19T08:59:12","date_gmt":"2025-10-19T08:59:12","guid":{"rendered":"https:\/\/wavexia.com\/product\/pyunkang-yul-essence-toner-200ml\/"},"modified":"2026-03-10T07:30:58","modified_gmt":"2026-03-10T07:30:58","slug":"pyunkang-yul-essence-toner-200ml","status":"publish","type":"product","link":"https:\/\/wavexia.com\/?product=pyunkang-yul-essence-toner-200ml","title":{"rendered":"Pyunkang Yul Essence Toner 200ml"},"content":{"rendered":"<h2>Description<\/h2>\n<p>D\u00e9couvre le pouvoir hydratant de l\u2019Essence Toner Pyunkang Yul. Formul\u00e9e avec de l\u2019extrait de racine d\u2019Astragalus Membranaceus, cette essence tonique nourrit et revitalise la peau en profondeur. Gr\u00e2ce \u00e0 sa texture l\u00e9g\u00e8re et rapidement absorb\u00e9e, il d\u00e9livre une vague d\u2019hydratation, laissant ta peau rebondie et rafra\u00eechie. Dis adieu \u00e0 la s\u00e9cheresse et bonjour \u00e0 un teint radieux avec l\u2019Essence Toner Pyunkang Yul.<\/p>\n<p>L\u2019Essence Toner est le produit le plus vendu de Pyunkang Yul. Il s\u2019agit d\u2019une marque de soins de la peau lanc\u00e9e par la c\u00e9l\u00e8bre clinique de m\u00e9decine orientale Pyunkang, un \u00e9tablissement bien connu pour traiter les troubles cutan\u00e9s atopiques en se concentrant sur l\u2019utilisation d\u2019ingr\u00e9dients cor\u00e9ens traditionnels ou hanbang. La marque est cruelty-free et respectueuse de l\u2019environnement. Elle \u00e9vite les tests sur les animaux et n\u2019utilise pas de mati\u00e8res plastiques en exc\u00e8s.<\/p>\n<p><strong>Recommand\u00e9 pour :&nbsp;<\/strong>Peaux s\u00e8ches, peaux \u00e0 tendance acn\u00e9ique.<\/p>\n<p><strong>Peut \u00eatre utilis\u00e9 pour :&nbsp;<\/strong>Tous types de peaux.<\/p>\n<p><strong>Conseils d\u2019utilisation :<\/strong><\/p>\n<ul>\n<li>Nettoie ton visage \u00e0 l\u2019aide d\u2019un nettoyant doux.<\/li>\n<li>Apr\u00e8s le nettoyage, verse une petite quantit\u00e9 de l\u2019Essence Toner Pyunkang Yul sur tes paumes ou sur un disque de coton.<\/li>\n<li>Applique d\u00e9licatement le tonique sur ton visage et ton cou, en commen\u00e7ant par le centre et en allant vers l\u2019ext\u00e9rieur.<\/li>\n<li>Laisse le tonique p\u00e9n\u00e9trer compl\u00e8tement dans ta peau.<\/li>\n<li>Applique ensuite ta cr\u00e8me hydratante ou ton s\u00e9rum pr\u00e9f\u00e9r\u00e9 pour plus d\u2019hydratation et de bienfaits.<\/li>\n<\/ul>\n<p><strong>Ingr\u00e9dients :<\/strong><\/p>\n<p>Extrait de Racine d\u2019Astragale (Astragalus Membranaceus), 1,2-Hexanediol, Glycol de Butyl\u00e8ne, Bis-PEG-18 \u00c9ther M\u00e9thylique Dim\u00e9thyl Silane, Hydroxy\u00e9thylcellulose, Carbomer, Arginine.<\/p>\n","protected":false},"excerpt":{"rendered":"<p>Description D\u00e9couvre le pouvoir hydratant de l\u2019Essence Toner Pyunkang Yul. Formul\u00e9e avec de l\u2019extrait de racine d\u2019Astragalus Membranaceus, cette essence tonique nourrit et revitalise la peau en profondeur. Gr\u00e2ce \u00e0 sa texture l\u00e9g\u00e8re et rapidement absorb\u00e9e, il d\u00e9livre une vague d\u2019hydratation, laissant ta peau rebondie et rafra\u00eechie. Dis adieu \u00e0 la s\u00e9cheresse et bonjour \u00e0 [&hellip;]<\/p>\n","protected":false},"featured_media":3910,"comment_status":"open","ping_status":"closed","template":"","meta":{"content-type":"","_uag_custom_page_level_css":""},"pwb-brand":[],"product_brand":[],"product_cat":[328,334,421,345],"product_tag":[],"class_list":{"0":"post-3911","1":"product","2":"type-product","3":"status-publish","4":"has-post-thumbnail","6":"product_cat-nouveautes","7":"product_cat-produits-coreens","8":"product_cat-pyunkang-yul","9":"product_cat-toner-pads","11":"first","12":"instock","13":"sale","14":"shipping-taxable","15":"purchasable","16":"product-type-simple"},"aioseo_notices":[],"uagb_featured_image_src":{"full":["https:\/\/wavexia.com\/wp-content\/uploads\/2025\/10\/pyunkang-yul-essence-toner_970274d4-934f-4eea-b734-7e5b2e0e07ee.webp",800,800,false],"thumbnail":["https:\/\/wavexia.com\/wp-content\/uploads\/2025\/10\/pyunkang-yul-essence-toner_970274d4-934f-4eea-b734-7e5b2e0e07ee-150x150.webp",150,150,true],"medium":["https:\/\/wavexia.com\/wp-content\/uploads\/2025\/10\/pyunkang-yul-essence-toner_970274d4-934f-4eea-b734-7e5b2e0e07ee-300x300.webp",300,300,true],"medium_large":["https:\/\/wavexia.com\/wp-content\/uploads\/2025\/10\/pyunkang-yul-essence-toner_970274d4-934f-4eea-b734-7e5b2e0e07ee-768x768.webp",768,768,true],"large":["https:\/\/wavexia.com\/wp-content\/uploads\/2025\/10\/pyunkang-yul-essence-toner_970274d4-934f-4eea-b734-7e5b2e0e07ee.webp",800,800,false],"1536x1536":["https:\/\/wavexia.com\/wp-content\/uploads\/2025\/10\/pyunkang-yul-essence-toner_970274d4-934f-4eea-b734-7e5b2e0e07ee.webp",800,800,false],"2048x2048":["https:\/\/wavexia.com\/wp-content\/uploads\/2025\/10\/pyunkang-yul-essence-toner_970274d4-934f-4eea-b734-7e5b2e0e07ee.webp",800,800,false],"woocommerce_archive_thumbnail":["https:\/\/wavexia.com\/wp-content\/uploads\/2025\/10\/pyunkang-yul-essence-toner_970274d4-934f-4eea-b734-7e5b2e0e07ee-300x300.webp",300,300,true],"woocommerce_thumbnail":["https:\/\/wavexia.com\/wp-content\/uploads\/2025\/10\/pyunkang-yul-essence-toner_970274d4-934f-4eea-b734-7e5b2e0e07ee-300x300.webp",300,300,true],"woocommerce_single":["https:\/\/wavexia.com\/wp-content\/uploads\/2025\/10\/pyunkang-yul-essence-toner_970274d4-934f-4eea-b734-7e5b2e0e07ee-600x600.webp",600,600,true],"woocommerce_gallery_thumbnail":["https:\/\/wavexia.com\/wp-content\/uploads\/2025\/10\/pyunkang-yul-essence-toner_970274d4-934f-4eea-b734-7e5b2e0e07ee-100x100.webp",100,100,true]},"uagb_author_info":{"display_name":"zineddine.ayoub98@gmail.com","author_link":"https:\/\/wavexia.com\/?author=0"},"uagb_comment_info":0,"uagb_excerpt":"Description D\u00e9couvre le pouvoir hydratant de l\u2019Essence Toner Pyunkang Yul. Formul\u00e9e avec de l\u2019extrait de racine d\u2019Astragalus Membranaceus, cette essence tonique nourrit et revitalise la peau en profondeur. Gr\u00e2ce \u00e0 sa texture l\u00e9g\u00e8re et rapidement absorb\u00e9e, il d\u00e9livre une vague d\u2019hydratation, laissant ta peau rebondie et rafra\u00eechie. Dis adieu \u00e0 la s\u00e9cheresse et bonjour \u00e0&hellip;","brands":[],"_links":{"self":[{"href":"https:\/\/wavexia.com\/index.php?rest_route=\/wp\/v2\/product\/3911","targetHints":{"allow":["GET"]}}],"collection":[{"href":"https:\/\/wavexia.com\/index.php?rest_route=\/wp\/v2\/product"}],"about":[{"href":"https:\/\/wavexia.com\/index.php?rest_route=\/wp\/v2\/types\/product"}],"replies":[{"embeddable":true,"href":"https:\/\/wavexia.com\/index.php?rest_route=%2Fwp%2Fv2%2Fcomments&post=3911"}],"wp:featuredmedia":[{"embeddable":true,"href":"https:\/\/wavexia.com\/index.php?rest_route=\/wp\/v2\/media\/3910"}],"wp:attachment":[{"href":"https:\/\/wavexia.com\/index.php?rest_route=%2Fwp%2Fv2%2Fmedia&parent=3911"}],"wp:term":[{"taxonomy":"pwb-brand","embeddable":true,"href":"https:\/\/wavexia.com\/index.php?rest_route=%2Fwp%2Fv2%2Fpwb-brand&post=3911"},{"taxonomy":"product_brand","embeddable":true,"href":"https:\/\/wavexia.com\/index.php?rest_route=%2Fwp%2Fv2%2Fproduct_brand&post=3911"},{"taxonomy":"product_cat","embeddable":true,"href":"https:\/\/wavexia.com\/index.php?rest_route=%2Fwp%2Fv2%2Fproduct_cat&post=3911"},{"taxonomy":"product_tag","embeddable":true,"href":"https:\/\/wavexia.com\/index.php?rest_route=%2Fwp%2Fv2%2Fproduct_tag&post=3911"}],"curies":[{"name":"wp","href":"https:\/\/api.w.org\/{rel}","templated":true}]}}