{"id":3909,"date":"2025-10-19T08:59:11","date_gmt":"2025-10-19T08:59:11","guid":{"rendered":"https:\/\/wavexia.com\/product\/huile-de-douche-rituals-ayurveda-75ml\/"},"modified":"2026-03-10T07:30:58","modified_gmt":"2026-03-10T07:30:58","slug":"huile-de-douche-rituals-ayurveda-75ml","status":"publish","type":"product","link":"https:\/\/wavexia.com\/?product=huile-de-douche-rituals-ayurveda-75ml","title":{"rendered":"Huile de douche RITUALS ayurveda 75ml"},"content":{"rendered":"<h2>Description<\/h2>\n<p>Trouvez l\u2019harmonie int\u00e9rieure avec cette huile de douche 2-en-1 nourrissante et nettoyante de la collection The Ritual of Ayurveda. Formul\u00e9 \u00e0 partir d\u2019huile d\u2019amande douce, riche en acides gras insatur\u00e9s, et de la senteur d\u00e9licate et sucr\u00e9e de la rose indienne, ce soin innovant est parfait pour tous les types de peau, y compris les peaux s\u00e8ches, sensibles ou squameuses. Il contient aussi de l\u2019huile de colza, avec son complexe \u00e0 trois om\u00e9gas nourrissant, ainsi que de l\u2019huile de ricin, qui contient de la vitamine&nbsp;E. Lorsque l\u2019huile entre en contact avec l\u2019eau, elle se transforme en une mousse\u2026<\/p>\n<h4 class=\"XTrD8gFeqlqsuIDMANVj a82g06OF5ldJ_LdvpLMO _2JXIz9vOuwZv0WjrA7Wp\">Ingr\u00e9dients<\/h4>\n<div id=\"paragraph-body-1\" class=\"Oizh8ToEK41bM3XFUfCH\" role=\"region\" data-testid=\"paragraph-body-1\" aria-labelledby=\"paragraph-body-1\">\n<div class=\"G2PlksWyK8KpvgIsM0h0\">\n<div class=\"UhVZOxZ5fOnLiucy2mGI\">Ricinus Communis (Castor) Seed Oil, Canola Oil, Laureth-3, MIPA-Laureth Sulfate, Parfum\/Fragrance, Laureth-7 Citrate, Rosa Damascena Bud Extract, Prunus Amygdalus Dulcis (Sweet Almond) Oil, Tocopherol, Helianthus Annuus (Sunflower) Hybrid Oil, Hydrogenated Palm Glycerides Citrate, Benzyl Alcohol, Linalool, Limonene, Hexyl Cinnamal, Coumarin, Citronellol, Benzyl Benzoate, Cinnamyl Alcohol, Geraniol, Benzyl Salicylate, Citral.<\/div>\n<\/div>\n<\/div>\n","protected":false},"excerpt":{"rendered":"<p>Description Trouvez l\u2019harmonie int\u00e9rieure avec cette huile de douche 2-en-1 nourrissante et nettoyante de la collection The Ritual of Ayurveda. Formul\u00e9 \u00e0 partir d\u2019huile d\u2019amande douce, riche en acides gras insatur\u00e9s, et de la senteur d\u00e9licate et sucr\u00e9e de la rose indienne, ce soin innovant est parfait pour tous les types de peau, y compris [&hellip;]<\/p>\n","protected":false},"featured_media":3908,"comment_status":"open","ping_status":"closed","template":"","meta":{"content-type":"","_uag_custom_page_level_css":""},"pwb-brand":[],"product_brand":[],"product_cat":[322,327,332],"product_tag":[],"class_list":{"0":"post-3909","1":"product","2":"type-product","3":"status-publish","4":"has-post-thumbnail","6":"product_cat-corps-bain","7":"product_cat-hmizat","8":"product_cat-rituals","10":"first","11":"instock","12":"sale","13":"shipping-taxable","14":"purchasable","15":"product-type-simple"},"aioseo_notices":[],"uagb_featured_image_src":{"full":["https:\/\/wavexia.com\/wp-content\/uploads\/2025\/10\/1115336-rituals-ayurveda-shower-oil-75ml.webp",584,584,false],"thumbnail":["https:\/\/wavexia.com\/wp-content\/uploads\/2025\/10\/1115336-rituals-ayurveda-shower-oil-75ml-150x150.webp",150,150,true],"medium":["https:\/\/wavexia.com\/wp-content\/uploads\/2025\/10\/1115336-rituals-ayurveda-shower-oil-75ml-300x300.webp",300,300,true],"medium_large":["https:\/\/wavexia.com\/wp-content\/uploads\/2025\/10\/1115336-rituals-ayurveda-shower-oil-75ml.webp",584,584,false],"large":["https:\/\/wavexia.com\/wp-content\/uploads\/2025\/10\/1115336-rituals-ayurveda-shower-oil-75ml.webp",584,584,false],"1536x1536":["https:\/\/wavexia.com\/wp-content\/uploads\/2025\/10\/1115336-rituals-ayurveda-shower-oil-75ml.webp",584,584,false],"2048x2048":["https:\/\/wavexia.com\/wp-content\/uploads\/2025\/10\/1115336-rituals-ayurveda-shower-oil-75ml.webp",584,584,false],"woocommerce_archive_thumbnail":["https:\/\/wavexia.com\/wp-content\/uploads\/2025\/10\/1115336-rituals-ayurveda-shower-oil-75ml-300x300.webp",300,300,true],"woocommerce_thumbnail":["https:\/\/wavexia.com\/wp-content\/uploads\/2025\/10\/1115336-rituals-ayurveda-shower-oil-75ml-300x300.webp",300,300,true],"woocommerce_single":["https:\/\/wavexia.com\/wp-content\/uploads\/2025\/10\/1115336-rituals-ayurveda-shower-oil-75ml.webp",584,584,false],"woocommerce_gallery_thumbnail":["https:\/\/wavexia.com\/wp-content\/uploads\/2025\/10\/1115336-rituals-ayurveda-shower-oil-75ml-100x100.webp",100,100,true]},"uagb_author_info":{"display_name":"zineddine.ayoub98@gmail.com","author_link":"https:\/\/wavexia.com\/?author=0"},"uagb_comment_info":0,"uagb_excerpt":"Description Trouvez l\u2019harmonie int\u00e9rieure avec cette huile de douche 2-en-1 nourrissante et nettoyante de la collection The Ritual of Ayurveda. Formul\u00e9 \u00e0 partir d\u2019huile d\u2019amande douce, riche en acides gras insatur\u00e9s, et de la senteur d\u00e9licate et sucr\u00e9e de la rose indienne, ce soin innovant est parfait pour tous les types de peau, y compris&hellip;","brands":[],"_links":{"self":[{"href":"https:\/\/wavexia.com\/index.php?rest_route=\/wp\/v2\/product\/3909","targetHints":{"allow":["GET"]}}],"collection":[{"href":"https:\/\/wavexia.com\/index.php?rest_route=\/wp\/v2\/product"}],"about":[{"href":"https:\/\/wavexia.com\/index.php?rest_route=\/wp\/v2\/types\/product"}],"replies":[{"embeddable":true,"href":"https:\/\/wavexia.com\/index.php?rest_route=%2Fwp%2Fv2%2Fcomments&post=3909"}],"wp:featuredmedia":[{"embeddable":true,"href":"https:\/\/wavexia.com\/index.php?rest_route=\/wp\/v2\/media\/3908"}],"wp:attachment":[{"href":"https:\/\/wavexia.com\/index.php?rest_route=%2Fwp%2Fv2%2Fmedia&parent=3909"}],"wp:term":[{"taxonomy":"pwb-brand","embeddable":true,"href":"https:\/\/wavexia.com\/index.php?rest_route=%2Fwp%2Fv2%2Fpwb-brand&post=3909"},{"taxonomy":"product_brand","embeddable":true,"href":"https:\/\/wavexia.com\/index.php?rest_route=%2Fwp%2Fv2%2Fproduct_brand&post=3909"},{"taxonomy":"product_cat","embeddable":true,"href":"https:\/\/wavexia.com\/index.php?rest_route=%2Fwp%2Fv2%2Fproduct_cat&post=3909"},{"taxonomy":"product_tag","embeddable":true,"href":"https:\/\/wavexia.com\/index.php?rest_route=%2Fwp%2Fv2%2Fproduct_tag&post=3909"}],"curies":[{"name":"wp","href":"https:\/\/api.w.org\/{rel}","templated":true}]}}