{"id":3905,"date":"2025-10-19T08:59:09","date_gmt":"2025-10-19T08:59:09","guid":{"rendered":"https:\/\/wavexia.com\/product\/rituals-the-ritual-of-jing-mousse-de-douche-200ml\/"},"modified":"2026-03-10T07:30:58","modified_gmt":"2026-03-10T07:30:58","slug":"rituals-the-ritual-of-jing-mousse-de-douche-200ml","status":"publish","type":"product","link":"https:\/\/wavexia.com\/?product=rituals-the-ritual-of-jing-mousse-de-douche-200ml","title":{"rendered":"RITUALS THE RITUAL OF JING Mousse de douche 200ml"},"content":{"rendered":"<h2>Description<\/h2>\n<p>RITUALS The Ritual Of Jing Foarming Shower Gel est un gel raffin\u00e9 qui se transforme en une mousse onctueuse au contact de l\u2019eau et laisse votre peau hydrat\u00e9e et nourrie. D\u00e9tendez-vous et apaisez votre corps et votre esprit gr\u00e2ce \u00e0 la senteur durable de la fleur de lotus et du jujube.<br \/>Formul\u00e9 \u00e0 partir de 91 % d\u2019ingr\u00e9dients d\u2019origine naturelle, ce gel unique se transforme au contact de l\u2019eau en une mousse riche et onctueuse qui laisse sur la peau une douceur raffin\u00e9e.<br \/>Naturality : Des produits formul\u00e9s \u00e0 partir d\u2019ingr\u00e9dients d\u2019origine naturelle.<br \/>Trouvez la paix int\u00e9rieure en profitant d\u2019une douche d\u00e9licieusement apaisante. Formul\u00e9e \u00e0 partir de fleur de lotus et de jujube, cette mousse illumine vos journ\u00e9es.<\/p>\n<h5>CONSEIL D\u2019UTILISATION<\/h5>\n<p>D\u00e9posez simplement une petite quantit\u00e9 dans votre main et regardez le gel se transformer en une mousse riche et luxueuse. Appr\u00e9ciez cette mousse g\u00e9n\u00e9reuse et relaxante lorsqu\u2019elle entre en contact avec de l\u2019eau.<\/p>\n","protected":false},"excerpt":{"rendered":"<p>Description RITUALS The Ritual Of Jing Foarming Shower Gel est un gel raffin\u00e9 qui se transforme en une mousse onctueuse au contact de l\u2019eau et laisse votre peau hydrat\u00e9e et nourrie. D\u00e9tendez-vous et apaisez votre corps et votre esprit gr\u00e2ce \u00e0 la senteur durable de la fleur de lotus et du jujube.Formul\u00e9 \u00e0 partir de [&hellip;]<\/p>\n","protected":false},"featured_media":3904,"comment_status":"open","ping_status":"closed","template":"","meta":{"content-type":"","_uag_custom_page_level_css":""},"pwb-brand":[],"product_brand":[],"product_cat":[322,332],"product_tag":[],"class_list":{"0":"post-3905","1":"product","2":"type-product","3":"status-publish","4":"has-post-thumbnail","6":"product_cat-corps-bain","7":"product_cat-rituals","9":"first","10":"instock","11":"shipping-taxable","12":"purchasable","13":"product-type-simple"},"aioseo_notices":[],"uagb_featured_image_src":{"full":["https:\/\/wavexia.com\/wp-content\/uploads\/2025\/10\/RITUALS-The-Ritual-Of-Jing-Mousse-de-Douche-200ml-2.webp",1000,1000,false],"thumbnail":["https:\/\/wavexia.com\/wp-content\/uploads\/2025\/10\/RITUALS-The-Ritual-Of-Jing-Mousse-de-Douche-200ml-2-150x150.webp",150,150,true],"medium":["https:\/\/wavexia.com\/wp-content\/uploads\/2025\/10\/RITUALS-The-Ritual-Of-Jing-Mousse-de-Douche-200ml-2-300x300.webp",300,300,true],"medium_large":["https:\/\/wavexia.com\/wp-content\/uploads\/2025\/10\/RITUALS-The-Ritual-Of-Jing-Mousse-de-Douche-200ml-2-768x768.webp",768,768,true],"large":["https:\/\/wavexia.com\/wp-content\/uploads\/2025\/10\/RITUALS-The-Ritual-Of-Jing-Mousse-de-Douche-200ml-2.webp",1000,1000,false],"1536x1536":["https:\/\/wavexia.com\/wp-content\/uploads\/2025\/10\/RITUALS-The-Ritual-Of-Jing-Mousse-de-Douche-200ml-2.webp",1000,1000,false],"2048x2048":["https:\/\/wavexia.com\/wp-content\/uploads\/2025\/10\/RITUALS-The-Ritual-Of-Jing-Mousse-de-Douche-200ml-2.webp",1000,1000,false],"woocommerce_archive_thumbnail":["https:\/\/wavexia.com\/wp-content\/uploads\/2025\/10\/RITUALS-The-Ritual-Of-Jing-Mousse-de-Douche-200ml-2-300x300.webp",300,300,true],"woocommerce_thumbnail":["https:\/\/wavexia.com\/wp-content\/uploads\/2025\/10\/RITUALS-The-Ritual-Of-Jing-Mousse-de-Douche-200ml-2-300x300.webp",300,300,true],"woocommerce_single":["https:\/\/wavexia.com\/wp-content\/uploads\/2025\/10\/RITUALS-The-Ritual-Of-Jing-Mousse-de-Douche-200ml-2-600x600.webp",600,600,true],"woocommerce_gallery_thumbnail":["https:\/\/wavexia.com\/wp-content\/uploads\/2025\/10\/RITUALS-The-Ritual-Of-Jing-Mousse-de-Douche-200ml-2-100x100.webp",100,100,true]},"uagb_author_info":{"display_name":"zineddine.ayoub98@gmail.com","author_link":"https:\/\/wavexia.com\/?author=0"},"uagb_comment_info":0,"uagb_excerpt":"Description RITUALS The Ritual Of Jing Foarming Shower Gel est un gel raffin\u00e9 qui se transforme en une mousse onctueuse au contact de l\u2019eau et laisse votre peau hydrat\u00e9e et nourrie. D\u00e9tendez-vous et apaisez votre corps et votre esprit gr\u00e2ce \u00e0 la senteur durable de la fleur de lotus et du jujube.Formul\u00e9 \u00e0 partir de&hellip;","brands":[],"_links":{"self":[{"href":"https:\/\/wavexia.com\/index.php?rest_route=\/wp\/v2\/product\/3905","targetHints":{"allow":["GET"]}}],"collection":[{"href":"https:\/\/wavexia.com\/index.php?rest_route=\/wp\/v2\/product"}],"about":[{"href":"https:\/\/wavexia.com\/index.php?rest_route=\/wp\/v2\/types\/product"}],"replies":[{"embeddable":true,"href":"https:\/\/wavexia.com\/index.php?rest_route=%2Fwp%2Fv2%2Fcomments&post=3905"}],"wp:featuredmedia":[{"embeddable":true,"href":"https:\/\/wavexia.com\/index.php?rest_route=\/wp\/v2\/media\/3904"}],"wp:attachment":[{"href":"https:\/\/wavexia.com\/index.php?rest_route=%2Fwp%2Fv2%2Fmedia&parent=3905"}],"wp:term":[{"taxonomy":"pwb-brand","embeddable":true,"href":"https:\/\/wavexia.com\/index.php?rest_route=%2Fwp%2Fv2%2Fpwb-brand&post=3905"},{"taxonomy":"product_brand","embeddable":true,"href":"https:\/\/wavexia.com\/index.php?rest_route=%2Fwp%2Fv2%2Fproduct_brand&post=3905"},{"taxonomy":"product_cat","embeddable":true,"href":"https:\/\/wavexia.com\/index.php?rest_route=%2Fwp%2Fv2%2Fproduct_cat&post=3905"},{"taxonomy":"product_tag","embeddable":true,"href":"https:\/\/wavexia.com\/index.php?rest_route=%2Fwp%2Fv2%2Fproduct_tag&post=3905"}],"curies":[{"name":"wp","href":"https:\/\/api.w.org\/{rel}","templated":true}]}}