{"id":3901,"date":"2025-10-19T08:59:05","date_gmt":"2025-10-19T08:59:05","guid":{"rendered":"https:\/\/wavexia.com\/product\/sol-de-janeiro-cheirosa-59-90ml\/"},"modified":"2026-03-10T07:30:58","modified_gmt":"2026-03-10T07:30:58","slug":"sol-de-janeiro-cheirosa-59-90ml","status":"publish","type":"product","link":"https:\/\/wavexia.com\/?product=sol-de-janeiro-cheirosa-59-90ml","title":{"rendered":"Sol de Janeiro Cheirosa 59 \u2013 90ml"},"content":{"rendered":"<h2>Description<\/h2>\n<p><strong>Famille de parfums :<\/strong>&nbsp;Parfum chaud et \u00e9pic\u00e9<\/p>\n<p><strong>Type&nbsp;:<\/strong>&nbsp;Gourmands chauds et sucr\u00e9s<\/p>\n<p><strong>Notes cl\u00e9s&nbsp;:<\/strong>&nbsp;Violette sucr\u00e9e, orchid\u00e9e vanille et bois de santal<\/p>\n<p>Stimulant et d\u00e9licieux, il est scientifiquement prouv\u00e9 que ce parfum s\u00e9duisant am\u00e9liore votre humeur.* Immergez votre corps et votre esprit avec des notes d\u2019orchid\u00e9e vanille, de violette sucr\u00e9e et de bois de santal transparent.<\/p>\n<p>*Bas\u00e9 sur une \u00e9tude de consommation men\u00e9e par un laboratoire tiers ind\u00e9pendant aupr\u00e8s de 36 participants, apr\u00e8s une journ\u00e9e d\u2019application.<\/p>\n<p><strong>\u00c0 propos du parfum :<\/strong>&nbsp;\u00ab Ce parfum capture l\u2019\u00e9motion de se d\u00e9tendre apr\u00e8s une journ\u00e9e parfaite \u00e0 la plage. Les notes \u00e9vocatrices sont rehauss\u00e9es de fleurs exquises, tandis que la prune juteuse apporte une touche audacieuse et cr\u00e9meuse. \u2014J\u00e9r\u00f4me Epinette<\/p>\n","protected":false},"excerpt":{"rendered":"<p>Description Famille de parfums :&nbsp;Parfum chaud et \u00e9pic\u00e9 Type&nbsp;:&nbsp;Gourmands chauds et sucr\u00e9s Notes cl\u00e9s&nbsp;:&nbsp;Violette sucr\u00e9e, orchid\u00e9e vanille et bois de santal Stimulant et d\u00e9licieux, il est scientifiquement prouv\u00e9 que ce parfum s\u00e9duisant am\u00e9liore votre humeur.* Immergez votre corps et votre esprit avec des notes d\u2019orchid\u00e9e vanille, de violette sucr\u00e9e et de bois de santal transparent. [&hellip;]<\/p>\n","protected":false},"featured_media":3900,"comment_status":"open","ping_status":"closed","template":"","meta":{"content-type":"","_uag_custom_page_level_css":""},"pwb-brand":[],"product_brand":[],"product_cat":[400],"product_tag":[],"class_list":{"0":"post-3901","1":"product","2":"type-product","3":"status-publish","4":"has-post-thumbnail","6":"product_cat-sol-de-janeiro","8":"first","9":"instock","10":"sale","11":"shipping-taxable","12":"purchasable","13":"product-type-simple"},"aioseo_notices":[],"uagb_featured_image_src":{"full":["https:\/\/wavexia.com\/wp-content\/uploads\/2025\/10\/IMG_1091.png",342,342,false],"thumbnail":["https:\/\/wavexia.com\/wp-content\/uploads\/2025\/10\/IMG_1091-150x150.png",150,150,true],"medium":["https:\/\/wavexia.com\/wp-content\/uploads\/2025\/10\/IMG_1091-300x300.png",300,300,true],"medium_large":["https:\/\/wavexia.com\/wp-content\/uploads\/2025\/10\/IMG_1091.png",342,342,false],"large":["https:\/\/wavexia.com\/wp-content\/uploads\/2025\/10\/IMG_1091.png",342,342,false],"1536x1536":["https:\/\/wavexia.com\/wp-content\/uploads\/2025\/10\/IMG_1091.png",342,342,false],"2048x2048":["https:\/\/wavexia.com\/wp-content\/uploads\/2025\/10\/IMG_1091.png",342,342,false],"woocommerce_archive_thumbnail":["https:\/\/wavexia.com\/wp-content\/uploads\/2025\/10\/IMG_1091-300x300.png",300,300,true],"woocommerce_thumbnail":["https:\/\/wavexia.com\/wp-content\/uploads\/2025\/10\/IMG_1091-300x300.png",300,300,true],"woocommerce_single":["https:\/\/wavexia.com\/wp-content\/uploads\/2025\/10\/IMG_1091.png",342,342,false],"woocommerce_gallery_thumbnail":["https:\/\/wavexia.com\/wp-content\/uploads\/2025\/10\/IMG_1091-100x100.png",100,100,true]},"uagb_author_info":{"display_name":"zineddine.ayoub98@gmail.com","author_link":"https:\/\/wavexia.com\/?author=0"},"uagb_comment_info":0,"uagb_excerpt":"Description Famille de parfums :&nbsp;Parfum chaud et \u00e9pic\u00e9 Type&nbsp;:&nbsp;Gourmands chauds et sucr\u00e9s Notes cl\u00e9s&nbsp;:&nbsp;Violette sucr\u00e9e, orchid\u00e9e vanille et bois de santal Stimulant et d\u00e9licieux, il est scientifiquement prouv\u00e9 que ce parfum s\u00e9duisant am\u00e9liore votre humeur.* Immergez votre corps et votre esprit avec des notes d\u2019orchid\u00e9e vanille, de violette sucr\u00e9e et de bois de santal transparent.&hellip;","brands":[],"_links":{"self":[{"href":"https:\/\/wavexia.com\/index.php?rest_route=\/wp\/v2\/product\/3901","targetHints":{"allow":["GET"]}}],"collection":[{"href":"https:\/\/wavexia.com\/index.php?rest_route=\/wp\/v2\/product"}],"about":[{"href":"https:\/\/wavexia.com\/index.php?rest_route=\/wp\/v2\/types\/product"}],"replies":[{"embeddable":true,"href":"https:\/\/wavexia.com\/index.php?rest_route=%2Fwp%2Fv2%2Fcomments&post=3901"}],"wp:featuredmedia":[{"embeddable":true,"href":"https:\/\/wavexia.com\/index.php?rest_route=\/wp\/v2\/media\/3900"}],"wp:attachment":[{"href":"https:\/\/wavexia.com\/index.php?rest_route=%2Fwp%2Fv2%2Fmedia&parent=3901"}],"wp:term":[{"taxonomy":"pwb-brand","embeddable":true,"href":"https:\/\/wavexia.com\/index.php?rest_route=%2Fwp%2Fv2%2Fpwb-brand&post=3901"},{"taxonomy":"product_brand","embeddable":true,"href":"https:\/\/wavexia.com\/index.php?rest_route=%2Fwp%2Fv2%2Fproduct_brand&post=3901"},{"taxonomy":"product_cat","embeddable":true,"href":"https:\/\/wavexia.com\/index.php?rest_route=%2Fwp%2Fv2%2Fproduct_cat&post=3901"},{"taxonomy":"product_tag","embeddable":true,"href":"https:\/\/wavexia.com\/index.php?rest_route=%2Fwp%2Fv2%2Fproduct_tag&post=3901"}],"curies":[{"name":"wp","href":"https:\/\/api.w.org\/{rel}","templated":true}]}}