{"id":3898,"date":"2025-10-19T08:59:00","date_gmt":"2025-10-19T08:59:00","guid":{"rendered":"https:\/\/wavexia.com\/product\/too-faced-deluxe-better-than-sex-mascara\/"},"modified":"2026-03-10T07:30:58","modified_gmt":"2026-03-10T07:30:58","slug":"too-faced-deluxe-better-than-sex-mascara","status":"publish","type":"product","link":"https:\/\/wavexia.com\/?product=too-faced-deluxe-better-than-sex-mascara","title":{"rendered":"TOO FACED \u2013 DELUXE BETTER THAN SEX MASCARA"},"content":{"rendered":"<h2>Description<\/h2>\n<p>Un mascara volumateur qui cr\u00e9e des cils plus fournis, plus longs et plus d\u00e9finis.<\/p>\n<p>Le mascara Too Faced Original DEEP BLACK est le num\u00e9ro 1 des mascaras aux \u00c9tats-Unis !<br \/>La formule iconique que vous adorez existe maintenant dans une riche nuance de chocolat d\u00e9cadent !<\/p>\n<p>Cette formule prim\u00e9e cr\u00e9e des cils d\u2019une longueur incroyable pour des cils intenses, surdimensionn\u00e9s et multidimensionnels. La brosse en forme de sablier s\u00e9pare et enrobe chaque cil pour une perfection voluptueuse.<\/p>\n<p>VOLUME VOLUPTUEUX<\/p>\n<p>\u2013 Volume spectaculaire et cils plus longs<br \/>\u2013 Effet multidimensionnel riche<br \/>\u2013 Les polym\u00e8res filmog\u00e8nes fixent la courbure en place<br \/>\u2013 Les peptides conditionnent les cils<br \/>\u2013 Test\u00e9 par un ophtalmologue<br \/>\u2013 Convient aux porteurs de lentilles de contact<\/p>\n","protected":false},"excerpt":{"rendered":"<p>Description Un mascara volumateur qui cr\u00e9e des cils plus fournis, plus longs et plus d\u00e9finis. Le mascara Too Faced Original DEEP BLACK est le num\u00e9ro 1 des mascaras aux \u00c9tats-Unis !La formule iconique que vous adorez existe maintenant dans une riche nuance de chocolat d\u00e9cadent ! Cette formule prim\u00e9e cr\u00e9e des cils d\u2019une longueur incroyable [&hellip;]<\/p>\n","protected":false},"featured_media":3897,"comment_status":"open","ping_status":"closed","template":"","meta":{"content-type":"","_uag_custom_page_level_css":""},"pwb-brand":[],"product_brand":[],"product_cat":[360,339,361],"product_tag":[],"class_list":{"0":"post-3898","1":"product","2":"type-product","3":"status-publish","4":"has-post-thumbnail","6":"product_cat-maquillage","7":"product_cat-meilleures-ventes","8":"product_cat-too-faced","10":"first","11":"instock","12":"shipping-taxable","13":"purchasable","14":"product-type-simple"},"aioseo_notices":[],"uagb_featured_image_src":{"full":["https:\/\/wavexia.com\/wp-content\/uploads\/2025\/10\/IMG_3918.png",1200,1200,false],"thumbnail":["https:\/\/wavexia.com\/wp-content\/uploads\/2025\/10\/IMG_3918-150x150.png",150,150,true],"medium":["https:\/\/wavexia.com\/wp-content\/uploads\/2025\/10\/IMG_3918-300x300.png",300,300,true],"medium_large":["https:\/\/wavexia.com\/wp-content\/uploads\/2025\/10\/IMG_3918-768x768.png",768,768,true],"large":["https:\/\/wavexia.com\/wp-content\/uploads\/2025\/10\/IMG_3918-1024x1024.png",1024,1024,true],"1536x1536":["https:\/\/wavexia.com\/wp-content\/uploads\/2025\/10\/IMG_3918.png",1200,1200,false],"2048x2048":["https:\/\/wavexia.com\/wp-content\/uploads\/2025\/10\/IMG_3918.png",1200,1200,false],"woocommerce_archive_thumbnail":["https:\/\/wavexia.com\/wp-content\/uploads\/2025\/10\/IMG_3918-300x300.png",300,300,true],"woocommerce_thumbnail":["https:\/\/wavexia.com\/wp-content\/uploads\/2025\/10\/IMG_3918-300x300.png",300,300,true],"woocommerce_single":["https:\/\/wavexia.com\/wp-content\/uploads\/2025\/10\/IMG_3918-600x600.png",600,600,true],"woocommerce_gallery_thumbnail":["https:\/\/wavexia.com\/wp-content\/uploads\/2025\/10\/IMG_3918-100x100.png",100,100,true]},"uagb_author_info":{"display_name":"zineddine.ayoub98@gmail.com","author_link":"https:\/\/wavexia.com\/?author=0"},"uagb_comment_info":0,"uagb_excerpt":"Description Un mascara volumateur qui cr\u00e9e des cils plus fournis, plus longs et plus d\u00e9finis. Le mascara Too Faced Original DEEP BLACK est le num\u00e9ro 1 des mascaras aux \u00c9tats-Unis !La formule iconique que vous adorez existe maintenant dans une riche nuance de chocolat d\u00e9cadent ! Cette formule prim\u00e9e cr\u00e9e des cils d\u2019une longueur incroyable&hellip;","brands":[],"_links":{"self":[{"href":"https:\/\/wavexia.com\/index.php?rest_route=\/wp\/v2\/product\/3898","targetHints":{"allow":["GET"]}}],"collection":[{"href":"https:\/\/wavexia.com\/index.php?rest_route=\/wp\/v2\/product"}],"about":[{"href":"https:\/\/wavexia.com\/index.php?rest_route=\/wp\/v2\/types\/product"}],"replies":[{"embeddable":true,"href":"https:\/\/wavexia.com\/index.php?rest_route=%2Fwp%2Fv2%2Fcomments&post=3898"}],"wp:featuredmedia":[{"embeddable":true,"href":"https:\/\/wavexia.com\/index.php?rest_route=\/wp\/v2\/media\/3897"}],"wp:attachment":[{"href":"https:\/\/wavexia.com\/index.php?rest_route=%2Fwp%2Fv2%2Fmedia&parent=3898"}],"wp:term":[{"taxonomy":"pwb-brand","embeddable":true,"href":"https:\/\/wavexia.com\/index.php?rest_route=%2Fwp%2Fv2%2Fpwb-brand&post=3898"},{"taxonomy":"product_brand","embeddable":true,"href":"https:\/\/wavexia.com\/index.php?rest_route=%2Fwp%2Fv2%2Fproduct_brand&post=3898"},{"taxonomy":"product_cat","embeddable":true,"href":"https:\/\/wavexia.com\/index.php?rest_route=%2Fwp%2Fv2%2Fproduct_cat&post=3898"},{"taxonomy":"product_tag","embeddable":true,"href":"https:\/\/wavexia.com\/index.php?rest_route=%2Fwp%2Fv2%2Fproduct_tag&post=3898"}],"curies":[{"name":"wp","href":"https:\/\/api.w.org\/{rel}","templated":true}]}}