{"id":3896,"date":"2025-10-19T08:58:58","date_gmt":"2025-10-19T08:58:58","guid":{"rendered":"https:\/\/wavexia.com\/product\/kiko-high-pigment-eyeshadow-18\/"},"modified":"2026-03-10T07:30:58","modified_gmt":"2026-03-10T07:30:58","slug":"kiko-high-pigment-eyeshadow-18","status":"publish","type":"product","link":"https:\/\/wavexia.com\/?product=kiko-high-pigment-eyeshadow-18","title":{"rendered":"KIKO high pigment eyeshadow \u2013 18"},"content":{"rendered":"<h2>Description<\/h2>\n<p>Ombre \u00e0 paupi\u00e8res fortement concentr\u00e9e en pigments au rendu couleur imm\u00e9diat, intense et modulable. Tenue longue dur\u00e9e. Disponible en 54&nbsp;r\u00e9f\u00e9rences de couleurs, et en 5 finis diff\u00e9rents&nbsp;: mat, nacr\u00e9, m\u00e9tallis\u00e9, satin\u00e9 et scintillant.<\/p>\n<p>Le processus d\u2019incorporation particulier des poudres lui conf\u00e8re une texture cr\u00e9meuse, homog\u00e8ne et imm\u00e9diatement adh\u00e9rente sur les paupi\u00e8res. Agr\u00e9able et soyeux au toucher.<\/p>\n<p><strong>Parfait pour&nbsp;:<\/strong><\/p>\n<p>sublimer le regard de reflets enchanteurs, pour un maquillage des yeux irr\u00e9sistible<\/p>\n<p><strong>Ses particularit\u00e9s&nbsp;:<\/strong><\/p>\n<p>\u2013 sa formule fortement concentr\u00e9e en pigments offrant un rendu color\u00e9 intense et imm\u00e9diat<\/p>\n<p>\u2013 sa vaste palette compos\u00e9e de&nbsp;<strong>54&nbsp;r\u00e9f\u00e9rences de couleurs<\/strong>&nbsp;et en&nbsp;<strong>5 finis diff\u00e9rents<\/strong>, pour un r\u00e9sultat impeccable<\/p>\n<p>\u2013 sa formule longue tenue garantissant un maquillage impeccable en toute occasion<\/p>\n<p>\u2013 sa texture innovante au toucher soyeux offrant une application fluide et un estompage parfait<\/p>\n","protected":false},"excerpt":{"rendered":"<p>Description Ombre \u00e0 paupi\u00e8res fortement concentr\u00e9e en pigments au rendu couleur imm\u00e9diat, intense et modulable. Tenue longue dur\u00e9e. Disponible en 54&nbsp;r\u00e9f\u00e9rences de couleurs, et en 5 finis diff\u00e9rents&nbsp;: mat, nacr\u00e9, m\u00e9tallis\u00e9, satin\u00e9 et scintillant. Le processus d\u2019incorporation particulier des poudres lui conf\u00e8re une texture cr\u00e9meuse, homog\u00e8ne et imm\u00e9diatement adh\u00e9rente sur les paupi\u00e8res. Agr\u00e9able et soyeux [&hellip;]<\/p>\n","protected":false},"featured_media":3895,"comment_status":"open","ping_status":"closed","template":"","meta":{"content-type":"","_uag_custom_page_level_css":""},"pwb-brand":[],"product_brand":[],"product_cat":[382,388,360],"product_tag":[],"class_list":{"0":"post-3896","1":"product","2":"type-product","3":"status-publish","4":"has-post-thumbnail","6":"product_cat-derniere-chance","7":"product_cat-kiko","8":"product_cat-maquillage","10":"first","11":"instock","12":"sale","13":"shipping-taxable","14":"purchasable","15":"product-type-simple"},"aioseo_notices":[],"uagb_featured_image_src":{"full":["https:\/\/wavexia.com\/wp-content\/uploads\/2025\/10\/images-25.jpeg",225,225,false],"thumbnail":["https:\/\/wavexia.com\/wp-content\/uploads\/2025\/10\/images-25-150x150.jpeg",150,150,true],"medium":["https:\/\/wavexia.com\/wp-content\/uploads\/2025\/10\/images-25.jpeg",225,225,false],"medium_large":["https:\/\/wavexia.com\/wp-content\/uploads\/2025\/10\/images-25.jpeg",225,225,false],"large":["https:\/\/wavexia.com\/wp-content\/uploads\/2025\/10\/images-25.jpeg",225,225,false],"1536x1536":["https:\/\/wavexia.com\/wp-content\/uploads\/2025\/10\/images-25.jpeg",225,225,false],"2048x2048":["https:\/\/wavexia.com\/wp-content\/uploads\/2025\/10\/images-25.jpeg",225,225,false],"woocommerce_archive_thumbnail":["https:\/\/wavexia.com\/wp-content\/uploads\/2025\/10\/images-25.jpeg",225,225,false],"woocommerce_thumbnail":["https:\/\/wavexia.com\/wp-content\/uploads\/2025\/10\/images-25.jpeg",225,225,false],"woocommerce_single":["https:\/\/wavexia.com\/wp-content\/uploads\/2025\/10\/images-25.jpeg",225,225,false],"woocommerce_gallery_thumbnail":["https:\/\/wavexia.com\/wp-content\/uploads\/2025\/10\/images-25-100x100.jpeg",100,100,true]},"uagb_author_info":{"display_name":"zineddine.ayoub98@gmail.com","author_link":"https:\/\/wavexia.com\/?author=0"},"uagb_comment_info":0,"uagb_excerpt":"Description Ombre \u00e0 paupi\u00e8res fortement concentr\u00e9e en pigments au rendu couleur imm\u00e9diat, intense et modulable. Tenue longue dur\u00e9e. Disponible en 54&nbsp;r\u00e9f\u00e9rences de couleurs, et en 5 finis diff\u00e9rents&nbsp;: mat, nacr\u00e9, m\u00e9tallis\u00e9, satin\u00e9 et scintillant. Le processus d\u2019incorporation particulier des poudres lui conf\u00e8re une texture cr\u00e9meuse, homog\u00e8ne et imm\u00e9diatement adh\u00e9rente sur les paupi\u00e8res. Agr\u00e9able et soyeux&hellip;","brands":[],"_links":{"self":[{"href":"https:\/\/wavexia.com\/index.php?rest_route=\/wp\/v2\/product\/3896","targetHints":{"allow":["GET"]}}],"collection":[{"href":"https:\/\/wavexia.com\/index.php?rest_route=\/wp\/v2\/product"}],"about":[{"href":"https:\/\/wavexia.com\/index.php?rest_route=\/wp\/v2\/types\/product"}],"replies":[{"embeddable":true,"href":"https:\/\/wavexia.com\/index.php?rest_route=%2Fwp%2Fv2%2Fcomments&post=3896"}],"wp:featuredmedia":[{"embeddable":true,"href":"https:\/\/wavexia.com\/index.php?rest_route=\/wp\/v2\/media\/3895"}],"wp:attachment":[{"href":"https:\/\/wavexia.com\/index.php?rest_route=%2Fwp%2Fv2%2Fmedia&parent=3896"}],"wp:term":[{"taxonomy":"pwb-brand","embeddable":true,"href":"https:\/\/wavexia.com\/index.php?rest_route=%2Fwp%2Fv2%2Fpwb-brand&post=3896"},{"taxonomy":"product_brand","embeddable":true,"href":"https:\/\/wavexia.com\/index.php?rest_route=%2Fwp%2Fv2%2Fproduct_brand&post=3896"},{"taxonomy":"product_cat","embeddable":true,"href":"https:\/\/wavexia.com\/index.php?rest_route=%2Fwp%2Fv2%2Fproduct_cat&post=3896"},{"taxonomy":"product_tag","embeddable":true,"href":"https:\/\/wavexia.com\/index.php?rest_route=%2Fwp%2Fv2%2Fproduct_tag&post=3896"}],"curies":[{"name":"wp","href":"https:\/\/api.w.org\/{rel}","templated":true}]}}