{"id":3893,"date":"2025-10-19T08:58:56","date_gmt":"2025-10-19T08:58:56","guid":{"rendered":"https:\/\/wavexia.com\/product\/skin1004-madagascar-centella-tone-brightening-cleansing-gel-foam-125ml\/"},"modified":"2026-03-10T07:30:58","modified_gmt":"2026-03-10T07:30:58","slug":"skin1004-madagascar-centella-tone-brightening-cleansing-gel-foam-125ml","status":"publish","type":"product","link":"https:\/\/wavexia.com\/?product=skin1004-madagascar-centella-tone-brightening-cleansing-gel-foam-125ml","title":{"rendered":"Skin1004 Madagascar Centella Tone Brightening Cleansing Gel Foam \u2013 125ml"},"content":{"rendered":"<h2>Description<\/h2>\n<p>Le SKIN1004 Madagascar Centella Tone Brightening Cleansing Gel Foam est une mousse nettoyante douce pour une peau \u00e9clatante sans d\u00e9shydratation. Avec une dose g\u00e9n\u00e9reuse de 84 % de centella et de bicarbonate de soude, cette ampoule mousse nettoyante offre un nettoyage apaisant mais naturel. Id\u00e9al pour les peaux fatigu\u00e9es et irrit\u00e9es, il apporte \u00e0 la fois nutrition et rafra\u00eechissement.<\/p>\n<p>Ce nettoyant, infus\u00e9 d\u2019ingr\u00e9dients naturels \u00e0 base de plantes, agit en douceur sur la peau. Il aide \u00e0 nettoyer la peau en profondeur et en douceur, avec un pH de 5, similaire \u00e0 l\u2019acidit\u00e9 naturelle de la peau. Dorlotez votre peau avec le gel mousse nettoyant \u00e9claircissant SKIN1004 Madagascar Centella Tone pour un teint clair et \u00e9clatant sans compromis !<\/p>\n<p><strong>Ce nettoyant :<\/strong><\/p>\n<ul>\n<li>mousse nettoyante douce<\/li>\n<li>ne dess\u00e8che pas la peau<\/li>\n<li>enrichi en centella et bicarbonate de soude<\/li>\n<li>apaisant et rafra\u00eechissant<\/li>\n<li>Valeur pH de 5<\/li>\n<li>pour une peau pure et \u00e9clatante<\/li>\n<li>sans parfum<\/li>\n<li>sans cruaut\u00e9<\/li>\n<\/ul>\n<p><strong>Comment utiliser:<\/strong><\/p>\n<ul>\n<li>Prenez une petite quantit\u00e9 dans votre main et buvez un peu d\u2019eau.<\/li>\n<li>Frottez-vous les mains jusqu\u2019\u00e0 obtenir une substance mousseuse.<\/li>\n<li>Massez votre peau en effectuant des mouvements circulaires.<\/li>\n<li>Rincer \u00e0 l\u2019eau ti\u00e8de.<\/li>\n<\/ul>\n<p>&nbsp;<\/p>\n<p><b>Ingr\u00e9dients<\/b>&nbsp;<strong>:<br \/><\/strong>Centella Asiatica Extract, Sodium Cocoyl Isethionate, Glycerin, Purified Water, Sodium Methyl Cocoyl Taurate, Coco-betaine, Poteassium Cocoyl Glycinate, 1,2-hexanediol, Sodium Chloride, Potassium Cocoate, Potassium Benzoate, Polyquaternium-67, Citric Acid, Dextrin, Sodium Bicarbonate, Cocoa Extract, Disodium Edta, Sodium Acetate, Butylene Glycol, Coptis Chinensis Root Extract, Sodium Hyaluronate, Eclipta Extact, Coccinia Indica Fruit Extract<\/p>\n","protected":false},"excerpt":{"rendered":"<p>Description Le SKIN1004 Madagascar Centella Tone Brightening Cleansing Gel Foam est une mousse nettoyante douce pour une peau \u00e9clatante sans d\u00e9shydratation. Avec une dose g\u00e9n\u00e9reuse de 84 % de centella et de bicarbonate de soude, cette ampoule mousse nettoyante offre un nettoyage apaisant mais naturel. Id\u00e9al pour les peaux fatigu\u00e9es et irrit\u00e9es, il apporte \u00e0 [&hellip;]<\/p>\n","protected":false},"featured_media":3892,"comment_status":"open","ping_status":"closed","template":"","meta":{"content-type":"","_uag_custom_page_level_css":""},"pwb-brand":[],"product_brand":[],"product_cat":[327,336,334,350],"product_tag":[],"class_list":{"0":"post-3893","1":"product","2":"type-product","3":"status-publish","4":"has-post-thumbnail","6":"product_cat-hmizat","7":"product_cat-nettoyant","8":"product_cat-produits-coreens","9":"product_cat-skin1004","11":"first","12":"instock","13":"sale","14":"shipping-taxable","15":"purchasable","16":"product-type-simple"},"aioseo_notices":[],"uagb_featured_image_src":{"full":["https:\/\/wavexia.com\/wp-content\/uploads\/2025\/10\/skin1004-cleanser-125ml-tone-brightening-cleansing-gel-foam-38642975965430.webp",2048,2048,false],"thumbnail":["https:\/\/wavexia.com\/wp-content\/uploads\/2025\/10\/skin1004-cleanser-125ml-tone-brightening-cleansing-gel-foam-38642975965430-150x150.webp",150,150,true],"medium":["https:\/\/wavexia.com\/wp-content\/uploads\/2025\/10\/skin1004-cleanser-125ml-tone-brightening-cleansing-gel-foam-38642975965430-300x300.webp",300,300,true],"medium_large":["https:\/\/wavexia.com\/wp-content\/uploads\/2025\/10\/skin1004-cleanser-125ml-tone-brightening-cleansing-gel-foam-38642975965430-768x768.webp",768,768,true],"large":["https:\/\/wavexia.com\/wp-content\/uploads\/2025\/10\/skin1004-cleanser-125ml-tone-brightening-cleansing-gel-foam-38642975965430-1024x1024.webp",1024,1024,true],"1536x1536":["https:\/\/wavexia.com\/wp-content\/uploads\/2025\/10\/skin1004-cleanser-125ml-tone-brightening-cleansing-gel-foam-38642975965430-1536x1536.webp",1536,1536,true],"2048x2048":["https:\/\/wavexia.com\/wp-content\/uploads\/2025\/10\/skin1004-cleanser-125ml-tone-brightening-cleansing-gel-foam-38642975965430.webp",2048,2048,false],"woocommerce_archive_thumbnail":["https:\/\/wavexia.com\/wp-content\/uploads\/2025\/10\/skin1004-cleanser-125ml-tone-brightening-cleansing-gel-foam-38642975965430-300x300.webp",300,300,true],"woocommerce_thumbnail":["https:\/\/wavexia.com\/wp-content\/uploads\/2025\/10\/skin1004-cleanser-125ml-tone-brightening-cleansing-gel-foam-38642975965430-300x300.webp",300,300,true],"woocommerce_single":["https:\/\/wavexia.com\/wp-content\/uploads\/2025\/10\/skin1004-cleanser-125ml-tone-brightening-cleansing-gel-foam-38642975965430-600x600.webp",600,600,true],"woocommerce_gallery_thumbnail":["https:\/\/wavexia.com\/wp-content\/uploads\/2025\/10\/skin1004-cleanser-125ml-tone-brightening-cleansing-gel-foam-38642975965430-100x100.webp",100,100,true]},"uagb_author_info":{"display_name":"zineddine.ayoub98@gmail.com","author_link":"https:\/\/wavexia.com\/?author=0"},"uagb_comment_info":0,"uagb_excerpt":"Description Le SKIN1004 Madagascar Centella Tone Brightening Cleansing Gel Foam est une mousse nettoyante douce pour une peau \u00e9clatante sans d\u00e9shydratation. Avec une dose g\u00e9n\u00e9reuse de 84 % de centella et de bicarbonate de soude, cette ampoule mousse nettoyante offre un nettoyage apaisant mais naturel. Id\u00e9al pour les peaux fatigu\u00e9es et irrit\u00e9es, il apporte \u00e0&hellip;","brands":[],"_links":{"self":[{"href":"https:\/\/wavexia.com\/index.php?rest_route=\/wp\/v2\/product\/3893","targetHints":{"allow":["GET"]}}],"collection":[{"href":"https:\/\/wavexia.com\/index.php?rest_route=\/wp\/v2\/product"}],"about":[{"href":"https:\/\/wavexia.com\/index.php?rest_route=\/wp\/v2\/types\/product"}],"replies":[{"embeddable":true,"href":"https:\/\/wavexia.com\/index.php?rest_route=%2Fwp%2Fv2%2Fcomments&post=3893"}],"wp:featuredmedia":[{"embeddable":true,"href":"https:\/\/wavexia.com\/index.php?rest_route=\/wp\/v2\/media\/3892"}],"wp:attachment":[{"href":"https:\/\/wavexia.com\/index.php?rest_route=%2Fwp%2Fv2%2Fmedia&parent=3893"}],"wp:term":[{"taxonomy":"pwb-brand","embeddable":true,"href":"https:\/\/wavexia.com\/index.php?rest_route=%2Fwp%2Fv2%2Fpwb-brand&post=3893"},{"taxonomy":"product_brand","embeddable":true,"href":"https:\/\/wavexia.com\/index.php?rest_route=%2Fwp%2Fv2%2Fproduct_brand&post=3893"},{"taxonomy":"product_cat","embeddable":true,"href":"https:\/\/wavexia.com\/index.php?rest_route=%2Fwp%2Fv2%2Fproduct_cat&post=3893"},{"taxonomy":"product_tag","embeddable":true,"href":"https:\/\/wavexia.com\/index.php?rest_route=%2Fwp%2Fv2%2Fproduct_tag&post=3893"}],"curies":[{"name":"wp","href":"https:\/\/api.w.org\/{rel}","templated":true}]}}