{"id":3887,"date":"2025-10-19T08:58:49","date_gmt":"2025-10-19T08:58:49","guid":{"rendered":"https:\/\/wavexia.com\/product\/california-gold-nutrition-fungiology-mushrex-plus-120-veggie-capsules\/"},"modified":"2026-03-10T07:30:58","modified_gmt":"2026-03-10T07:30:58","slug":"california-gold-nutrition-fungiology-mushrex-plus-120-veggie-capsules","status":"publish","type":"product","link":"https:\/\/wavexia.com\/?product=california-gold-nutrition-fungiology-mushrex-plus-120-veggie-capsules","title":{"rendered":"California Gold Nutrition Fungiology, MushRex Plus, 120 veggie capsules"},"content":{"rendered":"<h2>Description<\/h2>\n<ul class=\"a-unordered-list a-vertical\">\n<li><span class=\"a-list-item\"><span class=\"a-text-italic\">Fungiologie<\/span>&nbsp;<span class=\"a-text-bold\">MushRex Plus<\/span>, par&nbsp;<span class=\"a-text-italic\">California Gold Nutrition<\/span><\/span><\/li>\n<li><span class=\"a-list-item\">M\u00e9lange de poudre de champignons et extrait de complexe de champignons Immune Assist<\/span><\/li>\n<li><span class=\"a-list-item\">Fabriqu\u00e9 avec des champignons biologiques \u00e0 spectre complet cultiv\u00e9s aux \u00c9tats-Unis<\/span><\/li>\n<li><span class=\"a-list-item\">Certifi\u00e9 biologique par A Bee Organic<\/span><\/li>\n<li><span class=\"a-list-item\">Produit dans une installation enregistr\u00e9e (certifi\u00e9e) cGMP audit\u00e9e par une tierce partie<\/span><\/li>\n<\/ul>\n<h5>mode d\u2019emploi:<\/h5>\n<p class=\"a-spacing-base\">Prendre 1 Plantcap par jour avec ou sans nourriture. Il est pr\u00e9f\u00e9rable de le prendre selon les directives d\u2019un professionnel de la sant\u00e9 qualifi\u00e9.<\/p>\n<p>&nbsp;<\/p>\n","protected":false},"excerpt":{"rendered":"<p>Description Fungiologie&nbsp;MushRex Plus, par&nbsp;California Gold Nutrition M\u00e9lange de poudre de champignons et extrait de complexe de champignons Immune Assist Fabriqu\u00e9 avec des champignons biologiques \u00e0 spectre complet cultiv\u00e9s aux \u00c9tats-Unis Certifi\u00e9 biologique par A Bee Organic Produit dans une installation enregistr\u00e9e (certifi\u00e9e) cGMP audit\u00e9e par une tierce partie mode d\u2019emploi: Prendre 1 Plantcap par jour [&hellip;]<\/p>\n","protected":false},"featured_media":3886,"comment_status":"open","ping_status":"closed","template":"","meta":{"content-type":"","_uag_custom_page_level_css":""},"pwb-brand":[],"product_brand":[],"product_cat":[330,329],"product_tag":[],"class_list":{"0":"post-3887","1":"product","2":"type-product","3":"status-publish","4":"has-post-thumbnail","6":"product_cat-complements-alimentaires","7":"product_cat-produits-americains","9":"first","10":"instock","11":"sale","12":"shipping-taxable","13":"purchasable","14":"product-type-simple"},"aioseo_notices":[],"uagb_featured_image_src":{"full":["https:\/\/wavexia.com\/wp-content\/uploads\/2025\/10\/71CTAePbn8L._UF10001000_QL80_.jpg",1000,1000,false],"thumbnail":["https:\/\/wavexia.com\/wp-content\/uploads\/2025\/10\/71CTAePbn8L._UF10001000_QL80_-150x150.jpg",150,150,true],"medium":["https:\/\/wavexia.com\/wp-content\/uploads\/2025\/10\/71CTAePbn8L._UF10001000_QL80_-300x300.jpg",300,300,true],"medium_large":["https:\/\/wavexia.com\/wp-content\/uploads\/2025\/10\/71CTAePbn8L._UF10001000_QL80_-768x768.jpg",768,768,true],"large":["https:\/\/wavexia.com\/wp-content\/uploads\/2025\/10\/71CTAePbn8L._UF10001000_QL80_.jpg",1000,1000,false],"1536x1536":["https:\/\/wavexia.com\/wp-content\/uploads\/2025\/10\/71CTAePbn8L._UF10001000_QL80_.jpg",1000,1000,false],"2048x2048":["https:\/\/wavexia.com\/wp-content\/uploads\/2025\/10\/71CTAePbn8L._UF10001000_QL80_.jpg",1000,1000,false],"woocommerce_archive_thumbnail":["https:\/\/wavexia.com\/wp-content\/uploads\/2025\/10\/71CTAePbn8L._UF10001000_QL80_-300x300.jpg",300,300,true],"woocommerce_thumbnail":["https:\/\/wavexia.com\/wp-content\/uploads\/2025\/10\/71CTAePbn8L._UF10001000_QL80_-300x300.jpg",300,300,true],"woocommerce_single":["https:\/\/wavexia.com\/wp-content\/uploads\/2025\/10\/71CTAePbn8L._UF10001000_QL80_-600x600.jpg",600,600,true],"woocommerce_gallery_thumbnail":["https:\/\/wavexia.com\/wp-content\/uploads\/2025\/10\/71CTAePbn8L._UF10001000_QL80_-100x100.jpg",100,100,true]},"uagb_author_info":{"display_name":"zineddine.ayoub98@gmail.com","author_link":"https:\/\/wavexia.com\/?author=0"},"uagb_comment_info":0,"uagb_excerpt":"Description Fungiologie&nbsp;MushRex Plus, par&nbsp;California Gold Nutrition M\u00e9lange de poudre de champignons et extrait de complexe de champignons Immune Assist Fabriqu\u00e9 avec des champignons biologiques \u00e0 spectre complet cultiv\u00e9s aux \u00c9tats-Unis Certifi\u00e9 biologique par A Bee Organic Produit dans une installation enregistr\u00e9e (certifi\u00e9e) cGMP audit\u00e9e par une tierce partie mode d\u2019emploi: Prendre 1 Plantcap par jour&hellip;","brands":[],"_links":{"self":[{"href":"https:\/\/wavexia.com\/index.php?rest_route=\/wp\/v2\/product\/3887","targetHints":{"allow":["GET"]}}],"collection":[{"href":"https:\/\/wavexia.com\/index.php?rest_route=\/wp\/v2\/product"}],"about":[{"href":"https:\/\/wavexia.com\/index.php?rest_route=\/wp\/v2\/types\/product"}],"replies":[{"embeddable":true,"href":"https:\/\/wavexia.com\/index.php?rest_route=%2Fwp%2Fv2%2Fcomments&post=3887"}],"wp:featuredmedia":[{"embeddable":true,"href":"https:\/\/wavexia.com\/index.php?rest_route=\/wp\/v2\/media\/3886"}],"wp:attachment":[{"href":"https:\/\/wavexia.com\/index.php?rest_route=%2Fwp%2Fv2%2Fmedia&parent=3887"}],"wp:term":[{"taxonomy":"pwb-brand","embeddable":true,"href":"https:\/\/wavexia.com\/index.php?rest_route=%2Fwp%2Fv2%2Fpwb-brand&post=3887"},{"taxonomy":"product_brand","embeddable":true,"href":"https:\/\/wavexia.com\/index.php?rest_route=%2Fwp%2Fv2%2Fproduct_brand&post=3887"},{"taxonomy":"product_cat","embeddable":true,"href":"https:\/\/wavexia.com\/index.php?rest_route=%2Fwp%2Fv2%2Fproduct_cat&post=3887"},{"taxonomy":"product_tag","embeddable":true,"href":"https:\/\/wavexia.com\/index.php?rest_route=%2Fwp%2Fv2%2Fproduct_tag&post=3887"}],"curies":[{"name":"wp","href":"https:\/\/api.w.org\/{rel}","templated":true}]}}