{"id":3877,"date":"2025-10-19T08:58:35","date_gmt":"2025-10-19T08:58:35","guid":{"rendered":"https:\/\/wavexia.com\/product\/tocobo-cotton-soft-sun-stick-spf50-19g\/"},"modified":"2026-03-10T07:30:58","modified_gmt":"2026-03-10T07:30:58","slug":"tocobo-cotton-soft-sun-stick-spf50-19g","status":"publish","type":"product","link":"https:\/\/wavexia.com\/?product=tocobo-cotton-soft-sun-stick-spf50-19g","title":{"rendered":"TOCOBO \u2013 Cotton Soft Sun Stick SPF50+ 19g"},"content":{"rendered":"<h2>Description<\/h2>\n<p class=\"description-desktop\">&nbsp;TOCOBO Cotton Soft Sun Stick est un b\u00e2ton de protection solaire v\u00e9g\u00e9talien l\u00e9ger et non gras, infus\u00e9 d\u2019extrait de coton naturel qui aide \u00e0 maintenir le niveau d\u2019hydratation de votre peau en m\u00eame temps.<\/p>\n<div class=\"description-desktop\">\n<div class=\"description-content\">\n<p>\u2013 Certification Cruelty FREE &amp; VEGAN de Vegan-Korea<br \/>\u2013 Fournit une cr\u00e8me solaire quotidienne a\u00e9r\u00e9e sans r\u00e9sidus.<br \/>\u2013 La poudre de taille micro absorbe l\u2019exc\u00e8s de s\u00e9bum et d\u2019huile.<br \/>\u2013 Type de b\u00e2ton portable pour une protection solaire pratique et sup\u00e9rieure.<br \/>\u2013&nbsp;SPF 50+ PA++++<\/p>\n<p>Ingr\u00e9dients :<br \/>Extrait de coton : Hydrate et prot\u00e8ge la peau des irritations ext\u00e9rieures<br \/>Complexe Herb AC : Apaise les irritations de la peau et am\u00e9liore le teint.<br \/>Anti S\u00e9bum P&nbsp;: contient de l\u2019extrait d\u2019onagre, de l\u2019extrait d\u2019arrow-root, de l\u2019extrait d\u2019aiguilles de pin et de l\u2019extrait d\u2019\u00e9corce d\u2019Ulmus Pumila qui aide \u00e0 maintenir l\u2019\u00e9quilibre du pH de la peau et \u00e0 soigner les pores.<\/p>\n<p>&nbsp;<\/p>\n<\/div>\n<\/div>\n","protected":false},"excerpt":{"rendered":"<p>Description &nbsp;TOCOBO Cotton Soft Sun Stick est un b\u00e2ton de protection solaire v\u00e9g\u00e9talien l\u00e9ger et non gras, infus\u00e9 d\u2019extrait de coton naturel qui aide \u00e0 maintenir le niveau d\u2019hydratation de votre peau en m\u00eame temps. \u2013 Certification Cruelty FREE &amp; VEGAN de Vegan-Korea\u2013 Fournit une cr\u00e8me solaire quotidienne a\u00e9r\u00e9e sans r\u00e9sidus.\u2013 La poudre de taille [&hellip;]<\/p>\n","protected":false},"featured_media":3876,"comment_status":"open","ping_status":"closed","template":"","meta":{"content-type":"","_uag_custom_page_level_css":""},"pwb-brand":[],"product_brand":[],"product_cat":[334,340,394],"product_tag":[],"class_list":{"0":"post-3877","1":"product","2":"type-product","3":"status-publish","4":"has-post-thumbnail","6":"product_cat-produits-coreens","7":"product_cat-protection-solaire","8":"product_cat-tocobo","10":"first","11":"instock","12":"sale","13":"shipping-taxable","14":"purchasable","15":"product-type-simple"},"aioseo_notices":[],"uagb_featured_image_src":{"full":["https:\/\/wavexia.com\/wp-content\/uploads\/2025\/10\/IMG_1114.png",390,390,false],"thumbnail":["https:\/\/wavexia.com\/wp-content\/uploads\/2025\/10\/IMG_1114-150x150.png",150,150,true],"medium":["https:\/\/wavexia.com\/wp-content\/uploads\/2025\/10\/IMG_1114-300x300.png",300,300,true],"medium_large":["https:\/\/wavexia.com\/wp-content\/uploads\/2025\/10\/IMG_1114.png",390,390,false],"large":["https:\/\/wavexia.com\/wp-content\/uploads\/2025\/10\/IMG_1114.png",390,390,false],"1536x1536":["https:\/\/wavexia.com\/wp-content\/uploads\/2025\/10\/IMG_1114.png",390,390,false],"2048x2048":["https:\/\/wavexia.com\/wp-content\/uploads\/2025\/10\/IMG_1114.png",390,390,false],"woocommerce_archive_thumbnail":["https:\/\/wavexia.com\/wp-content\/uploads\/2025\/10\/IMG_1114-300x300.png",300,300,true],"woocommerce_thumbnail":["https:\/\/wavexia.com\/wp-content\/uploads\/2025\/10\/IMG_1114-300x300.png",300,300,true],"woocommerce_single":["https:\/\/wavexia.com\/wp-content\/uploads\/2025\/10\/IMG_1114.png",390,390,false],"woocommerce_gallery_thumbnail":["https:\/\/wavexia.com\/wp-content\/uploads\/2025\/10\/IMG_1114-100x100.png",100,100,true]},"uagb_author_info":{"display_name":"zineddine.ayoub98@gmail.com","author_link":"https:\/\/wavexia.com\/?author=0"},"uagb_comment_info":0,"uagb_excerpt":"Description &nbsp;TOCOBO Cotton Soft Sun Stick est un b\u00e2ton de protection solaire v\u00e9g\u00e9talien l\u00e9ger et non gras, infus\u00e9 d\u2019extrait de coton naturel qui aide \u00e0 maintenir le niveau d\u2019hydratation de votre peau en m\u00eame temps. \u2013 Certification Cruelty FREE &amp; VEGAN de Vegan-Korea\u2013 Fournit une cr\u00e8me solaire quotidienne a\u00e9r\u00e9e sans r\u00e9sidus.\u2013 La poudre de taille&hellip;","brands":[],"_links":{"self":[{"href":"https:\/\/wavexia.com\/index.php?rest_route=\/wp\/v2\/product\/3877","targetHints":{"allow":["GET"]}}],"collection":[{"href":"https:\/\/wavexia.com\/index.php?rest_route=\/wp\/v2\/product"}],"about":[{"href":"https:\/\/wavexia.com\/index.php?rest_route=\/wp\/v2\/types\/product"}],"replies":[{"embeddable":true,"href":"https:\/\/wavexia.com\/index.php?rest_route=%2Fwp%2Fv2%2Fcomments&post=3877"}],"wp:featuredmedia":[{"embeddable":true,"href":"https:\/\/wavexia.com\/index.php?rest_route=\/wp\/v2\/media\/3876"}],"wp:attachment":[{"href":"https:\/\/wavexia.com\/index.php?rest_route=%2Fwp%2Fv2%2Fmedia&parent=3877"}],"wp:term":[{"taxonomy":"pwb-brand","embeddable":true,"href":"https:\/\/wavexia.com\/index.php?rest_route=%2Fwp%2Fv2%2Fpwb-brand&post=3877"},{"taxonomy":"product_brand","embeddable":true,"href":"https:\/\/wavexia.com\/index.php?rest_route=%2Fwp%2Fv2%2Fproduct_brand&post=3877"},{"taxonomy":"product_cat","embeddable":true,"href":"https:\/\/wavexia.com\/index.php?rest_route=%2Fwp%2Fv2%2Fproduct_cat&post=3877"},{"taxonomy":"product_tag","embeddable":true,"href":"https:\/\/wavexia.com\/index.php?rest_route=%2Fwp%2Fv2%2Fproduct_tag&post=3877"}],"curies":[{"name":"wp","href":"https:\/\/api.w.org\/{rel}","templated":true}]}}